{"id":9067,"date":"2019-08-26T08:11:11","date_gmt":"2019-08-26T06:11:11","guid":{"rendered":"https:\/\/epages.com\/?page_id=9067"},"modified":"2019-08-28T07:58:36","modified_gmt":"2019-08-28T05:58:36","slug":"community","status":"publish","type":"page","link":"https:\/\/epages.com\/fr\/community\/","title":{"rendered":"Community"},"content":{"rendered":"<p>Liebe Community-Mitglieder,<\/p>\n<p>wir werden die ePages-Community in Zukunft im Rahmen einer Facebook-Gruppe fortf\u00fchren. Facebook hat sich in den letzten Jahren als ausgezeichnete Plattform f\u00fcr Communities etabliert, und viele Unternehmen betreiben ihre Communities dort. Wir empfehlen unseren H\u00e4ndlern ohnehin, Facebook als Marketingkanal zu nutzen. Deshalb ist der Schritt naheliegend, unsere Community auf Facebook anzubieten.<\/p>\n<p>Durch den Wechsel gibt es einen schnelleren Kommunikationskanal, \u00fcber den unsere Community-Mitglieder, ePages-Mitarbeiter und unsere Partner miteinander verbunden bleiben und direkt kommunizieren k\u00f6nnen \u2013 schneller und einfacher als bisher.<\/p>\n<p>ePages-Partner wie z.B. App-Anbieter haben dort die M\u00f6glichkeit, sich direkt mit euch auszutauschen, euer Feedback zu erhalten und euch bei Fragen zur Seite zu stehen. Wir werden euch mit spannenden Artikeln und Infos rund um euren Shop versorgen. Nat\u00fcrlich wird die Community weiterhin von euch und euren Beitr\u00e4gen leben. Ihr habt immer noch die M\u00f6glichkeit, miteinander zu diskutieren, Ideen und Tipps auszutauschen, und euch gegenseitig zu unterst\u00fctzen. Hier k\u00f6nnt ihr der Gruppe beitreten:<\/p>\n<p><a href=\"https:\/\/www.facebook.com\/groups\/epagescommunity\/\" rel=\"nofollow noopener\">https:\/\/www.facebook.com\/groups\/epagescommunity\/<\/a><\/p>\n<p>Bitte gebt bei der Anmeldung zur Gruppe die URL eures Shops an.<\/p>\n<p>Vielen Dank und bis gleich auf Facebook!<br \/>\nAndr\u00e9 und das ePages-Team<\/p>\n<p>&nbsp;<\/p>\n","protected":false},"excerpt":{"rendered":"<p>Liebe Community-Mitglieder, wir werden die ePages-Community in Zukunft im Rahmen einer Facebook-Gruppe fortf\u00fchren. Facebook hat sich in den letzten Jahren als ausgezeichnete Plattform f\u00fcr Communities etabliert, und viele Unternehmen betreiben ihre Communities dort. Wir empfehlen unseren H\u00e4ndlern ohnehin, Facebook als Marketingkanal zu nutzen. Deshalb ist der Schritt naheliegend, unsere Community auf Facebook anzubieten. Durch den [&hellip;]<\/p>\n","protected":false},"author":5,"featured_media":0,"parent":0,"menu_order":0,"comment_status":"closed","ping_status":"closed","template":"","meta":{"footnotes":""},"class_list":["post-9067","page","type-page","status-publish","hentry"],"_links":{"self":[{"href":"https:\/\/epages.com\/fr\/wp-json\/wp\/v2\/pages\/9067"}],"collection":[{"href":"https:\/\/epages.com\/fr\/wp-json\/wp\/v2\/pages"}],"about":[{"href":"https:\/\/epages.com\/fr\/wp-json\/wp\/v2\/types\/page"}],"author":[{"embeddable":true,"href":"https:\/\/epages.com\/fr\/wp-json\/wp\/v2\/users\/5"}],"replies":[{"embeddable":true,"href":"https:\/\/epages.com\/fr\/wp-json\/wp\/v2\/comments?post=9067"}],"version-history":[{"count":4,"href":"https:\/\/epages.com\/fr\/wp-json\/wp\/v2\/pages\/9067\/revisions"}],"predecessor-version":[{"id":38428,"href":"https:\/\/epages.com\/fr\/wp-json\/wp\/v2\/pages\/9067\/revisions\/38428"}],"wp:attachment":[{"href":"https:\/\/epages.com\/fr\/wp-json\/wp\/v2\/media?parent=9067"}],"curies":[{"name":"wp","href":"https:\/\/api.w.org\/{rel}","templated":true}]}}