{"id":3674,"date":"2018-09-24T09:07:04","date_gmt":"2018-09-24T07:07:04","guid":{"rendered":"https:\/\/epages.com?page_id=3674"},"modified":"2018-10-25T21:00:52","modified_gmt":"2018-10-25T19:00:52","slug":"mochilas-13","status":"publish","type":"page","link":"https:\/\/epages.com\/fr\/exemples-de-boutiques\/marchands\/mochilas-13\/","title":{"rendered":"Mochilas 13"},"content":{"rendered":"\n<style type=\"text\/css\" data-created_by=\"avia_inline_auto\" id=\"style-css-av-jgw6lf2x-f786430e95b0cd4042106fca921763b5\">\n.avia-section.av-jgw6lf2x-f786430e95b0cd4042106fca921763b5{\nbackground-repeat:no-repeat;\nbackground-image:url(https:\/\/epages.com\/wp-content\/uploads\/2018\/08\/marti-header.jpg);\nbackground-position:50% 50%;\nbackground-attachment:scroll;\n}\n.avia-section.av-jgw6lf2x-f786430e95b0cd4042106fca921763b5 .av-section-color-overlay{\nopacity:0.1;\nbackground-color:#000000;\n}\n<\/style>\n<div id='av_section_1'  class='avia-section av-jgw6lf2x-f786430e95b0cd4042106fca921763b5 main_color avia-section-default avia-no-border-styling  avia-builder-el-0  el_before_av_section  avia-builder-el-first  en_headerbild en_bg_mochilas avia-full-stretch avia-bg-style-scroll av-section-color-overlay-active container_wrap fullsize'  data-section-bg-repeat='stretch'><div class=\"av-section-color-overlay-wrap\"><div class=\"av-section-color-overlay\"><\/div><div class='container av-section-cont-open' ><main  role=\"main\" itemprop=\"mainContentOfPage\"  class='template-page content  av-content-full alpha units'><div class='post-entry post-entry-type-page post-entry-3674'><div class='entry-content-wrapper clearfix'>\n\n<style type=\"text\/css\" data-created_by=\"avia_inline_auto\" id=\"style-css-av-jgw6pl47-1f76358418d4c46848e5d73387395c19\">\n#top .hr.hr-invisible.av-jgw6pl47-1f76358418d4c46848e5d73387395c19{\nmargin-top:0px;\nheight:1px;\n}\n<\/style>\n<div  class='hr av-jgw6pl47-1f76358418d4c46848e5d73387395c19 hr-invisible  avia-builder-el-1  el_before_av_one_full  avia-builder-el-first  en_headerabstand'><span class='hr-inner '><span class=\"hr-inner-style\"><\/span><\/span><\/div>\n\n<style type=\"text\/css\" data-created_by=\"avia_inline_auto\" id=\"style-css-av-5yrq-41bb2f728e65967c8e58f66bfaa211c2\">\n.flex_column.av-5yrq-41bb2f728e65967c8e58f66bfaa211c2{\nborder-radius:0px 0px 0px 0px;\npadding:0px 0px 0px 0px;\n}\n<\/style>\n<div  class='flex_column av-5yrq-41bb2f728e65967c8e58f66bfaa211c2 av_one_full  avia-builder-el-2  el_after_av_hr  el_before_av_hr  first flex_column_div av-zero-column-padding  '     ><style type=\"text\/css\" data-created_by=\"avia_inline_auto\" id=\"style-css-av-jjsegza1-1cdf8b533cbebe3b5019bf893a1d98f3\">\n.avia-image-container.av-jjsegza1-1cdf8b533cbebe3b5019bf893a1d98f3 img.avia_image{\nbox-shadow:none;\n}\n.avia-image-container.av-jjsegza1-1cdf8b533cbebe3b5019bf893a1d98f3 .av-image-caption-overlay-center{\ncolor:#ffffff;\n}\n<\/style>\n<div  class='avia-image-container av-jjsegza1-1cdf8b533cbebe3b5019bf893a1d98f3 av-styling- av-img-linked avia-align-center  avia-builder-el-3  avia-builder-el-no-sibling '   itemprop=\"image\" itemscope=\"itemscope\" itemtype=\"https:\/\/schema.org\/ImageObject\" ><div class=\"avia-image-container-inner\"><div class=\"avia-image-overlay-wrap\"><a href=\"https:\/\/www.youtube.com\/watch?v=kqw98tnY54k\" class=\"avia_image \" aria-label=\"icon-play\" rel=\"nofollow noopener\"><img decoding=\"async\" fetchpriority=\"high\" class='wp-image-5966 avia-img-lazy-loading-not-5966 avia_image ' src=\"https:\/\/epages.com\/wp-content\/uploads\/2018\/07\/icon-play.svg\" alt='' title='icon-play'   itemprop=\"thumbnailUrl\"  \/><\/a><\/div><\/div><\/div><\/div>\n<style type=\"text\/css\" data-created_by=\"avia_inline_auto\" id=\"style-css-av-jgw6pl47-1f76358418d4c46848e5d73387395c19\">\n#top .hr.hr-invisible.av-jgw6pl47-1f76358418d4c46848e5d73387395c19{\nmargin-top:0px;\nheight:1px;\n}\n<\/style>\n<div  class='hr av-jgw6pl47-1f76358418d4c46848e5d73387395c19 hr-invisible  avia-builder-el-4  el_after_av_one_full  el_before_av_two_fifth  en_headerabstand'><span class='hr-inner '><span class=\"hr-inner-style\"><\/span><\/span><\/div>\n\n<style type=\"text\/css\" data-created_by=\"avia_inline_auto\" id=\"style-css-av-3rd4-d6a683e94dcbcb970f0316fdb9b68405\">\n.flex_column.av-3rd4-d6a683e94dcbcb970f0316fdb9b68405{\nborder-radius:0px 0px 0px 0px;\npadding:0px 0px 0px 0px;\n}\n<\/style>\n<div  class='flex_column av-3rd4-d6a683e94dcbcb970f0316fdb9b68405 av_two_fifth  avia-builder-el-5  el_after_av_hr  avia-builder-el-last  first flex_column_div av-zero-column-padding  '     ><style type=\"text\/css\" data-created_by=\"avia_inline_auto\" id=\"style-css-av-av_heading-93b2512cecd60a5c186766a4b539d180\">\n#top .av-special-heading.av-av_heading-93b2512cecd60a5c186766a4b539d180{\npadding-bottom:10px;\ncolor:#ffffff;\n}\nbody .av-special-heading.av-av_heading-93b2512cecd60a5c186766a4b539d180 .av-special-heading-tag .heading-char{\nfont-size:25px;\n}\n.av-special-heading.av-av_heading-93b2512cecd60a5c186766a4b539d180 .special-heading-inner-border{\nborder-color:#ffffff;\n}\n.av-special-heading.av-av_heading-93b2512cecd60a5c186766a4b539d180 .av-subheading{\nfont-size:15px;\n}\n<\/style>\n<div  class='av-special-heading av-av_heading-93b2512cecd60a5c186766a4b539d180 av-special-heading-h1 custom-color-heading blockquote modern-quote  avia-builder-el-6  avia-builder-el-no-sibling '><h1 class='av-special-heading-tag '  itemprop=\"headline\"  >Mochilas 13<\/h1><div class=\"special-heading-border\"><div class=\"special-heading-inner-border\"><\/div><\/div><\/div><\/div><\/div><\/div><\/main><!-- close content main element --><\/div><\/div><\/div><div id='av_section_2'  class='avia-section av-701e-8b2cd89cad718a8f2768038ce5aa67b7 main_color avia-section-large avia-no-border-styling  avia-builder-el-7  el_after_av_section  el_before_av_section  avia-bg-style-scroll container_wrap fullsize'  ><div class='container av-section-cont-open' ><div class='template-page content  av-content-full alpha units'><div class='post-entry post-entry-type-page post-entry-3674'><div class='entry-content-wrapper clearfix'>\n\n<style type=\"text\/css\" data-created_by=\"avia_inline_auto\" id=\"style-css-av-5apm-30dca3a8e5b28ad80cc6d1cf63dab7af\">\n.flex_column.av-5apm-30dca3a8e5b28ad80cc6d1cf63dab7af{\nborder-radius:0px 0px 0px 0px;\npadding:0px 0px 0px 0px;\n}\n<\/style>\n<div  class='flex_column av-5apm-30dca3a8e5b28ad80cc6d1cf63dab7af av_one_full  avia-builder-el-8  avia-builder-el-no-sibling  first flex_column_div av-zero-column-padding  '     ><p>\n<style type=\"text\/css\" data-created_by=\"avia_inline_auto\" id=\"style-css-av-jmgcnf9g-4059dfd072443557622d5d078d9d2bff\">\n#top .av-special-heading.av-jmgcnf9g-4059dfd072443557622d5d078d9d2bff{\npadding-bottom:10px;\n}\nbody .av-special-heading.av-jmgcnf9g-4059dfd072443557622d5d078d9d2bff .av-special-heading-tag .heading-char{\nfont-size:25px;\n}\n.av-special-heading.av-jmgcnf9g-4059dfd072443557622d5d078d9d2bff .av-subheading{\nfont-size:15px;\n}\n<\/style>\n<div  class='av-special-heading av-jmgcnf9g-4059dfd072443557622d5d078d9d2bff av-special-heading-h2 blockquote modern-quote modern-centered  avia-builder-el-9  el_before_av_textblock  avia-builder-el-first '><h2 class='av-special-heading-tag '  itemprop=\"headline\"  >Une reconversion r\u00e9ussie dans l\u2019e-commerce<\/h2><div class=\"special-heading-border\"><div class=\"special-heading-inner-border\"><\/div><\/div><\/div><br \/>\n<section  class='av_textblock_section av-42fq-c7fb32f1a6f772d4ad6c8a678cdfe6aa '   itemscope=\"itemscope\" itemtype=\"https:\/\/schema.org\/CreativeWork\" ><div class='avia_textblock'  itemprop=\"text\" ><p style=\"text-align: center;\">Technicien \u00e9lectronique pendant 23 ans, Mart\u00ed d\u00e9cide de se r\u00e9inventer \u00e0 l\u2019issue de son licenciement \u00e9conomique. Au fil des rencontres et des opportunit\u00e9s, il lance sa propre boutique de sacs et accessoires \u00e0 Barcelone en seulement 1 an. Il commence par vendre des produits de sa propre marque, Urbanus Barcelona, puis \u00e9largit son offre en revendant \u00e9galement les produits d\u2019autres artisans. Suite aux nombreuses demandes de ses clients, Mart\u00ed d\u00e9cide d\u2019ouvrir sa boutique en ligne avec ePages.<\/p>\n<\/div><\/section><br \/>\n<div  class='avia-button-wrap av-jgw7spi6-719406bc278cd41b48c1ecf3644e0d2a-wrap avia-button-center  avia-builder-el-11  el_after_av_textblock  avia-builder-el-last '><a href=\"https:\/\/mochilas13.com\/\" class=\"avia-button av-jgw7spi6-719406bc278cd41b48c1ecf3644e0d2a av-link-btn avia-icon_select-no avia-size-medium avia-position-center avia-color-green\" target=\"_blank\" rel=\"noopener noreferrer nofollow\" aria-label=\"Voir la boutique\"><span class='avia_iconbox_title' >Voir la boutique<\/span><\/a><\/div><\/p><\/div>\n<\/p>\n<\/div><\/div><\/div><!-- close content main div --><\/div><\/div><div id='av_section_3'  class='avia-section av-701e-1c77800b0ea552b905c3cae4315d0f51 alternate_color avia-section-large avia-no-border-styling  avia-builder-el-12  el_after_av_section  el_before_av_section  avia-bg-style-scroll container_wrap fullsize'  ><div class='container av-section-cont-open' ><div class='template-page content  av-content-full alpha units'><div class='post-entry post-entry-type-page post-entry-3674'><div class='entry-content-wrapper clearfix'>\n<div class='flex_column_table av-5apm-5830455a8f181b13f59e0e0f9a1ecc4e sc-av_one_fourth av-equal-height-column-flextable'>\n<style type=\"text\/css\" data-created_by=\"avia_inline_auto\" id=\"style-css-av-5apm-5830455a8f181b13f59e0e0f9a1ecc4e\">\n.flex_column.av-5apm-5830455a8f181b13f59e0e0f9a1ecc4e{\nborder-radius:0px 0px 0px 0px;\npadding:0px 0px 0px 0px;\n}\n<\/style>\n<div  class='flex_column av-5apm-5830455a8f181b13f59e0e0f9a1ecc4e av_one_fourth  avia-builder-el-13  el_before_av_three_fourth  avia-builder-el-first  first flex_column_table_cell av-equal-height-column av-align-middle av-zero-column-padding  '     ><style type=\"text\/css\" data-created_by=\"avia_inline_auto\" id=\"style-css-av-jkdunguo-d50f084cdc2970c9308aff0cdf162034\">\n.avia-image-container.av-jkdunguo-d50f084cdc2970c9308aff0cdf162034 img.avia_image{\nbox-shadow:none;\n}\n.avia-image-container.av-jkdunguo-d50f084cdc2970c9308aff0cdf162034 .av-image-caption-overlay-center{\ncolor:#ffffff;\n}\n<\/style>\n<div  class='avia-image-container av-jkdunguo-d50f084cdc2970c9308aff0cdf162034 av-styling- avia-align-center  avia-builder-el-14  avia-builder-el-no-sibling '   itemprop=\"image\" itemscope=\"itemscope\" itemtype=\"https:\/\/schema.org\/ImageObject\" ><div class=\"avia-image-container-inner\"><div class=\"avia-image-overlay-wrap\"><img decoding=\"async\" fetchpriority=\"high\" class='wp-image-1697 avia-img-lazy-loading-not-1697 avia_image ' src=\"https:\/\/epages.com\/wp-content\/uploads\/2018\/08\/merchant-marti.png\" alt='Marti' title='merchant-marti'  height=\"223\" width=\"250\"  itemprop=\"thumbnailUrl\"  \/><\/div><\/div><\/div><\/div><div class='av-flex-placeholder'><\/div>\n<style type=\"text\/css\" data-created_by=\"avia_inline_auto\" id=\"style-css-av-5apm-04f746b02aa90c3d0f1a824d8abee4bd\">\n.flex_column.av-5apm-04f746b02aa90c3d0f1a824d8abee4bd{\nborder-radius:0px 0px 0px 0px;\npadding:0px 0px 0px 0px;\n}\n<\/style>\n<div  class='flex_column av-5apm-04f746b02aa90c3d0f1a824d8abee4bd av_three_fourth  avia-builder-el-15  el_after_av_one_fourth  avia-builder-el-last  flex_column_table_cell av-equal-height-column av-align-middle av-zero-column-padding  '     ><section  class='av_textblock_section av-42fq-c7fb32f1a6f772d4ad6c8a678cdfe6aa '   itemscope=\"itemscope\" itemtype=\"https:\/\/schema.org\/CreativeWork\" ><div class='avia_textblock'  itemprop=\"text\" ><p>\u00ab Je suis tr\u00e8s satisfait par les r\u00e9sultats. Tout est dans le cloud, donc je n\u2019ai pas \u00e0 m\u2019inqui\u00e9ter de l\u2019h\u00e9bergement, des mises \u00e0 jour, etc. Toutes ces choses sont d\u00e9j\u00e0 prises en charge. \u00bb<\/p>\n<p>&#8211; Mart\u00ed, Mochilas 13<\/p>\n<\/div><\/section><\/div><\/div><!--close column table wrapper. Autoclose: 1 -->\n\n<\/div><\/div><\/div><!-- close content main div --><\/div><\/div><div id='av_section_4'  class='avia-section av-701e-8b2cd89cad718a8f2768038ce5aa67b7 main_color avia-section-large avia-no-border-styling  avia-builder-el-17  el_after_av_section  el_before_av_section  avia-bg-style-scroll container_wrap fullsize'  ><div class='container av-section-cont-open' ><div class='template-page content  av-content-full alpha units'><div class='post-entry post-entry-type-page post-entry-3674'><div class='entry-content-wrapper clearfix'>\n\n<style type=\"text\/css\" data-created_by=\"avia_inline_auto\" id=\"style-css-av-5apm-39c398c76c25ca1375cffa8ae3b9f82a\">\n.flex_column.av-5apm-39c398c76c25ca1375cffa8ae3b9f82a{\nborder-radius:0px 0px 0px 0px;\npadding:0px 0px 0px 0px;\n}\n<\/style>\n<div  class='flex_column av-5apm-39c398c76c25ca1375cffa8ae3b9f82a av_one_full  avia-builder-el-18  el_before_av_one_full  avia-builder-el-first  en_padding first flex_column_div av-zero-column-padding  '     ><p>\n<style type=\"text\/css\" data-created_by=\"avia_inline_auto\" id=\"style-css-av-jmgcobtc-34237882736d52bcada9be307cbfe9d7\">\n#top .av-special-heading.av-jmgcobtc-34237882736d52bcada9be307cbfe9d7{\npadding-bottom:10px;\n}\nbody .av-special-heading.av-jmgcobtc-34237882736d52bcada9be307cbfe9d7 .av-special-heading-tag .heading-char{\nfont-size:25px;\n}\n.av-special-heading.av-jmgcobtc-34237882736d52bcada9be307cbfe9d7 .av-subheading{\nfont-size:15px;\n}\n<\/style>\n<div  class='av-special-heading av-jmgcobtc-34237882736d52bcada9be307cbfe9d7 av-special-heading-h3 blockquote modern-quote modern-centered  avia-builder-el-19  el_before_av_textblock  avia-builder-el-first '><h3 class='av-special-heading-tag '  itemprop=\"headline\"  >Pourquoi une boutique en ligne dans le cloud?<\/h3><div class=\"special-heading-border\"><div class=\"special-heading-inner-border\"><\/div><\/div><\/div><br \/>\n<section  class='av_textblock_section av-42fq-c7fb32f1a6f772d4ad6c8a678cdfe6aa '   itemscope=\"itemscope\" itemtype=\"https:\/\/schema.org\/CreativeWork\" ><div class='avia_textblock'  itemprop=\"text\" ><p style=\"text-align: center;\">Les boutiques en ligne ePages sont en mode cloud. Pour Mart\u00ed, c\u2019est un vrai gage de tranquillit\u00e9. La boutique est disponible en ligne 24H\/24, les mises \u00e0 jour sont automatiques et la boutique est toujours s\u00e9curis\u00e9e. Mart\u00ed, qui est tr\u00e8s occup\u00e9 avec la gestion de sa boutique physique ne souhaitait pas prendre en charge tous ces aspects qui requi\u00e8rent du temps et des connaissances techniques.<\/p>\n<\/div><\/section><\/p><\/div>\n<style type=\"text\/css\" data-created_by=\"avia_inline_auto\" id=\"style-css-av-5apm-30dca3a8e5b28ad80cc6d1cf63dab7af\">\n.flex_column.av-5apm-30dca3a8e5b28ad80cc6d1cf63dab7af{\nborder-radius:0px 0px 0px 0px;\npadding:0px 0px 0px 0px;\n}\n<\/style>\n<div  class='flex_column av-5apm-30dca3a8e5b28ad80cc6d1cf63dab7af av_one_full  avia-builder-el-21  el_after_av_one_full  el_before_av_one_full  first flex_column_div av-zero-column-padding  column-top-margin'     ><style type=\"text\/css\" data-created_by=\"avia_inline_auto\" id=\"style-css-av-jkdunguo-0f60d15cb351823cbd0b211af40b2915\">\n.avia-image-container.av-jkdunguo-0f60d15cb351823cbd0b211af40b2915 img.avia_image{\nbox-shadow:none;\n}\n.avia-image-container.av-jkdunguo-0f60d15cb351823cbd0b211af40b2915 .av-image-caption-overlay-center{\ncolor:#ffffff;\n}\n<\/style>\n<div  class='avia-image-container av-jkdunguo-0f60d15cb351823cbd0b211af40b2915 av-styling- avia-align-center  avia-builder-el-22  avia-builder-el-no-sibling '   itemprop=\"image\" itemscope=\"itemscope\" itemtype=\"https:\/\/schema.org\/ImageObject\" ><div class=\"avia-image-container-inner\"><div class=\"avia-image-overlay-wrap\"><img decoding=\"async\" fetchpriority=\"high\" class='wp-image-2351 avia-img-lazy-loading-not-2351 avia_image ' src=\"https:\/\/epages.com\/wp-content\/uploads\/2018\/08\/marti-laptop.jpg\" alt='Marti Laptop' title='Marti Laptop'  height=\"714\" width=\"1200\"  itemprop=\"thumbnailUrl\" srcset=\"https:\/\/epages.com\/wp-content\/uploads\/2018\/08\/marti-laptop.jpg 1200w, https:\/\/epages.com\/wp-content\/uploads\/2018\/08\/marti-laptop-300x179.jpg 300w, https:\/\/epages.com\/wp-content\/uploads\/2018\/08\/marti-laptop-768x457.jpg 768w, https:\/\/epages.com\/wp-content\/uploads\/2018\/08\/marti-laptop-1024x609.jpg 1024w, https:\/\/epages.com\/wp-content\/uploads\/2018\/08\/marti-laptop-705x419.jpg 705w, https:\/\/epages.com\/wp-content\/uploads\/2018\/08\/marti-laptop-450x268.jpg 450w\" sizes=\"(max-width: 1200px) 100vw, 1200px\" \/><\/div><\/div><\/div><\/div>\n<style type=\"text\/css\" data-created_by=\"avia_inline_auto\" id=\"style-css-av-5apm-39c398c76c25ca1375cffa8ae3b9f82a\">\n.flex_column.av-5apm-39c398c76c25ca1375cffa8ae3b9f82a{\nborder-radius:0px 0px 0px 0px;\npadding:0px 0px 0px 0px;\n}\n<\/style>\n<div  class='flex_column av-5apm-39c398c76c25ca1375cffa8ae3b9f82a av_one_full  avia-builder-el-23  el_after_av_one_full  el_before_av_one_full  en_padding first flex_column_div av-zero-column-padding  column-top-margin'     ><p>\n<style type=\"text\/css\" data-created_by=\"avia_inline_auto\" id=\"style-css-av-jmgconcn-42b1d1ad34164b6b542f984861512d3a\">\n#top .av-special-heading.av-jmgconcn-42b1d1ad34164b6b542f984861512d3a{\npadding-bottom:10px;\n}\nbody .av-special-heading.av-jmgconcn-42b1d1ad34164b6b542f984861512d3a .av-special-heading-tag .heading-char{\nfont-size:25px;\n}\n.av-special-heading.av-jmgconcn-42b1d1ad34164b6b542f984861512d3a .av-subheading{\nfont-size:15px;\n}\n<\/style>\n<div  class='av-special-heading av-jmgconcn-42b1d1ad34164b6b542f984861512d3a av-special-heading-h3 blockquote modern-quote  avia-builder-el-24  el_before_av_textblock  avia-builder-el-first '><h3 class='av-special-heading-tag '  itemprop=\"headline\"  >La cr\u00e9ation des pages est vraiment intuitive<\/h3><div class=\"special-heading-border\"><div class=\"special-heading-inner-border\"><\/div><\/div><\/div><br \/>\n<section  class='av_textblock_section av-42fq-c7fb32f1a6f772d4ad6c8a678cdfe6aa '   itemscope=\"itemscope\" itemtype=\"https:\/\/schema.org\/CreativeWork\" ><div class='avia_textblock'  itemprop=\"text\" ><p style=\"text-align: left;\">Mart\u00ed a \u00e9t\u00e9 agr\u00e9ablement surpris de cr\u00e9er sa page d\u2019accueil en seulement une heure. L\u2019\u00e9diteur de contenu dans les boutiques en ligne ePages permet de cr\u00e9er ses pages sur-mesure, en faisant glisser textes et images dans les zones souhait\u00e9es.<\/p>\n<\/div><\/section><\/p><\/div>\n<style type=\"text\/css\" data-created_by=\"avia_inline_auto\" id=\"style-css-av-5apm-39c398c76c25ca1375cffa8ae3b9f82a\">\n.flex_column.av-5apm-39c398c76c25ca1375cffa8ae3b9f82a{\nborder-radius:0px 0px 0px 0px;\npadding:0px 0px 0px 0px;\n}\n<\/style>\n<div  class='flex_column av-5apm-39c398c76c25ca1375cffa8ae3b9f82a av_one_full  avia-builder-el-26  el_after_av_one_full  avia-builder-el-last  en_padding first flex_column_div av-zero-column-padding  column-top-margin'     ><p>\n<style type=\"text\/css\" data-created_by=\"avia_inline_auto\" id=\"style-css-av-jmgcowz7-e9812526c55ef3b7c4cfef4ed3564722\">\n#top .av-special-heading.av-jmgcowz7-e9812526c55ef3b7c4cfef4ed3564722{\npadding-bottom:10px;\n}\nbody .av-special-heading.av-jmgcowz7-e9812526c55ef3b7c4cfef4ed3564722 .av-special-heading-tag .heading-char{\nfont-size:25px;\n}\n.av-special-heading.av-jmgcowz7-e9812526c55ef3b7c4cfef4ed3564722 .av-subheading{\nfont-size:15px;\n}\n<\/style>\n<div  class='av-special-heading av-jmgcowz7-e9812526c55ef3b7c4cfef4ed3564722 av-special-heading-h3 blockquote modern-quote  avia-builder-el-27  el_before_av_textblock  avia-builder-el-first '><h3 class='av-special-heading-tag '  itemprop=\"headline\"  >Un conseil pour se lancer dans l\u2019e-commerce<\/h3><div class=\"special-heading-border\"><div class=\"special-heading-inner-border\"><\/div><\/div><\/div><br \/>\n<section  class='av_textblock_section av-42fq-c7fb32f1a6f772d4ad6c8a678cdfe6aa '   itemscope=\"itemscope\" itemtype=\"https:\/\/schema.org\/CreativeWork\" ><div class='avia_textblock'  itemprop=\"text\" ><p style=\"text-align: left;\">\u00ab Un conseil que je peux donner aux personnes qui se lancent dans l\u2019e-commerce est de d\u00e9velopper un bon r\u00e9f\u00e9rencement SEO. ePages facilite beaucoup cette t\u00e2che: vous pouvez int\u00e9grer des mots-cl\u00e9s pour que les clients puissent vous trouver sur Google. \u00bb<\/p>\n<\/div><\/section><\/p><\/div>\n\n<\/div><\/div><\/div><!-- close content main div --><\/div><\/div>\n<style type=\"text\/css\" data-created_by=\"avia_inline_auto\" id=\"style-css-av-701e-a70e015c54f97b900e451d95622db851\">\n.avia-section.av-701e-a70e015c54f97b900e451d95622db851{\nbackground-repeat:no-repeat;\nbackground-image:url(https:\/\/epages.com\/wp-content\/uploads\/2018\/08\/marti-banner.jpg);\nbackground-position:50% 50%;\nbackground-attachment:scroll;\n}\n<\/style>\n<div id='av_section_5'  class='avia-section av-701e-a70e015c54f97b900e451d95622db851 main_color avia-section-huge avia-no-border-styling  avia-builder-el-29  el_after_av_section  el_before_av_section  en_bg_mochilas2 avia-full-stretch avia-bg-style-scroll container_wrap fullsize'  data-section-bg-repeat='stretch'><div class='container av-section-cont-open' ><div class='template-page content  av-content-full alpha units'><div class='post-entry post-entry-type-page post-entry-3674'><div class='entry-content-wrapper clearfix'>\n\n<style type=\"text\/css\" data-created_by=\"avia_inline_auto\" id=\"style-css-av-5apm-30dca3a8e5b28ad80cc6d1cf63dab7af\">\n.flex_column.av-5apm-30dca3a8e5b28ad80cc6d1cf63dab7af{\nborder-radius:0px 0px 0px 0px;\npadding:0px 0px 0px 0px;\n}\n<\/style>\n<div  class='flex_column av-5apm-30dca3a8e5b28ad80cc6d1cf63dab7af av_one_full  avia-builder-el-30  avia-builder-el-no-sibling  first flex_column_div av-zero-column-padding  '     ><style type=\"text\/css\" data-created_by=\"avia_inline_auto\" id=\"style-css-av-jkdvyo1u-ab15137d8dc9d10d85b8946835f5612b\">\n.av_font_icon.av-jkdvyo1u-ab15137d8dc9d10d85b8946835f5612b{\ncolor:#ffffff;\nborder-color:#ffffff;\n}\n.av_font_icon.av-jkdvyo1u-ab15137d8dc9d10d85b8946835f5612b .av-icon-char{\nfont-size:70px;\nline-height:70px;\n}\n<\/style>\n<span  class='av_font_icon av-jkdvyo1u-ab15137d8dc9d10d85b8946835f5612b avia_animate_when_visible av-icon-style- avia-icon-pos-center avia-icon-animate'><a href=\"https:\/\/www.youtube.com\/watch?v=hEzGDHZ1-dk\" class=\"av-icon-char\" aria-hidden=\"false\" data-av_icon=\"\" data-av_iconfont=\"fontello\" rel=\"nofollow noopener\"><\/a><\/span><\/div>\n\n<\/div><\/div><\/div><!-- close content main div --><\/div><\/div>\n<style type=\"text\/css\" data-created_by=\"avia_inline_auto\" id=\"style-css-av-701e-c45c31f844dcc45a2009d949490de6df\">\n.avia-section.av-701e-c45c31f844dcc45a2009d949490de6df{\nbackground-color:#418cd2;\nbackground-image:unset;\n}\n<\/style>\n<div id='av_section_6'  class='avia-section av-701e-c45c31f844dcc45a2009d949490de6df main_color avia-section-large avia-no-border-styling  avia-builder-el-32  el_after_av_section  avia-builder-el-last  avia-bg-style-scroll container_wrap fullsize'  ><div class='container av-section-cont-open' ><div class='template-page content  av-content-full alpha units'><div class='post-entry post-entry-type-page post-entry-3674'><div class='entry-content-wrapper clearfix'>\n\n<style type=\"text\/css\" data-created_by=\"avia_inline_auto\" id=\"style-css-av-5apm-30dca3a8e5b28ad80cc6d1cf63dab7af\">\n.flex_column.av-5apm-30dca3a8e5b28ad80cc6d1cf63dab7af{\nborder-radius:0px 0px 0px 0px;\npadding:0px 0px 0px 0px;\n}\n<\/style>\n<div  class='flex_column av-5apm-30dca3a8e5b28ad80cc6d1cf63dab7af av_one_full  avia-builder-el-33  avia-builder-el-no-sibling  first flex_column_div av-zero-column-padding  '     ><style type=\"text\/css\" data-created_by=\"avia_inline_auto\" id=\"style-css-av-42fq-609604e9dea56fb99aaa4ea8666efac3\">\n#top .av_textblock_section.av-42fq-609604e9dea56fb99aaa4ea8666efac3 .avia_textblock{\ncolor:#ffffff;\n}\n<\/style>\n<section  class='av_textblock_section av-42fq-609604e9dea56fb99aaa4ea8666efac3 '   itemscope=\"itemscope\" itemtype=\"https:\/\/schema.org\/CreativeWork\" ><div class='avia_textblock av_inherit_color'  itemprop=\"text\" ><p style=\"text-align: center;\">Ils ont transform\u00e9 leur id\u00e9e en projet e-commerce r\u00e9ussi.<br \/>\nRejoignez des milliers d\u2019entrepreneurs qui vendent avec ePages.<br \/>\nEssayez ePages gratuitement pendant 30 jours!<\/p>\n<\/div><\/section><br \/>\n<div  class='avia-button-wrap av-jgw7spi6-adada132153c4c9b0dc5efa5f017ee30-wrap avia-button-center  avia-builder-el-35  el_after_av_textblock  el_before_av_textblock '><a href=\"https:\/\/now.epages.fr\/cart.php?a=add&amp;pid=40&amp;language=french\u00a4cy=1&amp;_ga=2.141737202.1353765437.1537771558-1162269373.1537771558\" class=\"avia-button av-jgw7spi6-adada132153c4c9b0dc5efa5f017ee30 av-link-btn avia-icon_select-no avia-size-medium avia-position-center avia-color-green\" aria-label=\"Commencer\" rel=\"nofollow noopener\"><span class='avia_iconbox_title' >Commencer<\/span><\/a><\/div><br \/>\n\n<style type=\"text\/css\" data-created_by=\"avia_inline_auto\" id=\"style-css-av-42fq-a5489b027fe27b9077c719ce32b3ce39\">\n#top .av_textblock_section.av-42fq-a5489b027fe27b9077c719ce32b3ce39 .avia_textblock{\nfont-size:13px;\ncolor:#ffffff;\n}\n<\/style>\n<section  class='av_textblock_section av-42fq-a5489b027fe27b9077c719ce32b3ce39 '   itemscope=\"itemscope\" itemtype=\"https:\/\/schema.org\/CreativeWork\" ><div class='avia_textblock av_inherit_color'  itemprop=\"text\" ><p style=\"text-align: center;\">Inscription rapide, sans carte bancaire.<\/p>\n<\/div><\/section><\/p><\/div>\n\n","protected":false},"excerpt":{"rendered":"","protected":false},"author":2,"featured_media":0,"parent":3652,"menu_order":0,"comment_status":"closed","ping_status":"closed","template":"","meta":{"footnotes":""},"class_list":["post-3674","page","type-page","status-publish","hentry"],"_links":{"self":[{"href":"https:\/\/epages.com\/fr\/wp-json\/wp\/v2\/pages\/3674"}],"collection":[{"href":"https:\/\/epages.com\/fr\/wp-json\/wp\/v2\/pages"}],"about":[{"href":"https:\/\/epages.com\/fr\/wp-json\/wp\/v2\/types\/page"}],"author":[{"embeddable":true,"href":"https:\/\/epages.com\/fr\/wp-json\/wp\/v2\/users\/2"}],"replies":[{"embeddable":true,"href":"https:\/\/epages.com\/fr\/wp-json\/wp\/v2\/comments?post=3674"}],"version-history":[{"count":3,"href":"https:\/\/epages.com\/fr\/wp-json\/wp\/v2\/pages\/3674\/revisions"}],"predecessor-version":[{"id":7319,"href":"https:\/\/epages.com\/fr\/wp-json\/wp\/v2\/pages\/3674\/revisions\/7319"}],"up":[{"embeddable":true,"href":"https:\/\/epages.com\/fr\/wp-json\/wp\/v2\/pages\/3652"}],"wp:attachment":[{"href":"https:\/\/epages.com\/fr\/wp-json\/wp\/v2\/media?parent=3674"}],"curies":[{"name":"wp","href":"https:\/\/api.w.org\/{rel}","templated":true}]}}