{"id":3652,"date":"2018-09-24T09:05:43","date_gmt":"2018-09-24T07:05:43","guid":{"rendered":"https:\/\/epages.com?page_id=3652"},"modified":"2026-04-02T10:41:25","modified_gmt":"2026-04-02T08:41:25","slug":"marchands","status":"publish","type":"page","link":"https:\/\/epages.com\/fr\/exemples-de-boutiques\/marchands\/","title":{"rendered":"Marchands"},"content":{"rendered":"\n<style type=\"text\/css\" data-created_by=\"avia_inline_auto\" id=\"style-css-av-jgw6lf2x-c436a3c0c0f78dd06ce0affcb777eeef\">\n.avia-section.av-jgw6lf2x-c436a3c0c0f78dd06ce0affcb777eeef{\nbackground-repeat:no-repeat;\nbackground-image:url(https:\/\/epages.com\/wp-content\/uploads\/2018\/08\/haendler-header.jpg);\nbackground-position:50% 50%;\nbackground-attachment:scroll;\n}\n<\/style>\n<div id='av_section_1'  class='avia-section av-jgw6lf2x-c436a3c0c0f78dd06ce0affcb777eeef main_color avia-section-default avia-no-border-styling  avia-builder-el-0  el_before_av_section  avia-builder-el-first  en_headerbild en_bg_haendler1 avia-full-stretch avia-bg-style-scroll container_wrap fullsize'  data-section-bg-repeat='stretch'><div class='container av-section-cont-open' ><main  role=\"main\" itemprop=\"mainContentOfPage\"  class='template-page content  av-content-full alpha units'><div class='post-entry post-entry-type-page post-entry-3652'><div class='entry-content-wrapper clearfix'>\n\n<style type=\"text\/css\" data-created_by=\"avia_inline_auto\" id=\"style-css-av-jgw6pl47-da062789ea1e41bf55be2ef340603f61\">\n#top .hr.hr-invisible.av-jgw6pl47-da062789ea1e41bf55be2ef340603f61{\nmargin-top:0px;\nheight:1px;\n}\n<\/style>\n<div  class='hr av-jgw6pl47-da062789ea1e41bf55be2ef340603f61 hr-invisible  avia-builder-el-1  el_before_av_hr  avia-builder-el-first  en_headerabstand av-small-hide av-mini-hide'><span class='hr-inner '><span class=\"hr-inner-style\"><\/span><\/span><\/div>\n\n<style type=\"text\/css\" data-created_by=\"avia_inline_auto\" id=\"style-css-av-jgw6pl47-19-6447a4a0712a8076c0584b969038d84c\">\n#top .hr.hr-invisible.av-jgw6pl47-19-6447a4a0712a8076c0584b969038d84c{\nmargin-top:0px;\nheight:1px;\n}\n<\/style>\n<div  class='hr av-jgw6pl47-19-6447a4a0712a8076c0584b969038d84c hr-invisible  avia-builder-el-2  el_after_av_hr  el_before_av_one_half  en_headerabstand av-small-hide av-mini-hide'><span class='hr-inner '><span class=\"hr-inner-style\"><\/span><\/span><\/div>\n\n<style type=\"text\/css\" data-created_by=\"avia_inline_auto\" id=\"style-css-av-3rd4-d6a683e94dcbcb970f0316fdb9b68405\">\n.flex_column.av-3rd4-d6a683e94dcbcb970f0316fdb9b68405{\nborder-radius:0px 0px 0px 0px;\npadding:0px 0px 0px 0px;\n}\n<\/style>\n<div  class='flex_column av-3rd4-d6a683e94dcbcb970f0316fdb9b68405 av_one_half  avia-builder-el-3  el_after_av_hr  avia-builder-el-last  first flex_column_div av-zero-column-padding  '     ><style type=\"text\/css\" data-created_by=\"avia_inline_auto\" id=\"style-css-av-jmgbyx7a-5247e0f4fe6c202b57c546fb43d752c8\">\n#top .av-special-heading.av-jmgbyx7a-5247e0f4fe6c202b57c546fb43d752c8{\npadding-bottom:10px;\ncolor:#ffffff;\n}\nbody .av-special-heading.av-jmgbyx7a-5247e0f4fe6c202b57c546fb43d752c8 .av-special-heading-tag .heading-char{\nfont-size:25px;\n}\n.av-special-heading.av-jmgbyx7a-5247e0f4fe6c202b57c546fb43d752c8 .special-heading-inner-border{\nborder-color:#ffffff;\n}\n.av-special-heading.av-jmgbyx7a-5247e0f4fe6c202b57c546fb43d752c8 .av-subheading{\nfont-size:15px;\n}\n<\/style>\n<div  class='av-special-heading av-jmgbyx7a-5247e0f4fe6c202b57c546fb43d752c8 av-special-heading-h1 custom-color-heading blockquote modern-quote  avia-builder-el-4  avia-builder-el-no-sibling '><h1 class='av-special-heading-tag '  itemprop=\"headline\"  >Histoires de marchands<\/h1><div class=\"special-heading-border\"><div class=\"special-heading-inner-border\"><\/div><\/div><\/div><\/div>\n\n<\/div><\/div><\/main><!-- close content main element --><\/div><\/div><div id='av_section_2'  class='avia-section av-701e-8b2cd89cad718a8f2768038ce5aa67b7 main_color avia-section-large avia-no-border-styling  avia-builder-el-5  el_after_av_section  avia-builder-el-last  avia-bg-style-scroll container_wrap fullsize'  ><div class='container av-section-cont-open' ><div class='template-page content  av-content-full alpha units'><div class='post-entry post-entry-type-page post-entry-3652'><div class='entry-content-wrapper clearfix'>\n\n<style type=\"text\/css\" data-created_by=\"avia_inline_auto\" id=\"style-css-av-5apm-30dca3a8e5b28ad80cc6d1cf63dab7af\">\n.flex_column.av-5apm-30dca3a8e5b28ad80cc6d1cf63dab7af{\nborder-radius:0px 0px 0px 0px;\npadding:0px 0px 0px 0px;\n}\n<\/style>\n<div  class='flex_column av-5apm-30dca3a8e5b28ad80cc6d1cf63dab7af av_one_full  avia-builder-el-6  el_before_av_one_fourth  avia-builder-el-first  first flex_column_div av-zero-column-padding  '     ><section  class='av_textblock_section av-42fq-84832152576d92737999a01915d02ede '   itemscope=\"itemscope\" itemtype=\"https:\/\/schema.org\/CreativeWork\" ><div class='avia_textblock'  itemprop=\"text\" ><p style=\"text-align: center;\">Aujourd&rsquo;hui, des dizaines de milliers de marchands dans le monde entier profitent de notre plateforme pour vendre efficacement leurs produits. Avec ePages, ils transforment leurs id\u00e9es et passions en entreprises \u00e0 succ\u00e8s. En savoir plus sur les experiences partag\u00e9es par nos marchands.<\/p>\n<\/div><\/section><\/div>\n<style type=\"text\/css\" data-created_by=\"avia_inline_auto\" id=\"style-css-av-5apm-18-84579e490897d82b5a0018088e389733\">\n.flex_column.av-5apm-18-84579e490897d82b5a0018088e389733{\nborder-radius:0px 0px 0px 0px;\npadding:0px 0px 0px 0px;\n}\n<\/style>\n<div  class='flex_column av-5apm-18-84579e490897d82b5a0018088e389733 av_one_fourth  avia-builder-el-8  el_after_av_one_full  el_before_av_three_fourth  first flex_column_div av-zero-column-padding  column-top-margin'     ><style type=\"text\/css\" data-created_by=\"avia_inline_auto\" id=\"style-css-av-jkcfkdrc-6dbadba2dcd87a8f0d3ca400ea78ea9d\">\n.avia-image-container.av-jkcfkdrc-6dbadba2dcd87a8f0d3ca400ea78ea9d img.avia_image{\nbox-shadow:none;\n}\n.avia-image-container.av-jkcfkdrc-6dbadba2dcd87a8f0d3ca400ea78ea9d .av-image-caption-overlay-center{\ncolor:#ffffff;\n}\n<\/style>\n<div  class='avia-image-container av-jkcfkdrc-6dbadba2dcd87a8f0d3ca400ea78ea9d av-styling- av-img-linked avia-align-center  avia-builder-el-9  avia-builder-el-no-sibling '   itemprop=\"image\" itemscope=\"itemscope\" itemtype=\"https:\/\/schema.org\/ImageObject\" ><div class=\"avia-image-container-inner\"><div class=\"avia-image-overlay-wrap\"><a href=\"https:\/\/www.youtube.com\/watch?v=Ib1CuJNXzEY\" class=\"avia_image \" aria-label=\"audrey_button\" rel=\"nofollow noopener\"><img decoding=\"async\" fetchpriority=\"high\" class='wp-image-9029 avia-img-lazy-loading-not-9029 avia_image ' src=\"https:\/\/epages.com\/wp-content\/uploads\/2019\/08\/audrey_button.png\" alt='' title='audrey_button'  height=\"223\" width=\"250\"  itemprop=\"thumbnailUrl\"  \/><\/a><\/div><\/div><\/div><\/div>\n<style type=\"text\/css\" data-created_by=\"avia_inline_auto\" id=\"style-css-av-5apm-16-f7f3468f709a8e16aed052976c5ec60f\">\n.flex_column.av-5apm-16-f7f3468f709a8e16aed052976c5ec60f{\nborder-radius:0px 0px 0px 0px;\npadding:0px 0px 0px 0px;\n}\n<\/style>\n<div  class='flex_column av-5apm-16-f7f3468f709a8e16aed052976c5ec60f av_three_fourth  avia-builder-el-10  el_after_av_one_fourth  el_before_av_one_fourth  flex_column_div av-zero-column-padding  column-top-margin'     ><p>\n<style type=\"text\/css\" data-created_by=\"avia_inline_auto\" id=\"style-css-av-87pnk4-548d15aca356ed9119c1b84c09d715bf\">\n#top .av-special-heading.av-87pnk4-548d15aca356ed9119c1b84c09d715bf{\npadding-bottom:10px;\n}\nbody .av-special-heading.av-87pnk4-548d15aca356ed9119c1b84c09d715bf .av-special-heading-tag .heading-char{\nfont-size:25px;\n}\n.av-special-heading.av-87pnk4-548d15aca356ed9119c1b84c09d715bf .av-subheading{\nfont-size:15px;\n}\n<\/style>\n<div  class='av-special-heading av-87pnk4-548d15aca356ed9119c1b84c09d715bf av-special-heading-h3 blockquote modern-quote  avia-builder-el-11  el_before_av_textblock  avia-builder-el-first '><h3 class='av-special-heading-tag '  itemprop=\"headline\"  >Les Carnets d\u2019Audrey<\/h3><div class=\"special-heading-border\"><div class=\"special-heading-inner-border\"><\/div><\/div><\/div><br \/>\n<section  class='av_textblock_section av-42fq-17-0b429a63b289e9e798cf3350faf074f8 '   itemscope=\"itemscope\" itemtype=\"https:\/\/schema.org\/CreativeWork\" ><div class='avia_textblock'  itemprop=\"text\" ><p>Passionn\u00e9e par l\u2019art de la reliure, Audrey exer\u00e7ait son activit\u00e9 \u00e0 Lyon avant de s\u2019installer \u00e0 Barcelone en 2012, o\u00f9 elle vit aujourd\u2019hui avec sa famille. Pour continuer \u00e0 vivre de sa passion, elle ouvre sa propre boutique et cr\u00e9e sa marque Les Carnets d\u2019Audrey. Ayant des clients en France et en Espagne, Audrey a toujours su que ses produits avai&#8230;<\/p>\n<\/div><\/section><br \/>\n<div  class='avia-button-wrap av-jgw7spi6-74a354374b882bd3da14b83cad55aa15-wrap avia-button-left  avia-builder-el-13  el_after_av_textblock  avia-builder-el-last  en_outline'><a href=\"https:\/\/epages.com\/fr\/exemples-de-boutiques\/marchands\/les-carnets-daudrey\/\" class=\"avia-button av-jgw7spi6-74a354374b882bd3da14b83cad55aa15 av-link-btn avia-icon_select-no avia-size-medium avia-position-left avia-color-green\" aria-label=\"Lire la suite\"><span class='avia_iconbox_title' >Lire la suite<\/span><\/a><\/div><\/p><\/div>\n<style type=\"text\/css\" data-created_by=\"avia_inline_auto\" id=\"style-css-av-5apm-14-e6ba859a94386f0d45db52b4ed7c2ab0\">\n.flex_column.av-5apm-14-e6ba859a94386f0d45db52b4ed7c2ab0{\nborder-radius:0px 0px 0px 0px;\npadding:0px 0px 0px 0px;\n}\n<\/style>\n<div  class='flex_column av-5apm-14-e6ba859a94386f0d45db52b4ed7c2ab0 av_one_fourth  avia-builder-el-14  el_after_av_three_fourth  el_before_av_three_fourth  first flex_column_div av-zero-column-padding  column-top-margin'     ><style type=\"text\/css\" data-created_by=\"avia_inline_auto\" id=\"style-css-av-jkcfkdrc-15-6e053c03d3341b3db04c8e5de6ce9f25\">\n.avia-image-container.av-jkcfkdrc-15-6e053c03d3341b3db04c8e5de6ce9f25 img.avia_image{\nbox-shadow:none;\n}\n.avia-image-container.av-jkcfkdrc-15-6e053c03d3341b3db04c8e5de6ce9f25 .av-image-caption-overlay-center{\ncolor:#ffffff;\n}\n<\/style>\n<div  class='avia-image-container av-jkcfkdrc-15-6e053c03d3341b3db04c8e5de6ce9f25 av-styling- av-img-linked avia-align-center  avia-builder-el-15  avia-builder-el-no-sibling '   itemprop=\"image\" itemscope=\"itemscope\" itemtype=\"https:\/\/schema.org\/ImageObject\" ><div class=\"avia-image-container-inner\"><div class=\"avia-image-overlay-wrap\"><a href=\"https:\/\/www.youtube.com\/watch?v=M0yAwxlC_vw\" class=\"avia_image \" aria-label=\"merchant-mireia_button\" rel=\"nofollow noopener\"><img decoding=\"async\" fetchpriority=\"high\" class='wp-image-9047 avia-img-lazy-loading-not-9047 avia_image ' src=\"https:\/\/epages.com\/wp-content\/uploads\/2019\/08\/merchant-mireia_button.png\" alt='' title='merchant-mireia_button'  height=\"223\" width=\"250\"  itemprop=\"thumbnailUrl\"  \/><\/a><\/div><\/div><\/div><\/div>\n<style type=\"text\/css\" data-created_by=\"avia_inline_auto\" id=\"style-css-av-5apm-11-b0669618c16440d056cb2bbbeb00b488\">\n.flex_column.av-5apm-11-b0669618c16440d056cb2bbbeb00b488{\nborder-radius:0px 0px 0px 0px;\npadding:0px 0px 0px 0px;\n}\n<\/style>\n<div  class='flex_column av-5apm-11-b0669618c16440d056cb2bbbeb00b488 av_three_fourth  avia-builder-el-16  el_after_av_one_fourth  el_before_av_one_fourth  flex_column_div av-zero-column-padding  column-top-margin'     ><p>\n<style type=\"text\/css\" data-created_by=\"avia_inline_auto\" id=\"style-css-av-6cogk4-88878cc2f3ea032b22d2e162ddaea188\">\n#top .av-special-heading.av-6cogk4-88878cc2f3ea032b22d2e162ddaea188{\npadding-bottom:10px;\n}\nbody .av-special-heading.av-6cogk4-88878cc2f3ea032b22d2e162ddaea188 .av-special-heading-tag .heading-char{\nfont-size:25px;\n}\n.av-special-heading.av-6cogk4-88878cc2f3ea032b22d2e162ddaea188 .av-subheading{\nfont-size:15px;\n}\n<\/style>\n<div  class='av-special-heading av-6cogk4-88878cc2f3ea032b22d2e162ddaea188 av-special-heading-h3 blockquote modern-quote  avia-builder-el-17  el_before_av_textblock  avia-builder-el-first '><h3 class='av-special-heading-tag '  itemprop=\"headline\"  >Visto Luego Existo<\/h3><div class=\"special-heading-border\"><div class=\"special-heading-inner-border\"><\/div><\/div><\/div><br \/>\n<section  class='av_textblock_section av-42fq-13-37e55626b9dcd7ead5e33021a1d52c0f '   itemscope=\"itemscope\" itemtype=\"https:\/\/schema.org\/CreativeWork\" ><div class='avia_textblock'  itemprop=\"text\" ><p>Mireia est propri\u00e9taire et g\u00e9rante d\u2019une boutique \u00e0 Barcelone o\u00f9 elle fabrique et vend ses v\u00eatements et accessoires faits \u00e0 la main. D\u00e9j\u00e0 d\u00e9bord\u00e9e par sa double activit\u00e9, Mireia ressentait n\u00e9anmoins le besoin de vendre en ligne pour atteindre plus de clients. Elle a saut\u00e9 le pas gr\u00e2ce \u00e0 ePages, la boutique en ligne la plus rapide \u00e0 lancer et \u00e0 g\u00e9&#8230;<\/p>\n<\/div><\/section><br \/>\n<div  class='avia-button-wrap av-jgw7spi6-12-2a82db4b9a04803de13344447613248f-wrap avia-button-left  avia-builder-el-19  el_after_av_textblock  avia-builder-el-last  en_outline'><a href=\"https:\/\/epages.com\/fr\/exemples-de-boutiques\/marchands\/visto-luego-existo\/\" class=\"avia-button av-jgw7spi6-12-2a82db4b9a04803de13344447613248f av-link-btn avia-icon_select-no avia-size-medium avia-position-left avia-color-green\" aria-label=\"Lire la suite\"><span class='avia_iconbox_title' >Lire la suite<\/span><\/a><\/div><\/p><\/div>\n<style type=\"text\/css\" data-created_by=\"avia_inline_auto\" id=\"style-css-av-5apm-9-9ef6d8484e9bd332c226644f6c2829e0\">\n.flex_column.av-5apm-9-9ef6d8484e9bd332c226644f6c2829e0{\nborder-radius:0px 0px 0px 0px;\npadding:0px 0px 0px 0px;\n}\n<\/style>\n<div  class='flex_column av-5apm-9-9ef6d8484e9bd332c226644f6c2829e0 av_one_fourth  avia-builder-el-20  el_after_av_three_fourth  el_before_av_three_fourth  first flex_column_div av-zero-column-padding  column-top-margin'     ><style type=\"text\/css\" data-created_by=\"avia_inline_auto\" id=\"style-css-av-jkcfkdrc-10-d3feb2b658d382211288806ed65ab740\">\n.avia-image-container.av-jkcfkdrc-10-d3feb2b658d382211288806ed65ab740 img.avia_image{\nbox-shadow:none;\n}\n.avia-image-container.av-jkcfkdrc-10-d3feb2b658d382211288806ed65ab740 .av-image-caption-overlay-center{\ncolor:#ffffff;\n}\n<\/style>\n<div  class='avia-image-container av-jkcfkdrc-10-d3feb2b658d382211288806ed65ab740 av-styling- av-img-linked avia-align-center  avia-builder-el-21  avia-builder-el-no-sibling '   itemprop=\"image\" itemscope=\"itemscope\" itemtype=\"https:\/\/schema.org\/ImageObject\" ><div class=\"avia-image-container-inner\"><div class=\"avia-image-overlay-wrap\"><a href=\"https:\/\/www.youtube.com\/watch?v=kqw98tnY54k\" class=\"avia_image \" aria-label=\"merchant-marti_button\" rel=\"nofollow noopener\"><img decoding=\"async\" fetchpriority=\"high\" class='wp-image-9035 avia-img-lazy-loading-not-9035 avia_image ' src=\"https:\/\/epages.com\/wp-content\/uploads\/2019\/08\/merchant-marti_button.png\" alt='' title='merchant-marti_button'  height=\"223\" width=\"250\"  itemprop=\"thumbnailUrl\"  \/><\/a><\/div><\/div><\/div><\/div>\n<style type=\"text\/css\" data-created_by=\"avia_inline_auto\" id=\"style-css-av-5apm-6-bdbea301dcb607d9d80a3daee078851d\">\n.flex_column.av-5apm-6-bdbea301dcb607d9d80a3daee078851d{\nborder-radius:0px 0px 0px 0px;\npadding:0px 0px 0px 0px;\n}\n<\/style>\n<div  class='flex_column av-5apm-6-bdbea301dcb607d9d80a3daee078851d av_three_fourth  avia-builder-el-22  el_after_av_one_fourth  el_before_av_one_fourth  flex_column_div av-zero-column-padding  column-top-margin'     ><p>\n<style type=\"text\/css\" data-created_by=\"avia_inline_auto\" id=\"style-css-av-4kn2qc-2bb42439fafafafbc12aaa6b275b6db1\">\n#top .av-special-heading.av-4kn2qc-2bb42439fafafafbc12aaa6b275b6db1{\npadding-bottom:10px;\n}\nbody .av-special-heading.av-4kn2qc-2bb42439fafafafbc12aaa6b275b6db1 .av-special-heading-tag .heading-char{\nfont-size:25px;\n}\n.av-special-heading.av-4kn2qc-2bb42439fafafafbc12aaa6b275b6db1 .av-subheading{\nfont-size:15px;\n}\n<\/style>\n<div  class='av-special-heading av-4kn2qc-2bb42439fafafafbc12aaa6b275b6db1 av-special-heading-h3 blockquote modern-quote  avia-builder-el-23  el_before_av_textblock  avia-builder-el-first '><h3 class='av-special-heading-tag '  itemprop=\"headline\"  >Mochilas 13<\/h3><div class=\"special-heading-border\"><div class=\"special-heading-inner-border\"><\/div><\/div><\/div><br \/>\n<section  class='av_textblock_section av-42fq-8-833762198924fb7c741a6fe0f8cd6e82 '   itemscope=\"itemscope\" itemtype=\"https:\/\/schema.org\/CreativeWork\" ><div class='avia_textblock'  itemprop=\"text\" ><p>Technicien \u00e9lectronique pendant 23 ans, Mart\u00ed d\u00e9cide de se r\u00e9inventer \u00e0 l\u2019issue de son licenciement \u00e9conomique. Au fil des rencontres et des opportunit\u00e9s, il lance sa propre boutique de sacs et accessoires \u00e0 Barcelone en seulement 1 an. Il commence par vendre des produits de sa propre marque, Urbanus Barcelona, puis \u00e9largit son offre en revendant&#8230;<\/p>\n<\/div><\/section><br \/>\n<div  class='avia-button-wrap av-jgw7spi6-7-51b8d819d99ba8fef80d944293849e7e-wrap avia-button-left  avia-builder-el-25  el_after_av_textblock  avia-builder-el-last  en_outline'><a href=\"https:\/\/epages.com\/fr\/exemples-de-boutiques\/marchands\/mochilas-13\/\" class=\"avia-button av-jgw7spi6-7-51b8d819d99ba8fef80d944293849e7e av-link-btn avia-icon_select-no avia-size-medium avia-position-left avia-color-green\" aria-label=\"Lire la suite\"><span class='avia_iconbox_title' >Lire la suite<\/span><\/a><\/div><\/p><\/div>\n<style type=\"text\/css\" data-created_by=\"avia_inline_auto\" id=\"style-css-av-5apm-4-28903fe5e52c0b8a293af5a495641792\">\n.flex_column.av-5apm-4-28903fe5e52c0b8a293af5a495641792{\nborder-radius:0px 0px 0px 0px;\npadding:0px 0px 0px 0px;\n}\n<\/style>\n<div  class='flex_column av-5apm-4-28903fe5e52c0b8a293af5a495641792 av_one_fourth  avia-builder-el-26  el_after_av_three_fourth  el_before_av_three_fourth  first flex_column_div av-zero-column-padding  column-top-margin'     ><style type=\"text\/css\" data-created_by=\"avia_inline_auto\" id=\"style-css-av-jkcfkdrc-5-f4150528a9ab0d09e99cd1e58b6b202c\">\n.avia-image-container.av-jkcfkdrc-5-f4150528a9ab0d09e99cd1e58b6b202c img.avia_image{\nbox-shadow:none;\n}\n.avia-image-container.av-jkcfkdrc-5-f4150528a9ab0d09e99cd1e58b6b202c .av-image-caption-overlay-center{\ncolor:#ffffff;\n}\n<\/style>\n<div  class='avia-image-container av-jkcfkdrc-5-f4150528a9ab0d09e99cd1e58b6b202c av-styling- avia-align-center  avia-builder-el-27  avia-builder-el-no-sibling '   itemprop=\"image\" itemscope=\"itemscope\" itemtype=\"https:\/\/schema.org\/ImageObject\" ><div class=\"avia-image-container-inner\"><div class=\"avia-image-overlay-wrap\"><img decoding=\"async\" fetchpriority=\"high\" class='wp-image-1710 avia-img-lazy-loading-not-1710 avia_image ' src=\"https:\/\/epages.com\/wp-content\/uploads\/2018\/08\/merchant-mavalou.png\" alt='Mavalou' title='merchant-mavalou'  height=\"223\" width=\"250\"  itemprop=\"thumbnailUrl\"  \/><\/div><\/div><\/div><\/div>\n<style type=\"text\/css\" data-created_by=\"avia_inline_auto\" id=\"style-css-av-5apm-1-e51101e75f5698138e2683be5b321bd2\">\n.flex_column.av-5apm-1-e51101e75f5698138e2683be5b321bd2{\nborder-radius:0px 0px 0px 0px;\npadding:0px 0px 0px 0px;\n}\n<\/style>\n<div  class='flex_column av-5apm-1-e51101e75f5698138e2683be5b321bd2 av_three_fourth  avia-builder-el-28  el_after_av_one_fourth  avia-builder-el-last  flex_column_div av-zero-column-padding  column-top-margin'     ><p>\n<style type=\"text\/css\" data-created_by=\"avia_inline_auto\" id=\"style-css-av-1xjpzo-af80754afd89baf789553f0cd093fc5e\">\n#top .av-special-heading.av-1xjpzo-af80754afd89baf789553f0cd093fc5e{\npadding-bottom:10px;\n}\nbody .av-special-heading.av-1xjpzo-af80754afd89baf789553f0cd093fc5e .av-special-heading-tag .heading-char{\nfont-size:25px;\n}\n.av-special-heading.av-1xjpzo-af80754afd89baf789553f0cd093fc5e .av-subheading{\nfont-size:15px;\n}\n<\/style>\n<div  class='av-special-heading av-1xjpzo-af80754afd89baf789553f0cd093fc5e av-special-heading-h3 blockquote modern-quote  avia-builder-el-29  el_before_av_textblock  avia-builder-el-first '><h3 class='av-special-heading-tag '  itemprop=\"headline\"  >Mava L\u00f3u<\/h3><div class=\"special-heading-border\"><div class=\"special-heading-inner-border\"><\/div><\/div><\/div><br \/>\n<section  class='av_textblock_section av-42fq-3-13fd5e8d6b2664aacb453b2040b2db74 '   itemscope=\"itemscope\" itemtype=\"https:\/\/schema.org\/CreativeWork\" ><div class='avia_textblock'  itemprop=\"text\" ><p>Inspir\u00e9e par la passion de ses amies pour la danse, Christiane B\u00e4r a mis au point sa vision d&rsquo;entreprise : sa propre marque de mode Mava L\u00f3u. Aujourd&rsquo;hui, elle propose une large s\u00e9lection d&rsquo;articles de mode pour les amateurs de salsa et de tango. Les clients peuvent acheter des pi\u00e8ces de sa collection dans sa boutique de mode bas\u00e9e \u00e0 Berlin ou de&#8230;<\/p>\n<\/div><\/section><br \/>\n<div  class='avia-button-wrap av-jgw7spi6-2-6e61cf73340d4d3fec6ebb56080b09bb-wrap avia-button-left  avia-builder-el-31  el_after_av_textblock  avia-builder-el-last  en_outline'><a href=\"https:\/\/epages.com\/fr\/exemples-de-boutiques\/marchands\/mava-lou\/\" class=\"avia-button av-jgw7spi6-2-6e61cf73340d4d3fec6ebb56080b09bb av-link-btn avia-icon_select-no avia-size-medium avia-position-left avia-color-green\" aria-label=\"Lire la suite\"><span class='avia_iconbox_title' >Lire la suite<\/span><\/a><\/div><\/p><\/div>\n","protected":false},"excerpt":{"rendered":"","protected":false},"author":2,"featured_media":0,"parent":3648,"menu_order":0,"comment_status":"closed","ping_status":"closed","template":"","meta":{"footnotes":""},"class_list":["post-3652","page","type-page","status-publish","hentry"],"_links":{"self":[{"href":"https:\/\/epages.com\/fr\/wp-json\/wp\/v2\/pages\/3652"}],"collection":[{"href":"https:\/\/epages.com\/fr\/wp-json\/wp\/v2\/pages"}],"about":[{"href":"https:\/\/epages.com\/fr\/wp-json\/wp\/v2\/types\/page"}],"author":[{"embeddable":true,"href":"https:\/\/epages.com\/fr\/wp-json\/wp\/v2\/users\/2"}],"replies":[{"embeddable":true,"href":"https:\/\/epages.com\/fr\/wp-json\/wp\/v2\/comments?post=3652"}],"version-history":[{"count":7,"href":"https:\/\/epages.com\/fr\/wp-json\/wp\/v2\/pages\/3652\/revisions"}],"predecessor-version":[{"id":60905,"href":"https:\/\/epages.com\/fr\/wp-json\/wp\/v2\/pages\/3652\/revisions\/60905"}],"up":[{"embeddable":true,"href":"https:\/\/epages.com\/fr\/wp-json\/wp\/v2\/pages\/3648"}],"wp:attachment":[{"href":"https:\/\/epages.com\/fr\/wp-json\/wp\/v2\/media?parent=3652"}],"curies":[{"name":"wp","href":"https:\/\/api.w.org\/{rel}","templated":true}]}}