{"id":5139,"date":"2018-09-27T08:54:46","date_gmt":"2018-09-27T06:54:46","guid":{"rendered":"https:\/\/epages.com?page_id=5139"},"modified":"2020-03-12T14:34:42","modified_gmt":"2020-03-12T13:34:42","slug":"soporte","status":"publish","type":"page","link":"https:\/\/epages.com\/es\/soporte\/","title":{"rendered":"Soporte"},"content":{"rendered":"\n<style type=\"text\/css\" data-created_by=\"avia_inline_auto\" id=\"style-css-av-jgw6lf2x-9b9380b6c591c0be905740e5d07599e6\">\n.avia-section.av-jgw6lf2x-9b9380b6c591c0be905740e5d07599e6{\nbackground-repeat:no-repeat;\nbackground-image:url(https:\/\/epages.com\/wp-content\/uploads\/2018\/08\/experten-support-header.jpg);\nbackground-position:50% 50%;\nbackground-attachment:scroll;\n}\n<\/style>\n<div id='av_section_1'  class='avia-section av-jgw6lf2x-9b9380b6c591c0be905740e5d07599e6 main_color avia-section-default avia-no-border-styling  avia-builder-el-0  el_before_av_section  avia-builder-el-first  en_headerbild en_bg_support1 avia-full-stretch avia-bg-style-scroll container_wrap fullsize'  data-section-bg-repeat='stretch'><div class='container av-section-cont-open' ><main  role=\"main\" itemprop=\"mainContentOfPage\"  class='template-page content  av-content-full alpha units'><div class='post-entry post-entry-type-page post-entry-5139'><div class='entry-content-wrapper clearfix'>\n\n<style type=\"text\/css\" data-created_by=\"avia_inline_auto\" id=\"style-css-av-jgw6pl47-da062789ea1e41bf55be2ef340603f61\">\n#top .hr.hr-invisible.av-jgw6pl47-da062789ea1e41bf55be2ef340603f61{\nmargin-top:0px;\nheight:1px;\n}\n<\/style>\n<div  class='hr av-jgw6pl47-da062789ea1e41bf55be2ef340603f61 hr-invisible  avia-builder-el-1  el_before_av_hr  avia-builder-el-first  en_headerabstand av-small-hide av-mini-hide'><span class='hr-inner '><span class=\"hr-inner-style\"><\/span><\/span><\/div>\n\n<style type=\"text\/css\" data-created_by=\"avia_inline_auto\" id=\"style-css-av-jgw6pl47-da062789ea1e41bf55be2ef340603f61\">\n#top .hr.hr-invisible.av-jgw6pl47-da062789ea1e41bf55be2ef340603f61{\nmargin-top:0px;\nheight:1px;\n}\n<\/style>\n<div  class='hr av-jgw6pl47-da062789ea1e41bf55be2ef340603f61 hr-invisible  avia-builder-el-2  el_after_av_hr  el_before_av_two_fifth  en_headerabstand av-small-hide av-mini-hide'><span class='hr-inner '><span class=\"hr-inner-style\"><\/span><\/span><\/div>\n\n<style type=\"text\/css\" data-created_by=\"avia_inline_auto\" id=\"style-css-av-3rd4-d6a683e94dcbcb970f0316fdb9b68405\">\n.flex_column.av-3rd4-d6a683e94dcbcb970f0316fdb9b68405{\nborder-radius:0px 0px 0px 0px;\npadding:0px 0px 0px 0px;\n}\n<\/style>\n<div  class='flex_column av-3rd4-d6a683e94dcbcb970f0316fdb9b68405 av_two_fifth  avia-builder-el-3  el_after_av_hr  avia-builder-el-last  first flex_column_div av-zero-column-padding  '     ><style type=\"text\/css\" data-created_by=\"avia_inline_auto\" id=\"style-css-av-jmkfta5z-7f43d3f77fb8568ca23b24961575be76\">\n#top .av-special-heading.av-jmkfta5z-7f43d3f77fb8568ca23b24961575be76{\npadding-bottom:10px;\ncolor:#ffffff;\n}\nbody .av-special-heading.av-jmkfta5z-7f43d3f77fb8568ca23b24961575be76 .av-special-heading-tag .heading-char{\nfont-size:25px;\n}\n.av-special-heading.av-jmkfta5z-7f43d3f77fb8568ca23b24961575be76 .special-heading-inner-border{\nborder-color:#ffffff;\n}\n.av-special-heading.av-jmkfta5z-7f43d3f77fb8568ca23b24961575be76 .av-subheading{\nfont-size:15px;\n}\n<\/style>\n<div  class='av-special-heading av-jmkfta5z-7f43d3f77fb8568ca23b24961575be76 av-special-heading-h1 custom-color-heading blockquote modern-quote  avia-builder-el-4  avia-builder-el-no-sibling '><h1 class='av-special-heading-tag '  itemprop=\"headline\"  >Soporte experto<\/h1><div class=\"special-heading-border\"><div class=\"special-heading-inner-border\"><\/div><\/div><\/div><\/div>\n\n<\/div><\/div><\/main><!-- close content main element --><\/div><\/div><div id='design'  class='avia-section av-701e-8c895baae44e319f723ccc258dc862cc main_color avia-section-large avia-no-border-styling  avia-builder-el-5  el_after_av_section  el_before_av_section  avia-bg-style-scroll container_wrap fullsize'  ><div class='container av-section-cont-open' ><div class='template-page content  av-content-full alpha units'><div class='post-entry post-entry-type-page post-entry-5139'><div class='entry-content-wrapper clearfix'>\n\n<style type=\"text\/css\" data-created_by=\"avia_inline_auto\" id=\"style-css-av-5apm-30dca3a8e5b28ad80cc6d1cf63dab7af\">\n.flex_column.av-5apm-30dca3a8e5b28ad80cc6d1cf63dab7af{\nborder-radius:0px 0px 0px 0px;\npadding:0px 0px 0px 0px;\n}\n<\/style>\n<div  class='flex_column av-5apm-30dca3a8e5b28ad80cc6d1cf63dab7af av_one_full  avia-builder-el-6  avia-builder-el-no-sibling  first flex_column_div av-zero-column-padding  '     ><p>\n<style type=\"text\/css\" data-created_by=\"avia_inline_auto\" id=\"style-css-av-4a0qg3-ed70d2c5907e363460f5c6e008b7b125\">\n#top .av-special-heading.av-4a0qg3-ed70d2c5907e363460f5c6e008b7b125{\npadding-bottom:10px;\n}\nbody .av-special-heading.av-4a0qg3-ed70d2c5907e363460f5c6e008b7b125 .av-special-heading-tag .heading-char{\nfont-size:25px;\n}\n.av-special-heading.av-4a0qg3-ed70d2c5907e363460f5c6e008b7b125 .av-subheading{\nfont-size:15px;\n}\n<\/style>\n<div  class='av-special-heading av-4a0qg3-ed70d2c5907e363460f5c6e008b7b125 av-special-heading-h2 blockquote modern-quote modern-centered  avia-builder-el-7  el_before_av_textblock  avia-builder-el-first '><h2 class='av-special-heading-tag '  itemprop=\"headline\"  >Estamos para ayudarte<\/h2><div class=\"special-heading-border\"><div class=\"special-heading-inner-border\"><\/div><\/div><\/div><br \/>\n<section  class='av_textblock_section av-42fq-c7fb32f1a6f772d4ad6c8a678cdfe6aa '   itemscope=\"itemscope\" itemtype=\"https:\/\/schema.org\/CreativeWork\" ><div class='avia_textblock'  itemprop=\"text\" ><p style=\"text-align: center;\">Encuentra ayuda r\u00e1pidamente. Te ofrecemos multitud de formas para hacernos llegar tus dudas y consultas siempre que lo necesites. Si necesitas hacernos una consulta que requiera un asesoramiento t\u00e9cnico personalizado, no dudes en contactar a tu proveedor.<\/p>\n<\/div><\/section><\/p><\/div>\n\n<\/div><\/div><\/div><!-- close content main div --><\/div><\/div>\n<style type=\"text\/css\" data-created_by=\"avia_inline_auto\" id=\"style-css-av-701e-1094a733cab2fcebd1557494e1792c70\">\n.avia-section.av-701e-1094a733cab2fcebd1557494e1792c70{\nbackground-color:#f5f5f5;\nbackground-image:unset;\n}\n<\/style>\n<div id='av_section_3'  class='avia-section av-701e-1094a733cab2fcebd1557494e1792c70 main_color avia-section-large avia-no-border-styling  avia-builder-el-9  el_after_av_section  el_before_av_section  avia-bg-style-scroll container_wrap fullsize'  ><div class='container av-section-cont-open' ><div class='template-page content  av-content-full alpha units'><div class='post-entry post-entry-type-page post-entry-5139'><div class='entry-content-wrapper clearfix'>\n\n<style type=\"text\/css\" data-created_by=\"avia_inline_auto\" id=\"style-css-av-5apm-39c398c76c25ca1375cffa8ae3b9f82a\">\n.flex_column.av-5apm-39c398c76c25ca1375cffa8ae3b9f82a{\nborder-radius:0px 0px 0px 0px;\npadding:0px 0px 0px 0px;\n}\n<\/style>\n<div  class='flex_column av-5apm-39c398c76c25ca1375cffa8ae3b9f82a av_one_full  avia-builder-el-10  el_before_av_one_third  avia-builder-el-first  en_padding first flex_column_div av-zero-column-padding  '     ><p>\n<style type=\"text\/css\" data-created_by=\"avia_inline_auto\" id=\"style-css-av-2z6s03-94a10876dd0367a9d602b53ca9b8a812\">\n#top .av-special-heading.av-2z6s03-94a10876dd0367a9d602b53ca9b8a812{\npadding-bottom:0;\n}\nbody .av-special-heading.av-2z6s03-94a10876dd0367a9d602b53ca9b8a812 .av-special-heading-tag .heading-char{\nfont-size:25px;\n}\n.av-special-heading.av-2z6s03-94a10876dd0367a9d602b53ca9b8a812 .av-subheading{\nfont-size:15px;\n}\n<\/style>\n<div  class='av-special-heading av-2z6s03-94a10876dd0367a9d602b53ca9b8a812 av-special-heading-h3 blockquote modern-quote modern-centered  avia-builder-el-11  el_before_av_textblock  avia-builder-el-first '><h3 class='av-special-heading-tag '  itemprop=\"headline\"  >Descubre tu tienda con nuestros tutoriales en v\u00eddeo<\/h3><div class=\"special-heading-border\"><div class=\"special-heading-inner-border\"><\/div><\/div><\/div><br \/>\n<section  class='av_textblock_section av-42fq-c7fb32f1a6f772d4ad6c8a678cdfe6aa '   itemscope=\"itemscope\" itemtype=\"https:\/\/schema.org\/CreativeWork\" ><div class='avia_textblock'  itemprop=\"text\" ><p style=\"text-align: center;\">\u00bfDeseas saber m\u00e1s sobre las caracter\u00edsticas m\u00e1s importantes de tu tienda? A continuaci\u00f3n, consulta nuestros tutoriales en v\u00eddeo que explican temas como el dise\u00f1o de la tienda, la creaci\u00f3n de productos o la gesti\u00f3n de contenidos de forma sencilla.<\/p>\n<\/div><\/section><\/p><\/div><div class='flex_column_table av-5apm-075cdc4d5b0b986ad908babaa62f2d73 sc-av_one_third av-equal-height-column-flextable'>\n<style type=\"text\/css\" data-created_by=\"avia_inline_auto\" id=\"style-css-av-5apm-075cdc4d5b0b986ad908babaa62f2d73\">\n.flex_column.av-5apm-075cdc4d5b0b986ad908babaa62f2d73{\nborder-radius:0px 0px 0px 0px;\npadding:15px 15px 15px 15px;\n}\n<\/style>\n<div  class='flex_column av-5apm-075cdc4d5b0b986ad908babaa62f2d73 av_one_third  avia-builder-el-13  el_after_av_one_full  el_before_av_one_third  first flex_column_table_cell av-equal-height-column av-align-top  column-top-margin'     ><style type=\"text\/css\" data-created_by=\"avia_inline_auto\" id=\"style-css-av-jkazjbj3-1298970032ab9e80ca9be3d388b96bc7\">\n.avia-image-container.av-jkazjbj3-1298970032ab9e80ca9be3d388b96bc7 img.avia_image{\nbox-shadow:none;\n}\n.avia-image-container.av-jkazjbj3-1298970032ab9e80ca9be3d388b96bc7 .av-image-caption-overlay-center{\ncolor:#ffffff;\nfont-size:16px;\n}\n<\/style>\n<div  class='avia-image-container av-jkazjbj3-1298970032ab9e80ca9be3d388b96bc7 av-styling-no-styling av-img-linked avia-align-center  avia-builder-el-14  avia-builder-el-no-sibling '   itemprop=\"image\" itemscope=\"itemscope\" itemtype=\"https:\/\/schema.org\/ImageObject\" ><div class=\"avia-image-container-inner\"><div class=\"avia-image-overlay-wrap\"><a href=\"https:\/\/vimeo.com\/361256925\" class=\"avia_image \" aria-label=\"ES-video-thumbnail-sell-online-small_button\" rel=\"nofollow noopener\"><img decoding=\"async\" fetchpriority=\"high\" class='wp-image-9772 avia-img-lazy-loading-not-9772 avia_image ' src=\"https:\/\/epages.com\/wp-content\/uploads\/2019\/09\/ES-video-thumbnail-sell-online-small_button.jpg\" alt='' title='ES-video-thumbnail-sell-online-small_button'  height=\"240\" width=\"426\"  itemprop=\"thumbnailUrl\" srcset=\"https:\/\/epages.com\/wp-content\/uploads\/2019\/09\/ES-video-thumbnail-sell-online-small_button.jpg 426w, https:\/\/epages.com\/wp-content\/uploads\/2019\/09\/ES-video-thumbnail-sell-online-small_button-300x169.jpg 300w\" sizes=\"(max-width: 426px) 100vw, 426px\" \/><\/a><\/div><\/div><\/div><\/div><div class='av-flex-placeholder'><\/div>\n<style type=\"text\/css\" data-created_by=\"avia_inline_auto\" id=\"style-css-av-5apm-1d60497744140dbf409cb4b99fff5683\">\n.flex_column.av-5apm-1d60497744140dbf409cb4b99fff5683{\nborder-radius:0px 0px 0px 0px;\npadding:15px 15px 15px 15px;\n}\n<\/style>\n<div  class='flex_column av-5apm-1d60497744140dbf409cb4b99fff5683 av_one_third  avia-builder-el-15  el_after_av_one_third  el_before_av_one_third  flex_column_table_cell av-equal-height-column av-align-top  column-top-margin'     ><style type=\"text\/css\" data-created_by=\"avia_inline_auto\" id=\"style-css-av-jkazjbj3-760f641a1ce2e7f2e09bcc0661be2239\">\n.avia-image-container.av-jkazjbj3-760f641a1ce2e7f2e09bcc0661be2239 img.avia_image{\nbox-shadow:none;\n}\n.avia-image-container.av-jkazjbj3-760f641a1ce2e7f2e09bcc0661be2239 .av-image-caption-overlay-center{\ncolor:#ffffff;\nfont-size:16px;\n}\n<\/style>\n<div  class='avia-image-container av-jkazjbj3-760f641a1ce2e7f2e09bcc0661be2239 av-styling-no-styling av-img-linked avia-align-center  avia-builder-el-16  avia-builder-el-no-sibling '   itemprop=\"image\" itemscope=\"itemscope\" itemtype=\"https:\/\/schema.org\/ImageObject\" ><div class=\"avia-image-container-inner\"><div class=\"avia-image-overlay-wrap\"><a href=\"https:\/\/vimeo.com\/360494121\" class=\"avia_image \" aria-label=\"ES-video-thumbnail-design-shop-small_button\" rel=\"nofollow noopener\"><img decoding=\"async\" fetchpriority=\"high\" class='wp-image-9760 avia-img-lazy-loading-not-9760 avia_image ' src=\"https:\/\/epages.com\/wp-content\/uploads\/2019\/09\/ES-video-thumbnail-design-shop-small_button.jpg\" alt='' title='ES-video-thumbnail-design-shop-small_button'  height=\"240\" width=\"426\"  itemprop=\"thumbnailUrl\" srcset=\"https:\/\/epages.com\/wp-content\/uploads\/2019\/09\/ES-video-thumbnail-design-shop-small_button.jpg 426w, https:\/\/epages.com\/wp-content\/uploads\/2019\/09\/ES-video-thumbnail-design-shop-small_button-300x169.jpg 300w\" sizes=\"(max-width: 426px) 100vw, 426px\" \/><\/a><\/div><\/div><\/div><\/div><div class='av-flex-placeholder'><\/div>\n<style type=\"text\/css\" data-created_by=\"avia_inline_auto\" id=\"style-css-av-5apm-1d60497744140dbf409cb4b99fff5683\">\n.flex_column.av-5apm-1d60497744140dbf409cb4b99fff5683{\nborder-radius:0px 0px 0px 0px;\npadding:15px 15px 15px 15px;\n}\n<\/style>\n<div  class='flex_column av-5apm-1d60497744140dbf409cb4b99fff5683 av_one_third  avia-builder-el-17  el_after_av_one_third  avia-builder-el-last  flex_column_table_cell av-equal-height-column av-align-top  column-top-margin'     ><style type=\"text\/css\" data-created_by=\"avia_inline_auto\" id=\"style-css-av-jkazjbj3-ada3f3118e97ccb550cc9b91da4a808a\">\n.avia-image-container.av-jkazjbj3-ada3f3118e97ccb550cc9b91da4a808a img.avia_image{\nbox-shadow:none;\n}\n.avia-image-container.av-jkazjbj3-ada3f3118e97ccb550cc9b91da4a808a .av-image-caption-overlay-center{\ncolor:#ffffff;\nfont-size:16px;\n}\n<\/style>\n<div  class='avia-image-container av-jkazjbj3-ada3f3118e97ccb550cc9b91da4a808a av-styling-no-styling av-img-linked avia-align-center  avia-builder-el-18  avia-builder-el-no-sibling '   itemprop=\"image\" itemscope=\"itemscope\" itemtype=\"https:\/\/schema.org\/ImageObject\" ><div class=\"avia-image-container-inner\"><div class=\"avia-image-overlay-wrap\"><a href=\"https:\/\/vimeo.com\/360494185\" class=\"avia_image \" aria-label=\"ES-video-thumbnail-add-products-small_button\" rel=\"nofollow noopener\"><img decoding=\"async\" fetchpriority=\"high\" class='wp-image-9748 avia-img-lazy-loading-not-9748 avia_image ' src=\"https:\/\/epages.com\/wp-content\/uploads\/2019\/09\/ES-video-thumbnail-add-products-small_button.jpg\" alt='' title='ES-video-thumbnail-add-products-small_button'  height=\"240\" width=\"426\"  itemprop=\"thumbnailUrl\" srcset=\"https:\/\/epages.com\/wp-content\/uploads\/2019\/09\/ES-video-thumbnail-add-products-small_button.jpg 426w, https:\/\/epages.com\/wp-content\/uploads\/2019\/09\/ES-video-thumbnail-add-products-small_button-300x169.jpg 300w\" sizes=\"(max-width: 426px) 100vw, 426px\" \/><\/a><\/div><\/div><\/div><\/div><\/div><!--close column table wrapper. Autoclose: 1 -->\n\n<\/div><\/div><\/div><!-- close content main div --><\/div><\/div><div id='design'  class='avia-section av-701e-8c895baae44e319f723ccc258dc862cc main_color avia-section-large avia-no-border-styling  avia-builder-el-19  el_after_av_section  el_before_av_section  avia-bg-style-scroll container_wrap fullsize'  ><div class='container av-section-cont-open' ><div class='template-page content  av-content-full alpha units'><div class='post-entry post-entry-type-page post-entry-5139'><div class='entry-content-wrapper clearfix'>\n\n<style type=\"text\/css\" data-created_by=\"avia_inline_auto\" id=\"style-css-av-5apm-30dca3a8e5b28ad80cc6d1cf63dab7af\">\n.flex_column.av-5apm-30dca3a8e5b28ad80cc6d1cf63dab7af{\nborder-radius:0px 0px 0px 0px;\npadding:0px 0px 0px 0px;\n}\n<\/style>\n<div  class='flex_column av-5apm-30dca3a8e5b28ad80cc6d1cf63dab7af av_one_half  avia-builder-el-20  el_before_av_one_half  avia-builder-el-first  first flex_column_div av-zero-column-padding  '     ><p>\n<style type=\"text\/css\" data-created_by=\"avia_inline_auto\" id=\"style-css-av-227d37-15596b125da2a323f022dc4feddbf572\">\n#top .av-special-heading.av-227d37-15596b125da2a323f022dc4feddbf572{\npadding-bottom:10px;\n}\nbody .av-special-heading.av-227d37-15596b125da2a323f022dc4feddbf572 .av-special-heading-tag .heading-char{\nfont-size:25px;\n}\n.av-special-heading.av-227d37-15596b125da2a323f022dc4feddbf572 .av-subheading{\nfont-size:15px;\n}\n<\/style>\n<div  class='av-special-heading av-227d37-15596b125da2a323f022dc4feddbf572 av-special-heading-h3 blockquote modern-quote  avia-builder-el-21  el_before_av_textblock  avia-builder-el-first '><h3 class='av-special-heading-tag '  itemprop=\"headline\"  >Ahorra tiempo y esfuerzo con nuestro Servicio de Dise\u00f1o<\/h3><div class=\"special-heading-border\"><div class=\"special-heading-inner-border\"><\/div><\/div><\/div><br \/>\n<section  class='av_textblock_section av-42fq-c7fb32f1a6f772d4ad6c8a678cdfe6aa '   itemscope=\"itemscope\" itemtype=\"https:\/\/schema.org\/CreativeWork\" ><div class='avia_textblock'  itemprop=\"text\" ><p style=\"text-align: left;\">\u00bfNecesitas ayuda para elegir la plantilla correcta, personalizar o configurar tu tienda? Reserva hoy mismo uno de nuestros paquetes de dise\u00f1o. Ponte en contacto con nosotros, el equipo de dise\u00f1o de ePages est\u00e1 encantado de poder ayudarte.<\/p>\n<\/div><\/section><br \/>\n<div  class='avia-button-wrap av-jgw7spi6-b14c3fc508857de5d61987f510e22af7-wrap avia-button-left  avia-builder-el-23  el_after_av_textblock  avia-builder-el-last '><a href=\"https:\/\/now.designmyshop.com\/es\/\" class=\"avia-button av-jgw7spi6-b14c3fc508857de5d61987f510e22af7 av-link-btn avia-icon_select-no avia-size-medium avia-position-left avia-color-dark\" target=\"_blank\" rel=\"noopener noreferrer nofollow\" aria-label=\"Saber m\u00e1s\"><span class='avia_iconbox_title' >Saber m\u00e1s<\/span><\/a><\/div><\/p><\/div>\n<style type=\"text\/css\" data-created_by=\"avia_inline_auto\" id=\"style-css-av-5apm-04f746b02aa90c3d0f1a824d8abee4bd\">\n.flex_column.av-5apm-04f746b02aa90c3d0f1a824d8abee4bd{\nborder-radius:0px 0px 0px 0px;\npadding:0px 0px 0px 0px;\n}\n<\/style>\n<div  class='flex_column av-5apm-04f746b02aa90c3d0f1a824d8abee4bd av_one_half  avia-builder-el-24  el_after_av_one_half  avia-builder-el-last  flex_column_div av-zero-column-padding  '     ><style type=\"text\/css\" data-created_by=\"avia_inline_auto\" id=\"style-css-av-dsyxw-fc1aedfc0bec9113f2fead5df067030a\">\n.avia-image-container.av-dsyxw-fc1aedfc0bec9113f2fead5df067030a img.avia_image{\nbox-shadow:none;\n}\n.avia-image-container.av-dsyxw-fc1aedfc0bec9113f2fead5df067030a .av-image-caption-overlay-center{\ncolor:#ffffff;\n}\n<\/style>\n<div  class='avia-image-container av-dsyxw-fc1aedfc0bec9113f2fead5df067030a av-styling- avia-align-center  avia-builder-el-25  avia-builder-el-no-sibling '   itemprop=\"image\" itemscope=\"itemscope\" itemtype=\"https:\/\/schema.org\/ImageObject\" ><div class=\"avia-image-container-inner\"><div class=\"avia-image-overlay-wrap\"><img decoding=\"async\" fetchpriority=\"high\" class='wp-image-1555 avia-img-lazy-loading-not-1555 avia_image ' src=\"https:\/\/epages.com\/wp-content\/uploads\/2018\/08\/design-my-shop.jpg\" alt='Design my Shop' title='Design my Shop'  height=\"341\" width=\"652\"  itemprop=\"thumbnailUrl\" srcset=\"https:\/\/epages.com\/wp-content\/uploads\/2018\/08\/design-my-shop.jpg 652w, https:\/\/epages.com\/wp-content\/uploads\/2018\/08\/design-my-shop-300x157.jpg 300w, https:\/\/epages.com\/wp-content\/uploads\/2018\/08\/design-my-shop-450x235.jpg 450w\" sizes=\"(max-width: 652px) 100vw, 652px\" \/><\/div><\/div><\/div><\/div>\n\n<\/div><\/div><\/div><!-- close content main div --><\/div><\/div>\n<style type=\"text\/css\" data-created_by=\"avia_inline_auto\" id=\"style-css-av-701e-fa6163121d12e9d8d61e09e1e6088a36\">\n.avia-section.av-701e-fa6163121d12e9d8d61e09e1e6088a36{\nbackground-repeat:no-repeat;\nbackground-image:url(https:\/\/epages.com\/wp-content\/uploads\/2018\/08\/epages-meeting.jpg);\nbackground-position:50% 50%;\nbackground-attachment:scroll;\n}\n<\/style>\n<div id='centro'  class='avia-section av-701e-fa6163121d12e9d8d61e09e1e6088a36 main_color avia-section-large avia-no-border-styling  avia-builder-el-26  el_after_av_section  avia-builder-el-last  avia-full-stretch avia-bg-style-scroll container_wrap fullsize'  data-section-bg-repeat='stretch'><div class='container av-section-cont-open' ><div class='template-page content  av-content-full alpha units'><div class='post-entry post-entry-type-page post-entry-5139'><div class='entry-content-wrapper clearfix'>\n\n<style type=\"text\/css\" data-created_by=\"avia_inline_auto\" id=\"style-css-av-5apm-30dca3a8e5b28ad80cc6d1cf63dab7af\">\n.flex_column.av-5apm-30dca3a8e5b28ad80cc6d1cf63dab7af{\nborder-radius:0px 0px 0px 0px;\npadding:0px 0px 0px 0px;\n}\n<\/style>\n<div  class='flex_column av-5apm-30dca3a8e5b28ad80cc6d1cf63dab7af av_one_fourth  avia-builder-el-27  el_before_av_one_half  avia-builder-el-first  first flex_column_div av-zero-column-padding  '     ><\/div>\n<style type=\"text\/css\" data-created_by=\"avia_inline_auto\" id=\"style-css-av-5apm-04f746b02aa90c3d0f1a824d8abee4bd\">\n.flex_column.av-5apm-04f746b02aa90c3d0f1a824d8abee4bd{\nborder-radius:0px 0px 0px 0px;\npadding:0px 0px 0px 0px;\n}\n<\/style>\n<div  class='flex_column av-5apm-04f746b02aa90c3d0f1a824d8abee4bd av_one_half  avia-builder-el-28  el_after_av_one_fourth  el_before_av_one_fourth  flex_column_div av-zero-column-padding  '     ><p>\n<style type=\"text\/css\" data-created_by=\"avia_inline_auto\" id=\"style-css-av-av_heading-333b7c643eb19e92972f2568472d6040\">\n#top .av-special-heading.av-av_heading-333b7c643eb19e92972f2568472d6040{\npadding-bottom:10px;\ncolor:#ffffff;\n}\nbody .av-special-heading.av-av_heading-333b7c643eb19e92972f2568472d6040 .av-special-heading-tag .heading-char{\nfont-size:25px;\n}\n.av-special-heading.av-av_heading-333b7c643eb19e92972f2568472d6040 .special-heading-inner-border{\nborder-color:#ffffff;\n}\n.av-special-heading.av-av_heading-333b7c643eb19e92972f2568472d6040 .av-subheading{\nfont-size:15px;\n}\n<\/style>\n<div  class='av-special-heading av-av_heading-333b7c643eb19e92972f2568472d6040 av-special-heading-h3 custom-color-heading blockquote modern-quote modern-centered  avia-builder-el-29  el_before_av_textblock  avia-builder-el-first '><h3 class='av-special-heading-tag '  itemprop=\"headline\"  >Encuentra ayuda r\u00e1pidamente<\/h3><div class=\"special-heading-border\"><div class=\"special-heading-inner-border\"><\/div><\/div><\/div><br \/>\n\n<style type=\"text\/css\" data-created_by=\"avia_inline_auto\" id=\"style-css-av-42fq-609604e9dea56fb99aaa4ea8666efac3\">\n#top .av_textblock_section.av-42fq-609604e9dea56fb99aaa4ea8666efac3 .avia_textblock{\ncolor:#ffffff;\n}\n<\/style>\n<section  class='av_textblock_section av-42fq-609604e9dea56fb99aaa4ea8666efac3 '   itemscope=\"itemscope\" itemtype=\"https:\/\/schema.org\/CreativeWork\" ><div class='avia_textblock av_inherit_color'  itemprop=\"text\" ><p style=\"text-align: center;\">Nuestra asistencia online, herramientas y recursos responden a las dudas m\u00e1s comunes. Los tutoriales ofrecen muchos consejos sobre c\u00f3mo sacar el m\u00e1ximo provecho a tu tienda online<\/p>\n<\/div><\/section><br \/>\n<div  class='avia-button-wrap av-jgw7spi6-8276e4bfb2b08c20190d81181d54b5b9-wrap avia-button-center  avia-builder-el-31  el_after_av_textblock  avia-builder-el-last '><a href=\"https:\/\/helpspace.zendesk.com\/hc\/es-es\" class=\"avia-button av-jgw7spi6-8276e4bfb2b08c20190d81181d54b5b9 av-link-btn avia-icon_select-no avia-size-medium avia-position-center avia-color-light\" target=\"_blank\" rel=\"noopener noreferrer nofollow\" aria-label=\"Ir al Centro de ayuda\"><span class='avia_iconbox_title' >Ir al Centro de ayuda<\/span><\/a><\/div><\/p><\/div>\n<style type=\"text\/css\" data-created_by=\"avia_inline_auto\" id=\"style-css-av-5apm-04f746b02aa90c3d0f1a824d8abee4bd\">\n.flex_column.av-5apm-04f746b02aa90c3d0f1a824d8abee4bd{\nborder-radius:0px 0px 0px 0px;\npadding:0px 0px 0px 0px;\n}\n<\/style>\n<div  class='flex_column av-5apm-04f746b02aa90c3d0f1a824d8abee4bd av_one_fourth  avia-builder-el-32  el_after_av_one_half  avia-builder-el-last  flex_column_div av-zero-column-padding  '     ><\/div>\n","protected":false},"excerpt":{"rendered":"","protected":false},"author":2,"featured_media":0,"parent":0,"menu_order":0,"comment_status":"closed","ping_status":"closed","template":"","meta":{"footnotes":""},"class_list":["post-5139","page","type-page","status-publish","hentry"],"_links":{"self":[{"href":"https:\/\/epages.com\/es\/wp-json\/wp\/v2\/pages\/5139"}],"collection":[{"href":"https:\/\/epages.com\/es\/wp-json\/wp\/v2\/pages"}],"about":[{"href":"https:\/\/epages.com\/es\/wp-json\/wp\/v2\/types\/page"}],"author":[{"embeddable":true,"href":"https:\/\/epages.com\/es\/wp-json\/wp\/v2\/users\/2"}],"replies":[{"embeddable":true,"href":"https:\/\/epages.com\/es\/wp-json\/wp\/v2\/comments?post=5139"}],"version-history":[{"count":18,"href":"https:\/\/epages.com\/es\/wp-json\/wp\/v2\/pages\/5139\/revisions"}],"predecessor-version":[{"id":10890,"href":"https:\/\/epages.com\/es\/wp-json\/wp\/v2\/pages\/5139\/revisions\/10890"}],"wp:attachment":[{"href":"https:\/\/epages.com\/es\/wp-json\/wp\/v2\/media?parent=5139"}],"curies":[{"name":"wp","href":"https:\/\/api.w.org\/{rel}","templated":true}]}}