{"id":5124,"date":"2018-09-27T08:54:05","date_gmt":"2018-09-27T06:54:05","guid":{"rendered":"https:\/\/epages.com?page_id=5124"},"modified":"2018-10-25T20:56:35","modified_gmt":"2018-10-25T18:56:35","slug":"mochilas-13","status":"publish","type":"page","link":"https:\/\/epages.com\/es\/ejemplos-de-tiendas\/vendedores\/mochilas-13\/","title":{"rendered":"Mochilas 13"},"content":{"rendered":"\n<style type=\"text\/css\" data-created_by=\"avia_inline_auto\" id=\"style-css-av-jgw6lf2x-f786430e95b0cd4042106fca921763b5\">\n.avia-section.av-jgw6lf2x-f786430e95b0cd4042106fca921763b5{\nbackground-repeat:no-repeat;\nbackground-image:url(https:\/\/epages.com\/wp-content\/uploads\/2018\/08\/marti-header.jpg);\nbackground-position:50% 50%;\nbackground-attachment:scroll;\n}\n.avia-section.av-jgw6lf2x-f786430e95b0cd4042106fca921763b5 .av-section-color-overlay{\nopacity:0.1;\nbackground-color:#000000;\n}\n<\/style>\n<div id='av_section_1'  class='avia-section av-jgw6lf2x-f786430e95b0cd4042106fca921763b5 main_color avia-section-default avia-no-border-styling  avia-builder-el-0  el_before_av_section  avia-builder-el-first  en_headerbild en_bg_mochilas avia-full-stretch avia-bg-style-scroll av-section-color-overlay-active container_wrap fullsize'  data-section-bg-repeat='stretch'><div class=\"av-section-color-overlay-wrap\"><div class=\"av-section-color-overlay\"><\/div><div class='container av-section-cont-open' ><main  role=\"main\" itemprop=\"mainContentOfPage\"  class='template-page content  av-content-full alpha units'><div class='post-entry post-entry-type-page post-entry-5124'><div class='entry-content-wrapper clearfix'>\n\n<style type=\"text\/css\" data-created_by=\"avia_inline_auto\" id=\"style-css-av-jgw6pl47-1f76358418d4c46848e5d73387395c19\">\n#top .hr.hr-invisible.av-jgw6pl47-1f76358418d4c46848e5d73387395c19{\nmargin-top:0px;\nheight:1px;\n}\n<\/style>\n<div  class='hr av-jgw6pl47-1f76358418d4c46848e5d73387395c19 hr-invisible  avia-builder-el-1  el_before_av_one_full  avia-builder-el-first  en_headerabstand'><span class='hr-inner '><span class=\"hr-inner-style\"><\/span><\/span><\/div>\n\n<style type=\"text\/css\" data-created_by=\"avia_inline_auto\" id=\"style-css-av-5yrq-41bb2f728e65967c8e58f66bfaa211c2\">\n.flex_column.av-5yrq-41bb2f728e65967c8e58f66bfaa211c2{\nborder-radius:0px 0px 0px 0px;\npadding:0px 0px 0px 0px;\n}\n<\/style>\n<div  class='flex_column av-5yrq-41bb2f728e65967c8e58f66bfaa211c2 av_one_full  avia-builder-el-2  el_after_av_hr  el_before_av_hr  first flex_column_div av-zero-column-padding  '     ><style type=\"text\/css\" data-created_by=\"avia_inline_auto\" id=\"style-css-av-jjsegza1-33d4e9d2c2db73725991ddc914cd2324\">\n.avia-image-container.av-jjsegza1-33d4e9d2c2db73725991ddc914cd2324 img.avia_image{\nbox-shadow:none;\n}\n.avia-image-container.av-jjsegza1-33d4e9d2c2db73725991ddc914cd2324 .av-image-caption-overlay-center{\ncolor:#ffffff;\n}\n<\/style>\n<div  class='avia-image-container av-jjsegza1-33d4e9d2c2db73725991ddc914cd2324 av-styling- av-img-linked avia-align-center  avia-builder-el-3  avia-builder-el-no-sibling '   itemprop=\"image\" itemscope=\"itemscope\" itemtype=\"https:\/\/schema.org\/ImageObject\" ><div class=\"avia-image-container-inner\"><div class=\"avia-image-overlay-wrap\"><a href=\"https:\/\/www.youtube.com\/watch?v=LVJw3TFC5mE\" class=\"avia_image \" aria-label=\"icon-play\" rel=\"nofollow noopener\"><img decoding=\"async\" fetchpriority=\"high\" class='wp-image-5975 avia-img-lazy-loading-not-5975 avia_image ' src=\"https:\/\/epages.com\/wp-content\/uploads\/2018\/07\/icon-play.svg\" alt='' title='icon-play'   itemprop=\"thumbnailUrl\"  \/><\/a><\/div><\/div><\/div><\/div>\n<style type=\"text\/css\" data-created_by=\"avia_inline_auto\" id=\"style-css-av-jgw6pl47-1f76358418d4c46848e5d73387395c19\">\n#top .hr.hr-invisible.av-jgw6pl47-1f76358418d4c46848e5d73387395c19{\nmargin-top:0px;\nheight:1px;\n}\n<\/style>\n<div  class='hr av-jgw6pl47-1f76358418d4c46848e5d73387395c19 hr-invisible  avia-builder-el-4  el_after_av_one_full  el_before_av_two_fifth  en_headerabstand'><span class='hr-inner '><span class=\"hr-inner-style\"><\/span><\/span><\/div>\n\n<style type=\"text\/css\" data-created_by=\"avia_inline_auto\" id=\"style-css-av-3rd4-d6a683e94dcbcb970f0316fdb9b68405\">\n.flex_column.av-3rd4-d6a683e94dcbcb970f0316fdb9b68405{\nborder-radius:0px 0px 0px 0px;\npadding:0px 0px 0px 0px;\n}\n<\/style>\n<div  class='flex_column av-3rd4-d6a683e94dcbcb970f0316fdb9b68405 av_two_fifth  avia-builder-el-5  el_after_av_hr  avia-builder-el-last  first flex_column_div av-zero-column-padding  '     ><style type=\"text\/css\" data-created_by=\"avia_inline_auto\" id=\"style-css-av-av_heading-93b2512cecd60a5c186766a4b539d180\">\n#top .av-special-heading.av-av_heading-93b2512cecd60a5c186766a4b539d180{\npadding-bottom:10px;\ncolor:#ffffff;\n}\nbody .av-special-heading.av-av_heading-93b2512cecd60a5c186766a4b539d180 .av-special-heading-tag .heading-char{\nfont-size:25px;\n}\n.av-special-heading.av-av_heading-93b2512cecd60a5c186766a4b539d180 .special-heading-inner-border{\nborder-color:#ffffff;\n}\n.av-special-heading.av-av_heading-93b2512cecd60a5c186766a4b539d180 .av-subheading{\nfont-size:15px;\n}\n<\/style>\n<div  class='av-special-heading av-av_heading-93b2512cecd60a5c186766a4b539d180 av-special-heading-h1 custom-color-heading blockquote modern-quote  avia-builder-el-6  avia-builder-el-no-sibling '><h1 class='av-special-heading-tag '  itemprop=\"headline\"  >Mochilas 13<\/h1><div class=\"special-heading-border\"><div class=\"special-heading-inner-border\"><\/div><\/div><\/div><\/div><\/div><\/div><\/main><!-- close content main element --><\/div><\/div><\/div><div id='av_section_2'  class='avia-section av-701e-8b2cd89cad718a8f2768038ce5aa67b7 main_color avia-section-large avia-no-border-styling  avia-builder-el-7  el_after_av_section  el_before_av_section  avia-bg-style-scroll container_wrap fullsize'  ><div class='container av-section-cont-open' ><div class='template-page content  av-content-full alpha units'><div class='post-entry post-entry-type-page post-entry-5124'><div class='entry-content-wrapper clearfix'>\n\n<style type=\"text\/css\" data-created_by=\"avia_inline_auto\" id=\"style-css-av-5apm-30dca3a8e5b28ad80cc6d1cf63dab7af\">\n.flex_column.av-5apm-30dca3a8e5b28ad80cc6d1cf63dab7af{\nborder-radius:0px 0px 0px 0px;\npadding:0px 0px 0px 0px;\n}\n<\/style>\n<div  class='flex_column av-5apm-30dca3a8e5b28ad80cc6d1cf63dab7af av_one_full  avia-builder-el-8  avia-builder-el-no-sibling  first flex_column_div av-zero-column-padding  '     ><p>\n<style type=\"text\/css\" data-created_by=\"avia_inline_auto\" id=\"style-css-av-jmkhdyx5-425e8efb902cc450173844c33d9e975b\">\n#top .av-special-heading.av-jmkhdyx5-425e8efb902cc450173844c33d9e975b{\npadding-bottom:10px;\n}\nbody .av-special-heading.av-jmkhdyx5-425e8efb902cc450173844c33d9e975b .av-special-heading-tag .heading-char{\nfont-size:25px;\n}\n.av-special-heading.av-jmkhdyx5-425e8efb902cc450173844c33d9e975b .av-subheading{\nfont-size:15px;\n}\n<\/style>\n<div  class='av-special-heading av-jmkhdyx5-425e8efb902cc450173844c33d9e975b av-special-heading-h2 blockquote modern-quote modern-centered  avia-builder-el-9  el_before_av_textblock  avia-builder-el-first '><h2 class='av-special-heading-tag '  itemprop=\"headline\"  >Un cambio de profesi\u00f3n de \u00e9xito: de la electr\u00f3nica al comercio electr\u00f3nico<\/h2><div class=\"special-heading-border\"><div class=\"special-heading-inner-border\"><\/div><\/div><\/div><br \/>\n<section  class='av_textblock_section av-42fq-c7fb32f1a6f772d4ad6c8a678cdfe6aa '   itemscope=\"itemscope\" itemtype=\"https:\/\/schema.org\/CreativeWork\" ><div class='avia_textblock'  itemprop=\"text\" ><p style=\"text-align: center;\">Un d\u00eda, Mart\u00ed se vio sin trabajo despu\u00e9s de haber estado trabajando en una f\u00e1brica durante 23 a\u00f1os. Desconcertado ante la situaci\u00f3n, decidi\u00f3 reinventar su carrera profesional. Despu\u00e9s de un a\u00f1o y de varias oportunidades, lanz\u00f3 su propia tienda de bolsos y accesorios en Barcelona. Empez\u00f3 con productos de su propia marca, Urbanus Barcelona, y luego ampli\u00f3 la oferta y empez\u00f3 a vender productos de otros proveedores. Como cada vez hab\u00eda m\u00e1s clientes que reclamaban su presencia en Internet, Mart\u00ed decidi\u00f3 abrir una tienda online con ePages.<\/p>\n<\/div><\/section><br \/>\n<div  class='avia-button-wrap av-jgw7spi6-7bdee5b286358c59d5173be0d1e22b0d-wrap avia-button-center  avia-builder-el-11  el_after_av_textblock  avia-builder-el-last '><a href=\"https:\/\/mochilas13.com\/\" class=\"avia-button av-jgw7spi6-7bdee5b286358c59d5173be0d1e22b0d av-link-btn avia-icon_select-no avia-size-medium avia-position-center avia-color-green\" target=\"_blank\" rel=\"noopener noreferrer nofollow\" aria-label=\"Visitar tienda online\"><span class='avia_iconbox_title' >Visitar tienda online<\/span><\/a><\/div><\/p><\/div>\n<\/p>\n<\/div><\/div><\/div><!-- close content main div --><\/div><\/div><div id='av_section_3'  class='avia-section av-701e-1c77800b0ea552b905c3cae4315d0f51 alternate_color avia-section-large avia-no-border-styling  avia-builder-el-12  el_after_av_section  el_before_av_section  avia-bg-style-scroll container_wrap fullsize'  ><div class='container av-section-cont-open' ><div class='template-page content  av-content-full alpha units'><div class='post-entry post-entry-type-page post-entry-5124'><div class='entry-content-wrapper clearfix'>\n<div class='flex_column_table av-5apm-5830455a8f181b13f59e0e0f9a1ecc4e sc-av_one_fourth av-equal-height-column-flextable'>\n<style type=\"text\/css\" data-created_by=\"avia_inline_auto\" id=\"style-css-av-5apm-5830455a8f181b13f59e0e0f9a1ecc4e\">\n.flex_column.av-5apm-5830455a8f181b13f59e0e0f9a1ecc4e{\nborder-radius:0px 0px 0px 0px;\npadding:0px 0px 0px 0px;\n}\n<\/style>\n<div  class='flex_column av-5apm-5830455a8f181b13f59e0e0f9a1ecc4e av_one_fourth  avia-builder-el-13  el_before_av_three_fourth  avia-builder-el-first  first flex_column_table_cell av-equal-height-column av-align-middle av-zero-column-padding  '     ><style type=\"text\/css\" data-created_by=\"avia_inline_auto\" id=\"style-css-av-jkdunguo-77fe0b2db64471bcbf25926a6299e052\">\n.avia-image-container.av-jkdunguo-77fe0b2db64471bcbf25926a6299e052 img.avia_image{\nbox-shadow:none;\n}\n.avia-image-container.av-jkdunguo-77fe0b2db64471bcbf25926a6299e052 .av-image-caption-overlay-center{\ncolor:#ffffff;\n}\n<\/style>\n<div  class='avia-image-container av-jkdunguo-77fe0b2db64471bcbf25926a6299e052 av-styling- avia-align-center  avia-builder-el-14  avia-builder-el-no-sibling '   itemprop=\"image\" itemscope=\"itemscope\" itemtype=\"https:\/\/schema.org\/ImageObject\" ><div class=\"avia-image-container-inner\"><div class=\"avia-image-overlay-wrap\"><img decoding=\"async\" fetchpriority=\"high\" class='wp-image-1699 avia-img-lazy-loading-not-1699 avia_image ' src=\"https:\/\/epages.com\/wp-content\/uploads\/2018\/08\/merchant-marti.png\" alt='Marti' title='merchant-marti'  height=\"223\" width=\"250\"  itemprop=\"thumbnailUrl\"  \/><\/div><\/div><\/div><\/div><div class='av-flex-placeholder'><\/div>\n<style type=\"text\/css\" data-created_by=\"avia_inline_auto\" id=\"style-css-av-5apm-04f746b02aa90c3d0f1a824d8abee4bd\">\n.flex_column.av-5apm-04f746b02aa90c3d0f1a824d8abee4bd{\nborder-radius:0px 0px 0px 0px;\npadding:0px 0px 0px 0px;\n}\n<\/style>\n<div  class='flex_column av-5apm-04f746b02aa90c3d0f1a824d8abee4bd av_three_fourth  avia-builder-el-15  el_after_av_one_fourth  avia-builder-el-last  flex_column_table_cell av-equal-height-column av-align-middle av-zero-column-padding  '     ><section  class='av_textblock_section av-42fq-c7fb32f1a6f772d4ad6c8a678cdfe6aa '   itemscope=\"itemscope\" itemtype=\"https:\/\/schema.org\/CreativeWork\" ><div class='avia_textblock'  itemprop=\"text\" ><p>\u00abEstoy muy contento con el resultado. Todo est\u00e1 en la nube, as\u00ed que no tengo que preocuparme por el hosting, las actualizaciones, etc. Todas esas cosas est\u00e1n controladas.\u00bb<\/p>\n<p>&#8211; Mart\u00ed, Mochilas 13<\/p>\n<\/div><\/section><\/div><\/div><!--close column table wrapper. Autoclose: 1 -->\n\n<\/div><\/div><\/div><!-- close content main div --><\/div><\/div><div id='av_section_4'  class='avia-section av-701e-8b2cd89cad718a8f2768038ce5aa67b7 main_color avia-section-large avia-no-border-styling  avia-builder-el-17  el_after_av_section  el_before_av_section  avia-bg-style-scroll container_wrap fullsize'  ><div class='container av-section-cont-open' ><div class='template-page content  av-content-full alpha units'><div class='post-entry post-entry-type-page post-entry-5124'><div class='entry-content-wrapper clearfix'>\n\n<style type=\"text\/css\" data-created_by=\"avia_inline_auto\" id=\"style-css-av-5apm-39c398c76c25ca1375cffa8ae3b9f82a\">\n.flex_column.av-5apm-39c398c76c25ca1375cffa8ae3b9f82a{\nborder-radius:0px 0px 0px 0px;\npadding:0px 0px 0px 0px;\n}\n<\/style>\n<div  class='flex_column av-5apm-39c398c76c25ca1375cffa8ae3b9f82a av_one_full  avia-builder-el-18  el_before_av_one_full  avia-builder-el-first  en_padding first flex_column_div av-zero-column-padding  '     ><p>\n<style type=\"text\/css\" data-created_by=\"avia_inline_auto\" id=\"style-css-av-jmkhet2h-26742d7d80ba1fedeb6e24670c569360\">\n#top .av-special-heading.av-jmkhet2h-26742d7d80ba1fedeb6e24670c569360{\npadding-bottom:10px;\n}\nbody .av-special-heading.av-jmkhet2h-26742d7d80ba1fedeb6e24670c569360 .av-special-heading-tag .heading-char{\nfont-size:25px;\n}\n.av-special-heading.av-jmkhet2h-26742d7d80ba1fedeb6e24670c569360 .av-subheading{\nfont-size:15px;\n}\n<\/style>\n<div  class='av-special-heading av-jmkhet2h-26742d7d80ba1fedeb6e24670c569360 av-special-heading-h3 blockquote modern-quote modern-centered  avia-builder-el-19  el_before_av_textblock  avia-builder-el-first '><h3 class='av-special-heading-tag '  itemprop=\"headline\"  >\u00bfPor qu\u00e9 optar por una tienda online en la nube?<\/h3><div class=\"special-heading-border\"><div class=\"special-heading-inner-border\"><\/div><\/div><\/div><br \/>\n<section  class='av_textblock_section av-42fq-c7fb32f1a6f772d4ad6c8a678cdfe6aa '   itemscope=\"itemscope\" itemtype=\"https:\/\/schema.org\/CreativeWork\" ><div class='avia_textblock'  itemprop=\"text\" ><p style=\"text-align: center;\">Mart\u00ed se decant\u00f3 por una plataforma de comercio electr\u00f3nico basada en la nube porque ello le supon\u00eda tranquilidad. La tienda est\u00e1 disponible 24 horas al d\u00eda, las actualizaciones son autom\u00e1ticas y la compra siempre es segura. Mart\u00ed siempre est\u00e1 ocupado con la gesti\u00f3n de su establecimiento y no tiene tiempo para solucionar todos los problemas t\u00e9cnicos que precisan de un conocimiento avanzado.<\/p>\n<\/div><\/section><\/p><\/div>\n<style type=\"text\/css\" data-created_by=\"avia_inline_auto\" id=\"style-css-av-5apm-30dca3a8e5b28ad80cc6d1cf63dab7af\">\n.flex_column.av-5apm-30dca3a8e5b28ad80cc6d1cf63dab7af{\nborder-radius:0px 0px 0px 0px;\npadding:0px 0px 0px 0px;\n}\n<\/style>\n<div  class='flex_column av-5apm-30dca3a8e5b28ad80cc6d1cf63dab7af av_one_full  avia-builder-el-21  el_after_av_one_full  el_before_av_one_full  first flex_column_div av-zero-column-padding  column-top-margin'     ><style type=\"text\/css\" data-created_by=\"avia_inline_auto\" id=\"style-css-av-jkdunguo-d372454af8f0bf44ed6fd3ac05ea49d7\">\n.avia-image-container.av-jkdunguo-d372454af8f0bf44ed6fd3ac05ea49d7 img.avia_image{\nbox-shadow:none;\n}\n.avia-image-container.av-jkdunguo-d372454af8f0bf44ed6fd3ac05ea49d7 .av-image-caption-overlay-center{\ncolor:#ffffff;\n}\n<\/style>\n<div  class='avia-image-container av-jkdunguo-d372454af8f0bf44ed6fd3ac05ea49d7 av-styling- avia-align-center  avia-builder-el-22  avia-builder-el-no-sibling '   itemprop=\"image\" itemscope=\"itemscope\" itemtype=\"https:\/\/schema.org\/ImageObject\" ><div class=\"avia-image-container-inner\"><div class=\"avia-image-overlay-wrap\"><img decoding=\"async\" fetchpriority=\"high\" class='wp-image-2353 avia-img-lazy-loading-not-2353 avia_image ' src=\"https:\/\/epages.com\/wp-content\/uploads\/2018\/08\/marti-laptop.jpg\" alt='Marti Laptop' title='Marti Laptop'  height=\"714\" width=\"1200\"  itemprop=\"thumbnailUrl\" srcset=\"https:\/\/epages.com\/wp-content\/uploads\/2018\/08\/marti-laptop.jpg 1200w, https:\/\/epages.com\/wp-content\/uploads\/2018\/08\/marti-laptop-300x179.jpg 300w, https:\/\/epages.com\/wp-content\/uploads\/2018\/08\/marti-laptop-768x457.jpg 768w, https:\/\/epages.com\/wp-content\/uploads\/2018\/08\/marti-laptop-1024x609.jpg 1024w, https:\/\/epages.com\/wp-content\/uploads\/2018\/08\/marti-laptop-705x419.jpg 705w, https:\/\/epages.com\/wp-content\/uploads\/2018\/08\/marti-laptop-450x268.jpg 450w\" sizes=\"(max-width: 1200px) 100vw, 1200px\" \/><\/div><\/div><\/div><\/div>\n<style type=\"text\/css\" data-created_by=\"avia_inline_auto\" id=\"style-css-av-5apm-39c398c76c25ca1375cffa8ae3b9f82a\">\n.flex_column.av-5apm-39c398c76c25ca1375cffa8ae3b9f82a{\nborder-radius:0px 0px 0px 0px;\npadding:0px 0px 0px 0px;\n}\n<\/style>\n<div  class='flex_column av-5apm-39c398c76c25ca1375cffa8ae3b9f82a av_one_full  avia-builder-el-23  el_after_av_one_full  el_before_av_one_full  en_padding first flex_column_div av-zero-column-padding  column-top-margin'     ><p>\n<style type=\"text\/css\" data-created_by=\"avia_inline_auto\" id=\"style-css-av-jmkhf66b-661365307a1c8822642046d373054a67\">\n#top .av-special-heading.av-jmkhf66b-661365307a1c8822642046d373054a67{\npadding-bottom:10px;\n}\nbody .av-special-heading.av-jmkhf66b-661365307a1c8822642046d373054a67 .av-special-heading-tag .heading-char{\nfont-size:25px;\n}\n.av-special-heading.av-jmkhf66b-661365307a1c8822642046d373054a67 .av-subheading{\nfont-size:15px;\n}\n<\/style>\n<div  class='av-special-heading av-jmkhf66b-661365307a1c8822642046d373054a67 av-special-heading-h3 blockquote modern-quote  avia-builder-el-24  el_before_av_textblock  avia-builder-el-first '><h3 class='av-special-heading-tag '  itemprop=\"headline\"  >Crear p\u00e1ginas es divertido<\/h3><div class=\"special-heading-border\"><div class=\"special-heading-inner-border\"><\/div><\/div><\/div><br \/>\n<section  class='av_textblock_section av-42fq-c7fb32f1a6f772d4ad6c8a678cdfe6aa '   itemscope=\"itemscope\" itemtype=\"https:\/\/schema.org\/CreativeWork\" ><div class='avia_textblock'  itemprop=\"text\" ><p style=\"text-align: left;\">\u00a1Buenas noticias para todo aquel que se est\u00e9 iniciando en la venta online! En tan s\u00f3lo 1 hora, Mart\u00ed ya ten\u00eda su p\u00e1gina de inicio lista. Con el editor de arrastrar y soltar, los usuarios pueden dise\u00f1ar sus propias p\u00e1ginas web personalizadas; lo \u00fanico que tienen que hacer es arrastrar los textos e im\u00e1genes a las distintas zonas de la p\u00e1gina.<\/p>\n<\/div><\/section><\/p><\/div>\n<style type=\"text\/css\" data-created_by=\"avia_inline_auto\" id=\"style-css-av-5apm-39c398c76c25ca1375cffa8ae3b9f82a\">\n.flex_column.av-5apm-39c398c76c25ca1375cffa8ae3b9f82a{\nborder-radius:0px 0px 0px 0px;\npadding:0px 0px 0px 0px;\n}\n<\/style>\n<div  class='flex_column av-5apm-39c398c76c25ca1375cffa8ae3b9f82a av_one_full  avia-builder-el-26  el_after_av_one_full  avia-builder-el-last  en_padding first flex_column_div av-zero-column-padding  column-top-margin'     ><p>\n<style type=\"text\/css\" data-created_by=\"avia_inline_auto\" id=\"style-css-av-jmkhfgos-05bd9cf4f32177d1b1842bb501912020\">\n#top .av-special-heading.av-jmkhfgos-05bd9cf4f32177d1b1842bb501912020{\npadding-bottom:10px;\n}\nbody .av-special-heading.av-jmkhfgos-05bd9cf4f32177d1b1842bb501912020 .av-special-heading-tag .heading-char{\nfont-size:25px;\n}\n.av-special-heading.av-jmkhfgos-05bd9cf4f32177d1b1842bb501912020 .av-subheading{\nfont-size:15px;\n}\n<\/style>\n<div  class='av-special-heading av-jmkhfgos-05bd9cf4f32177d1b1842bb501912020 av-special-heading-h3 blockquote modern-quote  avia-builder-el-27  el_before_av_textblock  avia-builder-el-first '><h3 class='av-special-heading-tag '  itemprop=\"headline\"  >Un consejo para empezar en el comercio electr\u00f3nico<\/h3><div class=\"special-heading-border\"><div class=\"special-heading-inner-border\"><\/div><\/div><\/div><br \/>\n<section  class='av_textblock_section av-42fq-c7fb32f1a6f772d4ad6c8a678cdfe6aa '   itemscope=\"itemscope\" itemtype=\"https:\/\/schema.org\/CreativeWork\" ><div class='avia_textblock'  itemprop=\"text\" ><p style=\"text-align: left;\">\u00abUno de los consejos que le dar\u00eda a la gente que est\u00e1 empezando es que trabaje bien el SEO. ePages es de gran ayuda para eso. Las palabras clave se pueden introducir f\u00e1cilmente para que los clientes te puedan encontrar en Google.\u00bb<\/p>\n<\/div><\/section><\/p><\/div>\n\n<\/div><\/div><\/div><!-- close content main div --><\/div><\/div>\n<style type=\"text\/css\" data-created_by=\"avia_inline_auto\" id=\"style-css-av-701e-a70e015c54f97b900e451d95622db851\">\n.avia-section.av-701e-a70e015c54f97b900e451d95622db851{\nbackground-repeat:no-repeat;\nbackground-image:url(https:\/\/epages.com\/wp-content\/uploads\/2018\/08\/marti-banner.jpg);\nbackground-position:50% 50%;\nbackground-attachment:scroll;\n}\n<\/style>\n<div id='av_section_5'  class='avia-section av-701e-a70e015c54f97b900e451d95622db851 main_color avia-section-huge avia-no-border-styling  avia-builder-el-29  el_after_av_section  el_before_av_section  en_bg_mochilas2 avia-full-stretch avia-bg-style-scroll container_wrap fullsize'  data-section-bg-repeat='stretch'><div class='container av-section-cont-open' ><div class='template-page content  av-content-full alpha units'><div class='post-entry post-entry-type-page post-entry-5124'><div class='entry-content-wrapper clearfix'>\n\n<style type=\"text\/css\" data-created_by=\"avia_inline_auto\" id=\"style-css-av-5apm-30dca3a8e5b28ad80cc6d1cf63dab7af\">\n.flex_column.av-5apm-30dca3a8e5b28ad80cc6d1cf63dab7af{\nborder-radius:0px 0px 0px 0px;\npadding:0px 0px 0px 0px;\n}\n<\/style>\n<div  class='flex_column av-5apm-30dca3a8e5b28ad80cc6d1cf63dab7af av_one_full  avia-builder-el-30  avia-builder-el-no-sibling  first flex_column_div av-zero-column-padding  '     ><style type=\"text\/css\" data-created_by=\"avia_inline_auto\" id=\"style-css-av-jkdvyo1u-ab15137d8dc9d10d85b8946835f5612b\">\n.av_font_icon.av-jkdvyo1u-ab15137d8dc9d10d85b8946835f5612b{\ncolor:#ffffff;\nborder-color:#ffffff;\n}\n.av_font_icon.av-jkdvyo1u-ab15137d8dc9d10d85b8946835f5612b .av-icon-char{\nfont-size:70px;\nline-height:70px;\n}\n<\/style>\n<span  class='av_font_icon av-jkdvyo1u-ab15137d8dc9d10d85b8946835f5612b avia_animate_when_visible av-icon-style- avia-icon-pos-center avia-icon-animate'><a href=\"https:\/\/www.youtube.com\/watch?v=hEzGDHZ1-dk\" class=\"av-icon-char\" aria-hidden=\"false\" data-av_icon=\"\" data-av_iconfont=\"fontello\" rel=\"nofollow noopener\"><\/a><\/span><\/div>\n\n<\/div><\/div><\/div><!-- close content main div --><\/div><\/div>\n<style type=\"text\/css\" data-created_by=\"avia_inline_auto\" id=\"style-css-av-701e-c45c31f844dcc45a2009d949490de6df\">\n.avia-section.av-701e-c45c31f844dcc45a2009d949490de6df{\nbackground-color:#418cd2;\nbackground-image:unset;\n}\n<\/style>\n<div id='av_section_6'  class='avia-section av-701e-c45c31f844dcc45a2009d949490de6df main_color avia-section-large avia-no-border-styling  avia-builder-el-32  el_after_av_section  avia-builder-el-last  avia-bg-style-scroll container_wrap fullsize'  ><div class='container av-section-cont-open' ><div class='template-page content  av-content-full alpha units'><div class='post-entry post-entry-type-page post-entry-5124'><div class='entry-content-wrapper clearfix'>\n\n<style type=\"text\/css\" data-created_by=\"avia_inline_auto\" id=\"style-css-av-5apm-30dca3a8e5b28ad80cc6d1cf63dab7af\">\n.flex_column.av-5apm-30dca3a8e5b28ad80cc6d1cf63dab7af{\nborder-radius:0px 0px 0px 0px;\npadding:0px 0px 0px 0px;\n}\n<\/style>\n<div  class='flex_column av-5apm-30dca3a8e5b28ad80cc6d1cf63dab7af av_one_full  avia-builder-el-33  avia-builder-el-no-sibling  first flex_column_div av-zero-column-padding  '     ><style type=\"text\/css\" data-created_by=\"avia_inline_auto\" id=\"style-css-av-42fq-609604e9dea56fb99aaa4ea8666efac3\">\n#top .av_textblock_section.av-42fq-609604e9dea56fb99aaa4ea8666efac3 .avia_textblock{\ncolor:#ffffff;\n}\n<\/style>\n<section  class='av_textblock_section av-42fq-609604e9dea56fb99aaa4ea8666efac3 '   itemscope=\"itemscope\" itemtype=\"https:\/\/schema.org\/CreativeWork\" ><div class='avia_textblock av_inherit_color'  itemprop=\"text\" ><p style=\"text-align: center;\">S\u00famate a los emprendedores que hicieron de su tienda online una realidad<br \/>\n\u00a1Empieza tu periodo de prueba gratuito de 30 d\u00edas!<\/p>\n<\/div><\/section><br \/>\n<div  class='avia-button-wrap av-jgw7spi6-e89741362b75fac85c1ea51363612e51-wrap avia-button-center  avia-builder-el-35  el_after_av_textblock  el_before_av_textblock '><a href=\"https:\/\/now.epages.es\/cart.php?a=add&amp;pid=39&amp;language=spanish\u00a4cy=1&amp;_ga=2.211866397.801454604.1538031449-1318846814.1538031449\" class=\"avia-button av-jgw7spi6-e89741362b75fac85c1ea51363612e51 av-link-btn avia-icon_select-no avia-size-medium avia-position-center avia-color-green\" aria-label=\"Empezar\" rel=\"nofollow noopener\"><span class='avia_iconbox_title' >Empezar<\/span><\/a><\/div><br \/>\n\n<style type=\"text\/css\" data-created_by=\"avia_inline_auto\" id=\"style-css-av-42fq-a5489b027fe27b9077c719ce32b3ce39\">\n#top .av_textblock_section.av-42fq-a5489b027fe27b9077c719ce32b3ce39 .avia_textblock{\nfont-size:13px;\ncolor:#ffffff;\n}\n<\/style>\n<section  class='av_textblock_section av-42fq-a5489b027fe27b9077c719ce32b3ce39 '   itemscope=\"itemscope\" itemtype=\"https:\/\/schema.org\/CreativeWork\" ><div class='avia_textblock av_inherit_color'  itemprop=\"text\" ><p style=\"text-align: center;\">No se necesita tarjeta de cr\u00e9dito.<\/p>\n<\/div><\/section><\/p><\/div>\n\n","protected":false},"excerpt":{"rendered":"","protected":false},"author":2,"featured_media":0,"parent":5104,"menu_order":0,"comment_status":"closed","ping_status":"closed","template":"","meta":{"footnotes":""},"class_list":["post-5124","page","type-page","status-publish","hentry"],"_links":{"self":[{"href":"https:\/\/epages.com\/es\/wp-json\/wp\/v2\/pages\/5124"}],"collection":[{"href":"https:\/\/epages.com\/es\/wp-json\/wp\/v2\/pages"}],"about":[{"href":"https:\/\/epages.com\/es\/wp-json\/wp\/v2\/types\/page"}],"author":[{"embeddable":true,"href":"https:\/\/epages.com\/es\/wp-json\/wp\/v2\/users\/2"}],"replies":[{"embeddable":true,"href":"https:\/\/epages.com\/es\/wp-json\/wp\/v2\/comments?post=5124"}],"version-history":[{"count":5,"href":"https:\/\/epages.com\/es\/wp-json\/wp\/v2\/pages\/5124\/revisions"}],"predecessor-version":[{"id":7329,"href":"https:\/\/epages.com\/es\/wp-json\/wp\/v2\/pages\/5124\/revisions\/7329"}],"up":[{"embeddable":true,"href":"https:\/\/epages.com\/es\/wp-json\/wp\/v2\/pages\/5104"}],"wp:attachment":[{"href":"https:\/\/epages.com\/es\/wp-json\/wp\/v2\/media?parent=5124"}],"curies":[{"name":"wp","href":"https:\/\/api.w.org\/{rel}","templated":true}]}}