{"id":5104,"date":"2018-09-27T08:52:55","date_gmt":"2018-09-27T06:52:55","guid":{"rendered":"https:\/\/epages.com?page_id=5104"},"modified":"2026-04-02T11:07:42","modified_gmt":"2026-04-02T09:07:42","slug":"vendedores","status":"publish","type":"page","link":"https:\/\/epages.com\/es\/ejemplos-de-tiendas\/vendedores\/","title":{"rendered":"Vendedores"},"content":{"rendered":"\n<style type=\"text\/css\" data-created_by=\"avia_inline_auto\" id=\"style-css-av-jgw6lf2x-c436a3c0c0f78dd06ce0affcb777eeef\">\n.avia-section.av-jgw6lf2x-c436a3c0c0f78dd06ce0affcb777eeef{\nbackground-repeat:no-repeat;\nbackground-image:url(https:\/\/epages.com\/wp-content\/uploads\/2018\/08\/haendler-header.jpg);\nbackground-position:50% 50%;\nbackground-attachment:scroll;\n}\n<\/style>\n<div id='av_section_1'  class='avia-section av-jgw6lf2x-c436a3c0c0f78dd06ce0affcb777eeef main_color avia-section-default avia-no-border-styling  avia-builder-el-0  el_before_av_section  avia-builder-el-first  en_headerbild en_bg_haendler1 avia-full-stretch avia-bg-style-scroll container_wrap fullsize'  data-section-bg-repeat='stretch'><div class='container av-section-cont-open' ><main  role=\"main\" itemprop=\"mainContentOfPage\"  class='template-page content  av-content-full alpha units'><div class='post-entry post-entry-type-page post-entry-5104'><div class='entry-content-wrapper clearfix'>\n\n<style type=\"text\/css\" data-created_by=\"avia_inline_auto\" id=\"style-css-av-jgw6pl47-da062789ea1e41bf55be2ef340603f61\">\n#top .hr.hr-invisible.av-jgw6pl47-da062789ea1e41bf55be2ef340603f61{\nmargin-top:0px;\nheight:1px;\n}\n<\/style>\n<div  class='hr av-jgw6pl47-da062789ea1e41bf55be2ef340603f61 hr-invisible  avia-builder-el-1  el_before_av_hr  avia-builder-el-first  en_headerabstand av-small-hide av-mini-hide'><span class='hr-inner '><span class=\"hr-inner-style\"><\/span><\/span><\/div>\n\n<style type=\"text\/css\" data-created_by=\"avia_inline_auto\" id=\"style-css-av-jgw6pl47-da062789ea1e41bf55be2ef340603f61\">\n#top .hr.hr-invisible.av-jgw6pl47-da062789ea1e41bf55be2ef340603f61{\nmargin-top:0px;\nheight:1px;\n}\n<\/style>\n<div  class='hr av-jgw6pl47-da062789ea1e41bf55be2ef340603f61 hr-invisible  avia-builder-el-2  el_after_av_hr  el_before_av_one_full  en_headerabstand av-small-hide av-mini-hide'><span class='hr-inner '><span class=\"hr-inner-style\"><\/span><\/span><\/div>\n\n<style type=\"text\/css\" data-created_by=\"avia_inline_auto\" id=\"style-css-av-3rd4-d6a683e94dcbcb970f0316fdb9b68405\">\n.flex_column.av-3rd4-d6a683e94dcbcb970f0316fdb9b68405{\nborder-radius:0px 0px 0px 0px;\npadding:0px 0px 0px 0px;\n}\n<\/style>\n<div  class='flex_column av-3rd4-d6a683e94dcbcb970f0316fdb9b68405 av_one_full  avia-builder-el-3  el_after_av_hr  avia-builder-el-last  first flex_column_div av-zero-column-padding  '     ><style type=\"text\/css\" data-created_by=\"avia_inline_auto\" id=\"style-css-av-jmkgw1ir-b5c88cf0a1f269da4c90a7522ef9c668\">\n#top .av-special-heading.av-jmkgw1ir-b5c88cf0a1f269da4c90a7522ef9c668{\npadding-bottom:10px;\ncolor:#ffffff;\n}\nbody .av-special-heading.av-jmkgw1ir-b5c88cf0a1f269da4c90a7522ef9c668 .av-special-heading-tag .heading-char{\nfont-size:25px;\n}\n.av-special-heading.av-jmkgw1ir-b5c88cf0a1f269da4c90a7522ef9c668 .special-heading-inner-border{\nborder-color:#ffffff;\n}\n.av-special-heading.av-jmkgw1ir-b5c88cf0a1f269da4c90a7522ef9c668 .av-subheading{\nfont-size:15px;\n}\n<\/style>\n<div  class='av-special-heading av-jmkgw1ir-b5c88cf0a1f269da4c90a7522ef9c668 av-special-heading-h1 custom-color-heading blockquote modern-quote  avia-builder-el-4  avia-builder-el-no-sibling '><h1 class='av-special-heading-tag '  itemprop=\"headline\"  >Historias<\/h1><div class=\"special-heading-border\"><div class=\"special-heading-inner-border\"><\/div><\/div><\/div><\/div>\n\n<\/div><\/div><\/main><!-- close content main element --><\/div><\/div><div id='av_section_2'  class='avia-section av-701e-8b2cd89cad718a8f2768038ce5aa67b7 main_color avia-section-large avia-no-border-styling  avia-builder-el-5  el_after_av_section  avia-builder-el-last  avia-bg-style-scroll container_wrap fullsize'  ><div class='container av-section-cont-open' ><div class='template-page content  av-content-full alpha units'><div class='post-entry post-entry-type-page post-entry-5104'><div class='entry-content-wrapper clearfix'>\n\n<style type=\"text\/css\" data-created_by=\"avia_inline_auto\" id=\"style-css-av-5apm-30dca3a8e5b28ad80cc6d1cf63dab7af\">\n.flex_column.av-5apm-30dca3a8e5b28ad80cc6d1cf63dab7af{\nborder-radius:0px 0px 0px 0px;\npadding:0px 0px 0px 0px;\n}\n<\/style>\n<div  class='flex_column av-5apm-30dca3a8e5b28ad80cc6d1cf63dab7af av_one_full  avia-builder-el-6  el_before_av_one_fourth  avia-builder-el-first  first flex_column_div av-zero-column-padding  '     ><section  class='av_textblock_section av-42fq-84832152576d92737999a01915d02ede '   itemscope=\"itemscope\" itemtype=\"https:\/\/schema.org\/CreativeWork\" ><div class='avia_textblock'  itemprop=\"text\" ><p style=\"text-align: center;\">Hoy en d\u00eda, decenas de miles de vendedores de todo el mundo escogen la plataforma de ePages para vender sus productos. Con ePages, transforman sus ideas y pasiones en negocios de \u00e9xito. Descubre m\u00e1s sobre los vendedores que han compartido con nosotros su experiencia vendiendo online con ePages.<\/p>\n<\/div><\/section><\/div>\n<style type=\"text\/css\" data-created_by=\"avia_inline_auto\" id=\"style-css-av-5apm-30dca3a8e5b28ad80cc6d1cf63dab7af\">\n.flex_column.av-5apm-30dca3a8e5b28ad80cc6d1cf63dab7af{\nborder-radius:0px 0px 0px 0px;\npadding:0px 0px 0px 0px;\n}\n<\/style>\n<div  class='flex_column av-5apm-30dca3a8e5b28ad80cc6d1cf63dab7af av_one_fourth  avia-builder-el-8  el_after_av_one_full  el_before_av_three_fourth  first flex_column_div av-zero-column-padding  column-top-margin'     ><style type=\"text\/css\" data-created_by=\"avia_inline_auto\" id=\"style-css-av-jkcfkdrc-9c45107bbbd5e97bfef3253bc844f7e6\">\n.avia-image-container.av-jkcfkdrc-9c45107bbbd5e97bfef3253bc844f7e6 img.avia_image{\nbox-shadow:none;\n}\n.avia-image-container.av-jkcfkdrc-9c45107bbbd5e97bfef3253bc844f7e6 .av-image-caption-overlay-center{\ncolor:#ffffff;\n}\n<\/style>\n<div  class='avia-image-container av-jkcfkdrc-9c45107bbbd5e97bfef3253bc844f7e6 av-styling- av-img-linked avia-align-center  avia-builder-el-9  avia-builder-el-no-sibling '   itemprop=\"image\" itemscope=\"itemscope\" itemtype=\"https:\/\/schema.org\/ImageObject\" ><div class=\"avia-image-container-inner\"><div class=\"avia-image-overlay-wrap\"><a href=\"https:\/\/www.youtube.com\/watch?v=4i1nyx-cH0g\" class=\"avia_image \" aria-label=\"audrey_button\" rel=\"nofollow noopener\"><img decoding=\"async\" fetchpriority=\"high\" class='wp-image-9031 avia-img-lazy-loading-not-9031 avia_image ' src=\"https:\/\/epages.com\/wp-content\/uploads\/2019\/08\/audrey_button.png\" alt='' title='audrey_button'  height=\"223\" width=\"250\"  itemprop=\"thumbnailUrl\"  \/><\/a><\/div><\/div><\/div><\/div>\n<style type=\"text\/css\" data-created_by=\"avia_inline_auto\" id=\"style-css-av-5apm-04f746b02aa90c3d0f1a824d8abee4bd\">\n.flex_column.av-5apm-04f746b02aa90c3d0f1a824d8abee4bd{\nborder-radius:0px 0px 0px 0px;\npadding:0px 0px 0px 0px;\n}\n<\/style>\n<div  class='flex_column av-5apm-04f746b02aa90c3d0f1a824d8abee4bd av_three_fourth  avia-builder-el-10  el_after_av_one_fourth  el_before_av_one_fourth  flex_column_div av-zero-column-padding  column-top-margin'     ><p>\n<style type=\"text\/css\" data-created_by=\"avia_inline_auto\" id=\"style-css-av-866lnk-745ca1a14d670ec85d73b7bb95f366e7\">\n#top .av-special-heading.av-866lnk-745ca1a14d670ec85d73b7bb95f366e7{\npadding-bottom:10px;\n}\nbody .av-special-heading.av-866lnk-745ca1a14d670ec85d73b7bb95f366e7 .av-special-heading-tag .heading-char{\nfont-size:25px;\n}\n.av-special-heading.av-866lnk-745ca1a14d670ec85d73b7bb95f366e7 .av-subheading{\nfont-size:15px;\n}\n<\/style>\n<div  class='av-special-heading av-866lnk-745ca1a14d670ec85d73b7bb95f366e7 av-special-heading-h3 blockquote modern-quote  avia-builder-el-11  el_before_av_textblock  avia-builder-el-first '><h3 class='av-special-heading-tag '  itemprop=\"headline\"  >Les Carnets d\u2019Audrey<\/h3><div class=\"special-heading-border\"><div class=\"special-heading-inner-border\"><\/div><\/div><\/div><br \/>\n<section  class='av_textblock_section av-42fq-c7fb32f1a6f772d4ad6c8a678cdfe6aa '   itemscope=\"itemscope\" itemtype=\"https:\/\/schema.org\/CreativeWork\" ><div class='avia_textblock'  itemprop=\"text\" ><p>Audrey es la especialista en encuadernaci\u00f3n de Barcelona que m\u00e1s pasi\u00f3n siente por lo que hace. Antes trabajaba en Lyon, pero en 2012 se mud\u00f3 a Barcelona con su familia. Para poder seguir gan\u00e1ndose la vida con lo que m\u00e1s le gusta, cre\u00f3 una marca y una tienda: Les Carnets d\u2019Audrey. Gracias a sus clientes franceses y espa\u00f1oles, siempre supo que sus productos se pod\u00edan vender muy bien por Internet, pero Audrey no estaba acostumbrada a trabajar con el ordenador y no sab\u00eda c\u00f3mo empezar. Hoy est\u00e1 aqu\u00ed para contarnos c\u00f3mo consigui\u00f3 crear ella sola su tienda multiling\u00fce online.<\/p>\n<\/div><\/section><br \/>\n<div  class='avia-button-wrap av-jgw7spi6-43ad290b135010e35335243faa4212a0-wrap avia-button-left  avia-builder-el-13  el_after_av_textblock  avia-builder-el-last  en_outline'><a href=\"https:\/\/epages.com\/es\/ejemplos-de-tiendas\/vendedores\/les-carnets-daudrey\/\" class=\"avia-button av-jgw7spi6-43ad290b135010e35335243faa4212a0 av-link-btn avia-icon_select-no avia-size-medium avia-position-left avia-color-green\" aria-label=\"Leer m\u00e1s\"><span class='avia_iconbox_title' >Leer m\u00e1s<\/span><\/a><\/div><\/p><\/div>\n<style type=\"text\/css\" data-created_by=\"avia_inline_auto\" id=\"style-css-av-5apm-30dca3a8e5b28ad80cc6d1cf63dab7af\">\n.flex_column.av-5apm-30dca3a8e5b28ad80cc6d1cf63dab7af{\nborder-radius:0px 0px 0px 0px;\npadding:0px 0px 0px 0px;\n}\n<\/style>\n<div  class='flex_column av-5apm-30dca3a8e5b28ad80cc6d1cf63dab7af av_one_fourth  avia-builder-el-14  el_after_av_three_fourth  el_before_av_three_fourth  first flex_column_div av-zero-column-padding  column-top-margin'     ><style type=\"text\/css\" data-created_by=\"avia_inline_auto\" id=\"style-css-av-jkcfkdrc-d1fb0e938477642383800fed8392c70a\">\n.avia-image-container.av-jkcfkdrc-d1fb0e938477642383800fed8392c70a img.avia_image{\nbox-shadow:none;\n}\n.avia-image-container.av-jkcfkdrc-d1fb0e938477642383800fed8392c70a .av-image-caption-overlay-center{\ncolor:#ffffff;\n}\n<\/style>\n<div  class='avia-image-container av-jkcfkdrc-d1fb0e938477642383800fed8392c70a av-styling- av-img-linked avia-align-center  avia-builder-el-15  avia-builder-el-no-sibling '   itemprop=\"image\" itemscope=\"itemscope\" itemtype=\"https:\/\/schema.org\/ImageObject\" ><div class=\"avia-image-container-inner\"><div class=\"avia-image-overlay-wrap\"><a href=\"https:\/\/www.youtube.com\/watch?v=1Mbp_SMByp0\" class=\"avia_image \" aria-label=\"merchant-mireia_button\" rel=\"nofollow noopener\"><img decoding=\"async\" fetchpriority=\"high\" class='wp-image-9049 avia-img-lazy-loading-not-9049 avia_image ' src=\"https:\/\/epages.com\/wp-content\/uploads\/2019\/08\/merchant-mireia_button.png\" alt='' title='merchant-mireia_button'  height=\"223\" width=\"250\"  itemprop=\"thumbnailUrl\"  \/><\/a><\/div><\/div><\/div><\/div>\n<style type=\"text\/css\" data-created_by=\"avia_inline_auto\" id=\"style-css-av-5apm-04f746b02aa90c3d0f1a824d8abee4bd\">\n.flex_column.av-5apm-04f746b02aa90c3d0f1a824d8abee4bd{\nborder-radius:0px 0px 0px 0px;\npadding:0px 0px 0px 0px;\n}\n<\/style>\n<div  class='flex_column av-5apm-04f746b02aa90c3d0f1a824d8abee4bd av_three_fourth  avia-builder-el-16  el_after_av_one_fourth  el_before_av_one_fourth  flex_column_div av-zero-column-padding  column-top-margin'     ><p>\n<style type=\"text\/css\" data-created_by=\"avia_inline_auto\" id=\"style-css-av-5jdyps-1456a57d8f4c9f10190555543ec21fb0\">\n#top .av-special-heading.av-5jdyps-1456a57d8f4c9f10190555543ec21fb0{\npadding-bottom:10px;\n}\nbody .av-special-heading.av-5jdyps-1456a57d8f4c9f10190555543ec21fb0 .av-special-heading-tag .heading-char{\nfont-size:25px;\n}\n.av-special-heading.av-5jdyps-1456a57d8f4c9f10190555543ec21fb0 .av-subheading{\nfont-size:15px;\n}\n<\/style>\n<div  class='av-special-heading av-5jdyps-1456a57d8f4c9f10190555543ec21fb0 av-special-heading-h3 blockquote modern-quote  avia-builder-el-17  el_before_av_textblock  avia-builder-el-first '><h3 class='av-special-heading-tag '  itemprop=\"headline\"  >Visto Luego Existo<\/h3><div class=\"special-heading-border\"><div class=\"special-heading-inner-border\"><\/div><\/div><\/div><br \/>\n<section  class='av_textblock_section av-42fq-c7fb32f1a6f772d4ad6c8a678cdfe6aa '   itemscope=\"itemscope\" itemtype=\"https:\/\/schema.org\/CreativeWork\" ><div class='avia_textblock'  itemprop=\"text\" ><p>Mireia tiene una tienda en Barcelona en la que confecciona y vende su ropa y accesorios. Aunque no ten\u00eda tiempo para expandir su negocio, necesitaba vender sus productos online para llegar a m\u00e1s clientes. Mireia eligi\u00f3 ePages porque le pareci\u00f3 la herramienta de tienda online m\u00e1s sencilla de gestionar.<\/p>\n<\/div><\/section><br \/>\n<div  class='avia-button-wrap av-jgw7spi6-f8bd7a4f9b051dc54c38d8a66bccc027-wrap avia-button-left  avia-builder-el-19  el_after_av_textblock  avia-builder-el-last  en_outline'><a href=\"https:\/\/epages.com\/es\/ejemplos-de-tiendas\/vendedores\/visto-luego-existo\/\" class=\"avia-button av-jgw7spi6-f8bd7a4f9b051dc54c38d8a66bccc027 av-link-btn avia-icon_select-no avia-size-medium avia-position-left avia-color-green\" aria-label=\"Leer m\u00e1s\"><span class='avia_iconbox_title' >Leer m\u00e1s<\/span><\/a><\/div><\/p><\/div>\n<style type=\"text\/css\" data-created_by=\"avia_inline_auto\" id=\"style-css-av-5apm-30dca3a8e5b28ad80cc6d1cf63dab7af\">\n.flex_column.av-5apm-30dca3a8e5b28ad80cc6d1cf63dab7af{\nborder-radius:0px 0px 0px 0px;\npadding:0px 0px 0px 0px;\n}\n<\/style>\n<div  class='flex_column av-5apm-30dca3a8e5b28ad80cc6d1cf63dab7af av_one_fourth  avia-builder-el-20  el_after_av_three_fourth  el_before_av_three_fourth  first flex_column_div av-zero-column-padding  column-top-margin'     ><style type=\"text\/css\" data-created_by=\"avia_inline_auto\" id=\"style-css-av-jkcfkdrc-30d93309566f0c9deda91b3e8dece2c6\">\n.avia-image-container.av-jkcfkdrc-30d93309566f0c9deda91b3e8dece2c6 img.avia_image{\nbox-shadow:none;\n}\n.avia-image-container.av-jkcfkdrc-30d93309566f0c9deda91b3e8dece2c6 .av-image-caption-overlay-center{\ncolor:#ffffff;\n}\n<\/style>\n<div  class='avia-image-container av-jkcfkdrc-30d93309566f0c9deda91b3e8dece2c6 av-styling- av-img-linked avia-align-center  avia-builder-el-21  avia-builder-el-no-sibling '   itemprop=\"image\" itemscope=\"itemscope\" itemtype=\"https:\/\/schema.org\/ImageObject\" ><div class=\"avia-image-container-inner\"><div class=\"avia-image-overlay-wrap\"><a href=\"https:\/\/www.youtube.com\/watch?v=LVJw3TFC5mE&amp;t=27s\" class=\"avia_image \" aria-label=\"merchant-marti_button\" rel=\"nofollow noopener\"><img decoding=\"async\" fetchpriority=\"high\" class='wp-image-9037 avia-img-lazy-loading-not-9037 avia_image ' src=\"https:\/\/epages.com\/wp-content\/uploads\/2019\/08\/merchant-marti_button.png\" alt='' title='merchant-marti_button'  height=\"223\" width=\"250\"  itemprop=\"thumbnailUrl\"  \/><\/a><\/div><\/div><\/div><\/div>\n<style type=\"text\/css\" data-created_by=\"avia_inline_auto\" id=\"style-css-av-5apm-04f746b02aa90c3d0f1a824d8abee4bd\">\n.flex_column.av-5apm-04f746b02aa90c3d0f1a824d8abee4bd{\nborder-radius:0px 0px 0px 0px;\npadding:0px 0px 0px 0px;\n}\n<\/style>\n<div  class='flex_column av-5apm-04f746b02aa90c3d0f1a824d8abee4bd av_three_fourth  avia-builder-el-22  el_after_av_one_fourth  el_before_av_one_fourth  flex_column_div av-zero-column-padding  column-top-margin'     ><p>\n<style type=\"text\/css\" data-created_by=\"avia_inline_auto\" id=\"style-css-av-4nxmts-c3d6823e9570c0a458d4e5a521612ea2\">\n#top .av-special-heading.av-4nxmts-c3d6823e9570c0a458d4e5a521612ea2{\npadding-bottom:10px;\n}\nbody .av-special-heading.av-4nxmts-c3d6823e9570c0a458d4e5a521612ea2 .av-special-heading-tag .heading-char{\nfont-size:25px;\n}\n.av-special-heading.av-4nxmts-c3d6823e9570c0a458d4e5a521612ea2 .av-subheading{\nfont-size:15px;\n}\n<\/style>\n<div  class='av-special-heading av-4nxmts-c3d6823e9570c0a458d4e5a521612ea2 av-special-heading-h3 blockquote modern-quote  avia-builder-el-23  el_before_av_textblock  avia-builder-el-first '><h3 class='av-special-heading-tag '  itemprop=\"headline\"  >Mochilas 13<\/h3><div class=\"special-heading-border\"><div class=\"special-heading-inner-border\"><\/div><\/div><\/div><br \/>\n<section  class='av_textblock_section av-42fq-c7fb32f1a6f772d4ad6c8a678cdfe6aa '   itemscope=\"itemscope\" itemtype=\"https:\/\/schema.org\/CreativeWork\" ><div class='avia_textblock'  itemprop=\"text\" ><p>Un d\u00eda, Mart\u00ed se vio sin trabajo despu\u00e9s de haber estado trabajando en una f\u00e1brica durante 23 a\u00f1os. Desconcertado ante la situaci\u00f3n, decidi\u00f3 reinventar su carrera profesional. Despu\u00e9s de un a\u00f1o y de varias oportunidades, lanz\u00f3 su propia tienda de bolsos y accesorios en Barcelona. Empez\u00f3 con productos de su propia marca, Urbanus Barcelona, y luego ampli\u00f3 la oferta y empez\u00f3 a vender productos de otros proveedores. Como cada vez hab\u00eda m\u00e1s clientes que reclamaban su presencia en Internet, Mart\u00ed decidi\u00f3 abrir una tienda online con ePages.<\/p>\n<\/div><\/section><br \/>\n<div  class='avia-button-wrap av-jgw7spi6-40e01fc841382b87f78247d970f33702-wrap avia-button-left  avia-builder-el-25  el_after_av_textblock  avia-builder-el-last  en_outline'><a href=\"https:\/\/epages.com\/es\/ejemplos-de-tiendas\/vendedores\/mochilas-13\/\" class=\"avia-button av-jgw7spi6-40e01fc841382b87f78247d970f33702 av-link-btn avia-icon_select-no avia-size-medium avia-position-left avia-color-green\" aria-label=\"Leer m\u00e1s\"><span class='avia_iconbox_title' >Leer m\u00e1s<\/span><\/a><\/div><\/p><\/div>\n<style type=\"text\/css\" data-created_by=\"avia_inline_auto\" id=\"style-css-av-5apm-30dca3a8e5b28ad80cc6d1cf63dab7af\">\n.flex_column.av-5apm-30dca3a8e5b28ad80cc6d1cf63dab7af{\nborder-radius:0px 0px 0px 0px;\npadding:0px 0px 0px 0px;\n}\n<\/style>\n<div  class='flex_column av-5apm-30dca3a8e5b28ad80cc6d1cf63dab7af av_one_fourth  avia-builder-el-26  el_after_av_three_fourth  el_before_av_three_fourth  first flex_column_div av-zero-column-padding  column-top-margin'     ><style type=\"text\/css\" data-created_by=\"avia_inline_auto\" id=\"style-css-av-jkcfkdrc-6ff835e081e2908413f8671dc14d9b61\">\n.avia-image-container.av-jkcfkdrc-6ff835e081e2908413f8671dc14d9b61 img.avia_image{\nbox-shadow:none;\n}\n.avia-image-container.av-jkcfkdrc-6ff835e081e2908413f8671dc14d9b61 .av-image-caption-overlay-center{\ncolor:#ffffff;\n}\n<\/style>\n<div  class='avia-image-container av-jkcfkdrc-6ff835e081e2908413f8671dc14d9b61 av-styling- avia-align-center  avia-builder-el-27  avia-builder-el-no-sibling '   itemprop=\"image\" itemscope=\"itemscope\" itemtype=\"https:\/\/schema.org\/ImageObject\" ><div class=\"avia-image-container-inner\"><div class=\"avia-image-overlay-wrap\"><img decoding=\"async\" fetchpriority=\"high\" class='wp-image-1712 avia-img-lazy-loading-not-1712 avia_image ' src=\"https:\/\/epages.com\/wp-content\/uploads\/2018\/08\/merchant-mavalou.png\" alt='Mavalou' title='merchant-mavalou'  height=\"223\" width=\"250\"  itemprop=\"thumbnailUrl\"  \/><\/div><\/div><\/div><\/div>\n<style type=\"text\/css\" data-created_by=\"avia_inline_auto\" id=\"style-css-av-5apm-04f746b02aa90c3d0f1a824d8abee4bd\">\n.flex_column.av-5apm-04f746b02aa90c3d0f1a824d8abee4bd{\nborder-radius:0px 0px 0px 0px;\npadding:0px 0px 0px 0px;\n}\n<\/style>\n<div  class='flex_column av-5apm-04f746b02aa90c3d0f1a824d8abee4bd av_three_fourth  avia-builder-el-28  el_after_av_one_fourth  avia-builder-el-last  flex_column_div av-zero-column-padding  column-top-margin'     ><p>\n<style type=\"text\/css\" data-created_by=\"avia_inline_auto\" id=\"style-css-av-7eb9s-3e6c88a04e505a26830a5b2805f0ee3c\">\n#top .av-special-heading.av-7eb9s-3e6c88a04e505a26830a5b2805f0ee3c{\npadding-bottom:10px;\n}\nbody .av-special-heading.av-7eb9s-3e6c88a04e505a26830a5b2805f0ee3c .av-special-heading-tag .heading-char{\nfont-size:25px;\n}\n.av-special-heading.av-7eb9s-3e6c88a04e505a26830a5b2805f0ee3c .av-subheading{\nfont-size:15px;\n}\n<\/style>\n<div  class='av-special-heading av-7eb9s-3e6c88a04e505a26830a5b2805f0ee3c av-special-heading-h3 blockquote modern-quote  avia-builder-el-29  el_before_av_textblock  avia-builder-el-first '><h3 class='av-special-heading-tag '  itemprop=\"headline\"  >Mava L\u00f3u<\/h3><div class=\"special-heading-border\"><div class=\"special-heading-inner-border\"><\/div><\/div><\/div><br \/>\n<section  class='av_textblock_section av-42fq-c7fb32f1a6f772d4ad6c8a678cdfe6aa '   itemscope=\"itemscope\" itemtype=\"https:\/\/schema.org\/CreativeWork\" ><div class='avia_textblock'  itemprop=\"text\" ><p>Inspirada por la pasi\u00f3n por la danza de sus amigos, Christiane B\u00e4r cre\u00f3 su negocio; su propia marca de ropa, Mava L\u00f3u. Hoy en d\u00eda ofrece una amplia selecci\u00f3n de prendas para fans de la salsa y el tango. Los consumidores pueden comprar online prendas de su tienda f\u00edsica en Berl\u00edn Kreuzberg desde cualquier parte del mundo.<\/p>\n<\/div><\/section><br \/>\n<div  class='avia-button-wrap av-jgw7spi6-36cba177206fe322ce3b97263640811f-wrap avia-button-left  avia-builder-el-31  el_after_av_textblock  avia-builder-el-last  en_outline'><a href=\"https:\/\/epages.com\/es\/ejemplos-de-tiendas\/vendedores\/mavalou\/\" class=\"avia-button av-jgw7spi6-36cba177206fe322ce3b97263640811f av-link-btn avia-icon_select-no avia-size-medium avia-position-left avia-color-green\" aria-label=\"Leer m\u00e1s\"><span class='avia_iconbox_title' >Leer m\u00e1s<\/span><\/a><\/div><\/p><\/div>\n","protected":false},"excerpt":{"rendered":"","protected":false},"author":2,"featured_media":0,"parent":5100,"menu_order":0,"comment_status":"closed","ping_status":"closed","template":"","meta":{"footnotes":""},"class_list":["post-5104","page","type-page","status-publish","hentry"],"_links":{"self":[{"href":"https:\/\/epages.com\/es\/wp-json\/wp\/v2\/pages\/5104"}],"collection":[{"href":"https:\/\/epages.com\/es\/wp-json\/wp\/v2\/pages"}],"about":[{"href":"https:\/\/epages.com\/es\/wp-json\/wp\/v2\/types\/page"}],"author":[{"embeddable":true,"href":"https:\/\/epages.com\/es\/wp-json\/wp\/v2\/users\/2"}],"replies":[{"embeddable":true,"href":"https:\/\/epages.com\/es\/wp-json\/wp\/v2\/comments?post=5104"}],"version-history":[{"count":6,"href":"https:\/\/epages.com\/es\/wp-json\/wp\/v2\/pages\/5104\/revisions"}],"predecessor-version":[{"id":60919,"href":"https:\/\/epages.com\/es\/wp-json\/wp\/v2\/pages\/5104\/revisions\/60919"}],"up":[{"embeddable":true,"href":"https:\/\/epages.com\/es\/wp-json\/wp\/v2\/pages\/5100"}],"wp:attachment":[{"href":"https:\/\/epages.com\/es\/wp-json\/wp\/v2\/media?parent=5104"}],"curies":[{"name":"wp","href":"https:\/\/api.w.org\/{rel}","templated":true}]}}