{"id":5083,"date":"2018-09-27T08:51:41","date_gmt":"2018-09-27T06:51:41","guid":{"rendered":"https:\/\/epages.com?page_id=5083"},"modified":"2023-11-09T11:41:26","modified_gmt":"2023-11-09T10:41:26","slug":"implementacion","status":"publish","type":"page","link":"https:\/\/epages.com\/es\/tienda-online\/implementacion\/","title":{"rendered":"Implementacion"},"content":{"rendered":"\n<style type=\"text\/css\" data-created_by=\"avia_inline_auto\" id=\"style-css-av-jgw6lf2x-58c84e425f42889918f759a86acd6202\">\n.avia-section.av-jgw6lf2x-58c84e425f42889918f759a86acd6202{\nbackground-repeat:no-repeat;\nbackground-image:url(https:\/\/epages.com\/wp-content\/uploads\/2018\/08\/systempartner-header.jpg);\nbackground-position:50% 50%;\nbackground-attachment:scroll;\n}\n<\/style>\n<div id='av_section_1'  class='avia-section av-jgw6lf2x-58c84e425f42889918f759a86acd6202 main_color avia-section-default avia-no-border-styling  avia-builder-el-0  el_before_av_section  avia-builder-el-first  en_headerbild en_bg_systempartner1 avia-full-stretch avia-bg-style-scroll container_wrap fullsize'  data-section-bg-repeat='stretch'><div class='container av-section-cont-open' ><main  role=\"main\" itemprop=\"mainContentOfPage\"  class='template-page content  av-content-full alpha units'><div class='post-entry post-entry-type-page post-entry-5083'><div class='entry-content-wrapper clearfix'>\n\n<style type=\"text\/css\" data-created_by=\"avia_inline_auto\" id=\"style-css-av-jgw6pl47-da062789ea1e41bf55be2ef340603f61\">\n#top .hr.hr-invisible.av-jgw6pl47-da062789ea1e41bf55be2ef340603f61{\nmargin-top:0px;\nheight:1px;\n}\n<\/style>\n<div  class='hr av-jgw6pl47-da062789ea1e41bf55be2ef340603f61 hr-invisible  avia-builder-el-1  el_before_av_hr  avia-builder-el-first  en_headerabstand av-small-hide av-mini-hide'><span class='hr-inner '><span class=\"hr-inner-style\"><\/span><\/span><\/div>\n\n<style type=\"text\/css\" data-created_by=\"avia_inline_auto\" id=\"style-css-av-jgw6pl47-da062789ea1e41bf55be2ef340603f61\">\n#top .hr.hr-invisible.av-jgw6pl47-da062789ea1e41bf55be2ef340603f61{\nmargin-top:0px;\nheight:1px;\n}\n<\/style>\n<div  class='hr av-jgw6pl47-da062789ea1e41bf55be2ef340603f61 hr-invisible  avia-builder-el-2  el_after_av_hr  el_before_av_one_half  en_headerabstand av-small-hide av-mini-hide'><span class='hr-inner '><span class=\"hr-inner-style\"><\/span><\/span><\/div>\n\n<style type=\"text\/css\" data-created_by=\"avia_inline_auto\" id=\"style-css-av-3rd4-d6a683e94dcbcb970f0316fdb9b68405\">\n.flex_column.av-3rd4-d6a683e94dcbcb970f0316fdb9b68405{\nborder-radius:0px 0px 0px 0px;\npadding:0px 0px 0px 0px;\n}\n<\/style>\n<div  class='flex_column av-3rd4-d6a683e94dcbcb970f0316fdb9b68405 av_one_half  avia-builder-el-3  el_after_av_hr  avia-builder-el-last  first flex_column_div av-zero-column-padding  '     ><style type=\"text\/css\" data-created_by=\"avia_inline_auto\" id=\"style-css-av-jmkegstl-c4b91393f4475549e73fbd4a6729bf63\">\n#top .av-special-heading.av-jmkegstl-c4b91393f4475549e73fbd4a6729bf63{\npadding-bottom:10px;\ncolor:#ffffff;\n}\nbody .av-special-heading.av-jmkegstl-c4b91393f4475549e73fbd4a6729bf63 .av-special-heading-tag .heading-char{\nfont-size:25px;\n}\n.av-special-heading.av-jmkegstl-c4b91393f4475549e73fbd4a6729bf63 .special-heading-inner-border{\nborder-color:#ffffff;\n}\n.av-special-heading.av-jmkegstl-c4b91393f4475549e73fbd4a6729bf63 .av-subheading{\nfont-size:15px;\n}\n<\/style>\n<div  class='av-special-heading av-jmkegstl-c4b91393f4475549e73fbd4a6729bf63 av-special-heading-h1 custom-color-heading blockquote modern-quote  avia-builder-el-4  avia-builder-el-no-sibling '><h1 class='av-special-heading-tag '  itemprop=\"headline\"  >Partners de implementaci\u00f3n de ePages<\/h1><div class=\"special-heading-border\"><div class=\"special-heading-inner-border\"><\/div><\/div><\/div><\/div>\n\n<\/div><\/div><\/main><!-- close content main element --><\/div><\/div><div id='av_section_2'  class='avia-section av-701e-8b2cd89cad718a8f2768038ce5aa67b7 main_color avia-section-large avia-no-border-styling  avia-builder-el-5  el_after_av_section  avia-builder-el-last  avia-bg-style-scroll container_wrap fullsize'  ><div class='container av-section-cont-open' ><div class='template-page content  av-content-full alpha units'><div class='post-entry post-entry-type-page post-entry-5083'><div class='entry-content-wrapper clearfix'>\n\n<style type=\"text\/css\" data-created_by=\"avia_inline_auto\" id=\"style-css-av-5apm-39c398c76c25ca1375cffa8ae3b9f82a\">\n.flex_column.av-5apm-39c398c76c25ca1375cffa8ae3b9f82a{\nborder-radius:0px 0px 0px 0px;\npadding:0px 0px 0px 0px;\n}\n<\/style>\n<div  class='flex_column av-5apm-39c398c76c25ca1375cffa8ae3b9f82a av_one_full  avia-builder-el-6  el_before_av_one_third  avia-builder-el-first  en_padding first flex_column_div av-zero-column-padding  '     ><p>\n<style type=\"text\/css\" data-created_by=\"avia_inline_auto\" id=\"style-css-av-av_heading-1ed2324f4fc1bc89eabf1b24d1c64e9d\">\n#top .av-special-heading.av-av_heading-1ed2324f4fc1bc89eabf1b24d1c64e9d{\npadding-bottom:0;\n}\nbody .av-special-heading.av-av_heading-1ed2324f4fc1bc89eabf1b24d1c64e9d .av-special-heading-tag .heading-char{\nfont-size:25px;\n}\n.av-special-heading.av-av_heading-1ed2324f4fc1bc89eabf1b24d1c64e9d .av-subheading{\nfont-size:15px;\n}\n<\/style>\n<div  class='av-special-heading av-av_heading-1ed2324f4fc1bc89eabf1b24d1c64e9d av-special-heading-h2 blockquote modern-quote modern-centered  avia-builder-el-7  el_before_av_textblock  avia-builder-el-first '><h2 class='av-special-heading-tag '  itemprop=\"headline\"  >Tu tienda de ePages implementada y customizada por partners de implementaci\u00f3n<\/h2><div class=\"special-heading-border\"><div class=\"special-heading-inner-border\"><\/div><\/div><\/div><br \/>\n<section  class='av_textblock_section av-42fq-c7fb32f1a6f772d4ad6c8a678cdfe6aa '   itemscope=\"itemscope\" itemtype=\"https:\/\/schema.org\/CreativeWork\" ><div class='avia_textblock'  itemprop=\"text\" ><p style=\"text-align: center;\">ePages est\u00e1 constantemente colaborando con expertos para ajustar e implementar los proyectos de ecommerce. Con su amplia experiencia estos partners de implementaci\u00f3n adapatar\u00e1n tu soluci\u00f3n de tienda de ePages a tus necesidades individuales. Tambi\u00e9n se asegurar\u00e1n de que tu tienda de ePages se ajusta correctamente a tu infraestructura IT.<\/p>\n<\/div><\/section><\/p><\/div><div class='flex_column_table av-5apm-4ffbb71b93286c795caaf2b752d458e9 sc-av_one_third av-equal-height-column-flextable'>\n<style type=\"text\/css\" data-created_by=\"avia_inline_auto\" id=\"style-css-av-5apm-4ffbb71b93286c795caaf2b752d458e9\">\n.flex_column.av-5apm-4ffbb71b93286c795caaf2b752d458e9{\nborder-radius:0px 0px 0px 0px;\npadding:15px 15px 15px 15px;\n}\n<\/style>\n<div  class='flex_column av-5apm-4ffbb71b93286c795caaf2b752d458e9 av_one_third  avia-builder-el-9  el_after_av_one_full  el_before_av_one_third  en_border first flex_column_table_cell av-equal-height-column av-align-top  column-top-margin'     ><p>\n<style type=\"text\/css\" data-created_by=\"avia_inline_auto\" id=\"style-css-av-jkazjbj3-6e70b4a4740b23e85bec85293160037e\">\n.avia-image-container.av-jkazjbj3-6e70b4a4740b23e85bec85293160037e img.avia_image{\nbox-shadow:none;\n}\n.avia-image-container.av-jkazjbj3-6e70b4a4740b23e85bec85293160037e .av-image-caption-overlay-center{\ncolor:#ffffff;\nfont-size:16px;\n}\n<\/style>\n<div  class='avia-image-container av-jkazjbj3-6e70b4a4740b23e85bec85293160037e av-styling-no-styling avia-align-center  avia-builder-el-10  el_before_av_toggle_container  avia-builder-el-first '   itemprop=\"image\" itemscope=\"itemscope\" itemtype=\"https:\/\/schema.org\/ImageObject\" ><div class=\"avia-image-container-inner\"><div class=\"avia-image-overlay-wrap\"><img decoding=\"async\" fetchpriority=\"high\" class='wp-image-3883 avia-img-lazy-loading-not-3883 avia_image ' src=\"https:\/\/epages.com\/wp-content\/uploads\/2018\/09\/upango-fr.png\" alt='upango' title='upango fr'  height=\"240\" width=\"600\"  itemprop=\"thumbnailUrl\" srcset=\"https:\/\/epages.com\/wp-content\/uploads\/2018\/09\/upango-fr.png 600w, https:\/\/epages.com\/wp-content\/uploads\/2018\/09\/upango-fr-300x120.png 300w, https:\/\/epages.com\/wp-content\/uploads\/2018\/09\/upango-fr-450x180.png 450w\" sizes=\"(max-width: 600px) 100vw, 600px\" \/><\/div><\/div><\/div><br \/>\n<div  class='togglecontainer av-jkmfxr0u-61386848aed44b3837c20f79cb400bd2  avia-builder-el-11  el_after_av_image  avia-builder-el-last  toggle_close_all' >\n<section class='av_toggle_section av-av_toggle-c6905f5e838ce59ce5018b8b6ccfd9dc'  itemscope=\"itemscope\" itemtype=\"https:\/\/schema.org\/CreativeWork\" ><div role=\"tablist\" class=\"single_toggle\" data-tags=\"{Todo} \"  ><p id='toggle-toggle-id-1' data-fake-id='#toggle-id-1' class='toggler  av-title-above '  itemprop=\"headline\"  role='tab' tabindex='0' aria-controls='toggle-id-1' data-slide-speed=\"200\" data-title=\"Upango, Espa\u00f1a\" data-title-open=\"\">Upango, Espa\u00f1a<span class=\"toggle_icon\"><span class=\"vert_icon\"><\/span><span class=\"hor_icon\"><\/span><\/span><\/p><div id='toggle-id-1' aria-labelledby='toggle-toggle-id-1' role='region' class='toggle_wrap  av-title-above'  ><div class='toggle_content invers-color '  itemprop=\"text\" ><h4>Upango<\/h4>\n<p>Avda Juan Carlos I, 43 7\u00baB<br \/>\nEdificio Tom\u00e1s Guill\u00e9n<br \/>\n30009 MURCIA<br \/>\nEspa\u00f1a<\/p>\n<\/div><\/div><\/div><\/section>\n<\/div><\/p><\/div><div class='av-flex-placeholder'><\/div>\n<style type=\"text\/css\" data-created_by=\"avia_inline_auto\" id=\"style-css-av-5apm-c6086e79ea881ee8a0d0d86950a75892\">\n.flex_column.av-5apm-c6086e79ea881ee8a0d0d86950a75892{\nborder-radius:0px 0px 0px 0px;\npadding:15px 15px 15px 15px;\n}\n<\/style>\n<div  class='flex_column av-5apm-c6086e79ea881ee8a0d0d86950a75892 av_one_third  avia-builder-el-12  el_after_av_one_third  el_before_av_one_third  en_border flex_column_table_cell av-equal-height-column av-align-top  column-top-margin'     ><p>\n<style type=\"text\/css\" data-created_by=\"avia_inline_auto\" id=\"style-css-av-jkazjbj3-1661eea590f4f17d1d30d73acc57fe7d\">\n.avia-image-container.av-jkazjbj3-1661eea590f4f17d1d30d73acc57fe7d img.avia_image{\nbox-shadow:none;\n}\n.avia-image-container.av-jkazjbj3-1661eea590f4f17d1d30d73acc57fe7d .av-image-caption-overlay-center{\ncolor:#ffffff;\nfont-size:16px;\n}\n<\/style>\n<div  class='avia-image-container av-jkazjbj3-1661eea590f4f17d1d30d73acc57fe7d av-styling-no-styling avia-align-center  avia-builder-el-13  el_before_av_toggle_container  avia-builder-el-first '   itemprop=\"image\" itemscope=\"itemscope\" itemtype=\"https:\/\/schema.org\/ImageObject\" ><div class=\"avia-image-container-inner\"><div class=\"avia-image-overlay-wrap\"><img decoding=\"async\" fetchpriority=\"high\" class='wp-image-3889 avia-img-lazy-loading-not-3889 avia_image ' src=\"https:\/\/epages.com\/wp-content\/uploads\/2018\/09\/inforges-fr.png\" alt='inforges' title='inforges fr'  height=\"240\" width=\"600\"  itemprop=\"thumbnailUrl\" srcset=\"https:\/\/epages.com\/wp-content\/uploads\/2018\/09\/inforges-fr.png 600w, https:\/\/epages.com\/wp-content\/uploads\/2018\/09\/inforges-fr-300x120.png 300w, https:\/\/epages.com\/wp-content\/uploads\/2018\/09\/inforges-fr-450x180.png 450w\" sizes=\"(max-width: 600px) 100vw, 600px\" \/><\/div><\/div><\/div><br \/>\n<div  class='togglecontainer av-jkmfxr0u-3221951975b3ece73fb4e0b973c252df  avia-builder-el-14  el_after_av_image  avia-builder-el-last  toggle_close_all' >\n<section class='av_toggle_section av-8l883f-3738ee244d6b3b898270c40b3b93eee4'  itemscope=\"itemscope\" itemtype=\"https:\/\/schema.org\/CreativeWork\" ><div role=\"tablist\" class=\"single_toggle\" data-tags=\"{Todo} \"  ><p id='toggle-toggle-id-2' data-fake-id='#toggle-id-2' class='toggler  av-title-above '  itemprop=\"headline\"  role='tab' tabindex='0' aria-controls='toggle-id-2' data-slide-speed=\"200\" data-title=\"Inforges, Espa\u00f1a\" data-title-open=\"\">Inforges, Espa\u00f1a<span class=\"toggle_icon\"><span class=\"vert_icon\"><\/span><span class=\"hor_icon\"><\/span><\/span><\/p><div id='toggle-id-2' aria-labelledby='toggle-toggle-id-2' role='region' class='toggle_wrap  av-title-above'  ><div class='toggle_content invers-color '  itemprop=\"text\" ><h4>Inforges<\/h4>\n<p><a href=\"http:\/\/www.inforges.es\/\" target=\"_blank\" rel=\"noopener nofollow\">www.inforges.es<\/a><\/p>\n<h4>Contacto:<\/h4>\n<p><a href=\"tel:+34 902 363 293\">+34 902 363 293<\/a><br \/>\n<a href=\"mailto:marketing@inforges.es\">marketing@inforges.es<\/a><\/p>\n<h4>Referencias:<\/h4>\n<p><a href=\"http:\/\/www.vicma.es\/\" target=\"_blank\" rel=\"noopener nofollow\">www.vicma.es<\/a><br \/>\n<a href=\"http:\/\/www.canovaselectrodomesticos.com\/\" target=\"_blank\" rel=\"noopener nofollow\">www.canovas\u00adelectro\u00addomesticos.com<\/a><br \/>\n<a href=\"http:\/\/www.tiendaonline.todopintura.es\/\" target=\"_blank\" rel=\"noopener nofollow\">www.tiendaonline.todopin.es<\/a><\/p>\n<\/div><\/div><\/div><\/section>\n<\/div><\/p><\/div><div class='av-flex-placeholder'><\/div>\n<style type=\"text\/css\" data-created_by=\"avia_inline_auto\" id=\"style-css-av-5apm-c6086e79ea881ee8a0d0d86950a75892\">\n.flex_column.av-5apm-c6086e79ea881ee8a0d0d86950a75892{\nborder-radius:0px 0px 0px 0px;\npadding:15px 15px 15px 15px;\n}\n<\/style>\n<div  class='flex_column av-5apm-c6086e79ea881ee8a0d0d86950a75892 av_one_third  avia-builder-el-15  el_after_av_one_third  el_before_av_hr  en_border flex_column_table_cell av-equal-height-column av-align-top  column-top-margin'     ><p>\n<style type=\"text\/css\" data-created_by=\"avia_inline_auto\" id=\"style-css-av-jkazjbj3-4ee3218d44dd1569fd9b55a037d86a65\">\n.avia-image-container.av-jkazjbj3-4ee3218d44dd1569fd9b55a037d86a65 img.avia_image{\nbox-shadow:none;\n}\n.avia-image-container.av-jkazjbj3-4ee3218d44dd1569fd9b55a037d86a65 .av-image-caption-overlay-center{\ncolor:#ffffff;\nfont-size:16px;\n}\n<\/style>\n<div  class='avia-image-container av-jkazjbj3-4ee3218d44dd1569fd9b55a037d86a65 av-styling-no-styling avia-align-center  avia-builder-el-16  el_before_av_toggle_container  avia-builder-el-first '   itemprop=\"image\" itemscope=\"itemscope\" itemtype=\"https:\/\/schema.org\/ImageObject\" ><div class=\"avia-image-container-inner\"><div class=\"avia-image-overlay-wrap\"><img decoding=\"async\" fetchpriority=\"high\" class='wp-image-3895 avia-img-lazy-loading-not-3895 avia_image ' src=\"https:\/\/epages.com\/wp-content\/uploads\/2018\/09\/viamodul-fr.png\" alt='viamodul' title='viamodul fr'  height=\"240\" width=\"600\"  itemprop=\"thumbnailUrl\" srcset=\"https:\/\/epages.com\/wp-content\/uploads\/2018\/09\/viamodul-fr.png 600w, https:\/\/epages.com\/wp-content\/uploads\/2018\/09\/viamodul-fr-300x120.png 300w, https:\/\/epages.com\/wp-content\/uploads\/2018\/09\/viamodul-fr-450x180.png 450w\" sizes=\"(max-width: 600px) 100vw, 600px\" \/><\/div><\/div><\/div><br \/>\n<div  class='togglecontainer av-jkmfxr0u-3221951975b3ece73fb4e0b973c252df  avia-builder-el-17  el_after_av_image  avia-builder-el-last  toggle_close_all' >\n<section class='av_toggle_section av-87n42j-e57c4a63058dfa052f6f0eeea0986971'  itemscope=\"itemscope\" itemtype=\"https:\/\/schema.org\/CreativeWork\" ><div role=\"tablist\" class=\"single_toggle\" data-tags=\"{Todo} \"  ><p id='toggle-toggle-id-3' data-fake-id='#toggle-id-3' class='toggler  av-title-above '  itemprop=\"headline\"  role='tab' tabindex='0' aria-controls='toggle-id-3' data-slide-speed=\"200\" data-title=\"Viamodul, Portugal\" data-title-open=\"\">Viamodul, Portugal<span class=\"toggle_icon\"><span class=\"vert_icon\"><\/span><span class=\"hor_icon\"><\/span><\/span><\/p><div id='toggle-id-3' aria-labelledby='toggle-toggle-id-3' role='region' class='toggle_wrap  av-title-above'  ><div class='toggle_content invers-color '  itemprop=\"text\" ><h4>Viamodul<\/h4>\n<p>Estrada da Ponte, n\u00ba 2 &#8211; Quinta Grande &#8211; Alfragide<br \/>\n2610-141<br \/>\nAmadora<br \/>\n<a href=\"http:\/\/www.viamodul.pt\/%C2%A0\" target=\"_blank\" rel=\"noopener nofollow\">http:\/\/www.viamodul.pt\/<\/a><\/p>\n<\/div><\/div><\/div><\/section>\n<\/div><\/p><\/div><\/div><!--close column table wrapper. Autoclose: 1 -->\n<style type=\"text\/css\" data-created_by=\"avia_inline_auto\" id=\"style-css-av-jlw2zosi-ca75a500db0a8126b51e8912a6e24648\">\n#top .hr.hr-invisible.av-jlw2zosi-ca75a500db0a8126b51e8912a6e24648{\nheight:50px;\n}\n<\/style>\n<div  class='hr av-jlw2zosi-ca75a500db0a8126b51e8912a6e24648 hr-invisible  avia-builder-el-18  el_after_av_one_third  el_before_av_one_third  av-small-hide av-mini-hide'><span class='hr-inner '><span class=\"hr-inner-style\"><\/span><\/span><\/div>\n<div class='flex_column_table av-5apm-4ffbb71b93286c795caaf2b752d458e9 sc-av_one_third av-equal-height-column-flextable'>\n<style type=\"text\/css\" data-created_by=\"avia_inline_auto\" id=\"style-css-av-5apm-4ffbb71b93286c795caaf2b752d458e9\">\n.flex_column.av-5apm-4ffbb71b93286c795caaf2b752d458e9{\nborder-radius:0px 0px 0px 0px;\npadding:15px 15px 15px 15px;\n}\n<\/style>\n<div  class='flex_column av-5apm-4ffbb71b93286c795caaf2b752d458e9 av_one_third  avia-builder-el-19  el_after_av_hr  el_before_av_one_third  en_border first flex_column_table_cell av-equal-height-column av-align-top  '     ><p>\n<style type=\"text\/css\" data-created_by=\"avia_inline_auto\" id=\"style-css-av-jkazjbj3-a3a9da76a62c9891d89897f6f9172173\">\n.avia-image-container.av-jkazjbj3-a3a9da76a62c9891d89897f6f9172173 img.avia_image{\nbox-shadow:none;\n}\n.avia-image-container.av-jkazjbj3-a3a9da76a62c9891d89897f6f9172173 .av-image-caption-overlay-center{\ncolor:#ffffff;\nfont-size:16px;\n}\n<\/style>\n<div  class='avia-image-container av-jkazjbj3-a3a9da76a62c9891d89897f6f9172173 av-styling-no-styling avia-align-center  avia-builder-el-20  el_before_av_toggle_container  avia-builder-el-first '   itemprop=\"image\" itemscope=\"itemscope\" itemtype=\"https:\/\/schema.org\/ImageObject\" ><div class=\"avia-image-container-inner\"><div class=\"avia-image-overlay-wrap\"><img decoding=\"async\" fetchpriority=\"high\" class='wp-image-3901 avia-img-lazy-loading-not-3901 avia_image ' src=\"https:\/\/epages.com\/wp-content\/uploads\/2018\/09\/creadtibe-fr.jpg\" alt='creadtibe' title='creadtibe fr'  height=\"240\" width=\"600\"  itemprop=\"thumbnailUrl\" srcset=\"https:\/\/epages.com\/wp-content\/uploads\/2018\/09\/creadtibe-fr.jpg 600w, https:\/\/epages.com\/wp-content\/uploads\/2018\/09\/creadtibe-fr-300x120.jpg 300w, https:\/\/epages.com\/wp-content\/uploads\/2018\/09\/creadtibe-fr-450x180.jpg 450w\" sizes=\"(max-width: 600px) 100vw, 600px\" \/><\/div><\/div><\/div><br \/>\n<div  class='togglecontainer av-jkmfxr0u-3221951975b3ece73fb4e0b973c252df  avia-builder-el-21  el_after_av_image  avia-builder-el-last  toggle_close_all' >\n<section class='av_toggle_section av-250baz-75b4c8071936637b9917e5d13113bf2b'  itemscope=\"itemscope\" itemtype=\"https:\/\/schema.org\/CreativeWork\" ><div role=\"tablist\" class=\"single_toggle\" data-tags=\"{Todo} \"  ><p id='toggle-toggle-id-4' data-fake-id='#toggle-id-4' class='toggler  av-title-above '  itemprop=\"headline\"  role='tab' tabindex='0' aria-controls='toggle-id-4' data-slide-speed=\"200\" data-title=\"Creadtibe, Espa\u00f1a\" data-title-open=\"\">Creadtibe, Espa\u00f1a<span class=\"toggle_icon\"><span class=\"vert_icon\"><\/span><span class=\"hor_icon\"><\/span><\/span><\/p><div id='toggle-id-4' aria-labelledby='toggle-toggle-id-4' role='region' class='toggle_wrap  av-title-above'  ><div class='toggle_content invers-color '  itemprop=\"text\" ><h4>Creadtibe<\/h4>\n<p>Gran V\u00eda 73 1B<br \/>\n28013 Madrid<br \/>\n<a href=\"http:\/\/www.creadtibe.com\" target=\"_blank\" rel=\"noopener nofollow\">www.creadtibe.com<\/a><\/p>\n<\/div><\/div><\/div><\/section>\n<\/div><\/p><\/div><div class='av-flex-placeholder'><\/div>\n<style type=\"text\/css\" data-created_by=\"avia_inline_auto\" id=\"style-css-av-5apm-c6086e79ea881ee8a0d0d86950a75892\">\n.flex_column.av-5apm-c6086e79ea881ee8a0d0d86950a75892{\nborder-radius:0px 0px 0px 0px;\npadding:15px 15px 15px 15px;\n}\n<\/style>\n<div  class='flex_column av-5apm-c6086e79ea881ee8a0d0d86950a75892 av_one_third  avia-builder-el-22  el_after_av_one_third  el_before_av_one_third  en_border flex_column_table_cell av-equal-height-column av-align-top  '     ><p>\n<style type=\"text\/css\" data-created_by=\"avia_inline_auto\" id=\"style-css-av-jkazjbj3-f154aef7f322a481d0d05a2d2b471f45\">\n.avia-image-container.av-jkazjbj3-f154aef7f322a481d0d05a2d2b471f45 img.avia_image{\nbox-shadow:none;\n}\n.avia-image-container.av-jkazjbj3-f154aef7f322a481d0d05a2d2b471f45 .av-image-caption-overlay-center{\ncolor:#ffffff;\nfont-size:16px;\n}\n<\/style>\n<div  class='avia-image-container av-jkazjbj3-f154aef7f322a481d0d05a2d2b471f45 av-styling-no-styling avia-align-center  avia-builder-el-23  el_before_av_toggle_container  avia-builder-el-first '   itemprop=\"image\" itemscope=\"itemscope\" itemtype=\"https:\/\/schema.org\/ImageObject\" ><div class=\"avia-image-container-inner\"><div class=\"avia-image-overlay-wrap\"><img decoding=\"async\" fetchpriority=\"high\" class='wp-image-3907 avia-img-lazy-loading-not-3907 avia_image ' src=\"https:\/\/epages.com\/wp-content\/uploads\/2018\/09\/deltasoft-fr.png\" alt='deltasoft' title='deltasoft fr'  height=\"240\" width=\"600\"  itemprop=\"thumbnailUrl\" srcset=\"https:\/\/epages.com\/wp-content\/uploads\/2018\/09\/deltasoft-fr.png 600w, https:\/\/epages.com\/wp-content\/uploads\/2018\/09\/deltasoft-fr-300x120.png 300w, https:\/\/epages.com\/wp-content\/uploads\/2018\/09\/deltasoft-fr-450x180.png 450w\" sizes=\"(max-width: 600px) 100vw, 600px\" \/><\/div><\/div><\/div><br \/>\n<div  class='togglecontainer av-jkmfxr0u-3221951975b3ece73fb4e0b973c252df  avia-builder-el-24  el_after_av_image  avia-builder-el-last  toggle_close_all' >\n<section class='av_toggle_section av-3ih7yj-e8cf3c55ac77bae1e20f5c08123eb1f6'  itemscope=\"itemscope\" itemtype=\"https:\/\/schema.org\/CreativeWork\" ><div role=\"tablist\" class=\"single_toggle\" data-tags=\"{Todo} \"  ><p id='toggle-toggle-id-5' data-fake-id='#toggle-id-5' class='toggler  av-title-above '  itemprop=\"headline\"  role='tab' tabindex='0' aria-controls='toggle-id-5' data-slide-speed=\"200\" data-title=\"Deltasoft, Italia\" data-title-open=\"\">Deltasoft, Italia<span class=\"toggle_icon\"><span class=\"vert_icon\"><\/span><span class=\"hor_icon\"><\/span><\/span><\/p><div id='toggle-id-5' aria-labelledby='toggle-toggle-id-5' role='region' class='toggle_wrap  av-title-above'  ><div class='toggle_content invers-color '  itemprop=\"text\" ><h4>Deltasoft<\/h4>\n<p>via Cjavecis 7 (UD) &#8211; Palazzo Bran<br \/>\n33100 Udine<br \/>\n<a href=\"http:\/\/www.deltasoft.it\/index.php?s=2&amp;c=151\" target=\"_blank\" rel=\"noopener nofollow\">www.deltasoft.it\/<\/a><\/p>\n<\/div><\/div><\/div><\/section>\n<\/div><\/p><\/div><div class='av-flex-placeholder'><\/div>\n<style type=\"text\/css\" data-created_by=\"avia_inline_auto\" id=\"style-css-av-5apm-c6086e79ea881ee8a0d0d86950a75892\">\n.flex_column.av-5apm-c6086e79ea881ee8a0d0d86950a75892{\nborder-radius:0px 0px 0px 0px;\npadding:15px 15px 15px 15px;\n}\n<\/style>\n<div  class='flex_column av-5apm-c6086e79ea881ee8a0d0d86950a75892 av_one_third  avia-builder-el-25  el_after_av_one_third  avia-builder-el-last  en_border flex_column_table_cell av-equal-height-column av-align-top  '     ><p>\n<style type=\"text\/css\" data-created_by=\"avia_inline_auto\" id=\"style-css-av-jkazjbj3-5dd867e0b5ccc974767202ac59c03d42\">\n.avia-image-container.av-jkazjbj3-5dd867e0b5ccc974767202ac59c03d42 img.avia_image{\nbox-shadow:none;\n}\n.avia-image-container.av-jkazjbj3-5dd867e0b5ccc974767202ac59c03d42 .av-image-caption-overlay-center{\ncolor:#ffffff;\nfont-size:16px;\n}\n<\/style>\n<div  class='avia-image-container av-jkazjbj3-5dd867e0b5ccc974767202ac59c03d42 av-styling-no-styling avia-align-center  avia-builder-el-26  el_before_av_toggle_container  avia-builder-el-first '   itemprop=\"image\" itemscope=\"itemscope\" itemtype=\"https:\/\/schema.org\/ImageObject\" ><div class=\"avia-image-container-inner\"><div class=\"avia-image-overlay-wrap\"><img decoding=\"async\" fetchpriority=\"high\" class='wp-image-3913 avia-img-lazy-loading-not-3913 avia_image ' src=\"https:\/\/epages.com\/wp-content\/uploads\/2018\/09\/infoclip-fr.png\" alt='infoclip' title='infoclip fr'  height=\"240\" width=\"600\"  itemprop=\"thumbnailUrl\" srcset=\"https:\/\/epages.com\/wp-content\/uploads\/2018\/09\/infoclip-fr.png 600w, https:\/\/epages.com\/wp-content\/uploads\/2018\/09\/infoclip-fr-300x120.png 300w, https:\/\/epages.com\/wp-content\/uploads\/2018\/09\/infoclip-fr-450x180.png 450w\" sizes=\"(max-width: 600px) 100vw, 600px\" \/><\/div><\/div><\/div><br \/>\n<div  class='togglecontainer av-jkmfxr0u-3221951975b3ece73fb4e0b973c252df  avia-builder-el-27  el_after_av_image  avia-builder-el-last  toggle_close_all' >\n<section class='av_toggle_section av-365jqj-32659ae16ed8146178dde247bfe3cce6'  itemscope=\"itemscope\" itemtype=\"https:\/\/schema.org\/CreativeWork\" ><div role=\"tablist\" class=\"single_toggle\" data-tags=\"{Todo} \"  ><p id='toggle-toggle-id-6' data-fake-id='#toggle-id-6' class='toggler  av-title-above '  itemprop=\"headline\"  role='tab' tabindex='0' aria-controls='toggle-id-6' data-slide-speed=\"200\" data-title=\"Infoclip, Francia\" data-title-open=\"\">Infoclip, Francia<span class=\"toggle_icon\"><span class=\"vert_icon\"><\/span><span class=\"hor_icon\"><\/span><\/span><\/p><div id='toggle-id-6' aria-labelledby='toggle-toggle-id-6' role='region' class='toggle_wrap  av-title-above'  ><div class='toggle_content invers-color '  itemprop=\"text\" ><h4>Infoclip<\/h4>\n<p>32, Avenue Corentin Cariou<br \/>\n75019 Paris<br \/>\n<a href=\"http:\/\/www.infoclip.fr\/\" target=\"_blank\" rel=\"noopener nofollow\">www.infoclip.fr<\/a><\/p>\n<\/div><\/div><\/div><\/section>\n<\/div><\/p><\/div><\/div><!--close column table wrapper. Autoclose: 1 -->\n","protected":false},"excerpt":{"rendered":"","protected":false},"author":2,"featured_media":0,"parent":5047,"menu_order":0,"comment_status":"closed","ping_status":"closed","template":"","meta":{"footnotes":""},"class_list":["post-5083","page","type-page","status-publish","hentry"],"_links":{"self":[{"href":"https:\/\/epages.com\/es\/wp-json\/wp\/v2\/pages\/5083"}],"collection":[{"href":"https:\/\/epages.com\/es\/wp-json\/wp\/v2\/pages"}],"about":[{"href":"https:\/\/epages.com\/es\/wp-json\/wp\/v2\/types\/page"}],"author":[{"embeddable":true,"href":"https:\/\/epages.com\/es\/wp-json\/wp\/v2\/users\/2"}],"replies":[{"embeddable":true,"href":"https:\/\/epages.com\/es\/wp-json\/wp\/v2\/comments?post=5083"}],"version-history":[{"count":5,"href":"https:\/\/epages.com\/es\/wp-json\/wp\/v2\/pages\/5083\/revisions"}],"predecessor-version":[{"id":46460,"href":"https:\/\/epages.com\/es\/wp-json\/wp\/v2\/pages\/5083\/revisions\/46460"}],"up":[{"embeddable":true,"href":"https:\/\/epages.com\/es\/wp-json\/wp\/v2\/pages\/5047"}],"wp:attachment":[{"href":"https:\/\/epages.com\/es\/wp-json\/wp\/v2\/media?parent=5083"}],"curies":[{"name":"wp","href":"https:\/\/api.w.org\/{rel}","templated":true}]}}