{"id":5079,"date":"2018-09-27T08:51:28","date_gmt":"2018-09-27T06:51:28","guid":{"rendered":"https:\/\/epages.com?page_id=5079"},"modified":"2018-12-12T15:39:18","modified_gmt":"2018-12-12T14:39:18","slug":"multistore","status":"publish","type":"page","link":"https:\/\/epages.com\/es\/tienda-online\/multistore\/","title":{"rendered":"Multistore"},"content":{"rendered":"\n<style type=\"text\/css\" data-created_by=\"avia_inline_auto\" id=\"style-css-av-jgw6lf2x-98a81506fb2e2a600153ad79f3f203b8\">\n.avia-section.av-jgw6lf2x-98a81506fb2e2a600153ad79f3f203b8{\nbackground-repeat:no-repeat;\nbackground-image:url(https:\/\/epages.com\/wp-content\/uploads\/2018\/08\/multistore-header.jpg);\nbackground-position:50% 50%;\nbackground-attachment:scroll;\n}\n<\/style>\n<div id='av_section_1'  class='avia-section av-jgw6lf2x-98a81506fb2e2a600153ad79f3f203b8 main_color avia-section-default avia-no-border-styling  avia-builder-el-0  el_before_av_section  avia-builder-el-first  en_headerbild en_bg_multistore1 avia-full-stretch avia-bg-style-scroll container_wrap fullsize'  data-section-bg-repeat='stretch'><div class='container av-section-cont-open' ><main  role=\"main\" itemprop=\"mainContentOfPage\"  class='template-page content  av-content-full alpha units'><div class='post-entry post-entry-type-page post-entry-5079'><div class='entry-content-wrapper clearfix'>\n\n<style type=\"text\/css\" data-created_by=\"avia_inline_auto\" id=\"style-css-av-jgw6pl47-da062789ea1e41bf55be2ef340603f61\">\n#top .hr.hr-invisible.av-jgw6pl47-da062789ea1e41bf55be2ef340603f61{\nmargin-top:0px;\nheight:1px;\n}\n<\/style>\n<div  class='hr av-jgw6pl47-da062789ea1e41bf55be2ef340603f61 hr-invisible  avia-builder-el-1  el_before_av_hr  avia-builder-el-first  en_headerabstand av-small-hide av-mini-hide'><span class='hr-inner '><span class=\"hr-inner-style\"><\/span><\/span><\/div>\n\n<style type=\"text\/css\" data-created_by=\"avia_inline_auto\" id=\"style-css-av-jgw6pl47-da062789ea1e41bf55be2ef340603f61\">\n#top .hr.hr-invisible.av-jgw6pl47-da062789ea1e41bf55be2ef340603f61{\nmargin-top:0px;\nheight:1px;\n}\n<\/style>\n<div  class='hr av-jgw6pl47-da062789ea1e41bf55be2ef340603f61 hr-invisible  avia-builder-el-2  el_after_av_hr  el_before_av_two_third  en_headerabstand av-small-hide av-mini-hide'><span class='hr-inner '><span class=\"hr-inner-style\"><\/span><\/span><\/div>\n\n<style type=\"text\/css\" data-created_by=\"avia_inline_auto\" id=\"style-css-av-3rd4-d6a683e94dcbcb970f0316fdb9b68405\">\n.flex_column.av-3rd4-d6a683e94dcbcb970f0316fdb9b68405{\nborder-radius:0px 0px 0px 0px;\npadding:0px 0px 0px 0px;\n}\n<\/style>\n<div  class='flex_column av-3rd4-d6a683e94dcbcb970f0316fdb9b68405 av_two_third  avia-builder-el-3  el_after_av_hr  avia-builder-el-last  first flex_column_div av-zero-column-padding  '     ><style type=\"text\/css\" data-created_by=\"avia_inline_auto\" id=\"style-css-av-av_heading-264bac7f0abe7d358969ab7d6b5f3197\">\n#top .av-special-heading.av-av_heading-264bac7f0abe7d358969ab7d6b5f3197{\npadding-bottom:10px;\ncolor:#ffffff;\n}\nbody .av-special-heading.av-av_heading-264bac7f0abe7d358969ab7d6b5f3197 .av-special-heading-tag .heading-char{\nfont-size:25px;\n}\n.av-special-heading.av-av_heading-264bac7f0abe7d358969ab7d6b5f3197 .special-heading-inner-border{\nborder-color:#ffffff;\n}\n.av-special-heading.av-av_heading-264bac7f0abe7d358969ab7d6b5f3197 .av-subheading{\nfont-size:15px;\n}\n<\/style>\n<div  class='av-special-heading av-av_heading-264bac7f0abe7d358969ab7d6b5f3197 av-special-heading-h1 custom-color-heading blockquote modern-quote  avia-builder-el-4  avia-builder-el-no-sibling '><h1 class='av-special-heading-tag '  itemprop=\"headline\"  >ePages Multistore<\/h1><div class=\"special-heading-border\"><div class=\"special-heading-inner-border\"><\/div><\/div><\/div><\/div><\/div><\/div><\/main><!-- close content main element --><\/div><\/div><div id='av_section_2'  class='avia-section av-701e-8b2cd89cad718a8f2768038ce5aa67b7 main_color avia-section-large avia-no-border-styling  avia-builder-el-5  el_after_av_section  el_before_av_section  avia-bg-style-scroll container_wrap fullsize'  ><div class='container av-section-cont-open' ><div class='template-page content  av-content-full alpha units'><div class='post-entry post-entry-type-page post-entry-5079'><div class='entry-content-wrapper clearfix'>\n\n<style type=\"text\/css\" data-created_by=\"avia_inline_auto\" id=\"style-css-av-5apm-30dca3a8e5b28ad80cc6d1cf63dab7af\">\n.flex_column.av-5apm-30dca3a8e5b28ad80cc6d1cf63dab7af{\nborder-radius:0px 0px 0px 0px;\npadding:0px 0px 0px 0px;\n}\n<\/style>\n<div  class='flex_column av-5apm-30dca3a8e5b28ad80cc6d1cf63dab7af av_one_full  avia-builder-el-6  avia-builder-el-no-sibling  first flex_column_div av-zero-column-padding  '     ><p>\n<style type=\"text\/css\" data-created_by=\"avia_inline_auto\" id=\"style-css-av-jmkeb353-d678b30c154b956b6f951ec4f65a8e62\">\n#top .av-special-heading.av-jmkeb353-d678b30c154b956b6f951ec4f65a8e62{\npadding-bottom:10px;\n}\nbody .av-special-heading.av-jmkeb353-d678b30c154b956b6f951ec4f65a8e62 .av-special-heading-tag .heading-char{\nfont-size:25px;\n}\n.av-special-heading.av-jmkeb353-d678b30c154b956b6f951ec4f65a8e62 .av-subheading{\nfont-size:15px;\n}\n<\/style>\n<div  class='av-special-heading av-jmkeb353-d678b30c154b956b6f951ec4f65a8e62 av-special-heading-h2 blockquote modern-quote modern-centered  avia-builder-el-7  el_before_av_textblock  avia-builder-el-first '><h2 class='av-special-heading-tag '  itemprop=\"headline\"  >Una red de tiendas con gran flexibilidad<\/h2><div class=\"special-heading-border\"><div class=\"special-heading-inner-border\"><\/div><\/div><\/div><br \/>\n<section  class='av_textblock_section av-42fq-c7fb32f1a6f772d4ad6c8a678cdfe6aa '   itemscope=\"itemscope\" itemtype=\"https:\/\/schema.org\/CreativeWork\" ><div class='avia_textblock'  itemprop=\"text\" ><p style=\"text-align: center;\">Con ePages Multistore puedes crear una red de tiendas online con m\u00faltiples opciones para colaborar con otros participantes o vender tus productos a trav\u00e9s de diferentes tiendas, adapt\u00e1ndolas a diferentes p\u00fablicos.<\/p>\n<\/div><\/section><\/p><\/div>\n<\/p>\n<\/div><\/div><\/div><!-- close content main div --><\/div><\/div><div id='av_section_3'  class='avia-section av-701e-1c77800b0ea552b905c3cae4315d0f51 alternate_color avia-section-large avia-no-border-styling  avia-builder-el-9  el_after_av_section  el_before_av_section  avia-bg-style-scroll container_wrap fullsize'  ><div class='container av-section-cont-open' ><div class='template-page content  av-content-full alpha units'><div class='post-entry post-entry-type-page post-entry-5079'><div class='entry-content-wrapper clearfix'>\n\n<style type=\"text\/css\" data-created_by=\"avia_inline_auto\" id=\"style-css-av-5apm-30dca3a8e5b28ad80cc6d1cf63dab7af\">\n.flex_column.av-5apm-30dca3a8e5b28ad80cc6d1cf63dab7af{\nborder-radius:0px 0px 0px 0px;\npadding:0px 0px 0px 0px;\n}\n<\/style>\n<div  class='flex_column av-5apm-30dca3a8e5b28ad80cc6d1cf63dab7af av_one_full  avia-builder-el-10  el_before_av_one_third  avia-builder-el-first  first flex_column_div av-zero-column-padding  '     ><style type=\"text\/css\" data-created_by=\"avia_inline_auto\" id=\"style-css-av-jmkebhk7-7d7ad66afeac9c8dc47976aff3d17e2b\">\n#top .av-special-heading.av-jmkebhk7-7d7ad66afeac9c8dc47976aff3d17e2b{\npadding-bottom:10px;\n}\nbody .av-special-heading.av-jmkebhk7-7d7ad66afeac9c8dc47976aff3d17e2b .av-special-heading-tag .heading-char{\nfont-size:25px;\n}\n.av-special-heading.av-jmkebhk7-7d7ad66afeac9c8dc47976aff3d17e2b .av-subheading{\nfont-size:15px;\n}\n<\/style>\n<div  class='av-special-heading av-jmkebhk7-7d7ad66afeac9c8dc47976aff3d17e2b av-special-heading-h2 blockquote modern-quote modern-centered  avia-builder-el-11  avia-builder-el-no-sibling '><h2 class='av-special-heading-tag '  itemprop=\"headline\"  >Ventajas de ePages Multistore<\/h2><div class=\"special-heading-border\"><div class=\"special-heading-inner-border\"><\/div><\/div><\/div><\/div>\n<style type=\"text\/css\" data-created_by=\"avia_inline_auto\" id=\"style-css-av-5apm-30dca3a8e5b28ad80cc6d1cf63dab7af\">\n.flex_column.av-5apm-30dca3a8e5b28ad80cc6d1cf63dab7af{\nborder-radius:0px 0px 0px 0px;\npadding:0px 0px 0px 0px;\n}\n<\/style>\n<div  class='flex_column av-5apm-30dca3a8e5b28ad80cc6d1cf63dab7af av_one_third  avia-builder-el-12  el_after_av_one_full  el_before_av_one_third  first flex_column_div av-zero-column-padding  column-top-margin'     ><p>\n<style type=\"text\/css\" data-created_by=\"avia_inline_auto\" id=\"style-css-av-jkc7osuh-3014c2fc5632cbc93567d7282574b988\">\n.avia-image-container.av-jkc7osuh-3014c2fc5632cbc93567d7282574b988 img.avia_image{\nbox-shadow:none;\n}\n.avia-image-container.av-jkc7osuh-3014c2fc5632cbc93567d7282574b988 .av-image-caption-overlay-center{\ncolor:#ffffff;\n}\n<\/style>\n<div  class='avia-image-container av-jkc7osuh-3014c2fc5632cbc93567d7282574b988 av-styling- avia-align-left  avia-builder-el-13  el_before_av_heading  avia-builder-el-first  en_clear en_mobilmittig'   itemprop=\"image\" itemscope=\"itemscope\" itemtype=\"https:\/\/schema.org\/ImageObject\" ><div class=\"avia-image-container-inner\"><div class=\"avia-image-overlay-wrap\"><img decoding=\"async\" fetchpriority=\"high\" class='wp-image-1368 avia-img-lazy-loading-not-1368 avia_image ' src=\"https:\/\/epages.com\/wp-content\/uploads\/2018\/08\/icon-network.svg\" alt='icon-network' title='icon-network'   itemprop=\"thumbnailUrl\"  \/><\/div><\/div><\/div><br \/>\n\n<style type=\"text\/css\" data-created_by=\"avia_inline_auto\" id=\"style-css-av-jmkebniv-bbd9d1522dd48bbe7e4e18259261dc5a\">\n#top .av-special-heading.av-jmkebniv-bbd9d1522dd48bbe7e4e18259261dc5a{\nmargin:20px 0 -10px 0;\npadding-bottom:10px;\n}\nbody .av-special-heading.av-jmkebniv-bbd9d1522dd48bbe7e4e18259261dc5a .av-special-heading-tag .heading-char{\nfont-size:25px;\n}\n.av-special-heading.av-jmkebniv-bbd9d1522dd48bbe7e4e18259261dc5a .av-subheading{\nfont-size:15px;\n}\n<\/style>\n<div  class='av-special-heading av-jmkebniv-bbd9d1522dd48bbe7e4e18259261dc5a av-special-heading-h3 blockquote modern-quote  avia-builder-el-14  el_after_av_image  el_before_av_textblock '><h3 class='av-special-heading-tag '  itemprop=\"headline\"  >Subtiendas de administraci\u00f3n propia<\/h3><div class=\"special-heading-border\"><div class=\"special-heading-inner-border\"><\/div><\/div><\/div><br \/>\n<section  class='av_textblock_section av-42fq-c7fb32f1a6f772d4ad6c8a678cdfe6aa '   itemscope=\"itemscope\" itemtype=\"https:\/\/schema.org\/CreativeWork\" ><div class='avia_textblock'  itemprop=\"text\" ><p style=\"text-align: left;\">Los vendedores m\u00e1s grandes u organizaciones de obtenci\u00f3n pueden colaborar f\u00e1cilmente con vendedores m\u00e1s peque\u00f1os. Conectar su tienda central con una tienda local permite a sus partners de ventas exponer sus productos y venderlos con \u00e9xito.<\/p>\n<\/div><\/section><\/p><\/div>\n<style type=\"text\/css\" data-created_by=\"avia_inline_auto\" id=\"style-css-av-5apm-04f746b02aa90c3d0f1a824d8abee4bd\">\n.flex_column.av-5apm-04f746b02aa90c3d0f1a824d8abee4bd{\nborder-radius:0px 0px 0px 0px;\npadding:0px 0px 0px 0px;\n}\n<\/style>\n<div  class='flex_column av-5apm-04f746b02aa90c3d0f1a824d8abee4bd av_one_third  avia-builder-el-16  el_after_av_one_third  el_before_av_one_third  flex_column_div av-zero-column-padding  column-top-margin'     ><p>\n<style type=\"text\/css\" data-created_by=\"avia_inline_auto\" id=\"style-css-av-jkc7osuh-3ac4cd34dd27ab453412fb4178b3333d\">\n.avia-image-container.av-jkc7osuh-3ac4cd34dd27ab453412fb4178b3333d img.avia_image{\nbox-shadow:none;\n}\n.avia-image-container.av-jkc7osuh-3ac4cd34dd27ab453412fb4178b3333d .av-image-caption-overlay-center{\ncolor:#ffffff;\n}\n<\/style>\n<div  class='avia-image-container av-jkc7osuh-3ac4cd34dd27ab453412fb4178b3333d av-styling- avia-align-left  avia-builder-el-17  el_before_av_heading  avia-builder-el-first  en_clear en_mobilmittig'   itemprop=\"image\" itemscope=\"itemscope\" itemtype=\"https:\/\/schema.org\/ImageObject\" ><div class=\"avia-image-container-inner\"><div class=\"avia-image-overlay-wrap\"><img decoding=\"async\" fetchpriority=\"high\" class='wp-image-1374 avia-img-lazy-loading-not-1374 avia_image ' src=\"https:\/\/epages.com\/wp-content\/uploads\/2018\/08\/icon-hierarchy.svg\" alt='icon-hierarchy' title='icon-hierarchy'   itemprop=\"thumbnailUrl\"  \/><\/div><\/div><\/div><br \/>\n\n<style type=\"text\/css\" data-created_by=\"avia_inline_auto\" id=\"style-css-av-jmkebu1j-2c869d59908498a49242af58158bd60e\">\n#top .av-special-heading.av-jmkebu1j-2c869d59908498a49242af58158bd60e{\nmargin:20px 0 -10px 0;\npadding-bottom:10px;\n}\nbody .av-special-heading.av-jmkebu1j-2c869d59908498a49242af58158bd60e .av-special-heading-tag .heading-char{\nfont-size:25px;\n}\n.av-special-heading.av-jmkebu1j-2c869d59908498a49242af58158bd60e .av-subheading{\nfont-size:15px;\n}\n<\/style>\n<div  class='av-special-heading av-jmkebu1j-2c869d59908498a49242af58158bd60e av-special-heading-h3 blockquote modern-quote  avia-builder-el-18  el_after_av_image  el_before_av_textblock '><h3 class='av-special-heading-tag '  itemprop=\"headline\"  >Subtiendas centralizadas<\/h3><div class=\"special-heading-border\"><div class=\"special-heading-inner-border\"><\/div><\/div><\/div><br \/>\n<section  class='av_textblock_section av-42fq-c7fb32f1a6f772d4ad6c8a678cdfe6aa '   itemscope=\"itemscope\" itemtype=\"https:\/\/schema.org\/CreativeWork\" ><div class='avia_textblock'  itemprop=\"text\" ><p style=\"text-align: left;\">Otra opci\u00f3n permite a los grandes vendedores gestionar varias subtiendas, control\u00e1ndolas desde la administraci\u00f3n centralizada de la tienda principal. Esto puede ser una soluci\u00f3n ideal para cubrir necesidades espec\u00edficas de diferentes targets, ej. vender a la vez a clientes B2B y B2C.<\/p>\n<\/div><\/section><\/p><\/div>\n<style type=\"text\/css\" data-created_by=\"avia_inline_auto\" id=\"style-css-av-5apm-04f746b02aa90c3d0f1a824d8abee4bd\">\n.flex_column.av-5apm-04f746b02aa90c3d0f1a824d8abee4bd{\nborder-radius:0px 0px 0px 0px;\npadding:0px 0px 0px 0px;\n}\n<\/style>\n<div  class='flex_column av-5apm-04f746b02aa90c3d0f1a824d8abee4bd av_one_third  avia-builder-el-20  el_after_av_one_third  avia-builder-el-last  flex_column_div av-zero-column-padding  column-top-margin'     ><p>\n<style type=\"text\/css\" data-created_by=\"avia_inline_auto\" id=\"style-css-av-jkc7osuh-d162d4a5089aa7595bb36ae288d733e3\">\n.avia-image-container.av-jkc7osuh-d162d4a5089aa7595bb36ae288d733e3 img.avia_image{\nbox-shadow:none;\n}\n.avia-image-container.av-jkc7osuh-d162d4a5089aa7595bb36ae288d733e3 .av-image-caption-overlay-center{\ncolor:#ffffff;\n}\n<\/style>\n<div  class='avia-image-container av-jkc7osuh-d162d4a5089aa7595bb36ae288d733e3 av-styling- avia-align-left  avia-builder-el-21  el_before_av_heading  avia-builder-el-first  en_clear en_mobilmittig'   itemprop=\"image\" itemscope=\"itemscope\" itemtype=\"https:\/\/schema.org\/ImageObject\" ><div class=\"avia-image-container-inner\"><div class=\"avia-image-overlay-wrap\"><img decoding=\"async\" fetchpriority=\"high\" class='wp-image-1380 avia-img-lazy-loading-not-1380 avia_image ' src=\"https:\/\/epages.com\/wp-content\/uploads\/2018\/08\/icon-window.svg\" alt='icon-window' title='icon-window'   itemprop=\"thumbnailUrl\"  \/><\/div><\/div><\/div><br \/>\n\n<style type=\"text\/css\" data-created_by=\"avia_inline_auto\" id=\"style-css-av-jmkebzlv-673c949a16969a801220823b16988fef\">\n#top .av-special-heading.av-jmkebzlv-673c949a16969a801220823b16988fef{\nmargin:20px 0 -10px 0;\npadding-bottom:10px;\n}\nbody .av-special-heading.av-jmkebzlv-673c949a16969a801220823b16988fef .av-special-heading-tag .heading-char{\nfont-size:25px;\n}\n.av-special-heading.av-jmkebzlv-673c949a16969a801220823b16988fef .av-subheading{\nfont-size:15px;\n}\n<\/style>\n<div  class='av-special-heading av-jmkebzlv-673c949a16969a801220823b16988fef av-special-heading-h3 blockquote modern-quote  avia-builder-el-22  el_after_av_image  el_before_av_textblock '><h3 class='av-special-heading-tag '  itemprop=\"headline\"  >Nueva red de tiendas equipada con integraciones ERP<\/h3><div class=\"special-heading-border\"><div class=\"special-heading-inner-border\"><\/div><\/div><\/div><br \/>\n<section  class='av_textblock_section av-42fq-c7fb32f1a6f772d4ad6c8a678cdfe6aa '   itemscope=\"itemscope\" itemtype=\"https:\/\/schema.org\/CreativeWork\" ><div class='avia_textblock'  itemprop=\"text\" ><p style=\"text-align: left;\">Para minimizar cualquier complicaci\u00f3n que pueda surgir de la gesti\u00f3n y colaboraci\u00f3n de diferentes tiendas, se puede conectar f\u00e1cilmente la tienda principal a un sistema ERP, lo que garantiza una corrrecta gesti\u00f3n de los pedidos a la vez que mantiene a todos los participantes sincronizados.<\/p>\n<\/div><\/section><\/p><\/div>\n\n<\/div><\/div><\/div><!-- close content main div --><\/div><\/div>\n<style type=\"text\/css\" data-created_by=\"avia_inline_auto\" id=\"style-css-av-701e-7e24dcd474577a4b70c3cb2626e6ec1f\">\n.avia-section.av-701e-7e24dcd474577a4b70c3cb2626e6ec1f{\nbackground-repeat:no-repeat;\nbackground-image:url(https:\/\/epages.com\/wp-content\/uploads\/2018\/08\/hintergrund-coworking.jpg);\nbackground-position:100% 100%;\nbackground-attachment:scroll;\n}\n<\/style>\n<div id='av_section_4'  class='avia-section av-701e-7e24dcd474577a4b70c3cb2626e6ec1f main_color avia-section-large avia-no-border-styling  avia-builder-el-24  el_after_av_section  el_before_av_section  en_hintergrund avia-full-contain avia-bg-style-scroll container_wrap fullsize'  data-section-bg-repeat='contain'><div class='container av-section-cont-open' ><div class='template-page content  av-content-full alpha units'><div class='post-entry post-entry-type-page post-entry-5079'><div class='entry-content-wrapper clearfix'>\n<div class='flex_column_table av-5apm-5830455a8f181b13f59e0e0f9a1ecc4e sc-av_one_half av-equal-height-column-flextable'>\n<style type=\"text\/css\" data-created_by=\"avia_inline_auto\" id=\"style-css-av-5apm-5830455a8f181b13f59e0e0f9a1ecc4e\">\n.flex_column.av-5apm-5830455a8f181b13f59e0e0f9a1ecc4e{\nborder-radius:0px 0px 0px 0px;\npadding:0px 0px 0px 0px;\n}\n<\/style>\n<div  class='flex_column av-5apm-5830455a8f181b13f59e0e0f9a1ecc4e av_one_half  avia-builder-el-25  el_before_av_one_half  avia-builder-el-first  first flex_column_table_cell av-equal-height-column av-align-middle av-zero-column-padding  '     ><p>\n<style type=\"text\/css\" data-created_by=\"avia_inline_auto\" id=\"style-css-av-jmkecnhj-bfeaa1f27817a74af96a56d0942f47a0\">\n#top .av-special-heading.av-jmkecnhj-bfeaa1f27817a74af96a56d0942f47a0{\npadding-bottom:10px;\n}\nbody .av-special-heading.av-jmkecnhj-bfeaa1f27817a74af96a56d0942f47a0 .av-special-heading-tag .heading-char{\nfont-size:25px;\n}\n.av-special-heading.av-jmkecnhj-bfeaa1f27817a74af96a56d0942f47a0 .av-subheading{\nfont-size:15px;\n}\n<\/style>\n<div  class='av-special-heading av-jmkecnhj-bfeaa1f27817a74af96a56d0942f47a0 av-special-heading-h2 blockquote modern-quote  avia-builder-el-26  el_before_av_textblock  avia-builder-el-first '><h2 class='av-special-heading-tag '  itemprop=\"headline\"  >Partners de sistema ePages<\/h2><div class=\"special-heading-border\"><div class=\"special-heading-inner-border\"><\/div><\/div><\/div><br \/>\n<section  class='av_textblock_section av-42fq-b2174f1dca602a961c2e7ed6495620ce '   itemscope=\"itemscope\" itemtype=\"https:\/\/schema.org\/CreativeWork\" ><div class='avia_textblock'  itemprop=\"text\" ><p>Nuestros partners te ayudar\u00e1n a crear e implementar tu proyecto de Multistore Con su amplia experiencia pueden configurar y adaptar correctamente la red de ventas, para que se adec\u00fae a tu negocio y a la infraestructura IT.<\/p>\n<\/div><\/section><br \/>\n<div  class='avia-button-wrap av-jgw7spi6-abb95cf29e34daf43e6f9ec44c5542ae-wrap avia-button-left  avia-builder-el-28  el_after_av_textblock  avia-builder-el-last '><a href='https:\/\/epages.com\/es\/tienda-online\/implementacion\/'  class='avia-button av-jgw7spi6-abb95cf29e34daf43e6f9ec44c5542ae av-link-btn avia-icon_select-no avia-size-medium avia-position-left avia-color-black'   aria-label=\"Selecciona el partner de sistema\"><span class='avia_iconbox_title' >Selecciona el partner de sistema<\/span><\/a><\/div><\/p><\/div><div class='av-flex-placeholder'><\/div>\n<style type=\"text\/css\" data-created_by=\"avia_inline_auto\" id=\"style-css-av-5apm-143a367c5e051a5643762b8dcd0321b0\">\n.flex_column.av-5apm-143a367c5e051a5643762b8dcd0321b0{\nborder-radius:0px 0px 0px 0px;\npadding:0px 0px 0px 0px;\n}\n<\/style>\n<div  class='flex_column av-5apm-143a367c5e051a5643762b8dcd0321b0 av_one_half  avia-builder-el-29  el_after_av_one_half  avia-builder-el-last  flex_column_table_cell av-equal-height-column av-align-middle av-zero-column-padding avia-full-stretch  '     ><\/div><\/div><!--close column table wrapper. Autoclose: 1 -->\n\n<\/div><\/div><\/div><!-- close content main div --><\/div><\/div>\n<style type=\"text\/css\" data-created_by=\"avia_inline_auto\" id=\"style-css-av-701e-49015ff16aced98055564bae7e13cab1\">\n.avia-section.av-701e-49015ff16aced98055564bae7e13cab1{\nbackground-repeat:no-repeat;\nbackground-image:url(https:\/\/epages.com\/wp-content\/uploads\/2018\/08\/hintergrund-kontakt.jpg);\nbackground-position:50% 50%;\nbackground-attachment:scroll;\n}\n<\/style>\n<div id='av_section_5'  class='avia-section av-701e-49015ff16aced98055564bae7e13cab1 main_color avia-section-large avia-no-border-styling  avia-builder-el-30  el_after_av_section  avia-builder-el-last  en_bg_multistore2 avia-full-stretch avia-bg-style-scroll container_wrap fullsize'  data-section-bg-repeat='stretch'><div class='container av-section-cont-open' ><div class='template-page content  av-content-full alpha units'><div class='post-entry post-entry-type-page post-entry-5079'><div class='entry-content-wrapper clearfix'>\n\n<style type=\"text\/css\" data-created_by=\"avia_inline_auto\" id=\"style-css-av-5apm-30dca3a8e5b28ad80cc6d1cf63dab7af\">\n.flex_column.av-5apm-30dca3a8e5b28ad80cc6d1cf63dab7af{\nborder-radius:0px 0px 0px 0px;\npadding:0px 0px 0px 0px;\n}\n<\/style>\n<div  class='flex_column av-5apm-30dca3a8e5b28ad80cc6d1cf63dab7af av_one_half  avia-builder-el-31  el_before_av_one_half  avia-builder-el-first  first flex_column_div av-zero-column-padding  '     ><p>\n<style type=\"text\/css\" data-created_by=\"avia_inline_auto\" id=\"style-css-av-jmkedd5b-53307f879369209bd831dfffe18a762e\">\n#top .av-special-heading.av-jmkedd5b-53307f879369209bd831dfffe18a762e{\npadding-bottom:10px;\ncolor:#ffffff;\n}\nbody .av-special-heading.av-jmkedd5b-53307f879369209bd831dfffe18a762e .av-special-heading-tag .heading-char{\nfont-size:25px;\n}\n.av-special-heading.av-jmkedd5b-53307f879369209bd831dfffe18a762e .special-heading-inner-border{\nborder-color:#ffffff;\n}\n.av-special-heading.av-jmkedd5b-53307f879369209bd831dfffe18a762e .av-subheading{\nfont-size:15px;\n}\n<\/style>\n<div  class='av-special-heading av-jmkedd5b-53307f879369209bd831dfffe18a762e av-special-heading-h2 custom-color-heading blockquote modern-quote  avia-builder-el-32  el_before_av_textblock  avia-builder-el-first '><h2 class='av-special-heading-tag '  itemprop=\"headline\"  >Contacta con nosotros<\/h2><div class=\"special-heading-border\"><div class=\"special-heading-inner-border\"><\/div><\/div><\/div><br \/>\n\n<style type=\"text\/css\" data-created_by=\"avia_inline_auto\" id=\"style-css-av-42fq-609604e9dea56fb99aaa4ea8666efac3\">\n#top .av_textblock_section.av-42fq-609604e9dea56fb99aaa4ea8666efac3 .avia_textblock{\ncolor:#ffffff;\n}\n<\/style>\n<section  class='av_textblock_section av-42fq-609604e9dea56fb99aaa4ea8666efac3 '   itemscope=\"itemscope\" itemtype=\"https:\/\/schema.org\/CreativeWork\" ><div class='avia_textblock av_inherit_color'  itemprop=\"text\" ><p>\u00bfQuieres saber m\u00e1s detalles o te gustar\u00eda pedir un presupuesto personalizado? Rellena el formulario de contacto y nos pondremos en contacto contigo.<\/p>\n<\/div><\/section><\/p><\/div>\n<style type=\"text\/css\" data-created_by=\"avia_inline_auto\" id=\"style-css-av-5apm-702f0fd090d6ce12f2c01c687dac701b\">\n.flex_column.av-5apm-702f0fd090d6ce12f2c01c687dac701b{\nborder-radius:0px 0px 0px 0px;\npadding:0px 0px 0px 0px;\n}\n<\/style>\n<div  class='flex_column av-5apm-702f0fd090d6ce12f2c01c687dac701b av_one_half  avia-builder-el-34  el_after_av_one_half  avia-builder-el-last  flex_column_div av-zero-column-padding  '     ><form action=\"https:\/\/epages.com\/es\/tienda-online\/multistore\/\" method=\"post\" data-fields-with-error=\"Found errors in the following field(s):\" class=\"avia_ajax_form av-form-labels-hidden   avia-builder-el-35  avia-builder-el-no-sibling   \" data-avia-form-id=\"1\" data-avia-redirect='' ><fieldset><p class='  first_form  form_element form_fullwidth' id='element_avia_1_1'><label for=\"avia_1_1\">Nombre completo <abbr class=\"required\" title=\"requerido\">*<\/abbr><\/label> <input name=\"avia_1_1\" class=\"text_input is_empty\" type=\"text\" id=\"avia_1_1\" value=\"\"  placeholder='Nombre completo*'\/><\/p><p class='  first_form  form_element form_fullwidth' id='element_avia_2_1'><label for=\"avia_2_1\">Correo electr\u00f3nico <abbr class=\"required\" title=\"requerido\">*<\/abbr><\/label> <input name=\"avia_2_1\" class=\"text_input is_email\" type=\"text\" id=\"avia_2_1\" value=\"\"  placeholder='Correo electr\u00f3nico*'\/><\/p><p class='  first_form  form_element form_fullwidth' id='element_avia_3_1'><label for=\"avia_3_1\">Tel\u00e9fono<\/label> <input name=\"avia_3_1\" class=\"text_input \" type=\"text\" id=\"avia_3_1\" value=\"\"  placeholder='Tel\u00e9fono'\/><\/p><p class='  first_form  form_element form_fullwidth av-last-visible-form-element' id='element_avia_4_1'><label for=\"avia_4_1\" class=\"textare_label hidden textare_label_avia_4_1\">Mensaje <abbr class=\"required\" title=\"requerido\">*<\/abbr><\/label><textarea  placeholder='Mensaje*' name=\"avia_4_1\" class=\"text_area is_empty\" cols=\"40\" rows=\"7\" id=\"avia_4_1\" ><\/textarea><\/p><p class=\"hidden\"><input type=\"text\" name=\"avia_5_1\" class=\"hidden \" id=\"avia_5_1\" value=\"\" \/><\/p><p class=\"form_element \"><input type=\"hidden\" value=\"1\" name=\"avia_generated_form1\" \/><input type=\"submit\" value=\"Enviar mensaje\" class=\"button\"  data-sending-label=\"Enviando\"\/><\/p><\/fieldset><\/form><div id=\"ajaxresponse_1\" class=\"ajaxresponse ajaxresponse_1 hidden\"><\/div><\/div>\n\n","protected":false},"excerpt":{"rendered":"","protected":false},"author":2,"featured_media":0,"parent":5047,"menu_order":0,"comment_status":"closed","ping_status":"closed","template":"","meta":{"footnotes":""},"class_list":["post-5079","page","type-page","status-publish","hentry"],"_links":{"self":[{"href":"https:\/\/epages.com\/es\/wp-json\/wp\/v2\/pages\/5079"}],"collection":[{"href":"https:\/\/epages.com\/es\/wp-json\/wp\/v2\/pages"}],"about":[{"href":"https:\/\/epages.com\/es\/wp-json\/wp\/v2\/types\/page"}],"author":[{"embeddable":true,"href":"https:\/\/epages.com\/es\/wp-json\/wp\/v2\/users\/2"}],"replies":[{"embeddable":true,"href":"https:\/\/epages.com\/es\/wp-json\/wp\/v2\/comments?post=5079"}],"version-history":[{"count":2,"href":"https:\/\/epages.com\/es\/wp-json\/wp\/v2\/pages\/5079\/revisions"}],"predecessor-version":[{"id":7342,"href":"https:\/\/epages.com\/es\/wp-json\/wp\/v2\/pages\/5079\/revisions\/7342"}],"up":[{"embeddable":true,"href":"https:\/\/epages.com\/es\/wp-json\/wp\/v2\/pages\/5047"}],"wp:attachment":[{"href":"https:\/\/epages.com\/es\/wp-json\/wp\/v2\/media?parent=5079"}],"curies":[{"name":"wp","href":"https:\/\/api.w.org\/{rel}","templated":true}]}}