{"id":5043,"date":"2018-09-27T08:50:00","date_gmt":"2018-09-27T06:50:00","guid":{"rendered":"https:\/\/epages.com?page_id=5043"},"modified":"2026-01-15T13:00:13","modified_gmt":"2026-01-15T12:00:13","slug":"contacto","status":"publish","type":"page","link":"https:\/\/epages.com\/es\/contacto\/","title":{"rendered":"Contacto"},"content":{"rendered":"\n<style type=\"text\/css\" data-created_by=\"avia_inline_auto\" id=\"style-css-av-jgw6lf2x-233fca32075b97c8545c547a45e27931\">\n.avia-section.av-jgw6lf2x-233fca32075b97c8545c547a45e27931{\nbackground-repeat:no-repeat;\nbackground-image:url(https:\/\/epages.com\/wp-content\/uploads\/2025\/10\/adobestock_565546717.png);\nbackground-position:50% 50%;\nbackground-attachment:scroll;\n}\n<\/style>\n<div id='av_section_1'  class='avia-section av-jgw6lf2x-233fca32075b97c8545c547a45e27931 main_color avia-section-default avia-no-border-styling  avia-builder-el-0  el_before_av_section  avia-builder-el-first  en_headerbild avia-full-stretch avia-bg-style-scroll container_wrap fullsize'  data-section-bg-repeat='stretch'><div class='container av-section-cont-open' ><main  role=\"main\" itemprop=\"mainContentOfPage\"  class='template-page content  av-content-full alpha units'><div class='post-entry post-entry-type-page post-entry-5043'><div class='entry-content-wrapper clearfix'>\n\n<style type=\"text\/css\" data-created_by=\"avia_inline_auto\" id=\"style-css-av-jgw6pl47-da062789ea1e41bf55be2ef340603f61\">\n#top .hr.hr-invisible.av-jgw6pl47-da062789ea1e41bf55be2ef340603f61{\nmargin-top:0px;\nheight:1px;\n}\n<\/style>\n<div  class='hr av-jgw6pl47-da062789ea1e41bf55be2ef340603f61 hr-invisible  avia-builder-el-1  el_before_av_hr  avia-builder-el-first  en_headerabstand av-small-hide av-mini-hide'><span class='hr-inner '><span class=\"hr-inner-style\"><\/span><\/span><\/div>\n\n<style type=\"text\/css\" data-created_by=\"avia_inline_auto\" id=\"style-css-av-jgw6pl47-11-79d999a336d98dec74c66c076e626971\">\n#top .hr.hr-invisible.av-jgw6pl47-11-79d999a336d98dec74c66c076e626971{\nmargin-top:0px;\nheight:1px;\n}\n<\/style>\n<div  class='hr av-jgw6pl47-11-79d999a336d98dec74c66c076e626971 hr-invisible  avia-builder-el-2  el_after_av_hr  el_before_av_one_half  en_headerabstand av-small-hide av-mini-hide'><span class='hr-inner '><span class=\"hr-inner-style\"><\/span><\/span><\/div>\n\n<style type=\"text\/css\" data-created_by=\"avia_inline_auto\" id=\"style-css-av-3rd4-d6a683e94dcbcb970f0316fdb9b68405\">\n.flex_column.av-3rd4-d6a683e94dcbcb970f0316fdb9b68405{\nborder-radius:0px 0px 0px 0px;\npadding:0px 0px 0px 0px;\n}\n<\/style>\n<div  class='flex_column av-3rd4-d6a683e94dcbcb970f0316fdb9b68405 av_one_half  avia-builder-el-3  el_after_av_hr  avia-builder-el-last  first flex_column_div av-zero-column-padding  '     ><style type=\"text\/css\" data-created_by=\"avia_inline_auto\" id=\"style-css-av-jmkaq946-de8fb36c1ebe5e0aa893782c7d524382\">\n#top .av-special-heading.av-jmkaq946-de8fb36c1ebe5e0aa893782c7d524382{\npadding-bottom:10px;\ncolor:#ffffff;\n}\nbody .av-special-heading.av-jmkaq946-de8fb36c1ebe5e0aa893782c7d524382 .av-special-heading-tag .heading-char{\nfont-size:25px;\n}\n.av-special-heading.av-jmkaq946-de8fb36c1ebe5e0aa893782c7d524382 .special-heading-inner-border{\nborder-color:#ffffff;\n}\n.av-special-heading.av-jmkaq946-de8fb36c1ebe5e0aa893782c7d524382 .av-subheading{\nfont-size:15px;\n}\n<\/style>\n<div  class='av-special-heading av-jmkaq946-de8fb36c1ebe5e0aa893782c7d524382 av-special-heading-h1 custom-color-heading blockquote modern-quote  avia-builder-el-4  avia-builder-el-no-sibling '><h1 class='av-special-heading-tag '  itemprop=\"headline\"  >Contacta con nosotros<\/h1><div class=\"special-heading-border\"><div class=\"special-heading-inner-border\"><\/div><\/div><\/div><\/div>\n\n<\/div><\/div><\/main><!-- close content main element --><\/div><\/div><div id='av_section_2'  class='avia-section av-701e-8b2cd89cad718a8f2768038ce5aa67b7 main_color avia-section-large avia-no-border-styling  avia-builder-el-5  el_after_av_section  el_before_av_section  avia-bg-style-scroll container_wrap fullsize'  ><div class='container av-section-cont-open' ><div class='template-page content  av-content-full alpha units'><div class='post-entry post-entry-type-page post-entry-5043'><div class='entry-content-wrapper clearfix'>\n\n<style type=\"text\/css\" data-created_by=\"avia_inline_auto\" id=\"style-css-av-5apm-30dca3a8e5b28ad80cc6d1cf63dab7af\">\n.flex_column.av-5apm-30dca3a8e5b28ad80cc6d1cf63dab7af{\nborder-radius:0px 0px 0px 0px;\npadding:0px 0px 0px 0px;\n}\n<\/style>\n<div  class='flex_column av-5apm-30dca3a8e5b28ad80cc6d1cf63dab7af av_one_full  avia-builder-el-6  el_before_av_one_third  avia-builder-el-first  first flex_column_div av-zero-column-padding  '     ><p>\n<style type=\"text\/css\" data-created_by=\"avia_inline_auto\" id=\"style-css-av-3a30ar-3e6a96702fc3a383de00da8054d4bb90\">\n#top .av-special-heading.av-3a30ar-3e6a96702fc3a383de00da8054d4bb90{\npadding-bottom:10px;\n}\nbody .av-special-heading.av-3a30ar-3e6a96702fc3a383de00da8054d4bb90 .av-special-heading-tag .heading-char{\nfont-size:25px;\n}\n.av-special-heading.av-3a30ar-3e6a96702fc3a383de00da8054d4bb90 .av-subheading{\nfont-size:15px;\n}\n<\/style>\n<div  class='av-special-heading av-3a30ar-3e6a96702fc3a383de00da8054d4bb90 av-special-heading-h2 blockquote modern-quote modern-centered  avia-builder-el-7  el_before_av_textblock  avia-builder-el-first '><h2 class='av-special-heading-tag '  itemprop=\"headline\"  >ePages en todo el mundo<\/h2><div class=\"special-heading-border\"><div class=\"special-heading-inner-border\"><\/div><\/div><\/div><br \/>\n<section  class='av_textblock_section av-42fq-c7fb32f1a6f772d4ad6c8a678cdfe6aa '   itemscope=\"itemscope\" itemtype=\"https:\/\/schema.org\/CreativeWork\" ><div class='avia_textblock'  itemprop=\"text\" ><p style=\"text-align: center;\">El equipo de ePages tiene oficinas en todo el mundo. Descubre d\u00f3nde est\u00e1 nuestra oficina de ventas m\u00e1s cercana y contacta con nosotros<\/p>\n<\/div><\/section><\/p><\/div>\n<style type=\"text\/css\" data-created_by=\"avia_inline_auto\" id=\"style-css-av-5apm-9-9ef6d8484e9bd332c226644f6c2829e0\">\n.flex_column.av-5apm-9-9ef6d8484e9bd332c226644f6c2829e0{\nborder-radius:0px 0px 0px 0px;\npadding:0px 0px 0px 0px;\n}\n<\/style>\n<div  class='flex_column av-5apm-9-9ef6d8484e9bd332c226644f6c2829e0 av_one_third  avia-builder-el-9  el_after_av_one_full  el_before_av_one_third  first flex_column_div av-zero-column-padding  column-top-margin'     ><section  class='av_textblock_section av-42fq-8-833762198924fb7c741a6fe0f8cd6e82 '   itemscope=\"itemscope\" itemtype=\"https:\/\/schema.org\/CreativeWork\" ><div class='avia_textblock'  itemprop=\"text\" ><h3 style=\"text-align: left;\">Hamburgo<\/h3>\n<p style=\"text-align: left;\">ePages GmbH<br \/>\nPilatuspool 2<br \/>\n20355 Hamburg<br \/>\nAlemania<br \/>\nTel\u00e9fono: +49 40 350188-0<\/p>\n<\/div><\/section><\/div>\n<style type=\"text\/css\" data-created_by=\"avia_inline_auto\" id=\"style-css-av-5apm-7-4bb3240624e4c60bed8b0dd3241319c5\">\n.flex_column.av-5apm-7-4bb3240624e4c60bed8b0dd3241319c5{\nborder-radius:0px 0px 0px 0px;\npadding:0px 0px 0px 0px;\n}\n<\/style>\n<div  class='flex_column av-5apm-7-4bb3240624e4c60bed8b0dd3241319c5 av_one_third  avia-builder-el-11  el_after_av_one_third  el_before_av_one_third  flex_column_div av-zero-column-padding  column-top-margin'     ><section  class='av_textblock_section av-42fq-6-f387802cb176a79aad47d04655360bfb '   itemscope=\"itemscope\" itemtype=\"https:\/\/schema.org\/CreativeWork\" ><div class='avia_textblock'  itemprop=\"text\" ><h3 style=\"text-align: left;\">Jena<\/h3>\n<p style=\"text-align: left;\">ePages GmbH<br \/>\nHeinrich-Heine-Stra\u00dfe 1<br \/>\n07749 Jena<br \/>\nAlemania<br \/>\nTelefon: +49 40 350188-0<\/p>\n<\/div><\/section><\/div>\n<style type=\"text\/css\" data-created_by=\"avia_inline_auto\" id=\"style-css-av-5apm-5-70d078b0897d30a4a416e6bdb5f7b13b\">\n.flex_column.av-5apm-5-70d078b0897d30a4a416e6bdb5f7b13b{\nborder-radius:0px 0px 0px 0px;\npadding:0px 0px 0px 0px;\n}\n<\/style>\n<div  class='flex_column av-5apm-5-70d078b0897d30a4a416e6bdb5f7b13b av_one_third  avia-builder-el-13  el_after_av_one_third  avia-builder-el-last  flex_column_div av-zero-column-padding  column-top-margin'     ><section  class='av_textblock_section av-42fq-4-1bf0d54f83296a7ad87f9119c907f1bf '   itemscope=\"itemscope\" itemtype=\"https:\/\/schema.org\/CreativeWork\" ><div class='avia_textblock'  itemprop=\"text\" ><h3 style=\"text-align: left;\">Barcelona<\/h3>\n<p style=\"text-align: left;\">ePages Southern Europe S.L.<br \/>\nDiagonal, 435 5\u00ba-1\u00aa<br \/>\n08036 Barcelona<br \/>\nEspa\u00f1a<\/p>\n<\/div><\/section><\/div>\n\n<\/div><\/div><\/div><!-- close content main div --><\/div><\/div>\n<style type=\"text\/css\" data-created_by=\"avia_inline_auto\" id=\"style-css-av-701e-10-70b669331295ea34abda92d23d121fe7\">\n.avia-section.av-701e-10-70b669331295ea34abda92d23d121fe7{\nbackground-repeat:no-repeat;\nbackground-image:url(https:\/\/epages.com\/wp-content\/uploads\/2018\/08\/epages-kontakt-formular.jpg);\nbackground-position:50% 50%;\nbackground-attachment:scroll;\n}\n<\/style>\n<div id='av_section_3'  class='avia-section av-701e-10-70b669331295ea34abda92d23d121fe7 main_color avia-section-large avia-no-border-styling  avia-builder-el-15  el_after_av_section  avia-builder-el-last  avia-full-stretch avia-bg-style-scroll container_wrap fullsize'  data-section-bg-repeat='stretch'><div class='container av-section-cont-open' ><div class='template-page content  av-content-full alpha units'><div class='post-entry post-entry-type-page post-entry-5043'><div class='entry-content-wrapper clearfix'>\n\n<style type=\"text\/css\" data-created_by=\"avia_inline_auto\" id=\"style-css-av-5apm-3-ac4af3f9021c68182afb0caae5d12cb0\">\n.flex_column.av-5apm-3-ac4af3f9021c68182afb0caae5d12cb0{\nborder-radius:0px 0px 0px 0px;\npadding:0px 0px 0px 0px;\n}\n<\/style>\n<div  class='flex_column av-5apm-3-ac4af3f9021c68182afb0caae5d12cb0 av_one_half  avia-builder-el-16  el_before_av_one_half  avia-builder-el-first  first flex_column_div av-zero-column-padding  '     ><p>\n<style type=\"text\/css\" data-created_by=\"avia_inline_auto\" id=\"style-css-av-2b1fmr-04cacb73d787959ba2b994585a64922c\">\n#top .av-special-heading.av-2b1fmr-04cacb73d787959ba2b994585a64922c{\npadding-bottom:10px;\ncolor:#ffffff;\n}\nbody .av-special-heading.av-2b1fmr-04cacb73d787959ba2b994585a64922c .av-special-heading-tag .heading-char{\nfont-size:25px;\n}\n.av-special-heading.av-2b1fmr-04cacb73d787959ba2b994585a64922c .special-heading-inner-border{\nborder-color:#ffffff;\n}\n.av-special-heading.av-2b1fmr-04cacb73d787959ba2b994585a64922c .av-subheading{\nfont-size:15px;\n}\n<\/style>\n<div  class='av-special-heading av-2b1fmr-04cacb73d787959ba2b994585a64922c av-special-heading-h2 custom-color-heading blockquote modern-quote  avia-builder-el-17  el_before_av_textblock  avia-builder-el-first '><h2 class='av-special-heading-tag '  itemprop=\"headline\"  >Para preguntas generales d\u00e9janos un mensaje<\/h2><div class=\"special-heading-border\"><div class=\"special-heading-inner-border\"><\/div><\/div><\/div><br \/>\n\n<style type=\"text\/css\" data-created_by=\"avia_inline_auto\" id=\"style-css-av-42fq-2-ecfe060dd823e92482fdbed2eb3bfc47\">\n#top .av_textblock_section.av-42fq-2-ecfe060dd823e92482fdbed2eb3bfc47 .avia_textblock{\ncolor:#ffffff;\n}\n<\/style>\n<section  class='av_textblock_section av-42fq-2-ecfe060dd823e92482fdbed2eb3bfc47 '   itemscope=\"itemscope\" itemtype=\"https:\/\/schema.org\/CreativeWork\" ><div class='avia_textblock av_inherit_color'  itemprop=\"text\" ><p>Si tienes cualquier duda sobre ePages, nuestro software o quieres trabajar o colaborar con el equipo de ePages, por favor contacta con nosotros.<\/p>\n<\/div><\/section><\/p><\/div>\n<style type=\"text\/css\" data-created_by=\"avia_inline_auto\" id=\"style-css-av-5apm-1-46ac39dd51b48df210508f2c70278363\">\n.flex_column.av-5apm-1-46ac39dd51b48df210508f2c70278363{\nborder-radius:0px 0px 0px 0px;\npadding:0px 0px 0px 0px;\n}\n<\/style>\n<div  class='flex_column av-5apm-1-46ac39dd51b48df210508f2c70278363 av_one_half  avia-builder-el-19  el_after_av_one_half  avia-builder-el-last  flex_column_div av-zero-column-padding  '     ><section  class='av_textblock_section av-las8jpih-f1d0008beacbb0c5f55e5a089d5b4e3d '   itemscope=\"itemscope\" itemtype=\"https:\/\/schema.org\/CreativeWork\" ><div class='avia_textblock contactForm'  itemprop=\"text\" >\n<div class=\"wpcf7 no-js\" id=\"wpcf7-f15312-o1\" lang=\"en-GB\" dir=\"ltr\" data-wpcf7-id=\"15312\">\n<div class=\"screen-reader-response\"><p role=\"status\" aria-live=\"polite\" aria-atomic=\"true\"><\/p> <ul><\/ul><\/div>\n<form action=\"\/es\/wp-json\/wp\/v2\/pages\/5043#wpcf7-f15312-o1\" method=\"post\" class=\"wpcf7-form init\" aria-label=\"Contact form\" novalidate=\"novalidate\" data-status=\"init\">\n<div style=\"display: none;\">\n<input type=\"hidden\" name=\"_wpcf7\" value=\"15312\" \/>\n<input type=\"hidden\" name=\"_wpcf7_version\" value=\"6.0.6\" \/>\n<input type=\"hidden\" name=\"_wpcf7_locale\" value=\"en_GB\" \/>\n<input type=\"hidden\" name=\"_wpcf7_unit_tag\" value=\"wpcf7-f15312-o1\" \/>\n<input type=\"hidden\" name=\"_wpcf7_container_post\" value=\"0\" \/>\n<input type=\"hidden\" name=\"_wpcf7_posted_data_hash\" value=\"\" \/>\n<input type=\"hidden\" name=\"_wpcf7_recaptcha_response\" value=\"\" \/>\n<\/div>\n<p><span class=\"wpcf7-form-control-wrap\" data-name=\"your-name\"><input size=\"40\" maxlength=\"400\" class=\"wpcf7-form-control wpcf7-text wpcf7-validates-as-required\" aria-required=\"true\" aria-invalid=\"false\" placeholder=\"Nombre completo*\" value=\"\" type=\"text\" name=\"your-name\" \/><\/span>\n<\/p>\n<p><span id=\"wpcf7-69d468a836709-wrapper\" class=\"wpcf7-form-control-wrap Webseite-395-wrap\" style=\"display:none !important; visibility:hidden !important;\"><label for=\"wpcf7-69d468a836709-field\" class=\"hp-message\">Please leave this field empty.<\/label><input id=\"wpcf7-69d468a836709-field\"  class=\"wpcf7-form-control wpcf7-text\" type=\"text\" name=\"Webseite-395\" value=\"\" size=\"40\" tabindex=\"-1\" autocomplete=\"new-password\" \/><\/span>\n<\/p>\n<p><span class=\"wpcf7-form-control-wrap\" data-name=\"your-email\"><input size=\"40\" maxlength=\"400\" class=\"wpcf7-form-control wpcf7-email wpcf7-validates-as-required wpcf7-text wpcf7-validates-as-email\" aria-required=\"true\" aria-invalid=\"false\" placeholder=\"Correo electr\u00f3nico*\" value=\"\" type=\"email\" name=\"your-email\" \/><\/span>\n<\/p>\n<p><span class=\"wpcf7-form-control-wrap\" data-name=\"your-phone\"><input size=\"40\" maxlength=\"400\" class=\"wpcf7-form-control wpcf7-text\" aria-invalid=\"false\" placeholder=\"Tel\u00e9fono\" value=\"\" type=\"text\" name=\"your-phone\" \/><\/span>\n<\/p>\n<p><span class=\"wpcf7-form-control-wrap\" data-name=\"your-message\"><textarea cols=\"40\" rows=\"10\" maxlength=\"2000\" class=\"wpcf7-form-control wpcf7-textarea wpcf7-validates-as-required\" aria-required=\"true\" aria-invalid=\"false\" placeholder=\"Mensaje*\" name=\"your-message\"><\/textarea><\/span>\n<\/p>\n<p><input class=\"wpcf7-form-control wpcf7-submit has-spinner\" type=\"submit\" value=\"Enviar mensaje\" \/>\n<\/p><input type='hidden' class='wpcf7-pum' value='{\"closepopup\":false,\"closedelay\":0,\"openpopup\":false,\"openpopup_id\":0}' \/><div class=\"inv-recaptcha-holder\"><\/div><div class=\"wpcf7-response-output\" aria-hidden=\"true\"><\/div>\n<\/form>\n<\/div>\n\n<\/div><\/section><\/div>\n\n","protected":false},"excerpt":{"rendered":"","protected":false},"author":2,"featured_media":0,"parent":0,"menu_order":0,"comment_status":"closed","ping_status":"closed","template":"","meta":{"footnotes":""},"class_list":["post-5043","page","type-page","status-publish","hentry"],"_links":{"self":[{"href":"https:\/\/epages.com\/es\/wp-json\/wp\/v2\/pages\/5043"}],"collection":[{"href":"https:\/\/epages.com\/es\/wp-json\/wp\/v2\/pages"}],"about":[{"href":"https:\/\/epages.com\/es\/wp-json\/wp\/v2\/types\/page"}],"author":[{"embeddable":true,"href":"https:\/\/epages.com\/es\/wp-json\/wp\/v2\/users\/2"}],"replies":[{"embeddable":true,"href":"https:\/\/epages.com\/es\/wp-json\/wp\/v2\/comments?post=5043"}],"version-history":[{"count":18,"href":"https:\/\/epages.com\/es\/wp-json\/wp\/v2\/pages\/5043\/revisions"}],"predecessor-version":[{"id":60037,"href":"https:\/\/epages.com\/es\/wp-json\/wp\/v2\/pages\/5043\/revisions\/60037"}],"wp:attachment":[{"href":"https:\/\/epages.com\/es\/wp-json\/wp\/v2\/media?parent=5043"}],"curies":[{"name":"wp","href":"https:\/\/api.w.org\/{rel}","templated":true}]}}