{"id":34585,"date":"2021-12-23T11:49:47","date_gmt":"2021-12-23T10:49:47","guid":{"rendered":"https:\/\/epages.com\/?page_id=34585"},"modified":"2022-03-28T16:53:01","modified_gmt":"2022-03-28T14:53:01","slug":"webinare","status":"publish","type":"page","link":"https:\/\/epages.com\/es\/webinare\/","title":{"rendered":"Webinare f\u00fcr den ePages Now-Shop"},"content":{"rendered":"\n<style type=\"text\/css\" data-created_by=\"avia_inline_auto\" id=\"style-css-av-jgw6lf2x-f230f2e561398586ac8b441353ac1ef4\">\n.avia-section.av-jgw6lf2x-f230f2e561398586ac8b441353ac1ef4{\nbackground-repeat:no-repeat;\nbackground-image:url(https:\/\/epages.com\/wp-content\/uploads\/2021\/10\/211012_strato_webinare-1-scaled.jpg);\nbackground-position:50% 50%;\nbackground-attachment:scroll;\nmargin-top:0px;\nmargin-bottom:0px;\n}\n.avia-section.av-jgw6lf2x-f230f2e561398586ac8b441353ac1ef4 .av-section-color-overlay{\nopacity:0.5;\nbackground-color:#000000;\n}\n<\/style>\n<div id='av_section_1'  class='avia-section av-jgw6lf2x-f230f2e561398586ac8b441353ac1ef4 main_color avia-section-no-padding avia-no-border-styling  avia-builder-el-0  el_before_av_section  avia-builder-el-first  en_headerbild avia-full-stretch avia-bg-style-scroll av-section-color-overlay-active av-minimum-height av-minimum-height-50 av-height-50  container_wrap fullsize'  data-section-bg-repeat='stretch' data-av_minimum_height_pc='50' data-av_min_height_opt='50'><div class=\"av-section-color-overlay-wrap\"><div class=\"av-section-color-overlay\"><\/div><div class='container av-section-cont-open' ><main  role=\"main\" itemprop=\"mainContentOfPage\"  class='template-page content  av-content-full alpha units'><div class='post-entry post-entry-type-page post-entry-34585'><div class='entry-content-wrapper clearfix'>\n\n<style type=\"text\/css\" data-created_by=\"avia_inline_auto\" id=\"style-css-av-jlbzi1jt-1b9a05aaae940bbb1b69534bf8eb364e\">\n#top .hr.hr-invisible.av-jlbzi1jt-1b9a05aaae940bbb1b69534bf8eb364e{\nmargin-top:0px;\nheight:1px;\n}\n<\/style>\n<div  class='hr av-jlbzi1jt-1b9a05aaae940bbb1b69534bf8eb364e hr-invisible  avia-builder-el-1  el_before_av_two_third  avia-builder-el-first  en_headerabstand'><span class='hr-inner '><span class=\"hr-inner-style\"><\/span><\/span><\/div>\n\n<style type=\"text\/css\" data-created_by=\"avia_inline_auto\" id=\"style-css-av-3rd4-d6a683e94dcbcb970f0316fdb9b68405\">\n.flex_column.av-3rd4-d6a683e94dcbcb970f0316fdb9b68405{\nborder-radius:0px 0px 0px 0px;\npadding:0px 0px 0px 0px;\n}\n<\/style>\n<div  class='flex_column av-3rd4-d6a683e94dcbcb970f0316fdb9b68405 av_two_third  avia-builder-el-2  el_after_av_hr  avia-builder-el-last  first flex_column_div av-zero-column-padding  '     ><style type=\"text\/css\" data-created_by=\"avia_inline_auto\" id=\"style-css-av-l1atw8ip-d1b619ba87a841887e56a73d641d033a\">\n#top .av-special-heading.av-l1atw8ip-d1b619ba87a841887e56a73d641d033a{\npadding-bottom:10px;\ncolor:#ffffff;\n}\nbody .av-special-heading.av-l1atw8ip-d1b619ba87a841887e56a73d641d033a .av-special-heading-tag .heading-char{\nfont-size:25px;\n}\n.av-special-heading.av-l1atw8ip-d1b619ba87a841887e56a73d641d033a .special-heading-inner-border{\nborder-color:#ffffff;\n}\n.av-special-heading.av-l1atw8ip-d1b619ba87a841887e56a73d641d033a .av-subheading{\nfont-size:15px;\n}\n<\/style>\n<div  class='av-special-heading av-l1atw8ip-d1b619ba87a841887e56a73d641d033a av-special-heading-h1 custom-color-heading blockquote modern-quote  avia-builder-el-3  avia-builder-el-no-sibling '><h1 class='av-special-heading-tag '  itemprop=\"headline\"  >Kostenlose Webinare f\u00fcr deinen Onlineshop<\/h1><div class=\"special-heading-border\"><div class=\"special-heading-inner-border\"><\/div><\/div><\/div><\/div><\/div><\/div><\/main><!-- close content main element --><\/div><\/div><\/div>\n<style type=\"text\/css\" data-created_by=\"avia_inline_auto\" id=\"style-css-av-16jk789-384514b7c47476726d4b441b05ae179a\">\n.avia-section.av-16jk789-384514b7c47476726d4b441b05ae179a{\nbackground-color:#f4f4f4;\nbackground-image:unset;\n}\n<\/style>\n<div id='av_section_2'  class='avia-section av-16jk789-384514b7c47476726d4b441b05ae179a main_color avia-section-default avia-no-border-styling  avia-builder-el-4  el_after_av_section  el_before_av_section  avia-bg-style-scroll container_wrap fullsize'  ><div class='container av-section-cont-open' ><div class='template-page content  av-content-full alpha units'><div class='post-entry post-entry-type-page post-entry-34585'><div class='entry-content-wrapper clearfix'>\n\n<style type=\"text\/css\" data-created_by=\"avia_inline_auto\" id=\"style-css-av-5apm-39c398c76c25ca1375cffa8ae3b9f82a\">\n.flex_column.av-5apm-39c398c76c25ca1375cffa8ae3b9f82a{\nborder-radius:0px 0px 0px 0px;\npadding:0px 0px 0px 0px;\n}\n<\/style>\n<div  class='flex_column av-5apm-39c398c76c25ca1375cffa8ae3b9f82a av_one_full  avia-builder-el-5  avia-builder-el-no-sibling  en_padding first flex_column_div av-zero-column-padding  '     ><p>\n<style type=\"text\/css\" data-created_by=\"avia_inline_auto\" id=\"style-css-av-av_heading-72543134617a5cef728dd2a3080971bd\">\n#top .av-special-heading.av-av_heading-72543134617a5cef728dd2a3080971bd{\npadding-bottom:0;\n}\nbody .av-special-heading.av-av_heading-72543134617a5cef728dd2a3080971bd .av-special-heading-tag .heading-char{\nfont-size:25px;\n}\n.av-special-heading.av-av_heading-72543134617a5cef728dd2a3080971bd .av-subheading{\nfont-size:15px;\n}\n<\/style>\n<div  class='av-special-heading av-av_heading-72543134617a5cef728dd2a3080971bd av-special-heading-h2 blockquote modern-quote modern-centered  avia-builder-el-6  el_before_av_textblock  avia-builder-el-first  av-linked-heading'><h2 class='av-special-heading-tag '  itemprop=\"headline\"  >Jetzt ansehen: Rundgang durch den ePages Now-Shop<\/h2><div class=\"special-heading-border\"><div class=\"special-heading-inner-border\"><\/div><\/div><\/div><br \/>\n\n<style type=\"text\/css\" data-created_by=\"avia_inline_auto\" id=\"style-css-av-42fq-9abb9dccfda2ea4e97fc556ae5432595\">\n#top .av_textblock_section.av-42fq-9abb9dccfda2ea4e97fc556ae5432595 .avia_textblock{\ncolor:#020202;\n}\n<\/style>\n<section  class='av_textblock_section av-42fq-9abb9dccfda2ea4e97fc556ae5432595 '   itemscope=\"itemscope\" itemtype=\"https:\/\/schema.org\/CreativeWork\" ><div class='avia_textblock av_inherit_color'  itemprop=\"text\" ><p style=\"text-align: center;\">Du m\u00f6chtest sofort loslegen? In unserem aufgezeichneten Webinar f\u00fchren wir dich Schritt f\u00fcr Schritt durch den ePages Now-Shop. Klicke unten und melde dich an, um das Webinar anzusehen.<\/p>\n<\/div><\/section><br \/>\n\n<style type=\"text\/css\" data-created_by=\"avia_inline_auto\" id=\"style-css-av-o5v1i1-65d6c0a824a5278e238d086c1a204108\">\n.avia-image-container.av-o5v1i1-65d6c0a824a5278e238d086c1a204108 img.avia_image{\nbox-shadow:none;\n}\n.avia-image-container.av-o5v1i1-65d6c0a824a5278e238d086c1a204108 .av-image-caption-overlay-center{\ncolor:#ffffff;\n}\n<\/style>\n<div  class='avia-image-container av-o5v1i1-65d6c0a824a5278e238d086c1a204108 av-styling- av-img-linked avia-align-center  avia-builder-el-8  el_after_av_textblock  avia-builder-el-last '   itemprop=\"image\" itemscope=\"itemscope\" itemtype=\"https:\/\/schema.org\/ImageObject\" ><div class=\"avia-image-container-inner\"><div class=\"avia-image-overlay-wrap\"><a href=\"https:\/\/attendee.gotowebinar.com\/register\/3363490052118517515\" class=\"avia_image \" target=\"_blank\" rel=\"noopener noreferrer nofollow\" aria-label=\"ePages-Shop Webinare Tumbnail\"><img decoding=\"async\" fetchpriority=\"high\" class='wp-image-35241 avia-img-lazy-loading-not-35241 avia_image ' src=\"https:\/\/epages.com\/wp-content\/uploads\/2021\/12\/epages-shop-webinare-tumbnail-1030x578.png\" alt='Thumbnail f\u00fcr ePages-Shop Webinarvideo' title='ePages-Shop Webinare Tumbnail'  height=\"578\" width=\"1030\"  itemprop=\"thumbnailUrl\" srcset=\"https:\/\/epages.com\/wp-content\/uploads\/2021\/12\/epages-shop-webinare-tumbnail-1030x578.png 1030w, https:\/\/epages.com\/wp-content\/uploads\/2021\/12\/epages-shop-webinare-tumbnail-300x168.png 300w, https:\/\/epages.com\/wp-content\/uploads\/2021\/12\/epages-shop-webinare-tumbnail-768x431.png 768w, https:\/\/epages.com\/wp-content\/uploads\/2021\/12\/epages-shop-webinare-tumbnail-1536x861.png 1536w, https:\/\/epages.com\/wp-content\/uploads\/2021\/12\/epages-shop-webinare-tumbnail-2048x1149.png 2048w, https:\/\/epages.com\/wp-content\/uploads\/2021\/12\/epages-shop-webinare-tumbnail-1500x841.png 1500w, https:\/\/epages.com\/wp-content\/uploads\/2021\/12\/epages-shop-webinare-tumbnail-705x395.png 705w\" sizes=\"(max-width: 1030px) 100vw, 1030px\" \/><\/a><\/div><\/div><\/div><\/p><\/div><\/div><\/div><\/div><!-- close content main div --><\/div><\/div><div id='av_section_3'  class='avia-section av-701e-8b2cd89cad718a8f2768038ce5aa67b7 main_color avia-section-large avia-no-border-styling  avia-builder-el-9  el_after_av_section  avia-builder-el-last  avia-bg-style-scroll container_wrap fullsize'  ><div class='container av-section-cont-open' ><div class='template-page content  av-content-full alpha units'><div class='post-entry post-entry-type-page post-entry-34585'><div class='entry-content-wrapper clearfix'>\n\n<style type=\"text\/css\" data-created_by=\"avia_inline_auto\" id=\"style-css-av-av_heading-143d1714116fddea3cf3cc906994a142\">\n#top .av-special-heading.av-av_heading-143d1714116fddea3cf3cc906994a142{\npadding-bottom:0;\n}\nbody .av-special-heading.av-av_heading-143d1714116fddea3cf3cc906994a142 .av-special-heading-tag .heading-char{\nfont-size:25px;\n}\n.av-special-heading.av-av_heading-143d1714116fddea3cf3cc906994a142 .av-subheading{\nfont-size:15px;\n}\n<\/style>\n<div  class='av-special-heading av-av_heading-143d1714116fddea3cf3cc906994a142 av-special-heading-h3 blockquote modern-quote modern-centered  avia-builder-el-10  el_before_av_one_third  avia-builder-el-first  av-linked-heading'><h3 class='av-special-heading-tag '  itemprop=\"headline\"  >Unser Experte<\/h3><div class=\"special-heading-border\"><div class=\"special-heading-inner-border\"><\/div><\/div><\/div>\n<div class='flex_column_table av-ff48-36634b430350c6096af4917bf009d160 sc-av_one_third av-equal-height-column-flextable'>\n<style type=\"text\/css\" data-created_by=\"avia_inline_auto\" id=\"style-css-av-ff48-36634b430350c6096af4917bf009d160\">\n.flex_column.av-ff48-36634b430350c6096af4917bf009d160{\nborder-radius:0px 0px 0px 0px;\npadding:0px 0px 0px 0px;\n}\n<\/style>\n<div  class='flex_column av-ff48-36634b430350c6096af4917bf009d160 av_one_third  avia-builder-el-11  el_after_av_heading  el_before_av_two_third  first flex_column_table_cell av-equal-height-column av-align-top av-zero-column-padding  '     ><style type=\"text\/css\" data-created_by=\"avia_inline_auto\" id=\"style-css-av-kuip6vut-b2091aed94e671b3d4c5fc6b22749041\">\n.avia-image-container.av-kuip6vut-b2091aed94e671b3d4c5fc6b22749041 img.avia_image{\nbox-shadow:none;\n}\n.avia-image-container.av-kuip6vut-b2091aed94e671b3d4c5fc6b22749041 .av-image-caption-overlay-center{\ncolor:#ffffff;\n}\n<\/style>\n<div  class='avia-image-container av-kuip6vut-b2091aed94e671b3d4c5fc6b22749041 av-styling- avia-align-center  avia-builder-el-12  avia-builder-el-no-sibling '   itemprop=\"image\" itemscope=\"itemscope\" itemtype=\"https:\/\/schema.org\/ImageObject\" ><div class=\"avia-image-container-inner\"><div class=\"avia-image-overlay-wrap\"><img decoding=\"async\" fetchpriority=\"high\" class='wp-image-25059 avia-img-lazy-loading-not-25059 avia_image ' src=\"https:\/\/epages.com\/wp-content\/uploads\/2021\/02\/Andre_circle.png\" alt='' title='Andre_circle'  height=\"878\" width=\"878\"  itemprop=\"thumbnailUrl\" srcset=\"https:\/\/epages.com\/wp-content\/uploads\/2021\/02\/Andre_circle.png 878w, https:\/\/epages.com\/wp-content\/uploads\/2021\/02\/Andre_circle-300x300.png 300w, https:\/\/epages.com\/wp-content\/uploads\/2021\/02\/Andre_circle-80x80.png 80w, https:\/\/epages.com\/wp-content\/uploads\/2021\/02\/Andre_circle-768x768.png 768w, https:\/\/epages.com\/wp-content\/uploads\/2021\/02\/Andre_circle-36x36.png 36w, https:\/\/epages.com\/wp-content\/uploads\/2021\/02\/Andre_circle-180x180.png 180w, https:\/\/epages.com\/wp-content\/uploads\/2021\/02\/Andre_circle-705x705.png 705w\" sizes=\"(max-width: 878px) 100vw, 878px\" \/><\/div><\/div><\/div><\/div><div class='av-flex-placeholder'><\/div>\n<style type=\"text\/css\" data-created_by=\"avia_inline_auto\" id=\"style-css-av-ff48-3a9f0ff0d33c54cf4a364151fa8c504c\">\n.flex_column.av-ff48-3a9f0ff0d33c54cf4a364151fa8c504c{\nborder-radius:0px 0px 0px 0px;\npadding:0px 0px 0px 0px;\n}\n<\/style>\n<div  class='flex_column av-ff48-3a9f0ff0d33c54cf4a364151fa8c504c av_two_third  avia-builder-el-13  el_after_av_one_third  avia-builder-el-last  flex_column_table_cell av-equal-height-column av-align-top av-zero-column-padding  '     ><section  class='av_textblock_section av-42fq-65eed7b181d746920fe9623600aeb427 '   itemscope=\"itemscope\" itemtype=\"https:\/\/schema.org\/CreativeWork\" ><div class='avia_textblock'  itemprop=\"text\" ><h3>Andr\u00e9 Podeyn, ePages<\/h3>\n<p>Andr\u00e9 Podeyn ist unser Profi wenn es darum geht, deinen Webshop ideal zu nutzen und alle Funktionen der ePages-Software optimal einzusetzen. Bereits seit 2012 ist er bei ePages als Software-Trainer f\u00fcr Partner und Kunden t\u00e4tig und agierte als Teamleiter f\u00fcr unsere Design Services. Als Customer Engagement Manager liegt sein Schwerpunkt aktuell auf der Entwicklung von Erfolgskonzepten f\u00fcr die Shops der ePages-H\u00e4ndler. Er befasst sich intensiv mit Themen wie Onsite-SEO, Conversion Optimierung, Social Media und Shopdesign. Auf mehr als 80 Veranstaltungen in Deutschland, Spanien und Gro\u00dfbritannien hat Andr\u00e9 Podeyn viele ePages-H\u00e4ndler bei der Weiterentwicklung ihres Shops unterst\u00fctzt.<\/p>\n<\/div><\/section><\/div><\/div><!--close column table wrapper. Autoclose: 1 --><\/p>\n","protected":false},"excerpt":{"rendered":"","protected":false},"author":24,"featured_media":0,"parent":0,"menu_order":0,"comment_status":"closed","ping_status":"closed","template":"","meta":{"footnotes":""},"class_list":["post-34585","page","type-page","status-publish","hentry"],"_links":{"self":[{"href":"https:\/\/epages.com\/es\/wp-json\/wp\/v2\/pages\/34585"}],"collection":[{"href":"https:\/\/epages.com\/es\/wp-json\/wp\/v2\/pages"}],"about":[{"href":"https:\/\/epages.com\/es\/wp-json\/wp\/v2\/types\/page"}],"author":[{"embeddable":true,"href":"https:\/\/epages.com\/es\/wp-json\/wp\/v2\/users\/24"}],"replies":[{"embeddable":true,"href":"https:\/\/epages.com\/es\/wp-json\/wp\/v2\/comments?post=34585"}],"version-history":[{"count":19,"href":"https:\/\/epages.com\/es\/wp-json\/wp\/v2\/pages\/34585\/revisions"}],"predecessor-version":[{"id":38498,"href":"https:\/\/epages.com\/es\/wp-json\/wp\/v2\/pages\/34585\/revisions\/38498"}],"wp:attachment":[{"href":"https:\/\/epages.com\/es\/wp-json\/wp\/v2\/media?parent=34585"}],"curies":[{"name":"wp","href":"https:\/\/api.w.org\/{rel}","templated":true}]}}