{"id":14993,"date":"2020-07-13T15:16:28","date_gmt":"2020-07-13T13:16:28","guid":{"rendered":"https:\/\/epages.com\/?page_id=14993"},"modified":"2021-01-12T14:40:23","modified_gmt":"2021-01-12T13:40:23","slug":"featurevergleich-base-now","status":"publish","type":"page","link":"https:\/\/epages.com\/en\/featurevergleich-base-now\/","title":{"rendered":"Featurevergleich Base \/ Now"},"content":{"rendered":"<section  class='av_textblock_section av-kcki8zlr-99f9d70e3cf8e1133a3f10dfcb3f1be6 '   itemscope=\"itemscope\" itemtype=\"https:\/\/schema.org\/CreativeWork\" ><div class='avia_textblock'  itemprop=\"text\" ><h2>Featurevergleich Base \/ Now<\/h2>\n<\/div><\/section>\n<div  class='hr av-2h7pqfqp-396fea1c5cd167347a95831af9665a44 hr-default  avia-builder-el-1  el_after_av_textblock  el_before_av_textblock '><span class='hr-inner '><span class=\"hr-inner-style\"><\/span><\/span><\/div>\n<section  class='av_textblock_section av-kcki8ofd-313d6d3af7685a41e3c2c68a3e4f42d4 '   itemscope=\"itemscope\" itemtype=\"https:\/\/schema.org\/CreativeWork\" ><div class='avia_textblock'  itemprop=\"text\" ><h3><\/h3>\n<h3>Design &amp; Inhalte<\/h3>\n<\/div><\/section>\n<div class='avia-data-table-wrap av-2grsxamp-e100b9c58bbbd1e8679a116389d2d10c avia_responsive_table avia-table-1'><table  class='avia-table avia-data-table avia_pricing_default  avia-builder-el-3  el_after_av_textblock  el_before_av_textblock '  itemscope=\"itemscope\" itemtype=\"https:\/\/schema.org\/Table\" ><tbody><tr class='avia-heading-row'><th class=''>Feature<\/th><th class=''>Base<\/th><th class=''>Now<\/th><\/tr><tr class=''><td class=''>Responsive Design<\/td><td class=''>Nein<\/td><td class=''>Ja<\/td><\/tr><tr class=''><td class=''>Kostenlose Design-Vorlagen<\/td><td class=''>Ja<\/td><td class=''>Ja<\/td><\/tr><tr class=''><td class=''>Drag-and-Drop-Editor mit Livevorschau<\/td><td class=''>Nein<\/td><td class=''>Ja<\/td><\/tr><tr class=''><td class=''>Schriftarten \u00e4ndern <\/td><td class=''>Ja<\/td><td class=''>Ja<\/td><\/tr><tr class=''><td class=''>Schriftfarbe \u00e4ndern <\/td><td class=''>Ja<\/td><td class=''>Ja<\/td><\/tr><tr class=''><td class=''>Inhaltsseiten erstellen <\/td><td class=''>100<\/td><td class=''>?<\/td><\/tr><tr class=''><td class=''>Inhaltsseiten duplizieren <\/td><td class=''>Ja<\/td><td class=''>Ja<\/td><\/tr><tr class=''><td class=''>Eigener CSS-Code <\/td><td class=''>Ja<\/td><td class=''>Ja<\/td><\/tr><tr class=''><td class=''>Google Tag Manager <\/td><td class=''>Nein<\/td><td class=''>Ja<\/td><\/tr><tr class=''><td class=''>Produkt-Slider auf einer Seite einf\u00fcgen <\/td><td class=''>Nein<\/td><td class=''>Ja<\/td><\/tr><tr class=''><td class=''>RSS-Feed auf einer Seite einf\u00fcgen <\/td><td class=''>Ja<\/td><td class=''>Nein<\/td><\/tr><tr class=''><td class=''>Google Maps auf einer Seite einf\u00fcgen <\/td><td class=''>Ja<\/td><td class=''>Ja<\/td><\/tr><tr class=''><td class=''>Button f\u00fcr automatische \u00dcbersetzung auf einer Seite einf\u00fcgen <\/td><td class=''>Ja<\/td><td class=''>Nein<\/td><\/tr><tr class=''><td class=''>Videos auf einer Seite einf\u00fcgen <\/td><td class=''>Ja<\/td><td class=''>Ja \n<style type=\"text\/css\" data-created_by=\"avia_inline_auto\" id=\"style-css-av-jl56e1v0-611e8e3679f55949839153c1fc93767f\">\n.av_font_icon.av-jl56e1v0-611e8e3679f55949839153c1fc93767f{\ncolor:#dcdcdc;\nborder-color:#dcdcdc;\n}\n.av_font_icon.av-jl56e1v0-611e8e3679f55949839153c1fc93767f .av-icon-char{\nfont-size:16px;\nline-height:16px;\n}\n<\/style>\n<span  class='av_font_icon av-jl56e1v0-611e8e3679f55949839153c1fc93767f avia_animate_when_visible av-icon-style- avia-icon-pos-right avia-icon-animate'><span class='av-icon-char' aria-hidden='true' data-av_icon='\ue81f' data-av_iconfont='entypo-fontello' data-avia-icon-tooltip=\"&lt;br \/&gt;\nNow: nur YouTube, Base: YouTube, MyVideo, Vimeo, Dailymotion, Wideo.fr, Metacafe\"><\/span><\/span><\/td><\/tr><tr class=''><td class=''>Content-Slider auf einer Seite einf\u00fcgen <\/td><td class=''>Ja<\/td><td class=''>Ja<\/td><\/tr><tr class=''><td class=''>Facebook-Buttons und -Box auf einer Seite einf\u00fcgen <\/td><td class=''>Ja<\/td><td class=''>Nein<\/td><\/tr><tr class=''><td class=''>Twitter-Share- und Follow-Button auf einer Seite einf\u00fcgen <\/td><td class=''>Ja<\/td><td class=''>Nein<\/td><\/tr><tr class=''><td class=''>Social-Bookmark-Buttons auf einer Seite einf\u00fcgen <\/td><td class=''>Ja<\/td><td class=''>Nein<\/td><\/tr><tr class=''><td class=''>Kontaktformular <\/td><td class=''>Ja<\/td><td class=''>Ja \n<style type=\"text\/css\" data-created_by=\"avia_inline_auto\" id=\"style-css-av-jl56e1v0-611e8e3679f55949839153c1fc93767f\">\n.av_font_icon.av-jl56e1v0-611e8e3679f55949839153c1fc93767f{\ncolor:#dcdcdc;\nborder-color:#dcdcdc;\n}\n.av_font_icon.av-jl56e1v0-611e8e3679f55949839153c1fc93767f .av-icon-char{\nfont-size:16px;\nline-height:16px;\n}\n<\/style>\n<span  class='av_font_icon av-jl56e1v0-611e8e3679f55949839153c1fc93767f avia_animate_when_visible av-icon-style- avia-icon-pos-right avia-icon-animate'><span class='av-icon-char' aria-hidden='true' data-av_icon='\ue81f' data-av_iconfont='entypo-fontello' data-avia-icon-tooltip=\"&lt;br \/&gt;\nIn Base gibt es mehr Einstellungsm\u00f6glichkeiten\"><\/span><\/span><\/td><\/tr><tr class=''><td class=''>Text und Buttons auf Bildern <\/td><td class=''>Nein<\/td><td class=''>Ja<\/td><\/tr><tr class=''><td class=''>Blog<\/td><td class=''>Ja<\/td><td class=''>Nein<\/td><\/tr><tr class=''><td class=''>Forum<\/td><td class=''>Ja<\/td><td class=''>Nein<\/td><\/tr><tr class=''><td class=''>G\u00e4stebuch<\/td><td class=''>Ja<\/td><td class=''>Nein<\/td><\/tr><tr class=''><td class=''>Bildergalerie als Seite <\/td><td class=''>Ja<\/td><td class=''>Nein<\/td><\/tr><tr class=''><td class=''>Automatisch generierte Sitemap als Seite <\/td><td class=''>Ja<\/td><td class=''>Nein<\/td><\/tr><tr class=''><td class=''>Eigenen HTML-Code einf\u00fcgen <\/td><td class=''>Ja<\/td><td class=''>Ja<\/td><\/tr><tr class=''><td class=''>Bildbearbeitung im Administrationsbereich <\/td><td class=''>Nein<\/td><td class=''>Ja<\/td><\/tr><tr class=''><td class=''>Dateiverwaltung<\/td><td class=''>Ja<\/td><td class=''>Nein<\/td><\/tr><\/tbody><\/table><\/div><style type='text\/css'>.avia-table-1 td:nth-of-type(1):before { content: 'Feature'; } .avia-table-1 td:nth-of-type(2):before { content: 'Base'; } .avia-table-1 td:nth-of-type(3):before { content: 'Now'; } <\/style>\n<section  class='av_textblock_section av-kcki8ofd-313d6d3af7685a41e3c2c68a3e4f42d4 '   itemscope=\"itemscope\" itemtype=\"https:\/\/schema.org\/CreativeWork\" ><div class='avia_textblock'  itemprop=\"text\" ><h3><\/h3>\n<h3>Onlineshop<\/h3>\n<\/div><\/section>\n<div class='avia-data-table-wrap av-z7pzzzl-30811550e059530b91ee2b790ab63453 avia_responsive_table avia-table-2'><table  class='avia-table avia-data-table avia_pricing_default  avia-builder-el-7  el_after_av_textblock  avia-builder-el-last '  itemscope=\"itemscope\" itemtype=\"https:\/\/schema.org\/Table\" ><tbody><tr class='avia-heading-row'><th class=''>Feature<\/th><th class=''>Base<\/th><th class=''>Now<\/th><th class=''>Anmerkungen<\/th><\/tr><tr class=''><td class=''>Produktbild-Zoom <\/td><td class=''>Ja<\/td><td class=''>Ja<\/td><td class=''><\/td><\/tr><tr class=''><td class=''>Produktsuche mit Suchvorschl\u00e4gen <\/td><td class=''>Ja<\/td><td class=''>Ja<\/td><td class=''><\/td><\/tr><tr class=''><td class=''>\u201cMehr anzeigen\u201d-Button f\u00fcr Produkt\u00fcbersichten <\/td><td class=''>Nein<\/td><td class=''>Ja<\/td><td class=''><\/td><\/tr><tr class=''><td class=''>Sortieren von Produkt\u00fcbersichten <\/td><td class=''>Ja<\/td><td class=''>Ja<\/td><td class=''><\/td><\/tr><tr class=''><td class=''>Sortieren von Suchergebnissen <\/td><td class=''>Ja<\/td><td class=''>Ja<\/td><td class=''><\/td><\/tr><tr class=''><td class=''>Suchfilter<\/td><td class=''>Ja<\/td><td class=''>Ja<\/td><td class=''>Now: Suchfilter lassen sich nicht wie bei Base ab einer bestimmten Kategorietiefe automatisch anzeigen lassen <\/td><\/tr><tr class=''><td class=''>USPs in der Kopfzeile <\/td><td class=''>Nein<\/td><td class=''>Ja<\/td><td class=''><\/td><\/tr><tr class=''><td class=''>Kundenkonto<\/td><td class=''>Ja<\/td><td class=''>Ja<\/td><td class=''><\/td><\/tr><tr class=''><td class=''>Wunschliste<\/td><td class=''>Ja<\/td><td class=''>Ja<\/td><td class=''><\/td><\/tr><tr class=''><td class=''>Produktvergleich <\/td><td class=''>Ja<\/td><td class=''>Nein<\/td><td class=''><\/td><\/tr><tr class=''><td class=''>Box \u201cZuletzt gesehen\u201d <\/td><td class=''>Ja<\/td><td class=''>Nein<\/td><td class=''><\/td><\/tr><tr class=''><td class=''>Megamen\u00fc<\/td><td class=''>Ja<\/td><td class=''>Ja<\/td><td class=''><\/td><\/tr><tr class=''><td class=''>Anfragen zum Produkt <\/td><td class=''>Ja<\/td><td class=''>Nein<\/td><td class=''><\/td><\/tr><tr class=''><td class=''>Videos auf Produktseiten <\/td><td class=''>Nein<\/td><td class=''>Ja<\/td><td class=''><\/td><\/tr><\/tbody><\/table><\/div><style type='text\/css'>.avia-table-2 td:nth-of-type(1):before { content: 'Feature'; } .avia-table-2 td:nth-of-type(2):before { content: 'Base'; } .avia-table-2 td:nth-of-type(3):before { content: 'Now'; } .avia-table-2 td:nth-of-type(4):before { content: 'Anmerkungen'; } <\/style>\n","protected":false},"excerpt":{"rendered":"","protected":false},"author":8,"featured_media":0,"parent":0,"menu_order":0,"comment_status":"closed","ping_status":"closed","template":"","meta":{"footnotes":""},"class_list":["post-14993","page","type-page","status-publish","hentry"],"_links":{"self":[{"href":"https:\/\/epages.com\/en\/wp-json\/wp\/v2\/pages\/14993"}],"collection":[{"href":"https:\/\/epages.com\/en\/wp-json\/wp\/v2\/pages"}],"about":[{"href":"https:\/\/epages.com\/en\/wp-json\/wp\/v2\/types\/page"}],"author":[{"embeddable":true,"href":"https:\/\/epages.com\/en\/wp-json\/wp\/v2\/users\/8"}],"replies":[{"embeddable":true,"href":"https:\/\/epages.com\/en\/wp-json\/wp\/v2\/comments?post=14993"}],"version-history":[{"count":22,"href":"https:\/\/epages.com\/en\/wp-json\/wp\/v2\/pages\/14993\/revisions"}],"predecessor-version":[{"id":44547,"href":"https:\/\/epages.com\/en\/wp-json\/wp\/v2\/pages\/14993\/revisions\/44547"}],"wp:attachment":[{"href":"https:\/\/epages.com\/en\/wp-json\/wp\/v2\/media?parent=14993"}],"curies":[{"name":"wp","href":"https:\/\/api.w.org\/{rel}","templated":true}]}}