{"id":909,"date":"2018-07-26T10:44:36","date_gmt":"2018-07-26T08:44:36","guid":{"rendered":"https:\/\/epages.com?page_id=909"},"modified":"2026-04-02T10:26:17","modified_gmt":"2026-04-02T08:26:17","slug":"haendler","status":"publish","type":"page","link":"https:\/\/epages.com\/de\/shop-galerie\/haendler\/","title":{"rendered":"H\u00e4ndlergeschichten"},"content":{"rendered":"\n<style type=\"text\/css\" data-created_by=\"avia_inline_auto\" id=\"style-css-av-jgw6lf2x-c436a3c0c0f78dd06ce0affcb777eeef\">\n.avia-section.av-jgw6lf2x-c436a3c0c0f78dd06ce0affcb777eeef{\nbackground-repeat:no-repeat;\nbackground-image:url(https:\/\/epages.com\/wp-content\/uploads\/2018\/08\/haendler-header.jpg);\nbackground-position:50% 50%;\nbackground-attachment:scroll;\n}\n<\/style>\n<div id='av_section_1'  class='avia-section av-jgw6lf2x-c436a3c0c0f78dd06ce0affcb777eeef main_color avia-section-default avia-no-border-styling  avia-builder-el-0  el_before_av_section  avia-builder-el-first  en_headerbild en_bg_haendler1 avia-full-stretch avia-bg-style-scroll container_wrap fullsize'  data-section-bg-repeat='stretch'><div class='container av-section-cont-open' ><main  role=\"main\" itemprop=\"mainContentOfPage\"  class='template-page content  av-content-full alpha units'><div class='post-entry post-entry-type-page post-entry-909'><div class='entry-content-wrapper clearfix'>\n\n<style type=\"text\/css\" data-created_by=\"avia_inline_auto\" id=\"style-css-av-jgw6pl47-da062789ea1e41bf55be2ef340603f61\">\n#top .hr.hr-invisible.av-jgw6pl47-da062789ea1e41bf55be2ef340603f61{\nmargin-top:0px;\nheight:1px;\n}\n<\/style>\n<div  class='hr av-jgw6pl47-da062789ea1e41bf55be2ef340603f61 hr-invisible  avia-builder-el-1  el_before_av_hr  avia-builder-el-first  en_headerabstand av-small-hide av-mini-hide'><span class='hr-inner '><span class=\"hr-inner-style\"><\/span><\/span><\/div>\n\n<style type=\"text\/css\" data-created_by=\"avia_inline_auto\" id=\"style-css-av-jgw6pl47-da062789ea1e41bf55be2ef340603f61\">\n#top .hr.hr-invisible.av-jgw6pl47-da062789ea1e41bf55be2ef340603f61{\nmargin-top:0px;\nheight:1px;\n}\n<\/style>\n<div  class='hr av-jgw6pl47-da062789ea1e41bf55be2ef340603f61 hr-invisible  avia-builder-el-2  el_after_av_hr  el_before_av_one_full  en_headerabstand av-small-hide av-mini-hide'><span class='hr-inner '><span class=\"hr-inner-style\"><\/span><\/span><\/div>\n\n<style type=\"text\/css\" data-created_by=\"avia_inline_auto\" id=\"style-css-av-3rd4-d6a683e94dcbcb970f0316fdb9b68405\">\n.flex_column.av-3rd4-d6a683e94dcbcb970f0316fdb9b68405{\nborder-radius:0px 0px 0px 0px;\npadding:0px 0px 0px 0px;\n}\n<\/style>\n<div  class='flex_column av-3rd4-d6a683e94dcbcb970f0316fdb9b68405 av_one_full  avia-builder-el-3  el_after_av_hr  avia-builder-el-last  first flex_column_div av-zero-column-padding  '     ><style type=\"text\/css\" data-created_by=\"avia_inline_auto\" id=\"style-css-av-jlerr87t-d476427c9405aa7afc63b5ceb7b33fed\">\n#top .av-special-heading.av-jlerr87t-d476427c9405aa7afc63b5ceb7b33fed{\npadding-bottom:10px;\ncolor:#ffffff;\n}\nbody .av-special-heading.av-jlerr87t-d476427c9405aa7afc63b5ceb7b33fed .av-special-heading-tag .heading-char{\nfont-size:25px;\n}\n.av-special-heading.av-jlerr87t-d476427c9405aa7afc63b5ceb7b33fed .special-heading-inner-border{\nborder-color:#ffffff;\n}\n.av-special-heading.av-jlerr87t-d476427c9405aa7afc63b5ceb7b33fed .av-subheading{\nfont-size:15px;\n}\n<\/style>\n<div  class='av-special-heading av-jlerr87t-d476427c9405aa7afc63b5ceb7b33fed av-special-heading-h1 custom-color-heading blockquote modern-quote  avia-builder-el-4  avia-builder-el-no-sibling '><h1 class='av-special-heading-tag '  itemprop=\"headline\"  >H\u00e4ndler\u00adgeschichten<\/h1><div class=\"special-heading-border\"><div class=\"special-heading-inner-border\"><\/div><\/div><\/div><\/div>\n\n<\/div><\/div><\/main><!-- close content main element --><\/div><\/div><div id='av_section_2'  class='avia-section av-701e-8b2cd89cad718a8f2768038ce5aa67b7 main_color avia-section-large avia-no-border-styling  avia-builder-el-5  el_after_av_section  avia-builder-el-last  avia-bg-style-scroll container_wrap fullsize'  ><div class='container av-section-cont-open' ><div class='template-page content  av-content-full alpha units'><div class='post-entry post-entry-type-page post-entry-909'><div class='entry-content-wrapper clearfix'>\n\n<style type=\"text\/css\" data-created_by=\"avia_inline_auto\" id=\"style-css-av-5apm-30dca3a8e5b28ad80cc6d1cf63dab7af\">\n.flex_column.av-5apm-30dca3a8e5b28ad80cc6d1cf63dab7af{\nborder-radius:0px 0px 0px 0px;\npadding:0px 0px 0px 0px;\n}\n<\/style>\n<div  class='flex_column av-5apm-30dca3a8e5b28ad80cc6d1cf63dab7af av_one_full  avia-builder-el-6  el_before_av_one_fourth  avia-builder-el-first  first flex_column_div av-zero-column-padding  '     ><section  class='av_textblock_section av-42fq-84832152576d92737999a01915d02ede '   itemscope=\"itemscope\" itemtype=\"https:\/\/schema.org\/CreativeWork\" ><div class='avia_textblock'  itemprop=\"text\" ><p style=\"text-align: center;\">Heute nutzen zehntausende H\u00e4ndler weltweit die ePages-Plattform, um ihre Produkte effizient zu verkaufen. Mit ePages verwandeln sie ihre Ideen und ihre Leidenschaft in erfolgreiche Onlineshops. Erfahre mehr \u00fcber unsere H\u00e4ndler und finde heraus, wie sie ihren Shop erfolgreich gemacht haben.<\/p>\n<\/div><\/section><\/div>\n<style type=\"text\/css\" data-created_by=\"avia_inline_auto\" id=\"style-css-av-5apm-30dca3a8e5b28ad80cc6d1cf63dab7af\">\n.flex_column.av-5apm-30dca3a8e5b28ad80cc6d1cf63dab7af{\nborder-radius:0px 0px 0px 0px;\npadding:0px 0px 0px 0px;\n}\n<\/style>\n<div  class='flex_column av-5apm-30dca3a8e5b28ad80cc6d1cf63dab7af av_one_fourth  avia-builder-el-8  el_after_av_one_full  el_before_av_three_fourth  first flex_column_div av-zero-column-padding  column-top-margin'     ><style type=\"text\/css\" data-created_by=\"avia_inline_auto\" id=\"style-css-av-jkcfkdrc-581cc3e69b5c551d6d48aebac45c0e93\">\n.avia-image-container.av-jkcfkdrc-581cc3e69b5c551d6d48aebac45c0e93 img.avia_image{\nbox-shadow:none;\n}\n.avia-image-container.av-jkcfkdrc-581cc3e69b5c551d6d48aebac45c0e93 .av-image-caption-overlay-center{\ncolor:#ffffff;\n}\n<\/style>\n<div  class='avia-image-container av-jkcfkdrc-581cc3e69b5c551d6d48aebac45c0e93 av-styling- av-img-linked avia-align-center  avia-builder-el-9  avia-builder-el-no-sibling '   itemprop=\"image\" itemscope=\"itemscope\" itemtype=\"https:\/\/schema.org\/ImageObject\" ><div class=\"avia-image-container-inner\"><div class=\"avia-image-overlay-wrap\"><a href=\"https:\/\/www.youtube.com\/watch?v=GfHsyZ0ccVU\" class=\"avia_image \" rel=\"nofollow noopener\"><img decoding=\"async\" fetchpriority=\"high\" class='wp-image-9026 avia-img-lazy-loading-not-9026 avia_image ' src=\"https:\/\/epages.com\/wp-content\/uploads\/2019\/08\/audrey_button.png\" alt='' title=''  height=\"223\" width=\"250\"  itemprop=\"thumbnailUrl\"  \/><\/a><\/div><\/div><\/div><\/div>\n<style type=\"text\/css\" data-created_by=\"avia_inline_auto\" id=\"style-css-av-5apm-04f746b02aa90c3d0f1a824d8abee4bd\">\n.flex_column.av-5apm-04f746b02aa90c3d0f1a824d8abee4bd{\nborder-radius:0px 0px 0px 0px;\npadding:0px 0px 0px 0px;\n}\n<\/style>\n<div  class='flex_column av-5apm-04f746b02aa90c3d0f1a824d8abee4bd av_three_fourth  avia-builder-el-10  el_after_av_one_fourth  el_before_av_one_fourth  flex_column_div av-zero-column-padding  column-top-margin'     ><p>\n<style type=\"text\/css\" data-created_by=\"avia_inline_auto\" id=\"style-css-av-sukth-58a8491f4a33f8dfb1dfb7294f2ecd71\">\n#top .av-special-heading.av-sukth-58a8491f4a33f8dfb1dfb7294f2ecd71{\npadding-bottom:10px;\n}\nbody .av-special-heading.av-sukth-58a8491f4a33f8dfb1dfb7294f2ecd71 .av-special-heading-tag .heading-char{\nfont-size:25px;\n}\n.av-special-heading.av-sukth-58a8491f4a33f8dfb1dfb7294f2ecd71 .av-subheading{\nfont-size:15px;\n}\n<\/style>\n<div  class='av-special-heading av-sukth-58a8491f4a33f8dfb1dfb7294f2ecd71 av-special-heading-h3 blockquote modern-quote  avia-builder-el-11  el_before_av_textblock  avia-builder-el-first '><h3 class='av-special-heading-tag '  itemprop=\"headline\"  >Les Carnets d\u2019Audrey<\/h3><div class=\"special-heading-border\"><div class=\"special-heading-inner-border\"><\/div><\/div><\/div><br \/>\n<section  class='av_textblock_section av-42fq-c7fb32f1a6f772d4ad6c8a678cdfe6aa '   itemscope=\"itemscope\" itemtype=\"https:\/\/schema.org\/CreativeWork\" ><div class='avia_textblock'  itemprop=\"text\" ><p>Audrey, urspr\u00fcnglich aus Lyon, ist K\u00fcnstlerin und lebt mit ihrer Familie seit sieben Jahren in Barcelona. Dort hat sie ihr eigenes Gesch\u00e4ft und verkauft Produkte ihrer Marke \u201eLes Carnets d&#8217;Audrey\u201c. Sie vermutete, dass sowohl Franzosen als auch Spanier ihre Produkte auch online kaufen w\u00fcrden. Audrey kannte sich aber mit Computern nicht aus.<\/p>\n<\/div><\/section><br \/>\n<div  class='avia-button-wrap av-jgw7spi6-af7fe37af65f653a93db6f71f6a5236c-wrap avia-button-left  avia-builder-el-13  el_after_av_textblock  avia-builder-el-last  en_outline'><a href=\"https:\/\/epages.com\/de\/shop-galerie\/haendler\/les-carnets-daudrey\/\" class=\"avia-button av-jgw7spi6-af7fe37af65f653a93db6f71f6a5236c av-link-btn avia-icon_select-no avia-size-medium avia-position-left avia-color-green\" aria-label=\"Weiterlesen\"><span class='avia_iconbox_title' >Weiterlesen<\/span><\/a><\/div><\/p><\/div>\n<style type=\"text\/css\" data-created_by=\"avia_inline_auto\" id=\"style-css-av-5apm-30dca3a8e5b28ad80cc6d1cf63dab7af\">\n.flex_column.av-5apm-30dca3a8e5b28ad80cc6d1cf63dab7af{\nborder-radius:0px 0px 0px 0px;\npadding:0px 0px 0px 0px;\n}\n<\/style>\n<div  class='flex_column av-5apm-30dca3a8e5b28ad80cc6d1cf63dab7af av_one_fourth  avia-builder-el-14  el_after_av_three_fourth  el_before_av_three_fourth  first flex_column_div av-zero-column-padding  column-top-margin'     ><style type=\"text\/css\" data-created_by=\"avia_inline_auto\" id=\"style-css-av-jkcfkdrc-7683b45a4f9becca66918cc1a6ab8efb\">\n.avia-image-container.av-jkcfkdrc-7683b45a4f9becca66918cc1a6ab8efb img.avia_image{\nbox-shadow:none;\n}\n.avia-image-container.av-jkcfkdrc-7683b45a4f9becca66918cc1a6ab8efb .av-image-caption-overlay-center{\ncolor:#ffffff;\n}\n<\/style>\n<div  class='avia-image-container av-jkcfkdrc-7683b45a4f9becca66918cc1a6ab8efb av-styling- av-img-linked avia-align-center  avia-builder-el-15  avia-builder-el-no-sibling '   itemprop=\"image\" itemscope=\"itemscope\" itemtype=\"https:\/\/schema.org\/ImageObject\" ><div class=\"avia-image-container-inner\"><div class=\"avia-image-overlay-wrap\"><a href=\"https:\/\/www.youtube.com\/watch?v=Vjn_aE-oLnI\" class=\"avia_image \" rel=\"nofollow noopener\"><img decoding=\"async\" fetchpriority=\"high\" class='wp-image-9044 avia-img-lazy-loading-not-9044 avia_image ' src=\"https:\/\/epages.com\/wp-content\/uploads\/2019\/08\/merchant-mireia_button.png\" alt='' title=''  height=\"223\" width=\"250\"  itemprop=\"thumbnailUrl\"  \/><\/a><\/div><\/div><\/div><\/div>\n<style type=\"text\/css\" data-created_by=\"avia_inline_auto\" id=\"style-css-av-5apm-04f746b02aa90c3d0f1a824d8abee4bd\">\n.flex_column.av-5apm-04f746b02aa90c3d0f1a824d8abee4bd{\nborder-radius:0px 0px 0px 0px;\npadding:0px 0px 0px 0px;\n}\n<\/style>\n<div  class='flex_column av-5apm-04f746b02aa90c3d0f1a824d8abee4bd av_three_fourth  avia-builder-el-16  el_after_av_one_fourth  el_before_av_one_fourth  flex_column_div av-zero-column-padding  column-top-margin'     ><p>\n<style type=\"text\/css\" data-created_by=\"avia_inline_auto\" id=\"style-css-av-k69rh-b2921aa17e65df2cfab4980a77dac53e\">\n#top .av-special-heading.av-k69rh-b2921aa17e65df2cfab4980a77dac53e{\npadding-bottom:10px;\n}\nbody .av-special-heading.av-k69rh-b2921aa17e65df2cfab4980a77dac53e .av-special-heading-tag .heading-char{\nfont-size:25px;\n}\n.av-special-heading.av-k69rh-b2921aa17e65df2cfab4980a77dac53e .av-subheading{\nfont-size:15px;\n}\n<\/style>\n<div  class='av-special-heading av-k69rh-b2921aa17e65df2cfab4980a77dac53e av-special-heading-h3 blockquote modern-quote  avia-builder-el-17  el_before_av_textblock  avia-builder-el-first '><h3 class='av-special-heading-tag '  itemprop=\"headline\"  >Visto Luego Existo<\/h3><div class=\"special-heading-border\"><div class=\"special-heading-inner-border\"><\/div><\/div><\/div><br \/>\n<section  class='av_textblock_section av-42fq-c7fb32f1a6f772d4ad6c8a678cdfe6aa '   itemscope=\"itemscope\" itemtype=\"https:\/\/schema.org\/CreativeWork\" ><div class='avia_textblock'  itemprop=\"text\" ><p>Mireia ist Besitzerin einer kleinen Boutique in Barcelona, wo sie handgefertigte Mode und Accessoires verkauft. Ihr Ladengesch\u00e4ft l\u00e4uft sehr gut. Trotzdem wollte sie auch online verkaufen, um noch mehr Kunden zu erreichen. Schnell richtete sie sich ihren Onlineshop von ePages ein und verkauft jetzt auch im Internet.<\/p>\n<\/div><\/section><br \/>\n<div  class='avia-button-wrap av-jgw7spi6-37e2d5fe67fa1472d4bf1acd37315e87-wrap avia-button-left  avia-builder-el-19  el_after_av_textblock  avia-builder-el-last  en_outline'><a href=\"https:\/\/epages.com\/de\/shop-galerie\/haendler\/visto-luego-existo\/\" class=\"avia-button av-jgw7spi6-37e2d5fe67fa1472d4bf1acd37315e87 av-link-btn avia-icon_select-no avia-size-medium avia-position-left avia-color-green\" aria-label=\"Weiterlesen\"><span class='avia_iconbox_title' >Weiterlesen<\/span><\/a><\/div><\/p><\/div>\n<style type=\"text\/css\" data-created_by=\"avia_inline_auto\" id=\"style-css-av-5apm-30dca3a8e5b28ad80cc6d1cf63dab7af\">\n.flex_column.av-5apm-30dca3a8e5b28ad80cc6d1cf63dab7af{\nborder-radius:0px 0px 0px 0px;\npadding:0px 0px 0px 0px;\n}\n<\/style>\n<div  class='flex_column av-5apm-30dca3a8e5b28ad80cc6d1cf63dab7af av_one_fourth  avia-builder-el-20  el_after_av_three_fourth  el_before_av_three_fourth  first flex_column_div av-zero-column-padding  column-top-margin'     ><style type=\"text\/css\" data-created_by=\"avia_inline_auto\" id=\"style-css-av-jkcfkdrc-331af1995dc935d4407a23f3669fb383\">\n.avia-image-container.av-jkcfkdrc-331af1995dc935d4407a23f3669fb383 img.avia_image{\nbox-shadow:none;\n}\n.avia-image-container.av-jkcfkdrc-331af1995dc935d4407a23f3669fb383 .av-image-caption-overlay-center{\ncolor:#ffffff;\n}\n<\/style>\n<div  class='avia-image-container av-jkcfkdrc-331af1995dc935d4407a23f3669fb383 av-styling- av-img-linked avia-align-center  avia-builder-el-21  avia-builder-el-no-sibling '   itemprop=\"image\" itemscope=\"itemscope\" itemtype=\"https:\/\/schema.org\/ImageObject\" ><div class=\"avia-image-container-inner\"><div class=\"avia-image-overlay-wrap\"><a href=\"https:\/\/www.youtube.com\/watch?v=LHVrxEfOvdA\" class=\"avia_image \" aria-label=\"merchant-marti_button\" rel=\"nofollow noopener\"><img decoding=\"async\" fetchpriority=\"high\" class='wp-image-9032 avia-img-lazy-loading-not-9032 avia_image ' src=\"https:\/\/epages.com\/wp-content\/uploads\/2019\/08\/merchant-marti_button.png\" alt='' title='merchant-marti_button'  height=\"223\" width=\"250\"  itemprop=\"thumbnailUrl\"  \/><\/a><\/div><\/div><\/div><\/div>\n<style type=\"text\/css\" data-created_by=\"avia_inline_auto\" id=\"style-css-av-5apm-04f746b02aa90c3d0f1a824d8abee4bd\">\n.flex_column.av-5apm-04f746b02aa90c3d0f1a824d8abee4bd{\nborder-radius:0px 0px 0px 0px;\npadding:0px 0px 0px 0px;\n}\n<\/style>\n<div  class='flex_column av-5apm-04f746b02aa90c3d0f1a824d8abee4bd av_three_fourth  avia-builder-el-22  el_after_av_one_fourth  el_before_av_one_fourth  flex_column_div av-zero-column-padding  column-top-margin'     ><p>\n<style type=\"text\/css\" data-created_by=\"avia_inline_auto\" id=\"style-css-av-eh36t-7ae792155a8a48dad2391cfaa729c98c\">\n#top .av-special-heading.av-eh36t-7ae792155a8a48dad2391cfaa729c98c{\npadding-bottom:10px;\n}\nbody .av-special-heading.av-eh36t-7ae792155a8a48dad2391cfaa729c98c .av-special-heading-tag .heading-char{\nfont-size:25px;\n}\n.av-special-heading.av-eh36t-7ae792155a8a48dad2391cfaa729c98c .av-subheading{\nfont-size:15px;\n}\n<\/style>\n<div  class='av-special-heading av-eh36t-7ae792155a8a48dad2391cfaa729c98c av-special-heading-h3 blockquote modern-quote  avia-builder-el-23  el_before_av_textblock  avia-builder-el-first '><h3 class='av-special-heading-tag '  itemprop=\"headline\"  >Mochilas 13<\/h3><div class=\"special-heading-border\"><div class=\"special-heading-inner-border\"><\/div><\/div><\/div><br \/>\n<section  class='av_textblock_section av-42fq-c7fb32f1a6f772d4ad6c8a678cdfe6aa '   itemscope=\"itemscope\" itemtype=\"https:\/\/schema.org\/CreativeWork\" ><div class='avia_textblock'  itemprop=\"text\" ><p>Der Elektroniker Mart\u00ed wurde nach 23 Jahren Arbeit in einer Fabrik arbeitslos und beschloss, beruflich neu zu starten. Nur ein Jahr sp\u00e4ter er\u00f6ffnete er in Barcelona sein eigenes Ladengesch\u00e4ft f\u00fcr Taschen und Accessoires. Er begann mit dem Verkauf von Produkten seiner eigenen Marke Urbanus Barcelona und erweiterte sein Angebot durch Produkte von anderen Herstellern.<\/p>\n<\/div><\/section><br \/>\n<div  class='avia-button-wrap av-jgw7spi6-b1c9f17b244d92fe38cc08c979ea8e53-wrap avia-button-left  avia-builder-el-25  el_after_av_textblock  avia-builder-el-last  en_outline'><a href=\"https:\/\/epages.com\/de\/shop-galerie\/haendler\/mochilas-13\/\" class=\"avia-button av-jgw7spi6-b1c9f17b244d92fe38cc08c979ea8e53 av-link-btn avia-icon_select-no avia-size-medium avia-position-left avia-color-green\" aria-label=\"Weiterlesen\"><span class='avia_iconbox_title' >Weiterlesen<\/span><\/a><\/div><\/p><\/div>\n<style type=\"text\/css\" data-created_by=\"avia_inline_auto\" id=\"style-css-av-5apm-30dca3a8e5b28ad80cc6d1cf63dab7af\">\n.flex_column.av-5apm-30dca3a8e5b28ad80cc6d1cf63dab7af{\nborder-radius:0px 0px 0px 0px;\npadding:0px 0px 0px 0px;\n}\n<\/style>\n<div  class='flex_column av-5apm-30dca3a8e5b28ad80cc6d1cf63dab7af av_one_fourth  avia-builder-el-26  el_after_av_three_fourth  el_before_av_three_fourth  first flex_column_div av-zero-column-padding  column-top-margin'     ><style type=\"text\/css\" data-created_by=\"avia_inline_auto\" id=\"style-css-av-jkcfkdrc-26e885c7f42cd03ec50b493b2cd38ab2\">\n.avia-image-container.av-jkcfkdrc-26e885c7f42cd03ec50b493b2cd38ab2 img.avia_image{\nbox-shadow:none;\n}\n.avia-image-container.av-jkcfkdrc-26e885c7f42cd03ec50b493b2cd38ab2 .av-image-caption-overlay-center{\ncolor:#ffffff;\n}\n<\/style>\n<div  class='avia-image-container av-jkcfkdrc-26e885c7f42cd03ec50b493b2cd38ab2 av-styling- av-img-linked avia-align-center  avia-builder-el-27  avia-builder-el-no-sibling '   itemprop=\"image\" itemscope=\"itemscope\" itemtype=\"https:\/\/schema.org\/ImageObject\" ><div class=\"avia-image-container-inner\"><div class=\"avia-image-overlay-wrap\"><a href=\"https:\/\/www.youtube.com\/watch?v=xjNrgaQa0bk\" class=\"avia_image \" aria-label=\"merchant-mavalou_button\" rel=\"nofollow noopener\"><img decoding=\"async\" fetchpriority=\"high\" class='wp-image-9038 avia-img-lazy-loading-not-9038 avia_image ' src=\"https:\/\/epages.com\/wp-content\/uploads\/2019\/08\/merchant-mavalou_button.png\" alt='' title='merchant-mavalou_button'  height=\"223\" width=\"250\"  itemprop=\"thumbnailUrl\"  \/><\/a><\/div><\/div><\/div><\/div>\n<style type=\"text\/css\" data-created_by=\"avia_inline_auto\" id=\"style-css-av-5apm-04f746b02aa90c3d0f1a824d8abee4bd\">\n.flex_column.av-5apm-04f746b02aa90c3d0f1a824d8abee4bd{\nborder-radius:0px 0px 0px 0px;\npadding:0px 0px 0px 0px;\n}\n<\/style>\n<div  class='flex_column av-5apm-04f746b02aa90c3d0f1a824d8abee4bd av_three_fourth  avia-builder-el-28  el_after_av_one_fourth  avia-builder-el-last  flex_column_div av-zero-column-padding  column-top-margin'     ><p>\n<style type=\"text\/css\" data-created_by=\"avia_inline_auto\" id=\"style-css-av-93b3x-33f43eb942ce58e02084ab43923a8635\">\n#top .av-special-heading.av-93b3x-33f43eb942ce58e02084ab43923a8635{\npadding-bottom:10px;\n}\nbody .av-special-heading.av-93b3x-33f43eb942ce58e02084ab43923a8635 .av-special-heading-tag .heading-char{\nfont-size:25px;\n}\n.av-special-heading.av-93b3x-33f43eb942ce58e02084ab43923a8635 .av-subheading{\nfont-size:15px;\n}\n<\/style>\n<div  class='av-special-heading av-93b3x-33f43eb942ce58e02084ab43923a8635 av-special-heading-h3 blockquote modern-quote  avia-builder-el-29  el_before_av_textblock  avia-builder-el-first '><h3 class='av-special-heading-tag '  itemprop=\"headline\"  >Mava L\u00f3u<\/h3><div class=\"special-heading-border\"><div class=\"special-heading-inner-border\"><\/div><\/div><\/div><br \/>\n<section  class='av_textblock_section av-42fq-c7fb32f1a6f772d4ad6c8a678cdfe6aa '   itemscope=\"itemscope\" itemtype=\"https:\/\/schema.org\/CreativeWork\" ><div class='avia_textblock'  itemprop=\"text\" ><p>Christiane B\u00e4rs Gesch\u00e4ftsidee entstand durch ihre Freunde, die begeisterte T\u00e4nzer sind. Sie produziert mit ihrem eigenen Modelabel Mava L\u00f3u Kleidung f\u00fcr Salsa-und Tangofans. Kunden k\u00f6nnen Teile aus ihrer Kollektion in ihrem Ladengesch\u00e4ft in Berlin-Kreuzberg kaufen \u2013 oder von \u00fcberall aus in ihrem Onlineshop.<\/p>\n<\/div><\/section><br \/>\n<div  class='avia-button-wrap av-jgw7spi6-3d48dca803e71b3cd76e2c372624bb0b-wrap avia-button-left  avia-builder-el-31  el_after_av_textblock  avia-builder-el-last  en_outline'><a href=\"https:\/\/epages.com\/de\/shop-galerie\/haendler\/mavalou\/\" class=\"avia-button av-jgw7spi6-3d48dca803e71b3cd76e2c372624bb0b av-link-btn avia-icon_select-no avia-size-medium avia-position-left avia-color-green\" aria-label=\"Weiterlesen\"><span class='avia_iconbox_title' >Weiterlesen<\/span><\/a><\/div><\/p><\/div>\n","protected":false},"excerpt":{"rendered":"","protected":false},"author":1,"featured_media":0,"parent":657,"menu_order":0,"comment_status":"closed","ping_status":"closed","template":"","meta":{"footnotes":""},"class_list":["post-909","page","type-page","status-publish","hentry"],"_links":{"self":[{"href":"https:\/\/epages.com\/de\/wp-json\/wp\/v2\/pages\/909"}],"collection":[{"href":"https:\/\/epages.com\/de\/wp-json\/wp\/v2\/pages"}],"about":[{"href":"https:\/\/epages.com\/de\/wp-json\/wp\/v2\/types\/page"}],"author":[{"embeddable":true,"href":"https:\/\/epages.com\/de\/wp-json\/wp\/v2\/users\/1"}],"replies":[{"embeddable":true,"href":"https:\/\/epages.com\/de\/wp-json\/wp\/v2\/comments?post=909"}],"version-history":[{"count":7,"href":"https:\/\/epages.com\/de\/wp-json\/wp\/v2\/pages\/909\/revisions"}],"predecessor-version":[{"id":60892,"href":"https:\/\/epages.com\/de\/wp-json\/wp\/v2\/pages\/909\/revisions\/60892"}],"up":[{"embeddable":true,"href":"https:\/\/epages.com\/de\/wp-json\/wp\/v2\/pages\/657"}],"wp:attachment":[{"href":"https:\/\/epages.com\/de\/wp-json\/wp\/v2\/media?parent=909"}],"curies":[{"name":"wp","href":"https:\/\/api.w.org\/{rel}","templated":true}]}}