{"id":899,"date":"2018-07-26T10:30:09","date_gmt":"2018-07-26T08:30:09","guid":{"rendered":"https:\/\/epages.com?page_id=899"},"modified":"2022-03-28T16:01:51","modified_gmt":"2022-03-28T14:01:51","slug":"multistore","status":"publish","type":"page","link":"https:\/\/epages.com\/de\/onlineshop-erstellen\/multistore\/","title":{"rendered":"Multistore"},"content":{"rendered":"\n<style type=\"text\/css\" data-created_by=\"avia_inline_auto\" id=\"style-css-av-jgw6lf2x-98a81506fb2e2a600153ad79f3f203b8\">\n.avia-section.av-jgw6lf2x-98a81506fb2e2a600153ad79f3f203b8{\nbackground-repeat:no-repeat;\nbackground-image:url(https:\/\/epages.com\/wp-content\/uploads\/2018\/08\/multistore-header.jpg);\nbackground-position:50% 50%;\nbackground-attachment:scroll;\n}\n<\/style>\n<div id='av_section_1'  class='avia-section av-jgw6lf2x-98a81506fb2e2a600153ad79f3f203b8 main_color avia-section-default avia-no-border-styling  avia-builder-el-0  el_before_av_section  avia-builder-el-first  en_headerbild en_bg_multistore1 avia-full-stretch avia-bg-style-scroll container_wrap fullsize'  data-section-bg-repeat='stretch'><div class='container av-section-cont-open' ><main  role=\"main\" itemprop=\"mainContentOfPage\"  class='template-page content  av-content-full alpha units'><div class='post-entry post-entry-type-page post-entry-899'><div class='entry-content-wrapper clearfix'>\n\n<style type=\"text\/css\" data-created_by=\"avia_inline_auto\" id=\"style-css-av-jgw6pl47-da062789ea1e41bf55be2ef340603f61\">\n#top .hr.hr-invisible.av-jgw6pl47-da062789ea1e41bf55be2ef340603f61{\nmargin-top:0px;\nheight:1px;\n}\n<\/style>\n<div  class='hr av-jgw6pl47-da062789ea1e41bf55be2ef340603f61 hr-invisible  avia-builder-el-1  el_before_av_hr  avia-builder-el-first  en_headerabstand av-small-hide av-mini-hide'><span class='hr-inner '><span class=\"hr-inner-style\"><\/span><\/span><\/div>\n\n<style type=\"text\/css\" data-created_by=\"avia_inline_auto\" id=\"style-css-av-jgw6pl47-da062789ea1e41bf55be2ef340603f61\">\n#top .hr.hr-invisible.av-jgw6pl47-da062789ea1e41bf55be2ef340603f61{\nmargin-top:0px;\nheight:1px;\n}\n<\/style>\n<div  class='hr av-jgw6pl47-da062789ea1e41bf55be2ef340603f61 hr-invisible  avia-builder-el-2  el_after_av_hr  el_before_av_one_half  en_headerabstand av-small-hide av-mini-hide'><span class='hr-inner '><span class=\"hr-inner-style\"><\/span><\/span><\/div>\n\n<style type=\"text\/css\" data-created_by=\"avia_inline_auto\" id=\"style-css-av-3rd4-d6a683e94dcbcb970f0316fdb9b68405\">\n.flex_column.av-3rd4-d6a683e94dcbcb970f0316fdb9b68405{\nborder-radius:0px 0px 0px 0px;\npadding:0px 0px 0px 0px;\n}\n<\/style>\n<div  class='flex_column av-3rd4-d6a683e94dcbcb970f0316fdb9b68405 av_one_half  avia-builder-el-3  el_after_av_hr  avia-builder-el-last  first flex_column_div av-zero-column-padding  '     ><style type=\"text\/css\" data-created_by=\"avia_inline_auto\" id=\"style-css-av-7vpnn-2b55659c3c478dee2c0b6c51c02277f3\">\n#top .av-special-heading.av-7vpnn-2b55659c3c478dee2c0b6c51c02277f3{\npadding-bottom:10px;\ncolor:#ffffff;\n}\nbody .av-special-heading.av-7vpnn-2b55659c3c478dee2c0b6c51c02277f3 .av-special-heading-tag .heading-char{\nfont-size:25px;\n}\n.av-special-heading.av-7vpnn-2b55659c3c478dee2c0b6c51c02277f3 .special-heading-inner-border{\nborder-color:#ffffff;\n}\n.av-special-heading.av-7vpnn-2b55659c3c478dee2c0b6c51c02277f3 .av-subheading{\nfont-size:15px;\n}\n<\/style>\n<div  class='av-special-heading av-7vpnn-2b55659c3c478dee2c0b6c51c02277f3 av-special-heading-h1 custom-color-heading blockquote modern-quote  avia-builder-el-4  avia-builder-el-no-sibling '><h1 class='av-special-heading-tag '  itemprop=\"headline\"  >ePages Multistore<\/h1><div class=\"special-heading-border\"><div class=\"special-heading-inner-border\"><\/div><\/div><\/div><\/div>\n\n<\/div><\/div><\/main><!-- close content main element --><\/div><\/div><div id='av_section_2'  class='avia-section av-701e-8b2cd89cad718a8f2768038ce5aa67b7 main_color avia-section-large avia-no-border-styling  avia-builder-el-5  el_after_av_section  el_before_av_section  avia-bg-style-scroll container_wrap fullsize'  ><div class='container av-section-cont-open' ><div class='template-page content  av-content-full alpha units'><div class='post-entry post-entry-type-page post-entry-899'><div class='entry-content-wrapper clearfix'>\n\n<style type=\"text\/css\" data-created_by=\"avia_inline_auto\" id=\"style-css-av-5apm-30dca3a8e5b28ad80cc6d1cf63dab7af\">\n.flex_column.av-5apm-30dca3a8e5b28ad80cc6d1cf63dab7af{\nborder-radius:0px 0px 0px 0px;\npadding:0px 0px 0px 0px;\n}\n<\/style>\n<div  class='flex_column av-5apm-30dca3a8e5b28ad80cc6d1cf63dab7af av_one_full  avia-builder-el-6  avia-builder-el-no-sibling  first flex_column_div av-zero-column-padding  '     ><p>\n<style type=\"text\/css\" data-created_by=\"avia_inline_auto\" id=\"style-css-av-ymp3f-62182e366b3b0f46084863829a531b7d\">\n#top .av-special-heading.av-ymp3f-62182e366b3b0f46084863829a531b7d{\npadding-bottom:10px;\n}\nbody .av-special-heading.av-ymp3f-62182e366b3b0f46084863829a531b7d .av-special-heading-tag .heading-char{\nfont-size:25px;\n}\n.av-special-heading.av-ymp3f-62182e366b3b0f46084863829a531b7d .av-subheading{\nfont-size:15px;\n}\n<\/style>\n<div  class='av-special-heading av-ymp3f-62182e366b3b0f46084863829a531b7d av-special-heading-h2 blockquote modern-quote modern-centered  avia-builder-el-7  el_before_av_textblock  avia-builder-el-first '><h2 class='av-special-heading-tag '  itemprop=\"headline\"  >Ein Netzwerk von hochflexiblen Onlineshops<\/h2><div class=\"special-heading-border\"><div class=\"special-heading-inner-border\"><\/div><\/div><\/div><br \/>\n<section  class='av_textblock_section av-42fq-c7fb32f1a6f772d4ad6c8a678cdfe6aa '   itemscope=\"itemscope\" itemtype=\"https:\/\/schema.org\/CreativeWork\" ><div class='avia_textblock'  itemprop=\"text\" ><p style=\"text-align: center;\">Mit ePages Multistore erstellen Sie ein Netzwerk von Onlineshops, durch das sie mit Partnern zusammenarbeiten oder Ihre Produkte in mehreren Shops an verschiedene Zielgruppen verkaufen k\u00f6nnen.<\/p>\n<\/div><\/section><\/p><\/div>\n\n<\/div><\/div><\/div><!-- close content main div --><\/div><\/div><div id='av_section_3'  class='avia-section av-701e-1c77800b0ea552b905c3cae4315d0f51 alternate_color avia-section-large avia-no-border-styling  avia-builder-el-9  el_after_av_section  el_before_av_section  avia-bg-style-scroll container_wrap fullsize'  ><div class='container av-section-cont-open' ><div class='template-page content  av-content-full alpha units'><div class='post-entry post-entry-type-page post-entry-899'><div class='entry-content-wrapper clearfix'>\n\n<style type=\"text\/css\" data-created_by=\"avia_inline_auto\" id=\"style-css-av-5apm-30dca3a8e5b28ad80cc6d1cf63dab7af\">\n.flex_column.av-5apm-30dca3a8e5b28ad80cc6d1cf63dab7af{\nborder-radius:0px 0px 0px 0px;\npadding:0px 0px 0px 0px;\n}\n<\/style>\n<div  class='flex_column av-5apm-30dca3a8e5b28ad80cc6d1cf63dab7af av_one_full  avia-builder-el-10  el_before_av_one_third  avia-builder-el-first  first flex_column_div av-zero-column-padding  '     ><style type=\"text\/css\" data-created_by=\"avia_inline_auto\" id=\"style-css-av-ta14z-bb27321cecb348c21d9cb41e569dc9d6\">\n#top .av-special-heading.av-ta14z-bb27321cecb348c21d9cb41e569dc9d6{\npadding-bottom:10px;\n}\nbody .av-special-heading.av-ta14z-bb27321cecb348c21d9cb41e569dc9d6 .av-special-heading-tag .heading-char{\nfont-size:25px;\n}\n.av-special-heading.av-ta14z-bb27321cecb348c21d9cb41e569dc9d6 .av-subheading{\nfont-size:15px;\n}\n<\/style>\n<div  class='av-special-heading av-ta14z-bb27321cecb348c21d9cb41e569dc9d6 av-special-heading-h2 blockquote modern-quote modern-centered  avia-builder-el-11  avia-builder-el-no-sibling '><h2 class='av-special-heading-tag '  itemprop=\"headline\"  >Vorteile von ePages Multistore<\/h2><div class=\"special-heading-border\"><div class=\"special-heading-inner-border\"><\/div><\/div><\/div><\/div>\n<style type=\"text\/css\" data-created_by=\"avia_inline_auto\" id=\"style-css-av-5apm-30dca3a8e5b28ad80cc6d1cf63dab7af\">\n.flex_column.av-5apm-30dca3a8e5b28ad80cc6d1cf63dab7af{\nborder-radius:0px 0px 0px 0px;\npadding:0px 0px 0px 0px;\n}\n<\/style>\n<div  class='flex_column av-5apm-30dca3a8e5b28ad80cc6d1cf63dab7af av_one_third  avia-builder-el-12  el_after_av_one_full  el_before_av_one_third  first flex_column_div av-zero-column-padding  column-top-margin'     ><p>\n<style type=\"text\/css\" data-created_by=\"avia_inline_auto\" id=\"style-css-av-jkc7osuh-8453a144694a381dd93cfb611ec27c97\">\n.avia-image-container.av-jkc7osuh-8453a144694a381dd93cfb611ec27c97 img.avia_image{\nbox-shadow:none;\n}\n.avia-image-container.av-jkc7osuh-8453a144694a381dd93cfb611ec27c97 .av-image-caption-overlay-center{\ncolor:#ffffff;\n}\n<\/style>\n<div  class='avia-image-container av-jkc7osuh-8453a144694a381dd93cfb611ec27c97 av-styling- avia-align-left  avia-builder-el-13  el_before_av_heading  avia-builder-el-first  en_clear en_mobilmittig'   itemprop=\"image\" itemscope=\"itemscope\" itemtype=\"https:\/\/schema.org\/ImageObject\" ><div class=\"avia-image-container-inner\"><div class=\"avia-image-overlay-wrap\"><img decoding=\"async\" fetchpriority=\"high\" class='wp-image-1363 avia-img-lazy-loading-not-1363 avia_image ' src=\"https:\/\/epages.com\/wp-content\/uploads\/2018\/08\/icon-network.svg\" alt='' title='icon-network'   itemprop=\"thumbnailUrl\"  \/><\/div><\/div><\/div><br \/>\n\n<style type=\"text\/css\" data-created_by=\"avia_inline_auto\" id=\"style-css-av-izx2b-5bdba906aa71958c1c9a9a153d3ab1aa\">\n#top .av-special-heading.av-izx2b-5bdba906aa71958c1c9a9a153d3ab1aa{\nmargin:20px 0 -10px 0;\npadding-bottom:10px;\n}\nbody .av-special-heading.av-izx2b-5bdba906aa71958c1c9a9a153d3ab1aa .av-special-heading-tag .heading-char{\nfont-size:25px;\n}\n.av-special-heading.av-izx2b-5bdba906aa71958c1c9a9a153d3ab1aa .av-subheading{\nfont-size:15px;\n}\n<\/style>\n<div  class='av-special-heading av-izx2b-5bdba906aa71958c1c9a9a153d3ab1aa av-special-heading-h3 blockquote modern-quote  avia-builder-el-14  el_after_av_image  el_before_av_textblock '><h3 class='av-special-heading-tag '  itemprop=\"headline\"  >Selbstverwaltete Sub-Shops<\/h3><div class=\"special-heading-border\"><div class=\"special-heading-inner-border\"><\/div><\/div><\/div><br \/>\n<section  class='av_textblock_section av-42fq-c7fb32f1a6f772d4ad6c8a678cdfe6aa '   itemscope=\"itemscope\" itemtype=\"https:\/\/schema.org\/CreativeWork\" ><div class='avia_textblock'  itemprop=\"text\" ><p style=\"text-align: left;\">Gr\u00f6\u00dfere Hersteller oder Beschaffungsorganisationen k\u00f6nnen mit kleineren Onlineh\u00e4ndlern einfach zusammenarbeiten. Die Anbindung eines zentral betriebenen Master-Shops an einen lokalen Shop erm\u00f6glicht es ihren Partnerh\u00e4ndlern, aktualisierte Produktkataloge zu pr\u00e4sentieren und erfolgreich zu verkaufen.<\/p>\n<\/div><\/section><\/p><\/div>\n<style type=\"text\/css\" data-created_by=\"avia_inline_auto\" id=\"style-css-av-5apm-04f746b02aa90c3d0f1a824d8abee4bd\">\n.flex_column.av-5apm-04f746b02aa90c3d0f1a824d8abee4bd{\nborder-radius:0px 0px 0px 0px;\npadding:0px 0px 0px 0px;\n}\n<\/style>\n<div  class='flex_column av-5apm-04f746b02aa90c3d0f1a824d8abee4bd av_one_third  avia-builder-el-16  el_after_av_one_third  el_before_av_one_third  flex_column_div av-zero-column-padding  column-top-margin'     ><p>\n<style type=\"text\/css\" data-created_by=\"avia_inline_auto\" id=\"style-css-av-jkc7osuh-19b3b68e9104ace3b2467bd9c37e3cee\">\n.avia-image-container.av-jkc7osuh-19b3b68e9104ace3b2467bd9c37e3cee img.avia_image{\nbox-shadow:none;\n}\n.avia-image-container.av-jkc7osuh-19b3b68e9104ace3b2467bd9c37e3cee .av-image-caption-overlay-center{\ncolor:#ffffff;\n}\n<\/style>\n<div  class='avia-image-container av-jkc7osuh-19b3b68e9104ace3b2467bd9c37e3cee av-styling- avia-align-left  avia-builder-el-17  el_before_av_heading  avia-builder-el-first  en_clear en_mobilmittig'   itemprop=\"image\" itemscope=\"itemscope\" itemtype=\"https:\/\/schema.org\/ImageObject\" ><div class=\"avia-image-container-inner\"><div class=\"avia-image-overlay-wrap\"><img decoding=\"async\" fetchpriority=\"high\" class='wp-image-1369 avia-img-lazy-loading-not-1369 avia_image ' src=\"https:\/\/epages.com\/wp-content\/uploads\/2018\/08\/icon-hierarchy.svg\" alt='' title='icon-hierarchy'   itemprop=\"thumbnailUrl\"  \/><\/div><\/div><\/div><br \/>\n\n<style type=\"text\/css\" data-created_by=\"avia_inline_auto\" id=\"style-css-av-f0fxv-4243bc56a548a76827965c205be02b30\">\n#top .av-special-heading.av-f0fxv-4243bc56a548a76827965c205be02b30{\nmargin:20px 0 -10px 0;\npadding-bottom:10px;\n}\nbody .av-special-heading.av-f0fxv-4243bc56a548a76827965c205be02b30 .av-special-heading-tag .heading-char{\nfont-size:25px;\n}\n.av-special-heading.av-f0fxv-4243bc56a548a76827965c205be02b30 .av-subheading{\nfont-size:15px;\n}\n<\/style>\n<div  class='av-special-heading av-f0fxv-4243bc56a548a76827965c205be02b30 av-special-heading-h3 blockquote modern-quote  avia-builder-el-18  el_after_av_image  el_before_av_textblock '><h3 class='av-special-heading-tag '  itemprop=\"headline\"  >Zentral verwaltete Sub-Shops<\/h3><div class=\"special-heading-border\"><div class=\"special-heading-inner-border\"><\/div><\/div><\/div><br \/>\n<section  class='av_textblock_section av-42fq-c7fb32f1a6f772d4ad6c8a678cdfe6aa '   itemscope=\"itemscope\" itemtype=\"https:\/\/schema.org\/CreativeWork\" ><div class='avia_textblock'  itemprop=\"text\" ><p style=\"text-align: left;\">Eine weitere Option von Multistore ist es, dass gr\u00f6\u00dfere H\u00e4ndler mehrere Shops betreiben, die alle zentral mithilfe eines Master-Shops verwaltet werden. Diese L\u00f6sung eignet sich beispielsweise hervorragend daf\u00fcr, die spezifischen Bed\u00fcrfnisse unterschiedlicher Zielgruppen zu ber\u00fccksichtigen.<\/p>\n<\/div><\/section><\/p><\/div>\n<style type=\"text\/css\" data-created_by=\"avia_inline_auto\" id=\"style-css-av-5apm-04f746b02aa90c3d0f1a824d8abee4bd\">\n.flex_column.av-5apm-04f746b02aa90c3d0f1a824d8abee4bd{\nborder-radius:0px 0px 0px 0px;\npadding:0px 0px 0px 0px;\n}\n<\/style>\n<div  class='flex_column av-5apm-04f746b02aa90c3d0f1a824d8abee4bd av_one_third  avia-builder-el-20  el_after_av_one_third  avia-builder-el-last  flex_column_div av-zero-column-padding  column-top-margin'     ><p>\n<style type=\"text\/css\" data-created_by=\"avia_inline_auto\" id=\"style-css-av-jkc7osuh-648c9420b7965c88bc371acefeeb8b32\">\n.avia-image-container.av-jkc7osuh-648c9420b7965c88bc371acefeeb8b32 img.avia_image{\nbox-shadow:none;\n}\n.avia-image-container.av-jkc7osuh-648c9420b7965c88bc371acefeeb8b32 .av-image-caption-overlay-center{\ncolor:#ffffff;\n}\n<\/style>\n<div  class='avia-image-container av-jkc7osuh-648c9420b7965c88bc371acefeeb8b32 av-styling- avia-align-left  avia-builder-el-21  el_before_av_heading  avia-builder-el-first  en_clear en_mobilmittig'   itemprop=\"image\" itemscope=\"itemscope\" itemtype=\"https:\/\/schema.org\/ImageObject\" ><div class=\"avia-image-container-inner\"><div class=\"avia-image-overlay-wrap\"><img decoding=\"async\" fetchpriority=\"high\" class='wp-image-1375 avia-img-lazy-loading-not-1375 avia_image ' src=\"https:\/\/epages.com\/wp-content\/uploads\/2018\/08\/icon-window.svg\" alt='' title='icon-window'   itemprop=\"thumbnailUrl\"  \/><\/div><\/div><\/div><br \/>\n\n<style type=\"text\/css\" data-created_by=\"avia_inline_auto\" id=\"style-css-av-8opmz-209bf2c5ce425db96a97e6c4306f1650\">\n#top .av-special-heading.av-8opmz-209bf2c5ce425db96a97e6c4306f1650{\nmargin:20px 0 -10px 0;\npadding-bottom:10px;\n}\nbody .av-special-heading.av-8opmz-209bf2c5ce425db96a97e6c4306f1650 .av-special-heading-tag .heading-char{\nfont-size:25px;\n}\n.av-special-heading.av-8opmz-209bf2c5ce425db96a97e6c4306f1650 .av-subheading{\nfont-size:15px;\n}\n<\/style>\n<div  class='av-special-heading av-8opmz-209bf2c5ce425db96a97e6c4306f1650 av-special-heading-h3 blockquote modern-quote  avia-builder-el-22  el_after_av_image  el_before_av_textblock '><h3 class='av-special-heading-tag '  itemprop=\"headline\"  >Shop-Netzwerk mit ERP-Integration<\/h3><div class=\"special-heading-border\"><div class=\"special-heading-inner-border\"><\/div><\/div><\/div><br \/>\n<section  class='av_textblock_section av-42fq-c7fb32f1a6f772d4ad6c8a678cdfe6aa '   itemscope=\"itemscope\" itemtype=\"https:\/\/schema.org\/CreativeWork\" ><div class='avia_textblock'  itemprop=\"text\" ><p style=\"text-align: left;\">Um die Abl\u00e4ufe bei der Verwaltung mehrerer Shops zu vereinfachen, kann der Master-Shop nahtlos an ein ERP-System angeschlossen werden. Dies sorgt f\u00fcr noch mehr Effizienz und eine reibungslose Auftragsabwicklung. So werden alle Beteiligten jederzeit auf dem Laufenden gehalten.<\/p>\n<\/div><\/section><\/p><\/div>\n\n<\/div><\/div><\/div><!-- close content main div --><\/div><\/div>\n<style type=\"text\/css\" data-created_by=\"avia_inline_auto\" id=\"style-css-av-701e-7e24dcd474577a4b70c3cb2626e6ec1f\">\n.avia-section.av-701e-7e24dcd474577a4b70c3cb2626e6ec1f{\nbackground-repeat:no-repeat;\nbackground-image:url(https:\/\/epages.com\/wp-content\/uploads\/2018\/08\/hintergrund-coworking.jpg);\nbackground-position:100% 100%;\nbackground-attachment:scroll;\n}\n<\/style>\n<div id='av_section_4'  class='avia-section av-701e-7e24dcd474577a4b70c3cb2626e6ec1f main_color avia-section-large avia-no-border-styling  avia-builder-el-24  el_after_av_section  el_before_av_section  en_hintergrund avia-full-contain avia-bg-style-scroll container_wrap fullsize'  data-section-bg-repeat='contain'><div class='container av-section-cont-open' ><div class='template-page content  av-content-full alpha units'><div class='post-entry post-entry-type-page post-entry-899'><div class='entry-content-wrapper clearfix'>\n<div class='flex_column_table av-5apm-5830455a8f181b13f59e0e0f9a1ecc4e sc-av_one_half av-equal-height-column-flextable'>\n<style type=\"text\/css\" data-created_by=\"avia_inline_auto\" id=\"style-css-av-5apm-5830455a8f181b13f59e0e0f9a1ecc4e\">\n.flex_column.av-5apm-5830455a8f181b13f59e0e0f9a1ecc4e{\nborder-radius:0px 0px 0px 0px;\npadding:0px 0px 0px 0px;\n}\n<\/style>\n<div  class='flex_column av-5apm-5830455a8f181b13f59e0e0f9a1ecc4e av_one_half  avia-builder-el-25  el_before_av_one_half  avia-builder-el-first  first flex_column_table_cell av-equal-height-column av-align-middle av-zero-column-padding  '     ><p>\n<style type=\"text\/css\" data-created_by=\"avia_inline_auto\" id=\"style-css-av-bfka3-45731b0705ec5df47838928ed13df665\">\n#top .av-special-heading.av-bfka3-45731b0705ec5df47838928ed13df665{\npadding-bottom:10px;\n}\nbody .av-special-heading.av-bfka3-45731b0705ec5df47838928ed13df665 .av-special-heading-tag .heading-char{\nfont-size:25px;\n}\n.av-special-heading.av-bfka3-45731b0705ec5df47838928ed13df665 .av-subheading{\nfont-size:15px;\n}\n<\/style>\n<div  class='av-special-heading av-bfka3-45731b0705ec5df47838928ed13df665 av-special-heading-h2 blockquote modern-quote  avia-builder-el-26  el_before_av_textblock  avia-builder-el-first '><h2 class='av-special-heading-tag '  itemprop=\"headline\"  >ePages-Systempartner<\/h2><div class=\"special-heading-border\"><div class=\"special-heading-inner-border\"><\/div><\/div><\/div><br \/>\n<section  class='av_textblock_section av-42fq-b2174f1dca602a961c2e7ed6495620ce '   itemscope=\"itemscope\" itemtype=\"https:\/\/schema.org\/CreativeWork\" ><div class='avia_textblock'  itemprop=\"text\" ><p>Die ePages-Systempartner helfen Ihnen dabei, ein Multistore-Projekt einzurichten. Mit ihrem Know-how k\u00f6nnen die Partner unsere E-Commerce-L\u00f6sung nahtlos in Ihre bestehende IT-Infrastruktur einf\u00fcgen.<\/p>\n<\/div><\/section><br \/>\n<div  class='avia-button-wrap av-jgw7spi6-682584ed134a0ea98fe203ed450122dd-wrap avia-button-left  avia-builder-el-28  el_after_av_textblock  avia-builder-el-last '><a href='https:\/\/epages.com\/de\/onlineshop-erstellen\/systempartner\/'  class='avia-button av-jgw7spi6-682584ed134a0ea98fe203ed450122dd av-link-btn avia-icon_select-no avia-size-medium avia-position-left avia-color-black'   aria-label=\"Systempartner ausw\u00e4hlen\"><span class='avia_iconbox_title' >Systempartner ausw\u00e4hlen<\/span><\/a><\/div><\/p><\/div><div class='av-flex-placeholder'><\/div>\n<style type=\"text\/css\" data-created_by=\"avia_inline_auto\" id=\"style-css-av-5apm-143a367c5e051a5643762b8dcd0321b0\">\n.flex_column.av-5apm-143a367c5e051a5643762b8dcd0321b0{\nborder-radius:0px 0px 0px 0px;\npadding:0px 0px 0px 0px;\n}\n<\/style>\n<div  class='flex_column av-5apm-143a367c5e051a5643762b8dcd0321b0 av_one_half  avia-builder-el-29  el_after_av_one_half  avia-builder-el-last  flex_column_table_cell av-equal-height-column av-align-middle av-zero-column-padding avia-full-stretch  '     ><\/div><\/div><!--close column table wrapper. Autoclose: 1 -->\n\n<\/div><\/div><\/div><!-- close content main div --><\/div><\/div>\n<style type=\"text\/css\" data-created_by=\"avia_inline_auto\" id=\"style-css-av-701e-49015ff16aced98055564bae7e13cab1\">\n.avia-section.av-701e-49015ff16aced98055564bae7e13cab1{\nbackground-repeat:no-repeat;\nbackground-image:url(https:\/\/epages.com\/wp-content\/uploads\/2018\/08\/hintergrund-kontakt.jpg);\nbackground-position:50% 50%;\nbackground-attachment:scroll;\n}\n<\/style>\n<div id='av_section_5'  class='avia-section av-701e-49015ff16aced98055564bae7e13cab1 main_color avia-section-large avia-no-border-styling  avia-builder-el-30  el_after_av_section  avia-builder-el-last  en_bg_multistore2 avia-full-stretch avia-bg-style-scroll container_wrap fullsize'  data-section-bg-repeat='stretch'><div class='container av-section-cont-open' ><div class='template-page content  av-content-full alpha units'><div class='post-entry post-entry-type-page post-entry-899'><div class='entry-content-wrapper clearfix'>\n\n<style type=\"text\/css\" data-created_by=\"avia_inline_auto\" id=\"style-css-av-5apm-30dca3a8e5b28ad80cc6d1cf63dab7af\">\n.flex_column.av-5apm-30dca3a8e5b28ad80cc6d1cf63dab7af{\nborder-radius:0px 0px 0px 0px;\npadding:0px 0px 0px 0px;\n}\n<\/style>\n<div  class='flex_column av-5apm-30dca3a8e5b28ad80cc6d1cf63dab7af av_one_half  avia-builder-el-31  el_before_av_one_half  avia-builder-el-first  first flex_column_div av-zero-column-padding  '     ><p>\n<style type=\"text\/css\" data-created_by=\"avia_inline_auto\" id=\"style-css-av-acjyj-b7fa3d92a26022df49cffe617ce8c6ac\">\n#top .av-special-heading.av-acjyj-b7fa3d92a26022df49cffe617ce8c6ac{\npadding-bottom:10px;\ncolor:#ffffff;\n}\nbody .av-special-heading.av-acjyj-b7fa3d92a26022df49cffe617ce8c6ac .av-special-heading-tag .heading-char{\nfont-size:25px;\n}\n.av-special-heading.av-acjyj-b7fa3d92a26022df49cffe617ce8c6ac .special-heading-inner-border{\nborder-color:#ffffff;\n}\n.av-special-heading.av-acjyj-b7fa3d92a26022df49cffe617ce8c6ac .av-subheading{\nfont-size:15px;\n}\n<\/style>\n<div  class='av-special-heading av-acjyj-b7fa3d92a26022df49cffe617ce8c6ac av-special-heading-h2 custom-color-heading blockquote modern-quote  avia-builder-el-32  el_before_av_textblock  avia-builder-el-first '><h2 class='av-special-heading-tag '  itemprop=\"headline\"  >Kontaktieren Sie uns<\/h2><div class=\"special-heading-border\"><div class=\"special-heading-inner-border\"><\/div><\/div><\/div><br \/>\n\n<style type=\"text\/css\" data-created_by=\"avia_inline_auto\" id=\"style-css-av-42fq-609604e9dea56fb99aaa4ea8666efac3\">\n#top .av_textblock_section.av-42fq-609604e9dea56fb99aaa4ea8666efac3 .avia_textblock{\ncolor:#ffffff;\n}\n<\/style>\n<section  class='av_textblock_section av-42fq-609604e9dea56fb99aaa4ea8666efac3 '   itemscope=\"itemscope\" itemtype=\"https:\/\/schema.org\/CreativeWork\" ><div class='avia_textblock av_inherit_color'  itemprop=\"text\" ><p>Sie m\u00f6chten mehr \u00fcber ePages Multistore erfahren oder ein individuelles Angebot anfordern? Dann schicken Sie uns eine Nachricht und wir werden uns umgehend mit Ihnen in Verbindung setzen.<\/p>\n<\/div><\/section><\/p><\/div>\n<style type=\"text\/css\" data-created_by=\"avia_inline_auto\" id=\"style-css-av-5apm-702f0fd090d6ce12f2c01c687dac701b\">\n.flex_column.av-5apm-702f0fd090d6ce12f2c01c687dac701b{\nborder-radius:0px 0px 0px 0px;\npadding:0px 0px 0px 0px;\n}\n<\/style>\n<div  class='flex_column av-5apm-702f0fd090d6ce12f2c01c687dac701b av_one_half  avia-builder-el-34  el_after_av_one_half  avia-builder-el-last  flex_column_div av-zero-column-padding  '     ><form action=\"https:\/\/epages.com\/de\/onlineshop-erstellen\/multistore\/\" method=\"post\" data-fields-with-error=\"Fehler wurden in folgenden Feld(ern) gefunden:\" class=\"avia_ajax_form av-form-labels-hidden   avia-builder-el-35  avia-builder-el-no-sibling   \" data-avia-form-id=\"1\" data-avia-redirect='' ><fieldset><p class='  first_form  form_element form_fullwidth' id='element_avia_1_1'><label for=\"avia_1_1\">Vor- und Nachname <abbr class=\"required\" title=\"ben\u00f6tigt\">*<\/abbr><\/label> <input name=\"avia_1_1\" class=\"text_input is_empty\" type=\"text\" id=\"avia_1_1\" value=\"\"  placeholder='Vor- und Nachname*'\/><\/p><p class='  first_form  form_element form_fullwidth' id='element_avia_2_1'><label for=\"avia_2_1\">E-Mail <abbr class=\"required\" title=\"ben\u00f6tigt\">*<\/abbr><\/label> <input name=\"avia_2_1\" class=\"text_input is_email\" type=\"text\" id=\"avia_2_1\" value=\"\"  placeholder='E-Mail*'\/><\/p><p class='  first_form  form_element form_fullwidth' id='element_avia_3_1'><label for=\"avia_3_1\">Telefon<\/label> <input name=\"avia_3_1\" class=\"text_input \" type=\"text\" id=\"avia_3_1\" value=\"\"  placeholder='Telefon'\/><\/p><p class='  first_form  form_element form_fullwidth av-last-visible-form-element' id='element_avia_4_1'><label for=\"avia_4_1\" class=\"textare_label hidden textare_label_avia_4_1\">Nachricht <abbr class=\"required\" title=\"ben\u00f6tigt\">*<\/abbr><\/label><textarea  placeholder='Nachricht*' name=\"avia_4_1\" class=\"text_area is_empty\" cols=\"40\" rows=\"7\" id=\"avia_4_1\" ><\/textarea><\/p><p class=\"hidden\"><input type=\"text\" name=\"avia_5_1\" class=\"hidden \" id=\"avia_5_1\" value=\"\" \/><\/p><p class=\"form_element \"><input type=\"hidden\" value=\"1\" name=\"avia_generated_form1\" \/><input type=\"submit\" value=\"Abschicken\" class=\"button\"  data-sending-label=\"Sende\"\/><\/p><\/fieldset><\/form><div id=\"ajaxresponse_1\" class=\"ajaxresponse ajaxresponse_1 hidden\"><\/div><\/div>\n\n","protected":false},"excerpt":{"rendered":"","protected":false},"author":1,"featured_media":0,"parent":651,"menu_order":0,"comment_status":"closed","ping_status":"closed","template":"","meta":{"footnotes":""},"class_list":["post-899","page","type-page","status-publish","hentry"],"_links":{"self":[{"href":"https:\/\/epages.com\/de\/wp-json\/wp\/v2\/pages\/899"}],"collection":[{"href":"https:\/\/epages.com\/de\/wp-json\/wp\/v2\/pages"}],"about":[{"href":"https:\/\/epages.com\/de\/wp-json\/wp\/v2\/types\/page"}],"author":[{"embeddable":true,"href":"https:\/\/epages.com\/de\/wp-json\/wp\/v2\/users\/1"}],"replies":[{"embeddable":true,"href":"https:\/\/epages.com\/de\/wp-json\/wp\/v2\/comments?post=899"}],"version-history":[{"count":2,"href":"https:\/\/epages.com\/de\/wp-json\/wp\/v2\/pages\/899\/revisions"}],"predecessor-version":[{"id":38460,"href":"https:\/\/epages.com\/de\/wp-json\/wp\/v2\/pages\/899\/revisions\/38460"}],"up":[{"embeddable":true,"href":"https:\/\/epages.com\/de\/wp-json\/wp\/v2\/pages\/651"}],"wp:attachment":[{"href":"https:\/\/epages.com\/de\/wp-json\/wp\/v2\/media?parent=899"}],"curies":[{"name":"wp","href":"https:\/\/api.w.org\/{rel}","templated":true}]}}