{"id":706,"date":"2018-07-19T11:44:45","date_gmt":"2018-07-19T09:44:45","guid":{"rendered":"https:\/\/epages.com?page_id=706"},"modified":"2026-04-01T16:11:16","modified_gmt":"2026-04-01T14:11:16","slug":"karriere","status":"publish","type":"page","link":"https:\/\/epages.com\/de\/karriere\/","title":{"rendered":"Karriere"},"content":{"rendered":"\n<style type=\"text\/css\" data-created_by=\"avia_inline_auto\" id=\"style-css-av-jgw6lf2x-fdb3340d83a6b041eed92e136f50d0e0\">\n.avia-section.av-jgw6lf2x-fdb3340d83a6b041eed92e136f50d0e0{\nbackground-repeat:no-repeat;\nbackground-image:url(https:\/\/epages.com\/wp-content\/uploads\/2018\/08\/karriere-header.jpg);\nbackground-position:50% 50%;\nbackground-attachment:scroll;\n}\n.avia-section.av-jgw6lf2x-fdb3340d83a6b041eed92e136f50d0e0 .av-section-color-overlay{\nopacity:0.1;\nbackground-color:#000000;\n}\n<\/style>\n<div id='av_section_1'  class='avia-section av-jgw6lf2x-fdb3340d83a6b041eed92e136f50d0e0 main_color avia-section-default avia-no-border-styling  avia-builder-el-0  el_before_av_submenu  avia-builder-el-first  en_headerbild en_bg_karriere avia-full-stretch avia-bg-style-scroll av-section-color-overlay-active container_wrap fullsize'  data-section-bg-repeat='stretch'><div class=\"av-section-color-overlay-wrap\"><div class=\"av-section-color-overlay\"><\/div><div class='container av-section-cont-open' ><main  role=\"main\" itemprop=\"mainContentOfPage\"  class='template-page content  av-content-full alpha units'><div class='post-entry post-entry-type-page post-entry-706'><div class='entry-content-wrapper clearfix'>\n\n<style type=\"text\/css\" data-created_by=\"avia_inline_auto\" id=\"style-css-av-jgw6pl47-1f76358418d4c46848e5d73387395c19\">\n#top .hr.hr-invisible.av-jgw6pl47-1f76358418d4c46848e5d73387395c19{\nmargin-top:0px;\nheight:1px;\n}\n<\/style>\n<div  class='hr av-jgw6pl47-1f76358418d4c46848e5d73387395c19 hr-invisible  avia-builder-el-1  el_before_av_one_full  avia-builder-el-first  en_headerabstand'><span class='hr-inner '><span class=\"hr-inner-style\"><\/span><\/span><\/div>\n\n<style type=\"text\/css\" data-created_by=\"avia_inline_auto\" id=\"style-css-av-5yrq-41bb2f728e65967c8e58f66bfaa211c2\">\n.flex_column.av-5yrq-41bb2f728e65967c8e58f66bfaa211c2{\nborder-radius:0px 0px 0px 0px;\npadding:0px 0px 0px 0px;\n}\n<\/style>\n<div  class='flex_column av-5yrq-41bb2f728e65967c8e58f66bfaa211c2 av_one_full  avia-builder-el-2  el_after_av_hr  el_before_av_hr  first flex_column_div av-zero-column-padding  '     ><\/div>\n<style type=\"text\/css\" data-created_by=\"avia_inline_auto\" id=\"style-css-av-jgw6pl47-19-35d34183c991953be47fb3e9f67d5826\">\n#top .hr.hr-invisible.av-jgw6pl47-19-35d34183c991953be47fb3e9f67d5826{\nmargin-top:0px;\nheight:1px;\n}\n<\/style>\n<div  class='hr av-jgw6pl47-19-35d34183c991953be47fb3e9f67d5826 hr-invisible  avia-builder-el-3  el_after_av_one_full  el_before_av_one_full  en_headerabstand'><span class='hr-inner '><span class=\"hr-inner-style\"><\/span><\/span><\/div>\n\n<style type=\"text\/css\" data-created_by=\"avia_inline_auto\" id=\"style-css-av-3rd4-d6a683e94dcbcb970f0316fdb9b68405\">\n.flex_column.av-3rd4-d6a683e94dcbcb970f0316fdb9b68405{\nborder-radius:0px 0px 0px 0px;\npadding:0px 0px 0px 0px;\n}\n<\/style>\n<div  class='flex_column av-3rd4-d6a683e94dcbcb970f0316fdb9b68405 av_one_full  avia-builder-el-4  el_after_av_hr  avia-builder-el-last  first flex_column_div av-zero-column-padding  '     ><style type=\"text\/css\" data-created_by=\"avia_inline_auto\" id=\"style-css-av-wz9u-9d3fdfa62f5f153eec6e26decb5e3b54\">\n#top .av-special-heading.av-wz9u-9d3fdfa62f5f153eec6e26decb5e3b54{\npadding-bottom:10px;\ncolor:#ffffff;\n}\nbody .av-special-heading.av-wz9u-9d3fdfa62f5f153eec6e26decb5e3b54 .av-special-heading-tag .heading-char{\nfont-size:25px;\n}\n.av-special-heading.av-wz9u-9d3fdfa62f5f153eec6e26decb5e3b54 .special-heading-inner-border{\nborder-color:#ffffff;\n}\n.av-special-heading.av-wz9u-9d3fdfa62f5f153eec6e26decb5e3b54 .av-subheading{\nfont-size:15px;\n}\n<\/style>\n<div  class='av-special-heading av-wz9u-9d3fdfa62f5f153eec6e26decb5e3b54 av-special-heading-h1 custom-color-heading blockquote modern-quote  avia-builder-el-5  avia-builder-el-no-sibling '><h1 class='av-special-heading-tag '  itemprop=\"headline\"  >Wir sind ePages<\/h1><div class=\"special-heading-border\"><div class=\"special-heading-inner-border\"><\/div><\/div><\/div><\/div>\n\n<\/div><\/div><\/main><!-- close content main element --><\/div><\/div><\/div><div id='sub_menu1'  class='av-submenu-container av-jgw6uudu-20761cf7dc05b531200cd57125029b8e main_color  avia-builder-el-6  el_after_av_section  el_before_av_section  en_seitenmenue submenu-not-first container_wrap fullsize' style='z-index:301' ><div class='container av-menu-mobile-disabled av-submenu-pos-center'><ul id='av-custom-submenu-1' class='av-subnav-menu' role='menu'>\n<li class='menu-item av-8dmki-2a65494d6a6da59e0a97f097b756a698 menu-item-top-level menu-item-top-level-1' role='menuitem'><a href='https:\/\/epages.com\/de\/karriere\/'  ><span class='avia-bullet'><\/span><span class='avia-menu-text'>Jobs<\/span><\/a><\/li>\n<li class='menu-item av-j3blm-a2312c67e0630389068446444a862e9c menu-item-top-level menu-item-top-level-2' role='menuitem'><a href='https:\/\/epages.com\/de\/karriere\/tipps-zur-bewerbung\/'  ><span class='avia-bullet'><\/span><span class='avia-menu-text'>Tipps zur Bewerbung<\/span><\/a><\/li>\n<li class='menu-item av-eiuay-7938c6855ec27c58737a7d2cecee7421 menu-item-top-level menu-item-top-level-3' role='menuitem'><a href='https:\/\/epages.com\/de\/karriere\/warum-epages\/'  ><span class='avia-bullet'><\/span><span class='avia-menu-text'>Warum ePages?<\/span><\/a><\/li>\n<\/ul><\/div><\/div>\n<div id='jobs'  class='avia-section av-701e-484da3f4c1a340d5340204127b02aefc main_color avia-section-large avia-no-border-styling  avia-builder-el-7  el_after_av_submenu  el_before_av_section  avia-bg-style-scroll container_wrap fullsize'  ><div class='container av-section-cont-open' ><div class='template-page content  av-content-full alpha units'><div class='post-entry post-entry-type-page post-entry-706'><div class='entry-content-wrapper clearfix'>\n\n<style type=\"text\/css\" data-created_by=\"avia_inline_auto\" id=\"style-css-av-5apm-30dca3a8e5b28ad80cc6d1cf63dab7af\">\n.flex_column.av-5apm-30dca3a8e5b28ad80cc6d1cf63dab7af{\nborder-radius:0px 0px 0px 0px;\npadding:0px 0px 0px 0px;\n}\n<\/style>\n<div  class='flex_column av-5apm-30dca3a8e5b28ad80cc6d1cf63dab7af av_one_full  avia-builder-el-8  avia-builder-el-no-sibling  first flex_column_div av-zero-column-padding  '     ><\/div>\n\n<\/div><\/div><\/div><!-- close content main div --><\/div><\/div>\n<style type=\"text\/css\" data-created_by=\"avia_inline_auto\" id=\"style-css-av-701e-15-4c5a890f52b927e114143b2ddb46c047\">\n.avia-section.av-701e-15-4c5a890f52b927e114143b2ddb46c047{\nbackground-color:#f7f7f7;\nbackground-image:unset;\n}\n<\/style>\n<div id='av_section_3'  class='avia-section av-701e-15-4c5a890f52b927e114143b2ddb46c047 main_color avia-section-large avia-no-border-styling  avia-builder-el-10  el_after_av_section  el_before_av_section  avia-bg-style-scroll container_wrap fullsize'  ><div class='container av-section-cont-open' ><div class='template-page content  av-content-full alpha units'><div class='post-entry post-entry-type-page post-entry-706'><div class='entry-content-wrapper clearfix'>\n\n<style type=\"text\/css\" data-created_by=\"avia_inline_auto\" id=\"style-css-av-5apm-14-e6ba859a94386f0d45db52b4ed7c2ab0\">\n.flex_column.av-5apm-14-e6ba859a94386f0d45db52b4ed7c2ab0{\nborder-radius:0px 0px 0px 0px;\npadding:0px 0px 0px 0px;\n}\n<\/style>\n<div  class='flex_column av-5apm-14-e6ba859a94386f0d45db52b4ed7c2ab0 av_one_full  avia-builder-el-11  avia-builder-el-no-sibling  first flex_column_div av-zero-column-padding  '     ><p>\n<style type=\"text\/css\" data-created_by=\"avia_inline_auto\" id=\"style-css-av-j4xgy-bea909726a622862fd380e3db9929918\">\n#top .av-special-heading.av-j4xgy-bea909726a622862fd380e3db9929918{\npadding-bottom:10px;\n}\nbody .av-special-heading.av-j4xgy-bea909726a622862fd380e3db9929918 .av-special-heading-tag .heading-char{\nfont-size:25px;\n}\n.av-special-heading.av-j4xgy-bea909726a622862fd380e3db9929918 .av-subheading{\nfont-size:15px;\n}\n<\/style>\n<div  class='av-special-heading av-j4xgy-bea909726a622862fd380e3db9929918 av-special-heading-h2 blockquote modern-quote modern-centered  avia-builder-el-12  el_before_av_textblock  avia-builder-el-first '><h2 class='av-special-heading-tag '  itemprop=\"headline\"  >Tipps zur Bewerbung<\/h2><div class=\"special-heading-border\"><div class=\"special-heading-inner-border\"><\/div><\/div><\/div><br \/>\n<section  class='av_textblock_section av-42fq-13-d4d2b75e516870e3c9472001759b6e12 '   itemscope=\"itemscope\" itemtype=\"https:\/\/schema.org\/CreativeWork\" ><div class='avia_textblock'  itemprop=\"text\" ><p style=\"text-align: center;\">Du hast eine Stelle gefunden, die zu dir passt? Perfekt. Hier findest du Informationen zu unserem Bewerbungsprozess.<\/p>\n<\/div><\/section><br \/>\n<div  class='avia-button-wrap av-jgw7spi6-12-5476a7d804f2cb06d6ee9e90c705ae77-wrap avia-button-center  avia-builder-el-14  el_after_av_textblock  avia-builder-el-last '><a href='https:\/\/epages.com\/de\/karriere\/tipps-zur-bewerbung\/'  class='avia-button av-jgw7spi6-12-5476a7d804f2cb06d6ee9e90c705ae77 av-link-btn avia-icon_select-no avia-size-medium avia-position-center avia-color-blue'   aria-label=\"Bewerbungsprozess\"><span class='avia_iconbox_title' >Bewerbungsprozess<\/span><\/a><\/div><\/p><\/div>\n\n<\/div><\/div><\/div><!-- close content main div --><\/div><\/div>\n<style type=\"text\/css\" data-created_by=\"avia_inline_auto\" id=\"style-css-av-701e-18-ea1d5570f6b6efef02c483511dbbc5db\">\n.avia-section.av-701e-18-ea1d5570f6b6efef02c483511dbbc5db{\nbackground-color:#ffffff;\nbackground-image:unset;\n}\n<\/style>\n<div id='av_section_4'  class='avia-section av-701e-18-ea1d5570f6b6efef02c483511dbbc5db alternate_color avia-section-large avia-no-border-styling  avia-builder-el-15  el_after_av_section  el_before_av_section  avia-bg-style-scroll container_wrap fullsize'  ><div class='container av-section-cont-open' ><div class='template-page content  av-content-full alpha units'><div class='post-entry post-entry-type-page post-entry-706'><div class='entry-content-wrapper clearfix'>\n\n<style type=\"text\/css\" data-created_by=\"avia_inline_auto\" id=\"style-css-av-5apm-17-ff067af28fa8d8731ec827bf83fc1d64\">\n.flex_column.av-5apm-17-ff067af28fa8d8731ec827bf83fc1d64{\nborder-radius:0px 0px 0px 0px;\npadding:0px 0px 0px 0px;\n}\n<\/style>\n<div  class='flex_column av-5apm-17-ff067af28fa8d8731ec827bf83fc1d64 av_one_full  avia-builder-el-16  avia-builder-el-no-sibling  first flex_column_div av-zero-column-padding  '     ><p>\n<style type=\"text\/css\" data-created_by=\"avia_inline_auto\" id=\"style-css-av-2msky-77917126b7d1be88ae628bf01ed23d19\">\n#top .av-special-heading.av-2msky-77917126b7d1be88ae628bf01ed23d19{\npadding-bottom:10px;\n}\nbody .av-special-heading.av-2msky-77917126b7d1be88ae628bf01ed23d19 .av-special-heading-tag .heading-char{\nfont-size:25px;\n}\n.av-special-heading.av-2msky-77917126b7d1be88ae628bf01ed23d19 .av-subheading{\nfont-size:15px;\n}\n<\/style>\n<div  class='av-special-heading av-2msky-77917126b7d1be88ae628bf01ed23d19 av-special-heading-h2 blockquote modern-quote modern-centered  avia-builder-el-17  el_before_av_textblock  avia-builder-el-first '><h2 class='av-special-heading-tag '  itemprop=\"headline\"  >Warum ePages?<\/h2><div class=\"special-heading-border\"><div class=\"special-heading-inner-border\"><\/div><\/div><\/div><br \/>\n<section  class='av_textblock_section av-42fq-16-afe6e173a1c212fa380a3ef9ec3d2123 '   itemscope=\"itemscope\" itemtype=\"https:\/\/schema.org\/CreativeWork\" ><div class='avia_textblock'  itemprop=\"text\" ><p style=\"text-align: center;\">Im Herzen von ePages steht unser Team. Unsere internationalen Teams arbeiten \u00fcberall in Europa mit B\u00fcros in Hamburg, Barcelona, Jena und Bilbao. Erfahre mehr \u00fcber unser Unternehmen und deine Karrierem\u00f6glichkeiten bei ePages.<\/p>\n<\/div><\/section><br \/>\n<div  class='avia-button-wrap av-jgw7spi6-ae9fb7f9b351308363930e053add97a7-wrap avia-button-center  avia-builder-el-19  el_after_av_textblock  avia-builder-el-last '><a href='https:\/\/epages.com\/de\/karriere\/warum-epages\/'  class='avia-button av-jgw7spi6-ae9fb7f9b351308363930e053add97a7 av-link-btn avia-icon_select-no avia-size-medium avia-position-center avia-color-blue'   aria-label=\"Mehr Infos\"><span class='avia_iconbox_title' >Mehr Infos<\/span><\/a><\/div><\/p><\/div>\n\n<\/div><\/div><\/div><!-- close content main div --><\/div><\/div>\n<style type=\"text\/css\" data-created_by=\"avia_inline_auto\" id=\"style-css-av-misu0l5o-ee3b0745723d1fa580d82a7857bd7424\">\n.avia-section.av-misu0l5o-ee3b0745723d1fa580d82a7857bd7424{\nbackground-color:#f7f7f7;\nbackground-image:unset;\n}\n<\/style>\n<div id='av_section_5'  class='avia-section av-misu0l5o-ee3b0745723d1fa580d82a7857bd7424 alternate_color avia-section-large avia-no-border-styling  avia-builder-el-20  el_after_av_section  el_before_av_section  avia-bg-style-scroll container_wrap fullsize'  ><div class='container av-section-cont-open' ><div class='template-page content  av-content-full alpha units'><div class='post-entry post-entry-type-page post-entry-706'><div class='entry-content-wrapper clearfix'>\n\n<style type=\"text\/css\" data-created_by=\"avia_inline_auto\" id=\"style-css-av-2vxu-ed9a214b57656f407bbe2104fdd24073\">\n.flex_column.av-2vxu-ed9a214b57656f407bbe2104fdd24073{\nborder-radius:0px 0px 0px 0px;\npadding:0px 0px 0px 0px;\n}\n<\/style>\n<div  class='flex_column av-2vxu-ed9a214b57656f407bbe2104fdd24073 av_one_full  avia-builder-el-21  avia-builder-el-no-sibling  first flex_column_div av-zero-column-padding  '     ><p>\n<style type=\"text\/css\" data-created_by=\"avia_inline_auto\" id=\"style-css-av-8sz1e-a59c161ec8c7211ec18a915c524306a5\">\n#top .av-special-heading.av-8sz1e-a59c161ec8c7211ec18a915c524306a5{\npadding-bottom:10px;\n}\nbody .av-special-heading.av-8sz1e-a59c161ec8c7211ec18a915c524306a5 .av-special-heading-tag .heading-char{\nfont-size:25px;\n}\n.av-special-heading.av-8sz1e-a59c161ec8c7211ec18a915c524306a5 .av-subheading{\nfont-size:15px;\n}\n<\/style>\n<div  class='av-special-heading av-8sz1e-a59c161ec8c7211ec18a915c524306a5 av-special-heading-h2 blockquote modern-quote modern-centered  avia-builder-el-22  el_before_av_textblock  avia-builder-el-first  av-linked-heading'><h2 class='av-special-heading-tag '  itemprop=\"headline\"  >Melde dich bei uns<\/h2><div class=\"special-heading-border\"><div class=\"special-heading-inner-border\"><\/div><\/div><\/div><br \/>\n<section  class='av_textblock_section av-42fq-5-e105814fdc1a68bd7c86fe7d3b3953cd '   itemscope=\"itemscope\" itemtype=\"https:\/\/schema.org\/CreativeWork\" ><div class='avia_textblock'  itemprop=\"text\" ><p style=\"text-align: center;\">Du hast Fragen zu den Karrierem\u00f6glichkeiten bei ePages? Wir helfen dir gerne weiter.<\/p>\n<p style=\"text-align: center;\">Schreib uns eine Nachricht an jobs@epages.com oder rufe uns an unter +49 40 350188-0.<\/p>\n<\/div><\/section><\/p><\/div>\n\n<\/div><\/div><\/div><!-- close content main div --><\/div><\/div>\n<style type=\"text\/css\" data-created_by=\"avia_inline_auto\" id=\"style-css-av-701e-4-114f292854d2b4681301eebf16c31c79\">\n.avia-section.av-701e-4-114f292854d2b4681301eebf16c31c79{\nbackground-color:#2c2c2c;\nbackground-image:unset;\n}\n<\/style>\n<div id='av_section_6'  class='avia-section av-701e-4-114f292854d2b4681301eebf16c31c79 main_color avia-section-no-padding avia-no-border-styling  avia-builder-el-24  el_after_av_section  avia-builder-el-last  avia-bg-style-scroll container_wrap fullsize'  ><div class='container av-section-cont-open' ><div class='template-page content  av-content-full alpha units'><div class='post-entry post-entry-type-page post-entry-706'><div class='entry-content-wrapper clearfix'>\n<div class='flex_column_table av-5apm-3-ee5f55e9c1a6b7c20d17c279a11c4727 sc-av_one_fifth av-equal-height-column-flextable'>\n<style type=\"text\/css\" data-created_by=\"avia_inline_auto\" id=\"style-css-av-5apm-3-ee5f55e9c1a6b7c20d17c279a11c4727\">\n.flex_column.av-5apm-3-ee5f55e9c1a6b7c20d17c279a11c4727{\nborder-radius:0px 0px 0px 0px;\npadding:30px 0px 30px 0px;\nbackground-color:#d41217;\n}\n<\/style>\n<div  class='flex_column av-5apm-3-ee5f55e9c1a6b7c20d17c279a11c4727 av_one_fifth  avia-builder-el-25  el_before_av_four_fifth  avia-builder-el-first  first flex_column_table_cell av-equal-height-column av-align-middle avia-full-stretch  '     ><style type=\"text\/css\" data-created_by=\"avia_inline_auto\" id=\"style-css-av-7jgx6-154cea57c779c71fa882110eb2df1911\">\n#top .av-special-heading.av-7jgx6-154cea57c779c71fa882110eb2df1911{\npadding-bottom:0;\ncolor:#ffffff;\nfont-size:20px;\n}\nbody .av-special-heading.av-7jgx6-154cea57c779c71fa882110eb2df1911 .av-special-heading-tag .heading-char{\nfont-size:25px;\n}\n#top #wrap_all .av-special-heading.av-7jgx6-154cea57c779c71fa882110eb2df1911 .av-special-heading-tag{\nfont-size:20px;\n}\n.av-special-heading.av-7jgx6-154cea57c779c71fa882110eb2df1911 .special-heading-inner-border{\nborder-color:#ffffff;\n}\n.av-special-heading.av-7jgx6-154cea57c779c71fa882110eb2df1911 .av-subheading{\nfont-size:15px;\n}\n\n@media only screen and (min-width: 480px) and (max-width: 767px){ \n#top #wrap_all .av-special-heading.av-7jgx6-154cea57c779c71fa882110eb2df1911 .av-special-heading-tag{\nfont-size:0.8em;\n}\n}\n\n@media only screen and (max-width: 479px){ \n#top #wrap_all .av-special-heading.av-7jgx6-154cea57c779c71fa882110eb2df1911 .av-special-heading-tag{\nfont-size:0.8em;\n}\n}\n<\/style>\n<div  class='av-special-heading av-7jgx6-154cea57c779c71fa882110eb2df1911 av-special-heading-h4 custom-color-heading blockquote modern-quote modern-centered  avia-builder-el-26  avia-builder-el-no-sibling  av-inherit-size'><h4 class='av-special-heading-tag '  itemprop=\"headline\"  >Folge uns<\/h4><div class=\"special-heading-border\"><div class=\"special-heading-inner-border\"><\/div><\/div><\/div><\/div><div class='av-flex-placeholder'><\/div>\n<style type=\"text\/css\" data-created_by=\"avia_inline_auto\" id=\"style-css-av-5apm-1-663b9d7c70efb4c0aa3eba1cbd96088a\">\n.flex_column.av-5apm-1-663b9d7c70efb4c0aa3eba1cbd96088a{\nborder-radius:0px 0px 0px 0px;\npadding:30px 0px 30px 0px;\n}\n<\/style>\n<div  class='flex_column av-5apm-1-663b9d7c70efb4c0aa3eba1cbd96088a av_four_fifth  avia-builder-el-27  el_after_av_one_fifth  avia-builder-el-last  flex_column_table_cell av-equal-height-column av-align-middle  '     ><style type=\"text\/css\" data-created_by=\"avia_inline_auto\" id=\"style-css-av-jkch62yi-4a85d9faca8f0205eb0d6e97ce4a65e6\">\n#top .avia-icon-list-container.av-jkch62yi-4a85d9faca8f0205eb0d6e97ce4a65e6 .iconlist_icon{\ncolor:#ffffff;\n}\n#top #wrap_all .avia-icon-list-container.av-jkch62yi-4a85d9faca8f0205eb0d6e97ce4a65e6 .av_iconlist_title{\ncolor:#ffffff;\n}\n.avia-icon-list-container.av-jkch62yi-4a85d9faca8f0205eb0d6e97ce4a65e6 .iconlist_content{\ncolor:#ffffff;\n}\n<\/style>\n<div  class='avia-icon-list-container av-jkch62yi-4a85d9faca8f0205eb0d6e97ce4a65e6  avia-builder-el-28  avia-builder-el-no-sibling  en_socialmedia'><ul class='avia-icon-list avia_animate_when_almost_visible avia-icon-list-left av-iconlist-small av-jkch62yi-4a85d9faca8f0205eb0d6e97ce4a65e6 avia-iconlist-animate'>\n<li><div class='iconlist_icon av-gldy2-e2b587adcd5a22d0861eba4b213ae1e8 avia-font-entypo-fontello'><span class='iconlist-char' aria-hidden='true' data-av_icon='\ue8fc' data-av_iconfont='entypo-fontello'><\/span><\/div><article class=\"article-icon-entry av-iconlist-empty\"  itemscope=\"itemscope\" itemtype=\"https:\/\/schema.org\/CreativeWork\" ><div class=\"iconlist_content_wrap\"><header class=\"entry-content-header\"><div class='av_iconlist_title iconlist_title_small  av_inherit_color'  itemprop=\"headline\" ><a href=\"https:\/\/www.linkedin.com\/company\/epages\" title=\"LinkedIn\" target=\"_blank\" rel=\"noopener noreferrer nofollow\">LinkedIn<\/a><\/div><\/header><div class='iconlist_content av_inherit_color'  itemprop=\"text\" ><\/div><\/div><footer class=\"entry-footer\"><\/footer><\/article><div class=\"iconlist-timeline\"><\/div><\/li>\n<li><div class='iconlist_icon av-26gma-b5d49baa5b68e98fad528a5c79fcb777 avia-font-entypo-fontello'><span class='iconlist-char' aria-hidden='true' data-av_icon='\ue923' data-av_iconfont='entypo-fontello'><\/span><\/div><article class=\"article-icon-entry av-iconlist-empty\"  itemscope=\"itemscope\" itemtype=\"https:\/\/schema.org\/CreativeWork\" ><div class=\"iconlist_content_wrap\"><header class=\"entry-content-header\"><div class='av_iconlist_title iconlist_title_small  av_inherit_color'  itemprop=\"headline\" ><a href=\"https:\/\/www.xing.com\/companies\/epagesgmbh\" title=\"Xing\" target=\"_blank\" rel=\"noopener noreferrer nofollow\">Xing<\/a><\/div><\/header><div class='iconlist_content av_inherit_color'  itemprop=\"text\" ><\/div><\/div><footer class=\"entry-footer\"><\/footer><\/article><div class=\"iconlist-timeline\"><\/div><\/li>\n<li><div class='iconlist_icon av-83ojm-c9f6722cfcbfb84a230b7a1829e567be avia-font-entypo-fontello'><span class='iconlist-char' aria-hidden='true' data-av_icon='\ue921' data-av_iconfont='entypo-fontello'><\/span><\/div><article class=\"article-icon-entry av-iconlist-empty\"  itemscope=\"itemscope\" itemtype=\"https:\/\/schema.org\/CreativeWork\" ><div class=\"iconlist_content_wrap\"><header class=\"entry-content-header\"><div class='av_iconlist_title iconlist_title_small  av_inherit_color'  itemprop=\"headline\" ><a href=\"https:\/\/www.youtube.com\/user\/ePagesDE?sub_confirmation=1\" title=\"Youtube\" target=\"_blank\" rel=\"noopener noreferrer nofollow\">Youtube<\/a><\/div><\/header><div class='iconlist_content av_inherit_color'  itemprop=\"text\" ><\/div><\/div><footer class=\"entry-footer\"><\/footer><\/article><div class=\"iconlist-timeline\"><\/div><\/li>\n<\/ul><\/div><\/div><\/div><!--close column table wrapper. Autoclose: 1 -->\n\n","protected":false},"excerpt":{"rendered":"","protected":false},"author":2,"featured_media":25564,"parent":0,"menu_order":0,"comment_status":"closed","ping_status":"closed","template":"","meta":{"footnotes":""},"class_list":["post-706","page","type-page","status-publish","has-post-thumbnail","hentry"],"_links":{"self":[{"href":"https:\/\/epages.com\/de\/wp-json\/wp\/v2\/pages\/706"}],"collection":[{"href":"https:\/\/epages.com\/de\/wp-json\/wp\/v2\/pages"}],"about":[{"href":"https:\/\/epages.com\/de\/wp-json\/wp\/v2\/types\/page"}],"author":[{"embeddable":true,"href":"https:\/\/epages.com\/de\/wp-json\/wp\/v2\/users\/2"}],"replies":[{"embeddable":true,"href":"https:\/\/epages.com\/de\/wp-json\/wp\/v2\/comments?post=706"}],"version-history":[{"count":23,"href":"https:\/\/epages.com\/de\/wp-json\/wp\/v2\/pages\/706\/revisions"}],"predecessor-version":[{"id":60864,"href":"https:\/\/epages.com\/de\/wp-json\/wp\/v2\/pages\/706\/revisions\/60864"}],"wp:featuredmedia":[{"embeddable":true,"href":"https:\/\/epages.com\/de\/wp-json\/wp\/v2\/media\/25564"}],"wp:attachment":[{"href":"https:\/\/epages.com\/de\/wp-json\/wp\/v2\/media?parent=706"}],"curies":[{"name":"wp","href":"https:\/\/api.w.org\/{rel}","templated":true}]}}