{"id":660,"date":"2018-07-19T10:27:53","date_gmt":"2018-07-19T08:27:53","guid":{"rendered":"https:\/\/epages.com?page_id=660"},"modified":"2026-02-20T07:23:03","modified_gmt":"2026-02-20T06:23:03","slug":"support","status":"publish","type":"page","link":"https:\/\/epages.com\/de\/support\/","title":{"rendered":"Support"},"content":{"rendered":"\n<style type=\"text\/css\" data-created_by=\"avia_inline_auto\" id=\"style-css-av-jgw6lf2x-577b16b913c8a7f710a87ba1c70b07f3\">\n.avia-section.av-jgw6lf2x-577b16b913c8a7f710a87ba1c70b07f3{\nbackground-repeat:no-repeat;\nbackground-image:url(https:\/\/epages.com\/wp-content\/uploads\/2026\/02\/service_slider.png);\nbackground-position:50% 50%;\nbackground-attachment:scroll;\n}\n<\/style>\n<div id='av_section_1'  class='avia-section av-jgw6lf2x-577b16b913c8a7f710a87ba1c70b07f3 main_color avia-section-default avia-no-border-styling  avia-builder-el-0  el_before_av_section  avia-builder-el-first  en_headerbild en_bg_support1 avia-full-stretch avia-bg-style-scroll container_wrap fullsize'  data-section-bg-repeat='stretch'><div class='container av-section-cont-open' ><main  role=\"main\" itemprop=\"mainContentOfPage\"  class='template-page content  av-content-full alpha units'><div class='post-entry post-entry-type-page post-entry-660'><div class='entry-content-wrapper clearfix'>\n\n<style type=\"text\/css\" data-created_by=\"avia_inline_auto\" id=\"style-css-av-jgw6pl47-da062789ea1e41bf55be2ef340603f61\">\n#top .hr.hr-invisible.av-jgw6pl47-da062789ea1e41bf55be2ef340603f61{\nmargin-top:0px;\nheight:1px;\n}\n<\/style>\n<div  class='hr av-jgw6pl47-da062789ea1e41bf55be2ef340603f61 hr-invisible  avia-builder-el-1  el_before_av_hr  avia-builder-el-first  en_headerabstand av-small-hide av-mini-hide'><span class='hr-inner '><span class=\"hr-inner-style\"><\/span><\/span><\/div>\n\n<style type=\"text\/css\" data-created_by=\"avia_inline_auto\" id=\"style-css-av-jgw6pl47-3-c0e4b6dbdc902c03633350d4753e175c\">\n#top .hr.hr-invisible.av-jgw6pl47-3-c0e4b6dbdc902c03633350d4753e175c{\nmargin-top:0px;\nheight:1px;\n}\n<\/style>\n<div  class='hr av-jgw6pl47-3-c0e4b6dbdc902c03633350d4753e175c hr-invisible  avia-builder-el-2  el_after_av_hr  el_before_av_one_full  en_headerabstand av-small-hide av-mini-hide'><span class='hr-inner '><span class=\"hr-inner-style\"><\/span><\/span><\/div>\n\n<style type=\"text\/css\" data-created_by=\"avia_inline_auto\" id=\"style-css-av-3rd4-d6a683e94dcbcb970f0316fdb9b68405\">\n.flex_column.av-3rd4-d6a683e94dcbcb970f0316fdb9b68405{\nborder-radius:0px 0px 0px 0px;\npadding:0px 0px 0px 0px;\n}\n<\/style>\n<div  class='flex_column av-3rd4-d6a683e94dcbcb970f0316fdb9b68405 av_one_full  avia-builder-el-3  el_after_av_hr  avia-builder-el-last  first flex_column_div av-zero-column-padding  '     ><style type=\"text\/css\" data-created_by=\"avia_inline_auto\" id=\"style-css-av-jo5gw89s-37a22c02f05b0a03fb656bab0b34be73\">\n#top .av-special-heading.av-jo5gw89s-37a22c02f05b0a03fb656bab0b34be73{\npadding-bottom:10px;\ncolor:#ffffff;\n}\nbody .av-special-heading.av-jo5gw89s-37a22c02f05b0a03fb656bab0b34be73 .av-special-heading-tag .heading-char{\nfont-size:25px;\n}\n.av-special-heading.av-jo5gw89s-37a22c02f05b0a03fb656bab0b34be73 .special-heading-inner-border{\nborder-color:#ffffff;\n}\n.av-special-heading.av-jo5gw89s-37a22c02f05b0a03fb656bab0b34be73 .av-subheading{\nfont-size:15px;\n}\n<\/style>\n<div  class='av-special-heading av-jo5gw89s-37a22c02f05b0a03fb656bab0b34be73 av-special-heading-h1 custom-color-heading blockquote modern-quote  avia-builder-el-4  avia-builder-el-no-sibling '><h1 class='av-special-heading-tag '  itemprop=\"headline\"  >Service <span class='special_amp'>&amp;<\/span> Support<\/h1><div class=\"special-heading-border\"><div class=\"special-heading-inner-border\"><\/div><\/div><\/div><\/div>\n\n<\/div><\/div><\/main><!-- close content main element --><\/div><\/div><div id='av_section_2'  class='avia-section av-mltfcemd-705f46e53b6437f170ce9ba330c66a78 main_color avia-section-default avia-no-border-styling  avia-builder-el-5  el_after_av_section  el_before_av_section  avia-bg-style-scroll container_wrap fullsize'  ><div class='container av-section-cont-open' ><div class='template-page content  av-content-full alpha units'><div class='post-entry post-entry-type-page post-entry-660'><div class='entry-content-wrapper clearfix'>\n\n<style type=\"text\/css\" data-created_by=\"avia_inline_auto\" id=\"style-css-av-mluhmx1w-476045d472bb4c4537bad93f808e0dec\">\n#top .hr.hr-invisible.av-mluhmx1w-476045d472bb4c4537bad93f808e0dec{\nheight:25px;\n}\n<\/style>\n<div  class='hr av-mluhmx1w-476045d472bb4c4537bad93f808e0dec hr-invisible  avia-builder-el-6  el_before_av_three_fourth  avia-builder-el-first '><span class='hr-inner '><span class=\"hr-inner-style\"><\/span><\/span><\/div>\n<div class='flex_column_table av-mltf2pz9-cf73047de142fc95bf90e01f0ace14b3 sc-av_three_fourth av-equal-height-column-flextable'><div  class='flex_column av-mltf2pz9-cf73047de142fc95bf90e01f0ace14b3 av_three_fourth  avia-builder-el-7  el_after_av_hr  el_before_av_one_fourth  first flex_column_table_cell av-equal-height-column av-align-middle  '     ><p>\n<style type=\"text\/css\" data-created_by=\"avia_inline_auto\" id=\"style-css-av-mltez4gi-d3c164ebd377f544937b0535e1547dd2\">\n#top .av-special-heading.av-mltez4gi-d3c164ebd377f544937b0535e1547dd2{\npadding-bottom:10px;\n}\nbody .av-special-heading.av-mltez4gi-d3c164ebd377f544937b0535e1547dd2 .av-special-heading-tag .heading-char{\nfont-size:25px;\n}\n.av-special-heading.av-mltez4gi-d3c164ebd377f544937b0535e1547dd2 .av-subheading{\nfont-size:15px;\n}\n<\/style>\n<div  class='av-special-heading av-mltez4gi-d3c164ebd377f544937b0535e1547dd2 av-special-heading-h2 blockquote modern-quote  avia-builder-el-8  el_before_av_textblock  avia-builder-el-first '><h2 class='av-special-heading-tag '  itemprop=\"headline\"  >Wir sind f\u00fcr dich da<\/h2><div class=\"special-heading-border\"><div class=\"special-heading-inner-border\"><\/div><\/div><\/div><br \/>\n<section  class='av_textblock_section av-mlteznev-49828ce80b89aeca1a36a22445134ab4 '   itemscope=\"itemscope\" itemtype=\"https:\/\/schema.org\/CreativeWork\" ><div class='avia_textblock'  itemprop=\"text\" ><p>Unser ausgezeichneter Kundenservice ist der wichtigste Grund, warum sich H\u00e4ndler f\u00fcr ein ePages Produkt entscheiden und langfristig dabei bleiben. Unser Support-Team wei\u00df, worauf es im E-Commerce ankommt, und unterst\u00fctzt dich zuverl\u00e4ssig bei allen Fragen rund um deinen Shop.<\/p>\n<p>Wir bieten dir verschiedene Support-Optionen, die dich genau dann begleiten, wenn du Unterst\u00fctzung ben\u00f6tigst.<\/p>\n<\/div><\/section><br \/>\n<div  class='hr av-mltf04zw-3d6654d4e096d4ec7c9ae900109076a5 hr-short  avia-builder-el-10  el_after_av_textblock  el_before_av_textblock  hr-left'><span class='hr-inner '><span class=\"hr-inner-style\"><\/span><\/span><\/div><br \/>\n<section  class='av_textblock_section av-mltf0jz0-b263814e4d3f23d4f94b9c64eec74a64 '   itemscope=\"itemscope\" itemtype=\"https:\/\/schema.org\/CreativeWork\" ><div class='avia_textblock'  itemprop=\"text\" ><p><em>Wenn du dein ePages Produkt \u00fcber einen Reseller\/Provider abonniert hast, wende dich f\u00fcr pers\u00f6nlichen Support bitte direkt an diesen.<\/em><\/p>\n<\/div><\/section><\/p><\/div><div class='av-flex-placeholder'><\/div><div  class='flex_column av-d4dws-8bc6be69a319ce3d54d88a191cbed05a av_one_fourth  avia-builder-el-12  el_after_av_three_fourth  avia-builder-el-last  flex_column_table_cell av-equal-height-column av-align-middle av-hide-on-mobile  '     ><style type=\"text\/css\" data-created_by=\"avia_inline_auto\" id=\"style-css-av-mltf1sny-7648d2a958bb86b4a8bfcaeddf0c44ef\">\n.avia-image-container.av-mltf1sny-7648d2a958bb86b4a8bfcaeddf0c44ef img.avia_image{\nbox-shadow:none;\n}\n.avia-image-container.av-mltf1sny-7648d2a958bb86b4a8bfcaeddf0c44ef .av-image-caption-overlay-center{\ncolor:#ffffff;\n}\n<\/style>\n<div  class='avia-image-container av-mltf1sny-7648d2a958bb86b4a8bfcaeddf0c44ef av-styling- avia-align-center  avia-builder-el-13  avia-builder-el-no-sibling '   itemprop=\"image\" itemscope=\"itemscope\" itemtype=\"https:\/\/schema.org\/ImageObject\" ><div class=\"avia-image-container-inner\"><div class=\"avia-image-overlay-wrap\"><img decoding=\"async\" fetchpriority=\"high\" class='wp-image-60292 avia-img-lazy-loading-not-60292 avia_image ' src=\"https:\/\/epages.com\/wp-content\/uploads\/2026\/01\/support-options-300x293.png\" alt='' title='Support options'  height=\"293\" width=\"300\"  itemprop=\"thumbnailUrl\" srcset=\"https:\/\/epages.com\/wp-content\/uploads\/2026\/01\/support-options-300x293.png 300w, https:\/\/epages.com\/wp-content\/uploads\/2026\/01\/support-options-36x36.png 36w, https:\/\/epages.com\/wp-content\/uploads\/2026\/01\/support-options.png 467w\" sizes=\"(max-width: 300px) 100vw, 300px\" \/><\/div><\/div><\/div><\/div><\/div><!--close column table wrapper. Autoclose: 1 --><\/div><\/div><\/div><!-- close content main div --><\/div><\/div><div id='av_section_3'  class='avia-section av-mltfckbm-1a7bed04beccf488bb2bfb938ecc72ef main_color avia-section-default avia-no-border-styling  avia-builder-el-14  el_after_av_section  el_before_av_section  avia-bg-style-scroll container_wrap fullsize'  ><div class='container av-section-cont-open' ><div class='template-page content  av-content-full alpha units'><div class='post-entry post-entry-type-page post-entry-660'><div class='entry-content-wrapper clearfix'>\n\n<style type=\"text\/css\" data-created_by=\"avia_inline_auto\" id=\"style-css-av-mltf49b4-1bf9ddabeff9592b9584dab3d4fb518c\">\n#top .av-special-heading.av-mltf49b4-1bf9ddabeff9592b9584dab3d4fb518c{\npadding-bottom:10px;\n}\nbody .av-special-heading.av-mltf49b4-1bf9ddabeff9592b9584dab3d4fb518c .av-special-heading-tag .heading-char{\nfont-size:25px;\n}\n.av-special-heading.av-mltf49b4-1bf9ddabeff9592b9584dab3d4fb518c .av-subheading{\nfont-size:15px;\n}\n<\/style>\n<div  class='av-special-heading av-mltf49b4-1bf9ddabeff9592b9584dab3d4fb518c av-special-heading-h3 blockquote modern-quote modern-centered  avia-builder-el-15  el_before_av_hr  avia-builder-el-first '><h3 class='av-special-heading-tag '  itemprop=\"headline\"  >Support-Optionen im \u00dcberblick<\/h3><div class=\"special-heading-border\"><div class=\"special-heading-inner-border\"><\/div><\/div><\/div>\n\n<style type=\"text\/css\" data-created_by=\"avia_inline_auto\" id=\"style-css-av-mltfzs8q-f5ea23e99eb394853f6af098093a47fb\">\n#top .hr.hr-invisible.av-mltfzs8q-f5ea23e99eb394853f6af098093a47fb{\nheight:25px;\n}\n<\/style>\n<div  class='hr av-mltfzs8q-f5ea23e99eb394853f6af098093a47fb hr-invisible  avia-builder-el-16  el_after_av_heading  el_before_av_one_third  av-desktop-hide av-medium-hide av-small-hide'><span class='hr-inner '><span class=\"hr-inner-style\"><\/span><\/span><\/div>\n<div class='flex_column_table av-mltflzme-4ede1ac9ea504b73496dfbdef720ef5a sc-av_one_third av-equal-height-column-flextable'>\n<style type=\"text\/css\" data-created_by=\"avia_inline_auto\" id=\"style-css-av-mltflzme-4ede1ac9ea504b73496dfbdef720ef5a\">\n.flex_column.av-mltflzme-4ede1ac9ea504b73496dfbdef720ef5a{\nborder-width:2px;\nborder-color:#ededed;\nborder-style:solid;\npadding:25px 25px 25px 25px;\n}\n<\/style>\n<div  class='flex_column av-mltflzme-4ede1ac9ea504b73496dfbdef720ef5a av_one_third  avia-builder-el-17  el_after_av_hr  el_before_av_one_third  first flex_column_table_cell av-equal-height-column av-align-top  '     ><section  class='av_textblock_section av-mltf51e5-c45d9ecc473be4de9db2fcf12b0f11eb '   itemscope=\"itemscope\" itemtype=\"https:\/\/schema.org\/CreativeWork\" ><div class='avia_textblock'  itemprop=\"text\" ><h4>Telefon<\/h4>\n<\/div><\/section><br \/>\n<section  class='av_textblock_section av-mltf5cmx-9fccf29fa54473de486e62fa8c157bed '   itemscope=\"itemscope\" itemtype=\"https:\/\/schema.org\/CreativeWork\" ><div class='avia_textblock'  itemprop=\"text\" ><p>Du m\u00f6chtest pers\u00f6nlich mit uns sprechen? Dann ruf uns einfach an unter:<\/p>\n<p><a href=\"tel:+49403501880\">+49 40 350188-0<\/a><\/p>\n<\/div><\/section><\/p><\/div><div class='av-flex-placeholder'><\/div>\n<style type=\"text\/css\" data-created_by=\"avia_inline_auto\" id=\"style-css-av-mltfn2j9-92c1a6eb21441db6db84d251e63d4832\">\n.flex_column.av-mltfn2j9-92c1a6eb21441db6db84d251e63d4832{\nborder-width:2px;\nborder-color:#ededed;\nborder-style:solid;\npadding:25px 25px 25px 25px;\n}\n<\/style>\n<div  class='flex_column av-mltfn2j9-92c1a6eb21441db6db84d251e63d4832 av_one_third  avia-builder-el-20  el_after_av_one_third  el_before_av_one_third  flex_column_table_cell av-equal-height-column av-align-top  '     ><section  class='av_textblock_section av-mltf5s28-58b9c58e7058c87093fb635dfb026dfb '   itemscope=\"itemscope\" itemtype=\"https:\/\/schema.org\/CreativeWork\" ><div class='avia_textblock'  itemprop=\"text\" ><h4>E-Mail<\/h4>\n<\/div><\/section><br \/>\n<section  class='av_textblock_section av-mltf61rg-68205b199ee3e84b63871ed0f0f1c593 '   itemscope=\"itemscope\" itemtype=\"https:\/\/schema.org\/CreativeWork\" ><div class='avia_textblock'  itemprop=\"text\" ><p>Schreib uns eine E-Mail und unser Support-Team meldet sich so schnell wie m\u00f6glich bei dir zur\u00fcck:<\/p>\n<p><a href=\"mailto:service@epages.com\">service@epages.com<\/a><\/p>\n<\/div><\/section><\/p><\/div><div class='av-flex-placeholder'><\/div>\n<style type=\"text\/css\" data-created_by=\"avia_inline_auto\" id=\"style-css-av-mltfnhzd-0e067e0b5cb392481831f723f1f99195\">\n.flex_column.av-mltfnhzd-0e067e0b5cb392481831f723f1f99195{\nborder-width:2px;\nborder-color:#ededed;\nborder-style:solid;\npadding:25px 25px 25px 25px;\n}\n<\/style>\n<div  class='flex_column av-mltfnhzd-0e067e0b5cb392481831f723f1f99195 av_one_third  avia-builder-el-23  el_after_av_one_third  el_before_av_one_full  flex_column_table_cell av-equal-height-column av-align-top  '     ><section  class='av_textblock_section av-mltf6fhc-8a1fdfc4ba9b02e9cea9eb4d9936323d '   itemscope=\"itemscope\" itemtype=\"https:\/\/schema.org\/CreativeWork\" ><div class='avia_textblock'  itemprop=\"text\" ><h4>ePages Copilot<\/h4>\n<\/div><\/section><br \/>\n<section  class='av_textblock_section av-mltf7hh4-e4a035b57b471a1fd4ee80066fdf6749 '   itemscope=\"itemscope\" itemtype=\"https:\/\/schema.org\/CreativeWork\" ><div class='avia_textblock'  itemprop=\"text\" ><p>Unser KI-gest\u00fctzter Assistent nutzt Inhalte aus dem Hilfecenter und hilft dir bei h\u00e4ufigen Fragen rund um deinen Online-Shop. Direkt in deinem Cockpit und rund um die Uhr f\u00fcr dich da.<\/p>\n<\/div><\/section><\/p><\/div><\/div><!--close column table wrapper. Autoclose: 1 --><div class='flex_column_table av-mltfo3mt-80517e2a83f574bf9ced25415f454679 sc-av_one_full av-equal-height-column-flextable'>\n<style type=\"text\/css\" data-created_by=\"avia_inline_auto\" id=\"style-css-av-mltfo3mt-80517e2a83f574bf9ced25415f454679\">\n.flex_column.av-mltfo3mt-80517e2a83f574bf9ced25415f454679{\nborder-width:2px;\nborder-color:#ededed;\nborder-style:solid;\npadding:25px 25px 25px 25px;\n}\n<\/style>\n<div  class='flex_column av-mltfo3mt-80517e2a83f574bf9ced25415f454679 av_one_full  avia-builder-el-26  el_after_av_one_third  avia-builder-el-last  first flex_column_table_cell av-equal-height-column av-align-top  column-top-margin'     ><section  class='av_textblock_section av-mltf89w5-fffdcf248c228af3d1d9764207e3f966 '   itemscope=\"itemscope\" itemtype=\"https:\/\/schema.org\/CreativeWork\" ><div class='avia_textblock'  itemprop=\"text\" ><h4 style=\"text-align: center;\">Hilfecenter<\/h4>\n<\/div><\/section><br \/>\n<section  class='av_textblock_section av-mltf8pd6-a51416c834e69e57fb42dda35e872df2 '   itemscope=\"itemscope\" itemtype=\"https:\/\/schema.org\/CreativeWork\" ><div class='avia_textblock'  itemprop=\"text\" ><p style=\"text-align: center;\">In unserem Hilfecenter findest du alles, was du brauchst, um deinen Account zu verwalten und dein Business weiter auszubauen. Entdecke praktische Anleitungen und hilfreiche Tipps, damit du das Beste aus deiner ePages Software herausholen kannst.<\/p>\n<\/div><\/section><br \/>\n\n<style type=\"text\/css\" data-created_by=\"avia_inline_auto\" id=\"style-css-av-mltfap5r-d9560505b4bb624fa0cbabff3fbc1fef\">\n#top .hr.hr-invisible.av-mltfap5r-d9560505b4bb624fa0cbabff3fbc1fef{\nheight:10px;\n}\n<\/style>\n<div  class='hr av-mltfap5r-d9560505b4bb624fa0cbabff3fbc1fef hr-invisible  avia-builder-el-29  el_after_av_textblock  el_before_av_button '><span class='hr-inner '><span class=\"hr-inner-style\"><\/span><\/span><\/div><br \/>\n<div  class='avia-button-wrap av-mltfabjn-f86c25d9b05d751f7de3b16e1602f111-wrap avia-button-center  avia-builder-el-30  el_after_av_hr  el_before_av_hr '><a href=\"https:\/\/online-help.zendesk.com\/hc\/de\" class=\"avia-button av-mltfabjn-f86c25d9b05d751f7de3b16e1602f111 av-link-btn avia-icon_select-no avia-size-small avia-position-center avia-color-theme-color\" target=\"_blank\" rel=\"noopener noreferrer nofollow\" aria-label=\"Jetzt entdecken\"><span class='avia_iconbox_title' >Jetzt entdecken<\/span><\/a><\/div><br \/>\n<div  class='hr av-8279o-c442419604daddb5bf851e9175382374 hr-short  avia-builder-el-31  el_after_av_button  el_before_av_textblock  hr-center'><span class='hr-inner '><span class=\"hr-inner-style\"><\/span><\/span><\/div><br \/>\n<section  class='av_textblock_section av-mltfbtng-54a7e0d7addd499fe3b6fdc7e5cbb824 '   itemscope=\"itemscope\" itemtype=\"https:\/\/schema.org\/CreativeWork\" ><div class='avia_textblock'  itemprop=\"text\" ><p style=\"text-align: center;\"><em>Du nutzt unsere klassische Online-Shop-L\u00f6sung und m\u00f6chtest mehr \u00fcber ePages Now erfahren?<br \/>\n<a href=\"https:\/\/helpspace.zendesk.com\/hc\/de\" target=\"_blank\" rel=\"noopener nofollow\">Zum Now Hilfecenter<\/a><\/em><\/p>\n<\/div><\/section><\/p><\/div><\/div><!--close column table wrapper. Autoclose: 1 -->\n<\/p>\n<\/div><\/div><\/div><!-- close content main div --><\/div><\/div><div id='av_section_4'  class='avia-section av-mltfcs39-e6ea575f3fac51c27b6e4fc91f9feec0 main_color avia-section-default avia-no-border-styling  avia-builder-el-33  el_after_av_section  avia-builder-el-last  avia-bg-style-scroll container_wrap fullsize'  ><div class='container av-section-cont-open' ><div class='template-page content  av-content-full alpha units'><div class='post-entry post-entry-type-page post-entry-660'><div class='entry-content-wrapper clearfix'>\n<div class='flex_column_table av-mltfpr82-86e99922d2608a3123907d5936a23c35 sc-av_one_half av-equal-height-column-flextable'><div  class='flex_column av-mltfpr82-86e99922d2608a3123907d5936a23c35 av_one_half  avia-builder-el-34  el_before_av_one_half  avia-builder-el-first  first flex_column_table_cell av-equal-height-column av-align-middle  '     ><style type=\"text\/css\" data-created_by=\"avia_inline_auto\" id=\"style-css-av-mltfdgzv-1b9b452e16408ad1fa4e82850e175b34\">\n.avia-image-container.av-mltfdgzv-1b9b452e16408ad1fa4e82850e175b34 img.avia_image{\nbox-shadow:none;\n}\n.avia-image-container.av-mltfdgzv-1b9b452e16408ad1fa4e82850e175b34 .av-image-caption-overlay-center{\ncolor:#ffffff;\n}\n<\/style>\n<div  class='avia-image-container av-mltfdgzv-1b9b452e16408ad1fa4e82850e175b34 av-styling- avia-align-center  avia-builder-el-35  avia-builder-el-no-sibling '   itemprop=\"image\" itemscope=\"itemscope\" itemtype=\"https:\/\/schema.org\/ImageObject\" ><div class=\"avia-image-container-inner\"><div class=\"avia-image-overlay-wrap\"><img decoding=\"async\" fetchpriority=\"high\" class='wp-image-59323 avia-img-lazy-loading-not-59323 avia_image ' src=\"https:\/\/epages.com\/wp-content\/uploads\/2025\/11\/myselftesting-mockup-tiny.png\" alt='' title='myselftesting-mockup-tiny'  height=\"800\" width=\"1200\"  itemprop=\"thumbnailUrl\" srcset=\"https:\/\/epages.com\/wp-content\/uploads\/2025\/11\/myselftesting-mockup-tiny.png 1200w, https:\/\/epages.com\/wp-content\/uploads\/2025\/11\/myselftesting-mockup-tiny-300x200.png 300w, https:\/\/epages.com\/wp-content\/uploads\/2025\/11\/myselftesting-mockup-tiny-1030x687.png 1030w, https:\/\/epages.com\/wp-content\/uploads\/2025\/11\/myselftesting-mockup-tiny-768x512.png 768w, https:\/\/epages.com\/wp-content\/uploads\/2025\/11\/myselftesting-mockup-tiny-705x470.png 705w\" sizes=\"(max-width: 1200px) 100vw, 1200px\" \/><\/div><\/div><\/div><\/div><div class='av-flex-placeholder'><\/div><div  class='flex_column av-xvn8-24a8f144d021e7dc124a65bff042c9c0 av_one_half  avia-builder-el-36  el_after_av_one_half  el_before_av_hr  flex_column_table_cell av-equal-height-column av-align-middle  '     ><p>\n<style type=\"text\/css\" data-created_by=\"avia_inline_auto\" id=\"style-css-av-mltfe6wz-4a6e782f88f845ae13e652035fc6f30a\">\n#top .av-special-heading.av-mltfe6wz-4a6e782f88f845ae13e652035fc6f30a{\npadding-bottom:10px;\n}\nbody .av-special-heading.av-mltfe6wz-4a6e782f88f845ae13e652035fc6f30a .av-special-heading-tag .heading-char{\nfont-size:25px;\n}\n.av-special-heading.av-mltfe6wz-4a6e782f88f845ae13e652035fc6f30a .av-subheading{\nfont-size:15px;\n}\n<\/style>\n<div  class='av-special-heading av-mltfe6wz-4a6e782f88f845ae13e652035fc6f30a av-special-heading-h3 blockquote modern-quote  avia-builder-el-37  el_before_av_textblock  avia-builder-el-first '><h3 class='av-special-heading-tag '  itemprop=\"headline\"  >Professioneller Design-Service<\/h3><div class=\"special-heading-border\"><div class=\"special-heading-inner-border\"><\/div><\/div><\/div><br \/>\n<section  class='av_textblock_section av-mltfej4n-5c34f64a086fdbc6a9e1bb6d7f95c71e '   itemscope=\"itemscope\" itemtype=\"https:\/\/schema.org\/CreativeWork\" ><div class='avia_textblock'  itemprop=\"text\" ><p>Keine Zeit, um deine Website selbst einzurichten oder kein H\u00e4ndchen f\u00fcrs Design?<\/p>\n<p>Buche einfach unseren pers\u00f6nlichen Design-Service und unsere Design-Experten gestalten deine Online-Pr\u00e4senz f\u00fcr dich.<\/p>\n<\/div><\/section><br \/>\n\n<style type=\"text\/css\" data-created_by=\"avia_inline_auto\" id=\"style-css-av-mltfeuf3-9b9988bbcc740d804f703e2d0ddfba73\">\n#top .hr.hr-invisible.av-mltfeuf3-9b9988bbcc740d804f703e2d0ddfba73{\nheight:20px;\n}\n<\/style>\n<div  class='hr av-mltfeuf3-9b9988bbcc740d804f703e2d0ddfba73 hr-invisible  avia-builder-el-39  el_after_av_textblock  el_before_av_button '><span class='hr-inner '><span class=\"hr-inner-style\"><\/span><\/span><\/div><br \/>\n<div  class='avia-button-wrap av-mltfjn6k-5f5ee46a7c53d39c2c1d167476536e2b-wrap avia-button-left  avia-builder-el-40  el_after_av_hr  avia-builder-el-last '><a href=\"https:\/\/now.designmyshop.com\/\" class=\"avia-button av-mltfjn6k-5f5ee46a7c53d39c2c1d167476536e2b av-link-btn avia-icon_select-no avia-size-medium avia-position-left avia-color-blue\" target=\"_blank\" rel=\"noopener noreferrer nofollow\" aria-label=\"Mehr erfahren\"><span class='avia_iconbox_title' >Mehr erfahren<\/span><\/a><\/div><\/p><\/div><\/div><!--close column table wrapper. Autoclose: 1 -->\n<style type=\"text\/css\" data-created_by=\"avia_inline_auto\" id=\"style-css-av-av_hr-3a876428eececa9d35452247ddb053af\">\n#top .hr.hr-invisible.av-av_hr-3a876428eececa9d35452247ddb053af{\nheight:50px;\n}\n<\/style>\n<div  class='hr av-av_hr-3a876428eececa9d35452247ddb053af hr-invisible  avia-builder-el-41  el_after_av_one_half  avia-builder-el-last '><span class='hr-inner '><span class=\"hr-inner-style\"><\/span><\/span><\/div>\n\n","protected":false},"excerpt":{"rendered":"","protected":false},"author":2,"featured_media":0,"parent":0,"menu_order":0,"comment_status":"closed","ping_status":"closed","template":"","meta":{"footnotes":""},"class_list":["post-660","page","type-page","status-publish","hentry"],"_links":{"self":[{"href":"https:\/\/epages.com\/de\/wp-json\/wp\/v2\/pages\/660"}],"collection":[{"href":"https:\/\/epages.com\/de\/wp-json\/wp\/v2\/pages"}],"about":[{"href":"https:\/\/epages.com\/de\/wp-json\/wp\/v2\/types\/page"}],"author":[{"embeddable":true,"href":"https:\/\/epages.com\/de\/wp-json\/wp\/v2\/users\/2"}],"replies":[{"embeddable":true,"href":"https:\/\/epages.com\/de\/wp-json\/wp\/v2\/comments?post=660"}],"version-history":[{"count":49,"href":"https:\/\/epages.com\/de\/wp-json\/wp\/v2\/pages\/660\/revisions"}],"predecessor-version":[{"id":60564,"href":"https:\/\/epages.com\/de\/wp-json\/wp\/v2\/pages\/660\/revisions\/60564"}],"wp:attachment":[{"href":"https:\/\/epages.com\/de\/wp-json\/wp\/v2\/media?parent=660"}],"curies":[{"name":"wp","href":"https:\/\/api.w.org\/{rel}","templated":true}]}}