{"id":33820,"date":"2021-10-08T15:29:13","date_gmt":"2021-10-08T13:29:13","guid":{"rendered":"https:\/\/epages.com\/?page_id=33820"},"modified":"2022-01-28T10:09:14","modified_gmt":"2022-01-28T09:09:14","slug":"webinare-fuer-webshop-now","status":"publish","type":"page","link":"https:\/\/epages.com\/de\/webinare-fuer-webshop-now\/","title":{"rendered":"Webinare f\u00fcr STRATO Webshop Now"},"content":{"rendered":"\n<style type=\"text\/css\" data-created_by=\"avia_inline_auto\" id=\"style-css-av-kusf4e0t-a2e82de7472bd4bc73643458bfe56ca7\">\n.avia-section.av-kusf4e0t-a2e82de7472bd4bc73643458bfe56ca7{\nbackground-color:#ff8800;\nbackground-image:unset;\n}\n<\/style>\n<div id='strato-branding'  class='avia-section av-kusf4e0t-a2e82de7472bd4bc73643458bfe56ca7 main_color avia-section-no-padding avia-no-border-styling  avia-builder-el-0  el_before_av_section  avia-builder-el-first  avia-bg-style-scroll container_wrap fullsize'  ><div class='container av-section-cont-open' ><main  role=\"main\" itemprop=\"mainContentOfPage\"  class='template-page content  av-content-full alpha units'><div class='post-entry post-entry-type-page post-entry-33820'><div class='entry-content-wrapper clearfix'>\n\n\n<\/div><\/div><\/main><!-- close content main element --><\/div><\/div>\n<style type=\"text\/css\" data-created_by=\"avia_inline_auto\" id=\"style-css-av-jgw6lf2x-f230f2e561398586ac8b441353ac1ef4\">\n.avia-section.av-jgw6lf2x-f230f2e561398586ac8b441353ac1ef4{\nbackground-repeat:no-repeat;\nbackground-image:url(https:\/\/epages.com\/wp-content\/uploads\/2021\/10\/211012_strato_webinare-1-scaled.jpg);\nbackground-position:50% 50%;\nbackground-attachment:scroll;\nmargin-top:0px;\nmargin-bottom:0px;\n}\n.avia-section.av-jgw6lf2x-f230f2e561398586ac8b441353ac1ef4 .av-section-color-overlay{\nopacity:0.5;\nbackground-color:#000000;\n}\n<\/style>\n<div id='av_section_2'  class='avia-section av-jgw6lf2x-f230f2e561398586ac8b441353ac1ef4 main_color avia-section-no-padding avia-no-border-styling  avia-builder-el-2  el_after_av_section  el_before_av_section  en_headerbild avia-full-stretch avia-bg-style-scroll av-section-color-overlay-active av-minimum-height av-minimum-height-50 av-height-50  container_wrap fullsize'  data-section-bg-repeat='stretch' data-av_minimum_height_pc='50' data-av_min_height_opt='50'><div class=\"av-section-color-overlay-wrap\"><div class=\"av-section-color-overlay\"><\/div><div class='container av-section-cont-open' ><div class='template-page content  av-content-full alpha units'><div class='post-entry post-entry-type-page post-entry-33820'><div class='entry-content-wrapper clearfix'>\n\n<style type=\"text\/css\" data-created_by=\"avia_inline_auto\" id=\"style-css-av-jlbzi1jt-1b9a05aaae940bbb1b69534bf8eb364e\">\n#top .hr.hr-invisible.av-jlbzi1jt-1b9a05aaae940bbb1b69534bf8eb364e{\nmargin-top:0px;\nheight:1px;\n}\n<\/style>\n<div  class='hr av-jlbzi1jt-1b9a05aaae940bbb1b69534bf8eb364e hr-invisible  avia-builder-el-3  el_before_av_two_third  avia-builder-el-first  en_headerabstand'><span class='hr-inner '><span class=\"hr-inner-style\"><\/span><\/span><\/div>\n\n<style type=\"text\/css\" data-created_by=\"avia_inline_auto\" id=\"style-css-av-3rd4-d6a683e94dcbcb970f0316fdb9b68405\">\n.flex_column.av-3rd4-d6a683e94dcbcb970f0316fdb9b68405{\nborder-radius:0px 0px 0px 0px;\npadding:0px 0px 0px 0px;\n}\n<\/style>\n<div  class='flex_column av-3rd4-d6a683e94dcbcb970f0316fdb9b68405 av_two_third  avia-builder-el-4  el_after_av_hr  avia-builder-el-last  first flex_column_div av-zero-column-padding  '     ><style type=\"text\/css\" data-created_by=\"avia_inline_auto\" id=\"style-css-av-1r7wb4s-917a6f2af7e5a395db2d8eaa1e0b9109\">\n#top .av-special-heading.av-1r7wb4s-917a6f2af7e5a395db2d8eaa1e0b9109{\npadding-bottom:10px;\ncolor:#ffffff;\n}\nbody .av-special-heading.av-1r7wb4s-917a6f2af7e5a395db2d8eaa1e0b9109 .av-special-heading-tag .heading-char{\nfont-size:25px;\n}\n.av-special-heading.av-1r7wb4s-917a6f2af7e5a395db2d8eaa1e0b9109 .special-heading-inner-border{\nborder-color:#ffffff;\n}\n.av-special-heading.av-1r7wb4s-917a6f2af7e5a395db2d8eaa1e0b9109 .av-subheading{\nfont-size:15px;\n}\n<\/style>\n<div  class='av-special-heading av-1r7wb4s-917a6f2af7e5a395db2d8eaa1e0b9109 av-special-heading-h1 custom-color-heading blockquote modern-quote  avia-builder-el-5  avia-builder-el-no-sibling '><h1 class='av-special-heading-tag '  itemprop=\"headline\"  >Gratis Webinare f\u00fcr den Webshop Now<\/h1><div class=\"special-heading-border\"><div class=\"special-heading-inner-border\"><\/div><\/div><\/div><\/div>\n\n<\/div><\/div><\/div><!-- close content main div --><\/div><\/div><\/div>\n<style type=\"text\/css\" data-created_by=\"avia_inline_auto\" id=\"style-css-av-kx4epnp7-c044f9ac892f2553deda6712ebcaf8cd\">\n.avia-section.av-kx4epnp7-c044f9ac892f2553deda6712ebcaf8cd{\nbackground-color:#f5f5f5;\nbackground-image:unset;\n}\n<\/style>\n<div id='av_section_3'  class='avia-section av-kx4epnp7-c044f9ac892f2553deda6712ebcaf8cd main_color avia-section-default avia-no-border-styling  avia-builder-el-6  el_after_av_section  el_before_av_section  avia-bg-style-scroll container_wrap fullsize'  ><div class='container av-section-cont-open' ><div class='template-page content  av-content-full alpha units'><div class='post-entry post-entry-type-page post-entry-33820'><div class='entry-content-wrapper clearfix'>\n\n<style type=\"text\/css\" data-created_by=\"avia_inline_auto\" id=\"style-css-av-r5qrq4-5f0149e375b018bd81ae91bd3e11a9e7\">\n#top .av-special-heading.av-r5qrq4-5f0149e375b018bd81ae91bd3e11a9e7{\npadding-bottom:10px;\n}\nbody .av-special-heading.av-r5qrq4-5f0149e375b018bd81ae91bd3e11a9e7 .av-special-heading-tag .heading-char{\nfont-size:25px;\n}\n.av-special-heading.av-r5qrq4-5f0149e375b018bd81ae91bd3e11a9e7 .av-subheading{\nfont-size:15px;\n}\n<\/style>\n<div  class='av-special-heading av-r5qrq4-5f0149e375b018bd81ae91bd3e11a9e7 av-special-heading-h2 blockquote modern-quote modern-centered  avia-builder-el-7  el_before_av_textblock  avia-builder-el-first '><h2 class='av-special-heading-tag '  itemprop=\"headline\"  >Jetzt ansehen: Rundgang durch den STRATO Webshop<\/h2><div class=\"special-heading-border\"><div class=\"special-heading-inner-border\"><\/div><\/div><\/div>\n\n<style type=\"text\/css\" data-created_by=\"avia_inline_auto\" id=\"style-css-av-42fq-9abb9dccfda2ea4e97fc556ae5432595\">\n#top .av_textblock_section.av-42fq-9abb9dccfda2ea4e97fc556ae5432595 .avia_textblock{\ncolor:#020202;\n}\n<\/style>\n<section  class='av_textblock_section av-42fq-9abb9dccfda2ea4e97fc556ae5432595 '   itemscope=\"itemscope\" itemtype=\"https:\/\/schema.org\/CreativeWork\" ><div class='avia_textblock av_inherit_color'  itemprop=\"text\" ><p style=\"text-align: center;\">In unserem aufgezeichneten Webinar f\u00fchren wir Sie Schritt f\u00fcr Schritt durch den Webshop Now von STRATO. Klicken Sie unten und melden Sie sich an, um das Webinar anzusehen.<\/p>\n<\/div><\/section>\n\n<style type=\"text\/css\" data-created_by=\"avia_inline_auto\" id=\"style-css-av-kx4fdcb7-8b9c489e80da7a8f190ef410e1c02c3f\">\n.avia-image-container.av-kx4fdcb7-8b9c489e80da7a8f190ef410e1c02c3f img.avia_image{\nbox-shadow:none;\n}\n.avia-image-container.av-kx4fdcb7-8b9c489e80da7a8f190ef410e1c02c3f .av-image-caption-overlay-center{\ncolor:#ffffff;\n}\n<\/style>\n<div  class='avia-image-container av-kx4fdcb7-8b9c489e80da7a8f190ef410e1c02c3f av-styling- av-img-linked avia-align-center  avia-builder-el-9  el_after_av_textblock  avia-builder-el-last '   itemprop=\"image\" itemscope=\"itemscope\" itemtype=\"https:\/\/schema.org\/ImageObject\" ><div class=\"avia-image-container-inner\"><div class=\"avia-image-overlay-wrap\"><a href=\"https:\/\/attendee.gotowebinar.com\/register\/2273260501319647759\" class=\"avia_image \" target=\"_blank\" rel=\"noopener noreferrer nofollow\" aria-label=\"STRATO_Webinar_Link\"><img decoding=\"async\" fetchpriority=\"high\" class='wp-image-35196 avia-img-lazy-loading-not-35196 avia_image ' src=\"https:\/\/epages.com\/wp-content\/uploads\/2021\/12\/strato_webinar_link-1030x644.png\" alt='' title='STRATO_Webinar_Link'  height=\"644\" width=\"1030\"  itemprop=\"thumbnailUrl\" srcset=\"https:\/\/epages.com\/wp-content\/uploads\/2021\/12\/strato_webinar_link-1030x644.png 1030w, https:\/\/epages.com\/wp-content\/uploads\/2021\/12\/strato_webinar_link-300x188.png 300w, https:\/\/epages.com\/wp-content\/uploads\/2021\/12\/strato_webinar_link-768x480.png 768w, https:\/\/epages.com\/wp-content\/uploads\/2021\/12\/strato_webinar_link-1536x960.png 1536w, https:\/\/epages.com\/wp-content\/uploads\/2021\/12\/strato_webinar_link-2048x1280.png 2048w, https:\/\/epages.com\/wp-content\/uploads\/2021\/12\/strato_webinar_link-1500x938.png 1500w, https:\/\/epages.com\/wp-content\/uploads\/2021\/12\/strato_webinar_link-705x441.png 705w\" sizes=\"(max-width: 1030px) 100vw, 1030px\" \/><\/a><\/div><\/div><\/div>\n\n<\/div><\/div><\/div><!-- close content main div --><\/div><\/div><div id='av_section_4'  class='avia-section av-701e-8b2cd89cad718a8f2768038ce5aa67b7 main_color avia-section-large avia-no-border-styling  avia-builder-el-10  el_after_av_section  avia-builder-el-last  avia-bg-style-scroll container_wrap fullsize'  ><div class='container av-section-cont-open' ><div class='template-page content  av-content-full alpha units'><div class='post-entry post-entry-type-page post-entry-33820'><div class='entry-content-wrapper clearfix'>\n\n<style type=\"text\/css\" data-created_by=\"avia_inline_auto\" id=\"style-css-av-kuip4x0r-f14c355a9cdba1e132af601ad8a03f20\">\n#top .av-special-heading.av-kuip4x0r-f14c355a9cdba1e132af601ad8a03f20{\npadding-bottom:0;\n}\nbody .av-special-heading.av-kuip4x0r-f14c355a9cdba1e132af601ad8a03f20 .av-special-heading-tag .heading-char{\nfont-size:25px;\n}\n.av-special-heading.av-kuip4x0r-f14c355a9cdba1e132af601ad8a03f20 .av-subheading{\nfont-size:15px;\n}\n<\/style>\n<div  class='av-special-heading av-kuip4x0r-f14c355a9cdba1e132af601ad8a03f20 av-special-heading-h3 blockquote modern-quote modern-centered  avia-builder-el-11  el_before_av_one_third  avia-builder-el-first  av-linked-heading'><h3 class='av-special-heading-tag '  itemprop=\"headline\"  >Unser Experte<\/h3><div class=\"special-heading-border\"><div class=\"special-heading-inner-border\"><\/div><\/div><\/div>\n<div class='flex_column_table av-ff48-36634b430350c6096af4917bf009d160 sc-av_one_third av-equal-height-column-flextable'>\n<style type=\"text\/css\" data-created_by=\"avia_inline_auto\" id=\"style-css-av-ff48-36634b430350c6096af4917bf009d160\">\n.flex_column.av-ff48-36634b430350c6096af4917bf009d160{\nborder-radius:0px 0px 0px 0px;\npadding:0px 0px 0px 0px;\n}\n<\/style>\n<div  class='flex_column av-ff48-36634b430350c6096af4917bf009d160 av_one_third  avia-builder-el-12  el_after_av_heading  el_before_av_two_third  first flex_column_table_cell av-equal-height-column av-align-top av-zero-column-padding  '     ><style type=\"text\/css\" data-created_by=\"avia_inline_auto\" id=\"style-css-av-kuip6vut-aca961269c2a979e7bf85b71c60cf4c0\">\n.avia-image-container.av-kuip6vut-aca961269c2a979e7bf85b71c60cf4c0 img.avia_image{\nbox-shadow:none;\n}\n.avia-image-container.av-kuip6vut-aca961269c2a979e7bf85b71c60cf4c0 .av-image-caption-overlay-center{\ncolor:#ffffff;\n}\n<\/style>\n<div  class='avia-image-container av-kuip6vut-aca961269c2a979e7bf85b71c60cf4c0 av-styling- avia-align-center  avia-builder-el-13  avia-builder-el-no-sibling '   itemprop=\"image\" itemscope=\"itemscope\" itemtype=\"https:\/\/schema.org\/ImageObject\" ><div class=\"avia-image-container-inner\"><div class=\"avia-image-overlay-wrap\"><img decoding=\"async\" fetchpriority=\"high\" class='wp-image-25057 avia-img-lazy-loading-not-25057 avia_image ' src=\"https:\/\/epages.com\/wp-content\/uploads\/2021\/02\/Andre_circle.png\" alt='' title='Andre_circle'  height=\"878\" width=\"878\"  itemprop=\"thumbnailUrl\" srcset=\"https:\/\/epages.com\/wp-content\/uploads\/2021\/02\/Andre_circle.png 878w, https:\/\/epages.com\/wp-content\/uploads\/2021\/02\/Andre_circle-300x300.png 300w, https:\/\/epages.com\/wp-content\/uploads\/2021\/02\/Andre_circle-80x80.png 80w, https:\/\/epages.com\/wp-content\/uploads\/2021\/02\/Andre_circle-768x768.png 768w, https:\/\/epages.com\/wp-content\/uploads\/2021\/02\/Andre_circle-36x36.png 36w, https:\/\/epages.com\/wp-content\/uploads\/2021\/02\/Andre_circle-180x180.png 180w, https:\/\/epages.com\/wp-content\/uploads\/2021\/02\/Andre_circle-705x705.png 705w\" sizes=\"(max-width: 878px) 100vw, 878px\" \/><\/div><\/div><\/div><\/div><div class='av-flex-placeholder'><\/div>\n<style type=\"text\/css\" data-created_by=\"avia_inline_auto\" id=\"style-css-av-ff48-3a9f0ff0d33c54cf4a364151fa8c504c\">\n.flex_column.av-ff48-3a9f0ff0d33c54cf4a364151fa8c504c{\nborder-radius:0px 0px 0px 0px;\npadding:0px 0px 0px 0px;\n}\n<\/style>\n<div  class='flex_column av-ff48-3a9f0ff0d33c54cf4a364151fa8c504c av_two_third  avia-builder-el-14  el_after_av_one_third  avia-builder-el-last  flex_column_table_cell av-equal-height-column av-align-top av-zero-column-padding  '     ><section  class='av_textblock_section av-42fq-65eed7b181d746920fe9623600aeb427 '   itemscope=\"itemscope\" itemtype=\"https:\/\/schema.org\/CreativeWork\" ><div class='avia_textblock'  itemprop=\"text\" ><h3>Andr\u00e9 Podeyn, ePages<\/h3>\n<p>Andr\u00e9 Podeyn ist unser Profi wenn es darum geht, Ihren Webshop ideal zu nutzen und alle Funktionen der ePages-Software optimal einzusetzen. Bereits seit 2012 ist er bei ePages als Software-Trainer f\u00fcr Partner und Kunden t\u00e4tig und agierte als Teamleiter f\u00fcr unsere Design Services. Als Customer Engagement Manager liegt sein Schwerpunkt aktuell auf der Entwicklung von Erfolgskonzepten f\u00fcr die Shops der ePages-H\u00e4ndler. Er befasst sich intensiv mit Themen wie Onsite-SEO, Conversion Optimierung, Social Media und Shopdesign. Auf mehr als 80 Veranstaltungen in Deutschland, Spanien und Gro\u00dfbritannien hat Andr\u00e9 Podeyn viele ePages-H\u00e4ndler bei der Weiterentwicklung ihres Shops unterst\u00fctzt.<\/p>\n<\/div><\/section><\/div><\/div><!--close column table wrapper. Autoclose: 1 -->\n\n","protected":false},"excerpt":{"rendered":"","protected":false},"author":8,"featured_media":0,"parent":0,"menu_order":0,"comment_status":"closed","ping_status":"closed","template":"","meta":{"footnotes":""},"class_list":["post-33820","page","type-page","status-publish","hentry"],"_links":{"self":[{"href":"https:\/\/epages.com\/de\/wp-json\/wp\/v2\/pages\/33820"}],"collection":[{"href":"https:\/\/epages.com\/de\/wp-json\/wp\/v2\/pages"}],"about":[{"href":"https:\/\/epages.com\/de\/wp-json\/wp\/v2\/types\/page"}],"author":[{"embeddable":true,"href":"https:\/\/epages.com\/de\/wp-json\/wp\/v2\/users\/8"}],"replies":[{"embeddable":true,"href":"https:\/\/epages.com\/de\/wp-json\/wp\/v2\/comments?post=33820"}],"version-history":[{"count":51,"href":"https:\/\/epages.com\/de\/wp-json\/wp\/v2\/pages\/33820\/revisions"}],"predecessor-version":[{"id":43544,"href":"https:\/\/epages.com\/de\/wp-json\/wp\/v2\/pages\/33820\/revisions\/43544"}],"wp:attachment":[{"href":"https:\/\/epages.com\/de\/wp-json\/wp\/v2\/media?parent=33820"}],"curies":[{"name":"wp","href":"https:\/\/api.w.org\/{rel}","templated":true}]}}