{"id":1670,"date":"2018-08-02T12:24:49","date_gmt":"2018-08-02T10:24:49","guid":{"rendered":"https:\/\/epages.com?page_id=1670"},"modified":"2026-04-02T13:50:27","modified_gmt":"2026-04-02T11:50:27","slug":"mochilas-13","status":"publish","type":"page","link":"https:\/\/epages.com\/de\/shop-galerie\/haendler\/mochilas-13\/","title":{"rendered":"Mochilas 13"},"content":{"rendered":"\n<style type=\"text\/css\" data-created_by=\"avia_inline_auto\" id=\"style-css-av-jgw6lf2x-f786430e95b0cd4042106fca921763b5\">\n.avia-section.av-jgw6lf2x-f786430e95b0cd4042106fca921763b5{\nbackground-repeat:no-repeat;\nbackground-image:url(https:\/\/epages.com\/wp-content\/uploads\/2018\/08\/marti-header.jpg);\nbackground-position:50% 50%;\nbackground-attachment:scroll;\n}\n.avia-section.av-jgw6lf2x-f786430e95b0cd4042106fca921763b5 .av-section-color-overlay{\nopacity:0.1;\nbackground-color:#000000;\n}\n<\/style>\n<div id='av_section_1'  class='avia-section av-jgw6lf2x-f786430e95b0cd4042106fca921763b5 main_color avia-section-default avia-no-border-styling  avia-builder-el-0  el_before_av_section  avia-builder-el-first  en_headerbild en_bg_mochilas avia-full-stretch avia-bg-style-scroll av-section-color-overlay-active container_wrap fullsize'  data-section-bg-repeat='stretch'><div class=\"av-section-color-overlay-wrap\"><div class=\"av-section-color-overlay\"><\/div><div class='container av-section-cont-open' ><main  role=\"main\" itemprop=\"mainContentOfPage\"  class='template-page content  av-content-full alpha units'><div class='post-entry post-entry-type-page post-entry-1670'><div class='entry-content-wrapper clearfix'>\n\n<style type=\"text\/css\" data-created_by=\"avia_inline_auto\" id=\"style-css-av-jgw6pl47-1f76358418d4c46848e5d73387395c19\">\n#top .hr.hr-invisible.av-jgw6pl47-1f76358418d4c46848e5d73387395c19{\nmargin-top:0px;\nheight:1px;\n}\n<\/style>\n<div  class='hr av-jgw6pl47-1f76358418d4c46848e5d73387395c19 hr-invisible  avia-builder-el-1  el_before_av_one_full  avia-builder-el-first  en_headerabstand'><span class='hr-inner '><span class=\"hr-inner-style\"><\/span><\/span><\/div>\n\n<style type=\"text\/css\" data-created_by=\"avia_inline_auto\" id=\"style-css-av-5yrq-41bb2f728e65967c8e58f66bfaa211c2\">\n.flex_column.av-5yrq-41bb2f728e65967c8e58f66bfaa211c2{\nborder-radius:0px 0px 0px 0px;\npadding:0px 0px 0px 0px;\n}\n<\/style>\n<div  class='flex_column av-5yrq-41bb2f728e65967c8e58f66bfaa211c2 av_one_full  avia-builder-el-2  el_after_av_hr  el_before_av_hr  first flex_column_div av-zero-column-padding  '     ><style type=\"text\/css\" data-created_by=\"avia_inline_auto\" id=\"style-css-av-jjsegza1-39bbc626d3ad45563efab0c1afdde95b\">\n.avia-image-container.av-jjsegza1-39bbc626d3ad45563efab0c1afdde95b img.avia_image{\nbox-shadow:none;\n}\n.avia-image-container.av-jjsegza1-39bbc626d3ad45563efab0c1afdde95b .av-image-caption-overlay-center{\ncolor:#ffffff;\n}\n<\/style>\n<div  class='avia-image-container av-jjsegza1-39bbc626d3ad45563efab0c1afdde95b av-styling- av-img-linked avia-align-center  avia-builder-el-3  avia-builder-el-no-sibling '   itemprop=\"image\" itemscope=\"itemscope\" itemtype=\"https:\/\/schema.org\/ImageObject\" ><div class=\"avia-image-container-inner\"><div class=\"avia-image-overlay-wrap\"><a href=\"https:\/\/www.youtube.com\/watch?v=LHVrxEfOvdA\" class=\"avia_image \" aria-label=\"icon-play\" rel=\"nofollow noopener\"><img decoding=\"async\" fetchpriority=\"high\" class='wp-image-720 avia-img-lazy-loading-not-720 avia_image ' src=\"https:\/\/epages.com\/wp-content\/uploads\/2018\/07\/icon-play.svg\" alt='' title='icon-play'   itemprop=\"thumbnailUrl\"  \/><\/a><\/div><\/div><\/div><\/div>\n<style type=\"text\/css\" data-created_by=\"avia_inline_auto\" id=\"style-css-av-jgw6pl47-21-9cad19ab8634492b543310a4bcd05c05\">\n#top .hr.hr-invisible.av-jgw6pl47-21-9cad19ab8634492b543310a4bcd05c05{\nmargin-top:0px;\nheight:1px;\n}\n<\/style>\n<div  class='hr av-jgw6pl47-21-9cad19ab8634492b543310a4bcd05c05 hr-invisible  avia-builder-el-4  el_after_av_one_full  el_before_av_two_fifth  en_headerabstand'><span class='hr-inner '><span class=\"hr-inner-style\"><\/span><\/span><\/div>\n\n<style type=\"text\/css\" data-created_by=\"avia_inline_auto\" id=\"style-css-av-3rd4-d6a683e94dcbcb970f0316fdb9b68405\">\n.flex_column.av-3rd4-d6a683e94dcbcb970f0316fdb9b68405{\nborder-radius:0px 0px 0px 0px;\npadding:0px 0px 0px 0px;\n}\n<\/style>\n<div  class='flex_column av-3rd4-d6a683e94dcbcb970f0316fdb9b68405 av_two_fifth  avia-builder-el-5  el_after_av_hr  avia-builder-el-last  first flex_column_div av-zero-column-padding  '     ><style type=\"text\/css\" data-created_by=\"avia_inline_auto\" id=\"style-css-av-34c3pi-11815427539c775a82f1efac64597232\">\n#top .av-special-heading.av-34c3pi-11815427539c775a82f1efac64597232{\npadding-bottom:10px;\ncolor:#ffffff;\n}\nbody .av-special-heading.av-34c3pi-11815427539c775a82f1efac64597232 .av-special-heading-tag .heading-char{\nfont-size:25px;\n}\n.av-special-heading.av-34c3pi-11815427539c775a82f1efac64597232 .special-heading-inner-border{\nborder-color:#ffffff;\n}\n.av-special-heading.av-34c3pi-11815427539c775a82f1efac64597232 .av-subheading{\nfont-size:15px;\n}\n<\/style>\n<div  class='av-special-heading av-34c3pi-11815427539c775a82f1efac64597232 av-special-heading-h1 custom-color-heading blockquote modern-quote  avia-builder-el-6  avia-builder-el-no-sibling '><h1 class='av-special-heading-tag '  itemprop=\"headline\"  >Mochilas 13<\/h1><div class=\"special-heading-border\"><div class=\"special-heading-inner-border\"><\/div><\/div><\/div><\/div>\n\n<\/div><\/div><\/main><!-- close content main element --><\/div><\/div><\/div><div id='av_section_2'  class='avia-section av-701e-8b2cd89cad718a8f2768038ce5aa67b7 main_color avia-section-large avia-no-border-styling  avia-builder-el-7  el_after_av_section  el_before_av_section  avia-bg-style-scroll container_wrap fullsize'  ><div class='container av-section-cont-open' ><div class='template-page content  av-content-full alpha units'><div class='post-entry post-entry-type-page post-entry-1670'><div class='entry-content-wrapper clearfix'>\n\n<style type=\"text\/css\" data-created_by=\"avia_inline_auto\" id=\"style-css-av-5apm-30dca3a8e5b28ad80cc6d1cf63dab7af\">\n.flex_column.av-5apm-30dca3a8e5b28ad80cc6d1cf63dab7af{\nborder-radius:0px 0px 0px 0px;\npadding:0px 0px 0px 0px;\n}\n<\/style>\n<div  class='flex_column av-5apm-30dca3a8e5b28ad80cc6d1cf63dab7af av_one_full  avia-builder-el-8  avia-builder-el-no-sibling  first flex_column_div av-zero-column-padding  '     ><p>\n<style type=\"text\/css\" data-created_by=\"avia_inline_auto\" id=\"style-css-av-jkdwurja-55a58388078e6db096bb2a79be640bcc\">\n#top .av-special-heading.av-jkdwurja-55a58388078e6db096bb2a79be640bcc{\npadding-bottom:10px;\n}\nbody .av-special-heading.av-jkdwurja-55a58388078e6db096bb2a79be640bcc .av-special-heading-tag .heading-char{\nfont-size:25px;\n}\n.av-special-heading.av-jkdwurja-55a58388078e6db096bb2a79be640bcc .av-subheading{\nfont-size:15px;\n}\n<\/style>\n<div  class='av-special-heading av-jkdwurja-55a58388078e6db096bb2a79be640bcc av-special-heading-h2 blockquote modern-quote modern-centered  avia-builder-el-9  el_before_av_textblock  avia-builder-el-first '><h2 class='av-special-heading-tag '  itemprop=\"headline\"  >Neuanfang mit eigenem Ladengesch\u00e4ft und Onlineshop<\/h2><div class=\"special-heading-border\"><div class=\"special-heading-inner-border\"><\/div><\/div><\/div><br \/>\n<section  class='av_textblock_section av-42fq-c7fb32f1a6f772d4ad6c8a678cdfe6aa '   itemscope=\"itemscope\" itemtype=\"https:\/\/schema.org\/CreativeWork\" ><div class='avia_textblock'  itemprop=\"text\" ><p style=\"text-align: center;\">Der Elektroniker Mart\u00ed wurde nach 23 Jahren Arbeit in einer Fabrik arbeitslos und beschloss, beruflich neu zu starten. Nur ein Jahr sp\u00e4ter er\u00f6ffnete er in Barcelona sein eigenes Ladengesch\u00e4ft f\u00fcr Taschen und Accessoires. Er begann mit dem Verkauf von Produkten seiner eigenen Marke Urbanus Barcelona und erweiterte sein Angebot durch Produkte von anderen lokalen Herstellern. Als die Anfragen h\u00e4ufiger wurden, beschloss Marti, seinen Verkauf um einen Onlineshop von ePages zu erweitern.<\/p>\n<\/div><\/section><br \/>\n<div  class='avia-button-wrap av-jgw7spi6-510938a990e3aa24c2c80dd39fd3962b-wrap avia-button-center  avia-builder-el-11  el_after_av_textblock  avia-builder-el-last '><a href=\"https:\/\/mochilas13.com\/\" class=\"avia-button av-jgw7spi6-510938a990e3aa24c2c80dd39fd3962b av-link-btn avia-icon_select-no avia-size-medium avia-position-center avia-color-green\" target=\"_blank\" rel=\"noopener noreferrer nofollow\" aria-label=\"Shop besuchen\"><span class='avia_iconbox_title' >Shop besuchen<\/span><\/a><\/div><\/p><\/div>\n\n<\/div><\/div><\/div><!-- close content main div --><\/div><\/div><div id='av_section_3'  class='avia-section av-701e-20-9461dd31222a933c4c0e566df9cf7afd alternate_color avia-section-large avia-no-border-styling  avia-builder-el-12  el_after_av_section  el_before_av_section  avia-bg-style-scroll container_wrap fullsize'  ><div class='container av-section-cont-open' ><div class='template-page content  av-content-full alpha units'><div class='post-entry post-entry-type-page post-entry-1670'><div class='entry-content-wrapper clearfix'>\n<div class='flex_column_table av-5apm-19-ceafb4430d46fcced358d615c077bd22 sc-av_one_fourth av-equal-height-column-flextable'>\n<style type=\"text\/css\" data-created_by=\"avia_inline_auto\" id=\"style-css-av-5apm-19-ceafb4430d46fcced358d615c077bd22\">\n.flex_column.av-5apm-19-ceafb4430d46fcced358d615c077bd22{\nborder-radius:0px 0px 0px 0px;\npadding:0px 0px 0px 0px;\n}\n<\/style>\n<div  class='flex_column av-5apm-19-ceafb4430d46fcced358d615c077bd22 av_one_fourth  avia-builder-el-13  el_before_av_three_fourth  avia-builder-el-first  first flex_column_table_cell av-equal-height-column av-align-middle av-zero-column-padding  '     ><style type=\"text\/css\" data-created_by=\"avia_inline_auto\" id=\"style-css-av-jkdunguo-cb9bcb02d476f87e34816c2b7462e936\">\n.avia-image-container.av-jkdunguo-cb9bcb02d476f87e34816c2b7462e936 img.avia_image{\nbox-shadow:none;\n}\n.avia-image-container.av-jkdunguo-cb9bcb02d476f87e34816c2b7462e936 .av-image-caption-overlay-center{\ncolor:#ffffff;\n}\n<\/style>\n<div  class='avia-image-container av-jkdunguo-cb9bcb02d476f87e34816c2b7462e936 av-styling- avia-align-center  avia-builder-el-14  avia-builder-el-no-sibling '   itemprop=\"image\" itemscope=\"itemscope\" itemtype=\"https:\/\/schema.org\/ImageObject\" ><div class=\"avia-image-container-inner\"><div class=\"avia-image-overlay-wrap\"><img decoding=\"async\" fetchpriority=\"high\" class='wp-image-1694 avia-img-lazy-loading-not-1694 avia_image ' src=\"https:\/\/epages.com\/wp-content\/uploads\/2018\/08\/merchant-marti.png\" alt='' title='Marti'  height=\"223\" width=\"250\"  itemprop=\"thumbnailUrl\"  \/><\/div><\/div><\/div><\/div><div class='av-flex-placeholder'><\/div>\n<style type=\"text\/css\" data-created_by=\"avia_inline_auto\" id=\"style-css-av-5apm-15-db5b28f0274578928526be31248c1d4c\">\n.flex_column.av-5apm-15-db5b28f0274578928526be31248c1d4c{\nborder-radius:0px 0px 0px 0px;\npadding:0px 0px 0px 0px;\n}\n<\/style>\n<div  class='flex_column av-5apm-15-db5b28f0274578928526be31248c1d4c av_three_fourth  avia-builder-el-15  el_after_av_one_fourth  avia-builder-el-last  flex_column_table_cell av-equal-height-column av-align-middle av-zero-column-padding  '     ><section  class='av_textblock_section av-42fq-18-10e616464f92c5c2d02cd502a49739ea '   itemscope=\"itemscope\" itemtype=\"https:\/\/schema.org\/CreativeWork\" ><div class='avia_textblock'  itemprop=\"text\" ><p>\u201eIch bin sehr zufrieden mit den Ergebnissen. Und alles l\u00e4uft in der Cloud ab. Ich muss mich nicht um Hosting oder Updates k\u00fcmmern. Daf\u00fcr wird gesorgt\u201c<\/p>\n<p>&#8211; Mart\u00ed, Mochilas 13<\/p>\n<\/div><\/section><\/div><\/div><!--close column table wrapper. Autoclose: 1 -->\n\n<\/div><\/div><\/div><!-- close content main div --><\/div><\/div><div id='av_section_4'  class='avia-section av-701e-16-6a02223ae269986097390796000299b4 main_color avia-section-large avia-no-border-styling  avia-builder-el-17  el_after_av_section  el_before_av_section  avia-bg-style-scroll container_wrap fullsize'  ><div class='container av-section-cont-open' ><div class='template-page content  av-content-full alpha units'><div class='post-entry post-entry-type-page post-entry-1670'><div class='entry-content-wrapper clearfix'>\n\n<style type=\"text\/css\" data-created_by=\"avia_inline_auto\" id=\"style-css-av-5apm-13-d6e1c583dc4fc6a3da800f9d554e8f2b\">\n.flex_column.av-5apm-13-d6e1c583dc4fc6a3da800f9d554e8f2b{\nborder-radius:0px 0px 0px 0px;\npadding:0px 0px 0px 0px;\n}\n<\/style>\n<div  class='flex_column av-5apm-13-d6e1c583dc4fc6a3da800f9d554e8f2b av_one_full  avia-builder-el-18  el_before_av_one_full  avia-builder-el-first  en_padding first flex_column_div av-zero-column-padding  '     ><p>\n<style type=\"text\/css\" data-created_by=\"avia_inline_auto\" id=\"style-css-av-5gy0hi-dd4921910efae6308a02117fe853da4e\">\n#top .av-special-heading.av-5gy0hi-dd4921910efae6308a02117fe853da4e{\npadding-bottom:10px;\n}\nbody .av-special-heading.av-5gy0hi-dd4921910efae6308a02117fe853da4e .av-special-heading-tag .heading-char{\nfont-size:25px;\n}\n.av-special-heading.av-5gy0hi-dd4921910efae6308a02117fe853da4e .av-subheading{\nfont-size:15px;\n}\n<\/style>\n<div  class='av-special-heading av-5gy0hi-dd4921910efae6308a02117fe853da4e av-special-heading-h3 blockquote modern-quote modern-centered  avia-builder-el-19  el_before_av_textblock  avia-builder-el-first '><h3 class='av-special-heading-tag '  itemprop=\"headline\"  >Warum ein Onlineshop in der Cloud?<\/h3><div class=\"special-heading-border\"><div class=\"special-heading-inner-border\"><\/div><\/div><\/div><br \/>\n<section  class='av_textblock_section av-42fq-12-91fada414fa6e71ddcc7c01d23102c84 '   itemscope=\"itemscope\" itemtype=\"https:\/\/schema.org\/CreativeWork\" ><div class='avia_textblock'  itemprop=\"text\" ><p style=\"text-align: center;\">Die Onlineshops von ePages sind cloudbasiert. Gut f\u00fcr Mart\u00ed, denn sein Shop ist von \u00fcberall online verf\u00fcgbar und l\u00e4uft immer reibungslos. Automatische Updates sorgen f\u00fcr maximale Sicherheit und Komfort. Mart\u00ed muss sich um nichts k\u00fcmmern und kann sich voll auf sein Gesch\u00e4ft konzentrieren.<\/p>\n<\/div><\/section><\/p><\/div>\n<style type=\"text\/css\" data-created_by=\"avia_inline_auto\" id=\"style-css-av-5apm-10-8d35db7a3bb93dd9ad9f0b9d723154f8\">\n.flex_column.av-5apm-10-8d35db7a3bb93dd9ad9f0b9d723154f8{\nborder-radius:0px 0px 0px 0px;\npadding:0px 0px 0px 0px;\n}\n<\/style>\n<div  class='flex_column av-5apm-10-8d35db7a3bb93dd9ad9f0b9d723154f8 av_one_full  avia-builder-el-21  el_after_av_one_full  el_before_av_one_full  first flex_column_div av-zero-column-padding  column-top-margin'     ><style type=\"text\/css\" data-created_by=\"avia_inline_auto\" id=\"style-css-av-jkdunguo-14-8b3ebda04ea155a5d89b8e12e33bf2aa\">\n.avia-image-container.av-jkdunguo-14-8b3ebda04ea155a5d89b8e12e33bf2aa img.avia_image{\nbox-shadow:none;\n}\n.avia-image-container.av-jkdunguo-14-8b3ebda04ea155a5d89b8e12e33bf2aa .av-image-caption-overlay-center{\ncolor:#ffffff;\n}\n<\/style>\n<div  class='avia-image-container av-jkdunguo-14-8b3ebda04ea155a5d89b8e12e33bf2aa av-styling- avia-align-center  avia-builder-el-22  avia-builder-el-no-sibling '   itemprop=\"image\" itemscope=\"itemscope\" itemtype=\"https:\/\/schema.org\/ImageObject\" ><div class=\"avia-image-container-inner\"><div class=\"avia-image-overlay-wrap\"><img decoding=\"async\" fetchpriority=\"high\" class='wp-image-2348 avia-img-lazy-loading-not-2348 avia_image ' src=\"https:\/\/epages.com\/wp-content\/uploads\/2018\/08\/marti-laptop.jpg\" alt='Marti Laptop' title='Marti Laptop'  height=\"714\" width=\"1200\"  itemprop=\"thumbnailUrl\" srcset=\"https:\/\/epages.com\/wp-content\/uploads\/2018\/08\/marti-laptop.jpg 1200w, https:\/\/epages.com\/wp-content\/uploads\/2018\/08\/marti-laptop-300x179.jpg 300w, https:\/\/epages.com\/wp-content\/uploads\/2018\/08\/marti-laptop-768x457.jpg 768w, https:\/\/epages.com\/wp-content\/uploads\/2018\/08\/marti-laptop-1024x609.jpg 1024w, https:\/\/epages.com\/wp-content\/uploads\/2018\/08\/marti-laptop-705x419.jpg 705w, https:\/\/epages.com\/wp-content\/uploads\/2018\/08\/marti-laptop-450x268.jpg 450w\" sizes=\"(max-width: 1200px) 100vw, 1200px\" \/><\/div><\/div><\/div><\/div>\n<style type=\"text\/css\" data-created_by=\"avia_inline_auto\" id=\"style-css-av-5apm-8-24faf00ab22044273f8e247cc30225cd\">\n.flex_column.av-5apm-8-24faf00ab22044273f8e247cc30225cd{\nborder-radius:0px 0px 0px 0px;\npadding:0px 0px 0px 0px;\n}\n<\/style>\n<div  class='flex_column av-5apm-8-24faf00ab22044273f8e247cc30225cd av_one_full  avia-builder-el-23  el_after_av_one_full  el_before_av_one_full  en_padding first flex_column_div av-zero-column-padding  column-top-margin'     ><p>\n<style type=\"text\/css\" data-created_by=\"avia_inline_auto\" id=\"style-css-av-47zsba-a32081279380a41c143879105312ed50\">\n#top .av-special-heading.av-47zsba-a32081279380a41c143879105312ed50{\npadding-bottom:10px;\n}\nbody .av-special-heading.av-47zsba-a32081279380a41c143879105312ed50 .av-special-heading-tag .heading-char{\nfont-size:25px;\n}\n.av-special-heading.av-47zsba-a32081279380a41c143879105312ed50 .av-subheading{\nfont-size:15px;\n}\n<\/style>\n<div  class='av-special-heading av-47zsba-a32081279380a41c143879105312ed50 av-special-heading-h3 blockquote modern-quote  avia-builder-el-24  el_before_av_textblock  avia-builder-el-first '><h3 class='av-special-heading-tag '  itemprop=\"headline\"  >Inhalte einfach verwalten<\/h3><div class=\"special-heading-border\"><div class=\"special-heading-inner-border\"><\/div><\/div><\/div><br \/>\n<section  class='av_textblock_section av-42fq-9-a8435f7b54acb6762d74a480935c11cf '   itemscope=\"itemscope\" itemtype=\"https:\/\/schema.org\/CreativeWork\" ><div class='avia_textblock'  itemprop=\"text\" ><p style=\"text-align: left;\">Gute Nachrichten f\u00fcr alle, die im Onlinehandel durchstarten m\u00f6chten! Mart\u00ed erstellte die Startseite seines Shops in nur einer Stunde. Mit dem Drag-and-drop-Editor k\u00f6nnen H\u00e4ndler Inhalte anpassen und Texte, Bilder oder Videos hinzuf\u00fcgen.<\/p>\n<\/div><\/section><\/p><\/div>\n<style type=\"text\/css\" data-created_by=\"avia_inline_auto\" id=\"style-css-av-5apm-7-637b62522794c27c68815f304f5c499b\">\n.flex_column.av-5apm-7-637b62522794c27c68815f304f5c499b{\nborder-radius:0px 0px 0px 0px;\npadding:0px 0px 0px 0px;\n}\n<\/style>\n<div  class='flex_column av-5apm-7-637b62522794c27c68815f304f5c499b av_one_full  avia-builder-el-26  el_after_av_one_full  avia-builder-el-last  en_padding first flex_column_div av-zero-column-padding  column-top-margin'     ><p>\n<style type=\"text\/css\" data-created_by=\"avia_inline_auto\" id=\"style-css-av-2y4zau-4b60458cb5d38ce4350ab504bdadfd02\">\n#top .av-special-heading.av-2y4zau-4b60458cb5d38ce4350ab504bdadfd02{\npadding-bottom:10px;\n}\nbody .av-special-heading.av-2y4zau-4b60458cb5d38ce4350ab504bdadfd02 .av-special-heading-tag .heading-char{\nfont-size:25px;\n}\n.av-special-heading.av-2y4zau-4b60458cb5d38ce4350ab504bdadfd02 .av-subheading{\nfont-size:15px;\n}\n<\/style>\n<div  class='av-special-heading av-2y4zau-4b60458cb5d38ce4350ab504bdadfd02 av-special-heading-h3 blockquote modern-quote  avia-builder-el-27  el_before_av_textblock  avia-builder-el-first '><h3 class='av-special-heading-tag '  itemprop=\"headline\"  >Tipp f\u00fcr den Einstieg in den E-Commerce<\/h3><div class=\"special-heading-border\"><div class=\"special-heading-inner-border\"><\/div><\/div><\/div><br \/>\n<section  class='av_textblock_section av-42fq-6-a20357d1dd8ac25b0fb243465763e8fc '   itemscope=\"itemscope\" itemtype=\"https:\/\/schema.org\/CreativeWork\" ><div class='avia_textblock'  itemprop=\"text\" ><p style=\"text-align: left;\">\u201eH\u00e4ndlern, die gerade erst mit ihrem Shop anfangen, empfehle ich auf die Suchmaschinenoptimierung zu achten. ePages ist dabei sehr hilfreich: Sie k\u00f6nnen ganz einfach Schl\u00fcsselw\u00f6rter eingeben, damit Kunden Sie bei Google finden k\u00f6nnen.\u201c<\/p>\n<\/div><\/section><\/p><\/div>\n\n<\/div><\/div><\/div><!-- close content main div --><\/div><\/div>\n<style type=\"text\/css\" data-created_by=\"avia_inline_auto\" id=\"style-css-av-701e-11-32f0b565641be668ff67e43a0e11d249\">\n.avia-section.av-701e-11-32f0b565641be668ff67e43a0e11d249{\nbackground-repeat:no-repeat;\nbackground-image:url(https:\/\/epages.com\/wp-content\/uploads\/2018\/08\/marti-banner.jpg);\nbackground-position:50% 50%;\nbackground-attachment:scroll;\n}\n<\/style>\n<div id='av_section_5'  class='avia-section av-701e-11-32f0b565641be668ff67e43a0e11d249 main_color avia-section-huge avia-no-border-styling  avia-builder-el-29  el_after_av_section  el_before_av_section  en_bg_mochilas2 avia-full-stretch avia-bg-style-scroll container_wrap fullsize'  data-section-bg-repeat='stretch'><div class='container av-section-cont-open' ><div class='template-page content  av-content-full alpha units'><div class='post-entry post-entry-type-page post-entry-1670'><div class='entry-content-wrapper clearfix'>\n\n<style type=\"text\/css\" data-created_by=\"avia_inline_auto\" id=\"style-css-av-5apm-5-5950a689f9b02942c3edecd3ae1667fc\">\n.flex_column.av-5apm-5-5950a689f9b02942c3edecd3ae1667fc{\nborder-radius:0px 0px 0px 0px;\npadding:0px 0px 0px 0px;\n}\n<\/style>\n<div  class='flex_column av-5apm-5-5950a689f9b02942c3edecd3ae1667fc av_one_full  avia-builder-el-30  avia-builder-el-no-sibling  first flex_column_div av-zero-column-padding  '     ><style type=\"text\/css\" data-created_by=\"avia_inline_auto\" id=\"style-css-av-jkdvyo1u-ab15137d8dc9d10d85b8946835f5612b\">\n.av_font_icon.av-jkdvyo1u-ab15137d8dc9d10d85b8946835f5612b{\ncolor:#ffffff;\nborder-color:#ffffff;\n}\n.av_font_icon.av-jkdvyo1u-ab15137d8dc9d10d85b8946835f5612b .av-icon-char{\nfont-size:70px;\nline-height:70px;\n}\n<\/style>\n<span  class='av_font_icon av-jkdvyo1u-ab15137d8dc9d10d85b8946835f5612b avia_animate_when_visible av-icon-style- avia-icon-pos-center avia-icon-animate'><a href=\"https:\/\/www.youtube.com\/watch?v=hEzGDHZ1-dk\" class=\"av-icon-char\" aria-hidden=\"false\" data-av_icon=\"\" data-av_iconfont=\"fontello\" rel=\"nofollow noopener\"><\/a><\/span><\/div>\n\n<\/div><\/div><\/div><!-- close content main div --><\/div><\/div>\n<style type=\"text\/css\" data-created_by=\"avia_inline_auto\" id=\"style-css-av-701e-3-3246de1a8968cf13f46ec6e44857ad6b\">\n.avia-section.av-701e-3-3246de1a8968cf13f46ec6e44857ad6b{\nbackground-color:#418cd2;\nbackground-image:unset;\n}\n<\/style>\n<div id='av_section_6'  class='avia-section av-701e-3-3246de1a8968cf13f46ec6e44857ad6b main_color avia-section-large avia-no-border-styling  avia-builder-el-32  el_after_av_section  avia-builder-el-last  avia-bg-style-scroll container_wrap fullsize'  ><div class='container av-section-cont-open' ><div class='template-page content  av-content-full alpha units'><div class='post-entry post-entry-type-page post-entry-1670'><div class='entry-content-wrapper clearfix'>\n\n<style type=\"text\/css\" data-created_by=\"avia_inline_auto\" id=\"style-css-av-5apm-2-51c014ce3797578c4eace34397b72765\">\n.flex_column.av-5apm-2-51c014ce3797578c4eace34397b72765{\nborder-radius:0px 0px 0px 0px;\npadding:0px 0px 0px 0px;\n}\n<\/style>\n<div  class='flex_column av-5apm-2-51c014ce3797578c4eace34397b72765 av_one_full  avia-builder-el-33  avia-builder-el-no-sibling  first flex_column_div av-zero-column-padding  '     ><style type=\"text\/css\" data-created_by=\"avia_inline_auto\" id=\"style-css-av-42fq-4-563ad7535ab3be09fec200693d302e14\">\n#top .av_textblock_section.av-42fq-4-563ad7535ab3be09fec200693d302e14 .avia_textblock{\ncolor:#ffffff;\n}\n<\/style>\n<section  class='av_textblock_section av-42fq-4-563ad7535ab3be09fec200693d302e14 '   itemscope=\"itemscope\" itemtype=\"https:\/\/schema.org\/CreativeWork\" ><div class='avia_textblock av_inherit_color'  itemprop=\"text\" ><p style=\"text-align: center;\">Schlie\u00dfen Sie sich zehntausenden Unternehmern an und verwirklichen Sie Ihr E-Commerce-Projekt<br \/>\nTesten Sie ePages kostenlos und unverbindlich f\u00fcr 30 Tage<\/p>\n<\/div><\/section><br \/>\n<div  class='avia-button-wrap av-jgw7spi6-17-2d706f0a9152a654b476c0227d9ea4cb-wrap avia-button-center  avia-builder-el-35  el_after_av_textblock  el_before_av_textblock '><a href=\"https:\/\/now.epages.de\/cart.php?a=add&amp;pid=36&amp;language=german&amp;_ga=2.22769907.999119221.1533210907-913856392.1533210907\" class=\"avia-button av-jgw7spi6-17-2d706f0a9152a654b476c0227d9ea4cb av-link-btn avia-icon_select-no avia-size-medium avia-position-center avia-color-green\" aria-label=\"Jetzt starten\" rel=\"nofollow noopener\"><span class='avia_iconbox_title' >Jetzt starten<\/span><\/a><\/div><br \/>\n\n<style type=\"text\/css\" data-created_by=\"avia_inline_auto\" id=\"style-css-av-42fq-1-a9fd14821716f06b51ae6380c2f863c8\">\n#top .av_textblock_section.av-42fq-1-a9fd14821716f06b51ae6380c2f863c8 .avia_textblock{\nfont-size:13px;\ncolor:#ffffff;\n}\n<\/style>\n<section  class='av_textblock_section av-42fq-1-a9fd14821716f06b51ae6380c2f863c8 '   itemscope=\"itemscope\" itemtype=\"https:\/\/schema.org\/CreativeWork\" ><div class='avia_textblock av_inherit_color'  itemprop=\"text\" ><p style=\"text-align: center;\">Keine Kreditkarte erforderlich.<\/p>\n<\/div><\/section><\/p><\/div>\n","protected":false},"excerpt":{"rendered":"","protected":false},"author":2,"featured_media":0,"parent":909,"menu_order":0,"comment_status":"closed","ping_status":"closed","template":"","meta":{"footnotes":""},"class_list":["post-1670","page","type-page","status-publish","hentry"],"_links":{"self":[{"href":"https:\/\/epages.com\/de\/wp-json\/wp\/v2\/pages\/1670"}],"collection":[{"href":"https:\/\/epages.com\/de\/wp-json\/wp\/v2\/pages"}],"about":[{"href":"https:\/\/epages.com\/de\/wp-json\/wp\/v2\/types\/page"}],"author":[{"embeddable":true,"href":"https:\/\/epages.com\/de\/wp-json\/wp\/v2\/users\/2"}],"replies":[{"embeddable":true,"href":"https:\/\/epages.com\/de\/wp-json\/wp\/v2\/comments?post=1670"}],"version-history":[{"count":4,"href":"https:\/\/epages.com\/de\/wp-json\/wp\/v2\/pages\/1670\/revisions"}],"predecessor-version":[{"id":60960,"href":"https:\/\/epages.com\/de\/wp-json\/wp\/v2\/pages\/1670\/revisions\/60960"}],"up":[{"embeddable":true,"href":"https:\/\/epages.com\/de\/wp-json\/wp\/v2\/pages\/909"}],"wp:attachment":[{"href":"https:\/\/epages.com\/de\/wp-json\/wp\/v2\/media?parent=1670"}],"curies":[{"name":"wp","href":"https:\/\/api.w.org\/{rel}","templated":true}]}}